{"id":29362,"date":"2016-09-25T23:28:27","date_gmt":"2016-09-25T23:28:27","guid":{"rendered":"https:\/\/www.myaquastore.com\/product\/venta-caliente-bomba-sumergible-de-riego-de-jardin-ylb-5000a\/"},"modified":"2025-03-16T07:05:17","modified_gmt":"2025-03-16T07:05:17","slug":"venta-caliente-bomba-sumergible-de-riego-de-jardin-ylb-5000a","status":"publish","type":"product","link":"https:\/\/www.myaquastore.com\/es\/producto\/venta-caliente-bomba-sumergible-de-riego-de-jardin-ylb-5000a\/","title":{"rendered":"Venta caliente bomba sumergible de riego de jard\u00edn YLB-5000A"},"content":{"rendered":"<div style=\"clear:both\"><\/div>\n<p><strong><em><span style=\"font-size:18px\"><span style=\"color:#ff0000\"><span style=\"font-size:24px\">Bomba sumergible de riego de jard\u00edn YLB-5000A de gran oferta <\/span> <\/span><\/span><\/em><\/strong><strong><em><span style=\"font-size:18px\"><span style=\"color:#ff0000\"> <\/span><span style=\"color:#ff0000\"><br \/><\/span><\/span><\/em><\/strong><\/p>\n<\/p>\n<div id=\"ali-anchor-AliPostDhMb-dvtzs\" style=\"padding-top:8px\" data-section-title=\"Descripci\u00f3n del producto\" data-section=\"AliPostDhMb-dvtzs\">\n<div id=\"ali-title-AliPostDhMb-dvtzs\" style=\"border-bottom:#ddd 1px solid;padding-bottom:8px;padding-top:8px;padding-left:0px;padding-right:0px\"><span style=\"font-weight:bold;color:#333;padding-bottom:8px;padding-top:8px;padding-left:10px;line-height:12px;padding-right:10px;background-color:#ddd\">Descripci\u00f3n del producto<\/span><\/div>\n<div style=\"padding-bottom:10px;padding-top:10px;padding-left:0px;padding-right:0px\">\n<\/div>\n<\/div>\n<p><span style=\"color:#ff0000\"><span style=\"font-size:12px;color:#000000\">1. El rotor est\u00e1 fabricado en <em><strong>material especial, de f\u00e1cil arranque y bajo consumo energ\u00e9tico<\/strong><\/em>. <\/span><\/span><\/p>\n<p><span style=\"font-size:12px;color:#ff0000\"><span style=\"color:#000000\">2. Eje cer\u00e1mico de alta calidad y localizador de eje, <em><strong>duradero y silencioso<\/strong><\/em>.<\/span><\/span><\/p>\n<p><span style=\"font-size:12px;color:#ff0000\"><span style=\"color:#000000\">3. Motor completamente sellado y resistente al agua,<em><strong>seguro y confiable<\/strong><\/em><\/span><\/span><span style=\"font-size:12px\"><span style=\"color:#ff0000\"><span style=\"color:#000000\">.<\/span><\/span><\/span><\/p>\n<\/p>\n<p><span style=\"font-size:12px;color:#ff0000\"><span style=\"color:#000000\">4. Motor as\u00edncrono <em><strong>est\u00e1ndar de alto rendimiento con nuevo dise\u00f1o y ahorro de energ\u00eda de hasta un 50%<\/strong><\/em><\/span><\/span><\/p>\n<p><em><strong>que antes<\/strong><\/em>.<\/p>\n<p>5. Protecci\u00f3n de interruptor flotante, <em><strong>uso m\u00e1s seguro<\/strong><\/em>.<\/p>\n<p>6. <em><strong>Jard\u00edn acu\u00e1tico<\/strong><strong>, circulaci\u00f3n de agua en rocalla, suministro y descarga de agua en piscina<\/strong><\/em>.<\/p>\n<\/p>\n<p><strong><span style=\"font-size:14px\"><span style=\"color:#ff0000\"><span style=\"color:#000000\">Bombas de riego de jard\u00edn serie YLB par\u00e1metros<\/span><\/span><\/span><\/strong> <\/p>\n<table class=\"aliDataTable\">\n<tbody>\n<tr align=\"left\">\n<td style=\"width:67.85pt\" valign=\"middle\">\n<p><span style=\"font-size:14px;font-family:'Verdana';background:#ffffff;color:#000000\">Modelo<\/span><\/p>\n<\/td>\n<td style=\"width:63pt\" valign=\"middle\">\n<p><span style=\"font-size:14px;font-family:'Verdana';background:#ffffff;color:#000000\">Voltaje<\/span><\/p>\n<\/td>\n<td style=\"width:62.25pt\" valign=\"middle\">\n<p><span style=\"font-size:14px;font-family:'Verdana';background:#ffffff;color:#000000\">Frecuencia<\/span><\/p>\n<\/td>\n<td style=\"width:39.75pt\" valign=\"middle\">\n<p><span style=\"font-size:14px;font-family:'Verdana';background:#ffffff;color:#000000\">Potencia<\/span><\/p>\n<\/td>\n<td style=\"width:42.65pt\" valign=\"middle\">\n<p><span style=\"font-size:14px;font-family:'Verdana';background:#ffffff;color:#000000\">H-max<\/span><\/p>\n<\/td>\n<td style=\"width:55.7pt\" valign=\"middle\">\n<p><span style=\"font-size:14px;font-family:'Verdana';background:#ffffff;color:#000000\">Salida<\/span><\/p>\n<\/td>\n<td style=\"width:99.05pt\" valign=\"middle\">\n<p style=\"background:#ffffff\"><span style=\"font-size:14px;font-family:'Verdana';background:#ffffff;color:#000000\">Dimensiones<\/span><\/p>\n<\/td>\n<\/tr>\n<tr align=\"left\">\n<td style=\"background:#ffffff\" valign=\"middle\">\n<p><span style=\"font-size:14px;font-family:'Verdana';color:#000000\">YLB-5000A<\/span><\/p>\n<\/td>\n<td valign=\"middle\">\n<p><span style=\"font-size:14px;font-family:'Verdana';color:#000000\">110V\/240V<\/span><\/p>\n<\/td>\n<td valign=\"middle\">\n<p><span style=\"font-size:14px;font-family:'Verdana';color:#000000\">50Hz\/60Hz<\/span><\/p>\n<\/td>\n<td valign=\"middle\">\n<p><span style=\"font-size:14px;font-family:'Verdana';color:#000000\">95W<\/span><\/p>\n<\/td>\n<td valign=\"middle\">\n<p><span style=\"font-size:14px;font-family:'Verdana';color:#000000\">4,2 m<\/span><\/p>\n<\/td>\n<td valign=\"middle\">\n<p><span style=\"font-size:14px;font-family:'Verdana';color:#000000\">8000L\/h<\/span><\/p>\n<\/td>\n<td valign=\"middle\">\n<p><span style=\"font-size:14px;font-family:'Verdana';color:#000000\">200*110*139mm<\/span><\/p>\n<\/td>\n<\/tr>\n<td valign=\"middle\">\n<p><span style=\"font-size:14px;font-family:'Verdana';color:#000000\">YLB-5500A<\/span><\/p>\n<\/td>\n<td valign=\"middle\">\n<p><span style=\"font-size:14px;font-family:'Verdana';color:#000000\">110V\/240V<\/span><\/p>\n<\/td>\n<td valign=\"middle\">\n<p><span style=\"font-size:14px;font-family:'Verdana';color:#000000\">50Hz\/60Hz<\/span><\/p>\n<\/td>\n<td valign=\"middle\">\n<p><span style=\"font-size:14px;font-family:'Verdana';color:#000000\">95W<\/span><\/p>\n<\/td>\n<td valign=\"middle\">\n<p><span style=\"font-size:14px;font-family:'Verdana';color:#000000\">5,5 m<\/span><\/p>\n<\/td>\n<td valign=\"middle\">\n<p><span style=\"font-size:14px;font-family:'Verdana';color:#000000\">6500L\/h<\/span><\/p>\n<\/td>\n<td valign=\"middle\">\n<p><span style=\"font-size:14px;font-family:'Verdana';color:#000000\">200*110*139mm<\/span><\/p>\n<\/td>\n<\/tr>\n<td valign=\"middle\">\n<p><span style=\"font-size:14px;font-family:'Verdana';color:#000000\">YLB-6000A<\/span><\/p>\n<\/td>\n<td valign=\"middle\">\n<p><span style=\"font-size:14px;font-family:'Verdana';color:#000000\">110V\/240V<\/span><\/p>\n<\/td>\n<td valign=\"middle\">\n<p><span style=\"font-size:14px;font-family:'Verdana';color:#000000\">50Hz\/60Hz<\/span><\/p>\n<\/td>\n<td valign=\"middle\">\n<p><span style=\"font-size:14px;font-family:'Verdana';color:#000000\">155W<\/span><\/p>\n<\/td>\n<td valign=\"middle\">\n<p><span style=\"font-size:14px;font-family:'Verdana';color:#000000\">5,2 m<\/span><\/p>\n<\/td>\n<td valign=\"middle\">\n<p><span style=\"font-size:14px;font-family:'Verdana';color:#000000\">10000L\/h<\/span><\/p>\n<\/td>\n<td valign=\"middle\">\n<p><span style=\"font-size:14px;font-family:'Verdana';color:#000000\">287*128*157mm<\/span><\/p>\n<\/td>\n<\/tr>\n<tr>\n<tr align=\"left\">\n<td valign=\"middle\">\n<p><span style=\"font-size:14px;font-family:'Verdana';color:#000000\">YLB-6500A<\/span><\/p>\n<\/td>\n<td valign=\"middle\">\n<p><span style=\"font-size:14px;font-family:'Verdana';color:#000000\">110V\/240V<\/span><\/p>\n<\/td>\n<td valign=\"middle\">\n<p><span style=\"font-size:14px;font-family:'Verdana';color:#000000\">50Hz\/60Hz<\/span><\/p>\n<\/td>\n<td valign=\"middle\">\n<p><span style=\"font-size:14px;font-family:'Verdana';color:#000000\">155W<\/span><\/p>\n<\/td>\n<td valign=\"middle\">\n<p><span style=\"font-size:14px;font-family:'Verdana';color:#000000\">6,5 m<\/span><\/p>\n<\/td>\n<td valign=\"middle\">\n<p><span style=\"font-size:14px;font-family:'Verdana';color:#000000\">7500L\/h<\/span><\/p>\n<\/td>\n<td valign=\"middle\">\n<p><span style=\"font-size:14px;font-family:'Verdana';color:#000000\">287*128*157mm<\/span><\/p>\n<\/td>\n<\/tr>\n<tr>\n<tr align=\"left\">\n<td valign=\"middle\">\n<p><span style=\"font-size:14px;font-family:'Verdana';color:#000000\">YLB-7500A<\/span><\/p>\n<\/td>\n<td valign=\"middle\">\n<p><span style=\"font-size:14px;font-family:'Verdana';color:#000000\">110V\/240V<\/span><\/p>\n<\/td>\n<td valign=\"middle\">\n<p><span style=\"font-size:14px;font-family:'Verdana';color:#000000\">50Hz\/60Hz<\/span><\/p>\n<\/td>\n<td valign=\"middle\">\n<p><span style=\"font-size:14px;font-family:'Verdana';color:#000000\">280W<\/span><\/p>\n<\/td>\n<td valign=\"middle\">\n<p><span style=\"font-size:14px;font-family:'Verdana';color:#000000\">7,5 m<\/span><\/p>\n<\/td>\n<td valign=\"middle\">\n<p><span style=\"font-size:14px;font-family:'Verdana';color:#000000\">14000L\/h<\/span><\/p>\n<\/td>\n<td valign=\"middle\">\n<p style=\"background:#ffffff\"><span style=\"font-size:14px;font-family:'Verdana';background:#ffffff;color:#000000\">310*150*180mm <\/span><\/p>\n<\/td>\n<\/tr>\n<\/tbody>\n<\/table>\n<p><span style=\"font-size:14px;color:#ff0000\"><em><strong>Mostraci\u00f3n de bombas de riego de jard\u00edn de la serie YLB<\/strong><\/em><\/span><\/p>\n<p><span style=\"font-size:14px;color:#ff0000\"><em><strong><img decoding=\"async\" alt=\"Bomba sumergible de riego de jard\u00edn de gran oferta YLB-5000A\" src=\"http:\/\/localhost\/media\/import\/detail\/573719744_376.jpg\"><\/strong><\/em><\/span><\/p>\n<\/p>\n<p><span style=\"font-size:14px;color:#ff0000\"><em><strong>Otras bombas sumergibles para jard\u00edn show<\/strong><\/em><\/span><\/p>\n<p><span style=\"font-size:14px;color:#ff0000\"><em><strong><img decoding=\"async\" alt=\"Bomba sumergible para riego de jard\u00edn, gran oferta, YLB-5000A\" src=\"http:\/\/localhost\/media\/import\/detail\/573721141_135.jpg\"><img decoding=\"async\" alt=\"Bomba sumergible de riego de jard\u00edn en oferta YLB-5000A\" src=\"http:\/\/localhost\/media\/import\/detail\/573721151_203.jpg\"><img decoding=\"async\" alt=\"Bomba sumergible de riego de jard\u00edn en oferta YLB-5000A\" src=\"http:\/\/localhost\/media\/import\/detail\/573721160_717.jpg\"><img decoding=\"async\" alt=\"Bomba sumergible para riego de jard\u00edn, gran oferta, YLB-5000A\" src=\"http:\/\/localhost\/media\/import\/detail\/573721163_628.jpg\"><img decoding=\"async\" alt=\"Bomba sumergible para riego de jard\u00edn, gran oferta, YLB-5000A\" src=\"http:\/\/localhost\/media\/import\/detail\/573721177_796.jpg\"> <\/strong><\/em><\/span><\/p>\n<\/p>\n<div id=\"ali-anchor-AliPostDhMb-r2noq\" style=\"padding-top:8px\" data-section-title=\"Informaci\u00f3n de la empresa\" data-section=\"AliPostDhMb-r2noq\">\n<div id=\"ali-title-AliPostDhMb-r2noq\" style=\"border-bottom:#ddd 1px solid;padding-bottom:8px;padding-top:8px;padding-left:0px;padding-right:0px\"> <\/div>\n<\/div>\n<div style=\"clear:both\"><strong><span style=\"background-color:#dddddd;color:#333333\"><\/span><\/strong><\/div>\n","protected":false},"excerpt":{"rendered":"<p>Venta caliente bomba sumergible de riego de jard\u00edn YLB-5000A<\/p>\n","protected":false},"featured_media":5435,"comment_status":"open","ping_status":"closed","template":"","meta":[],"product_brand":[],"product_cat":[1146],"product_tag":[],"class_list":{"0":"post-29362","1":"product","2":"type-product","3":"status-publish","4":"has-post-thumbnail","6":"product_cat-bombas-de-agua-y-cabezales-de-potencia","8":"first","9":"instock","10":"shipping-taxable","11":"purchasable","12":"product-type-simple"},"_links":{"self":[{"href":"https:\/\/www.myaquastore.com\/es\/wp-json\/wp\/v2\/product\/29362","targetHints":{"allow":["GET"]}}],"collection":[{"href":"https:\/\/www.myaquastore.com\/es\/wp-json\/wp\/v2\/product"}],"about":[{"href":"https:\/\/www.myaquastore.com\/es\/wp-json\/wp\/v2\/types\/product"}],"replies":[{"embeddable":true,"href":"https:\/\/www.myaquastore.com\/es\/wp-json\/wp\/v2\/comments?post=29362"}],"wp:featuredmedia":[{"embeddable":true,"href":"https:\/\/www.myaquastore.com\/es\/wp-json\/wp\/v2\/media\/5435"}],"wp:attachment":[{"href":"https:\/\/www.myaquastore.com\/es\/wp-json\/wp\/v2\/media?parent=29362"}],"wp:term":[{"taxonomy":"product_brand","embeddable":true,"href":"https:\/\/www.myaquastore.com\/es\/wp-json\/wp\/v2\/product_brand?post=29362"},{"taxonomy":"product_cat","embeddable":true,"href":"https:\/\/www.myaquastore.com\/es\/wp-json\/wp\/v2\/product_cat?post=29362"},{"taxonomy":"product_tag","embeddable":true,"href":"https:\/\/www.myaquastore.com\/es\/wp-json\/wp\/v2\/product_tag?post=29362"}],"curies":[{"name":"wp","href":"https:\/\/api.w.org\/{rel}","templated":true}]}}