{"id":29364,"date":"2016-09-25T23:28:27","date_gmt":"2016-09-25T23:28:27","guid":{"rendered":"https:\/\/www.myaquastore.com\/product\/bomba-de-circulacion-para-estanque-koi-de-jardin-5500l-h-150w-hyl-5500\/"},"modified":"2025-03-16T07:05:17","modified_gmt":"2025-03-16T07:05:17","slug":"bomba-de-circulacion-para-estanque-koi-de-jardin-5500l-h-150w-hyl-5500","status":"publish","type":"product","link":"https:\/\/www.myaquastore.com\/es\/producto\/bomba-de-circulacion-para-estanque-koi-de-jardin-5500l-h-150w-hyl-5500\/","title":{"rendered":"Bomba de circulaci\u00f3n para estanque Koi de jard\u00edn 5500L\/h 150W HYL-5500"},"content":{"rendered":"<div style=\"clear:both\"><\/div>\n<p><span style=\"font-size:24px;color:#ff00ff\"><strong>Bomba de circulaci\u00f3n para estanque Koi de jard\u00edn, 5500L\/h, 150W, HYL-5500 <\/strong><\/span><\/p>\n<\/p>\n<div id=\"ali-anchor-AliPostDhMb-u4ji1\" data-section-title=\"Descripci\u00f3n del producto\" data-section=\"AliPostDhMb-u4ji1\">\n<div id=\"ali-title-AliPostDhMb-u4ji1\" style=\"border-bottom:#ddd 1px solid;padding-bottom:8px;padding-top:8px;padding-left:0px;padding-right:0px\"><span style=\"font-weight:bold;color:#333;padding-bottom:8px;padding-top:8px;padding-left:10px;line-height:12px;padding-right:10px;background-color:#ddd\">Descripci\u00f3n del producto<\/span><\/div>\n<div style=\"padding-bottom:10px;padding-top:10px;padding-left:0px;padding-right:0px\">\n<\/div>\n<\/div>\n<p style=\"font-size:14px\">Especificaciones:<\/p>\n<p style=\"font-size:14px\">1. El rotor est\u00e1 hecho de un material especial, <em><strong> de f\u00e1cil arranque y de baja energ\u00eda. consumo<\/strong><\/em>;<\/p>\n<p style=\"font-size:14px\">2. Eje cer\u00e1mico de alta calidad y localizador de eje, <em><strong>duradero y silencioso<\/strong><\/em>;<\/p>\n<p style=\"font-size:14px\">3. Motor completamente sellado e impermeable, <em><strong>seguro y confiable<\/strong><\/em>;<\/p>\n<p style=\"font-size:14px\">4.Alto rendimiento motor as\u00edncrono est\u00e1ndar con<strong><em> nuevo dise\u00f1o y ahorro de energ\u00eda de hasta <\/em><\/strong><\/p>\n<p style=\"font-size:14px\"><strong><em>50% que antes<\/em><\/strong>;<\/p>\n<p style=\"font-size:14px\">5.<em><strong>Protecci\u00f3n del interruptor de flotaci\u00f3n, uso m\u00e1s seguro<\/strong><\/em>;<\/p>\n<p style=\"font-size:14px\">6.<em><strong>Jard\u00edn acu\u00e1tico<\/strong><strong>hacer circular agua en rocalla, suministrar y descargar agua en piscina<\/strong><\/em>.<\/p>\n<p style=\"font-size:14px\">\n<p style=\"font-size:14px\"><span style=\"color:#008000\"><strong>Bombas de circulaci\u00f3n de agua para jard\u00edn par\u00e1metros<\/strong><\/span><\/p>\n<table class=\"aliDataTable\">\n<tbody>\n<tr align=\"left\">\n<td style=\"width:63.05pt\" valign=\"middle\">\n<p><span style=\"font-size:12px;background:#ffffff;color:#000000\"> Modelo <\/span><\/p>\n<\/td>\n<td style=\"width:53.75pt\" valign=\"middle\">\n<p><span style=\"font-size:12px;background:#ffffff;color:#000000\">Voltaje<\/span><\/p>\n<\/td>\n<td style=\"width:53.75pt\" valign=\"middle\">\n<p><span style=\"font-size:12px;background:#ffffff;color:#000000\">Frecuencia<\/span><\/p>\n<\/td>\n<td style=\"width:35.15pt\" valign=\"middle\">\n<p><span style=\"font-size:12px;background:#ffffff;color:#000000\">Potencia<\/span><\/p>\n<\/td>\n<td style=\"width:38.45pt\" valign=\"middle\">\n<p><span style=\"font-size:12px;background:#ffffff;color:#000000\">H-max <\/span><\/p>\n<\/td>\n<td style=\"width:46.9pt\" valign=\"middle\">\n<p><span style=\"font-size:12px;background:#ffffff;color:#000000\">Salida<\/span><\/p>\n<\/td>\n<td style=\"width:65.45pt\" valign=\"middle\">\n<p><span style=\"font-size:12px;color:#000000\">Peso<\/span><\/p>\n<\/td>\n<td style=\"width:75.7pt\" valign=\"middle\">\n<p style=\"background:#ffffff\"><span style=\"font-size:12px;background:#ffffff;color:#000000\"> Dimensiones<\/span><\/p>\n<\/td>\n<\/tr>\n<tr align=\"left\">\n<td style=\"background:#ffffff\" valign=\"middle\">\n<p><span style=\"font-size:12px;color:#000000\">HYL-5500\/A<\/span><\/p>\n<\/td>\n<td valign=\"middle\">\n<p><span style=\"font-size:12px;color:#000000\">110V\/240V<\/span><\/p>\n<\/td>\n<td valign=\"middle\">\n<p><span style=\"font-size:12px;color:#000000\">50Hz\/60Hz<\/span><\/p>\n<\/td>\n<td valign=\"middle\">\n<p><span style=\"font-size:12px;color:#000000\">150W<\/span><\/p>\n<\/td>\n<td valign=\"middle\">\n<p><span style=\"font-size:12px;color:#000000\">7,0 m<\/span><\/p>\n<\/td>\n<td valign=\"middle\">\n<p><span style=\"font-size:12px;color:#000000\">5500L\/h<\/span><\/p>\n<\/td>\n<td valign=\"middle\">\n<p><span style=\"font-size:12px;color:#000000\">2,92 kg\/3,12 kg<\/span><\/p>\n<\/td>\n<td valign=\"middle\">\n<p><span style=\"font-size:12px;background:#ffffff;color:#000000\">180*180*260mm<\/span><\/p>\n<\/td>\n<\/tr>\n<tr align=\"left\">\n<td valign=\"middle\">\n<p><span style=\"font-size:12px;color:#000000\">HYL-6500\/A<\/span><\/p>\n<\/td>\n<td valign=\"middle\">\n<p><span style=\"font-size:12px;color:#000000\">110V\/240V<\/span><\/p>\n<\/td>\n<td valign=\"middle\">\n<p><span style=\"font-size:12px;color:#000000\">50Hz\/60Hz<\/span><\/p>\n<\/td>\n<td valign=\"middle\">\n<p><span style=\"font-size:12px;color:#000000\">95W<\/span><\/p>\n<\/td>\n<td valign=\"middle\">\n<p><span style=\"font-size:12px;color:#000000\">4,5 m<\/span><\/p>\n<\/td>\n<td valign=\"middle\">\n<p><span style=\"font-size:12px;color:#000000\">6500L\/h<\/span><\/p>\n<\/td>\n<td valign=\"middle\">\n<p><span style=\"font-size:12px;color:#000000\">2,61 kg\/2,81 kg<\/span><\/p>\n<\/td>\n<td valign=\"middle\">\n<p><span style=\"font-size:12px;background:#ffffff;color:#000000\">180*180*260mm<\/span><\/p>\n<\/td>\n<\/tr>\n<tr align=\"left\">\n<td valign=\"middle\">\n<p><span style=\"font-size:12px;color:#000000\">HYL-7500\/A<\/span><\/p>\n<\/td>\n<td valign=\"middle\">\n<p><span style=\"font-size:12px;color:#000000\">110V\/240V<\/span><\/p>\n<\/td>\n<td valign=\"middle\">\n<p><span style=\"font-size:12px;color:#000000\">50Hz\/60Hz<\/span><\/p>\n<\/td>\n<td valign=\"middle\">\n<p><span style=\"font-size:12px;color:#000000\">150W<\/span><\/p>\n<\/td>\n<td valign=\"middle\">\n<p><span style=\"font-size:12px;color:#000000\">5,5 m<\/span><\/p>\n<\/td>\n<td valign=\"middle\">\n<p><span style=\"font-size:12px;color:#000000\">7500L\/h<\/span><\/p>\n<\/td>\n<td valign=\"middle\">\n<p><span style=\"font-size:12px;color:#000000\">2,92 kg\/3,12 kg<\/span><\/p>\n<\/td>\n<td valign=\"middle\">\n<p style=\"background:#ffffff\"><span style=\"font-size:12px;background:#ffffff;color:#000000\">180*180*260mm<\/span><\/p>\n<\/td>\n<\/tr>\n<\/tbody>\n<\/table>\n<table class=\"aliDataTable\">\n<tbody>\n<tr align=\"left\">\n<td valign=\"middle\">\n<p><span style=\"font-size:9pt;font-family:'Verdana';color:#000000\"> Modelo <\/span><\/p>\n<\/td>\n<td style=\"width:43.5pt\" valign=\"middle\">\n<p><span style=\"font-size:9pt;font-family:'Verdana';color:#000000\">Voltaje<\/span><\/p>\n<\/td>\n<td style=\"width:55.5pt\" valign=\"middle\">\n<p><span style=\"font-size:9pt;font-family:'Verdana';color:#000000\">Frecuencia<\/span><\/p>\n<\/td>\n<td style=\"width:37.35pt\" valign=\"middle\">\n<p><span style=\"font-size:9pt;font-family:'Verdana';color:#000000\">Potencia<\/span><\/p>\n<\/td>\n<td style=\"width:43.05pt\" valign=\"middle\">\n<p><span style=\"font-size:9pt;font-family:'Verdana';color:#000000\">H-max <\/span><\/p>\n<\/td>\n<td style=\"width:52.35pt\" valign=\"middle\">\n<p><span style=\"font-size:9pt;font-family:'Verdana';color:#000000\">Salida<\/span><\/p>\n<\/td>\n<td style=\"width:41.25pt\" valign=\"middle\">\n<p><span style=\"font-size:9pt;font-family:'Verdana';color:#000000\">Peso<\/span><\/p>\n<\/td>\n<td style=\"width:87.15pt\" valign=\"middle\">\n<p><span style=\"font-size:9pt;font-family:'Verdana';color:#000000\"> Dimensiones<\/span><\/p>\n<\/td>\n<\/tr>\n<tr align=\"left\">\n<td valign=\"middle\">\n<p><span style=\"font-size:9pt;font-family:'Verdana';color:#000000\">HQS-5000\/A<\/span><\/p>\n<\/td>\n<td valign=\"middle\">\n<p><span style=\"font-size:9pt;font-family:'Verdana';color:#000000\">220V<\/span><\/p>\n<\/td>\n<td valign=\"middle\">\n<p><span style=\"font-size:9pt;font-family:'Verdana';color:#000000\">50Hz<\/span><\/p>\n<\/td>\n<td valign=\"middle\">\n<p><span style=\"font-size:9pt;font-family:'Verdana';color:#000000\">210W<\/span><\/p>\n<\/td>\n<td valign=\"middle\">\n<p><span style=\"font-size:9pt;font-family:'Verdana';color:#000000\">5,5m<\/span><\/p>\n<\/td>\n<td valign=\"middle\">\n<p><span style=\"font-size:9pt;font-family:'Verdana';color:#000000\">7500L\/h<\/span><\/p>\n<\/td>\n<td valign=\"middle\">\n<p><span style=\"font-size:9pt;font-family:'Verdana';color:#000000\">4,5 kg<\/span><\/p>\n<\/td>\n<td valign=\"middle\">\n<p><span style=\"font-size:9pt;font-family:'Verdana';color:#000000\">200*200*350mm<\/span><\/p>\n<\/td>\n<\/tr>\n<tr align=\"left\">\n<td valign=\"middle\">\n<p><span style=\"font-size:9pt;font-family:'Verdana';color:#000000\">HQS-6000\/A<\/span><\/p>\n<\/td>\n<td valign=\"middle\">\n<p><span style=\"font-size:9pt;font-family:'Verdana';color:#000000\">220V<\/span><\/p>\n<\/td>\n<td valign=\"middle\">\n<p><span style=\"font-size:9pt;font-family:'Verdana';color:#000000\">50Hz<\/span><\/p>\n<\/td>\n<td valign=\"middle\">\n<p><span style=\"font-size:9pt;font-family:'Verdana';color:#000000\">230W<\/span><\/p>\n<\/td>\n<td valign=\"middle\">\n<p><span style=\"font-size:9pt;font-family:'Verdana';color:#000000\">6,5m<\/span><\/p>\n<\/td>\n<td valign=\"middle\">\n<p><span style=\"font-size:9pt;font-family:'Verdana';color:#000000\">11000L\/h<\/span><\/p>\n<\/td>\n<td valign=\"middle\">\n<p><span style=\"font-size:9pt;font-family:'Verdana';color:#000000\">5,1 kg<\/span><\/p>\n<\/td>\n<td valign=\"middle\">\n<p><span style=\"font-size:9pt;font-family:'Verdana';color:#000000\">200*200*350mm<\/span><\/p>\n<\/td>\n<\/tr>\n<tr align=\"left\">\n<td valign=\"middle\">\n<p><span style=\"font-size:9pt;font-family:'Verdana';color:#000000\">HQS-7000\/A<\/span><\/p>\n<\/td>\n<td valign=\"middle\">\n<p><span style=\"font-size:9pt;font-family:'Verdana';color:#000000\">220V<\/span><\/p>\n<\/td>\n<td valign=\"middle\">\n<p><span style=\"font-size:9pt;font-family:'Verdana';color:#000000\">50Hz<\/span><\/p>\n<\/td>\n<td valign=\"middle\">\n<p><span style=\"font-size:9pt;font-family:'Verdana';color:#000000\">320W<\/span><\/p>\n<\/td>\n<td valign=\"middle\">\n<p><span style=\"font-size:9pt;font-family:'Verdana';color:#000000\">7,5m<\/span><\/p>\n<\/td>\n<td valign=\"middle\">\n<p><span style=\"font-size:9pt;font-family:'Verdana';color:#000000\">12000L\/h<\/span><\/p>\n<\/td>\n<td valign=\"middle\">\n<p><span style=\"font-size:9pt;font-family:'Verdana';color:#000000\">5,4 kg<\/span><\/p>\n<\/td>\n<td valign=\"middle\">\n<p><span style=\"font-size:9pt;font-family:'Verdana';color:#000000\">200*200*350mm<\/span><\/p>\n<\/td>\n<\/tr>\n<tr align=\"left\">\n<td valign=\"middle\">\n<p><span style=\"font-size:9pt;font-family:'Verdana';color:#000000\">HQS-8000\/A<\/span><\/p>\n<\/td>\n<td valign=\"middle\">\n<p><span style=\"font-size:9pt;font-family:'Verdana';color:#000000\">220V<\/span><\/p>\n<\/td>\n<td valign=\"middle\">\n<p><span style=\"font-size:9pt;font-family:'Verdana';color:#000000\">50Hz<\/span><\/p>\n<\/td>\n<td valign=\"middle\">\n<p><span style=\"font-size:9pt;font-family:'Verdana';color:#000000\">350W<\/span><\/p>\n<\/td>\n<td valign=\"middle\">\n<p><span style=\"font-size:9pt;font-family:'Verdana';color:#000000\">8m<\/span><\/p>\n<\/td>\n<td valign=\"middle\">\n<p><span style=\"font-size:9pt;font-family:'Verdana';color:#000000\">13000L\/h<\/span><\/p>\n<\/td>\n<td valign=\"middle\">\n<p><span style=\"font-size:9pt;font-family:'Verdana';color:#000000\">6,2 kg<\/span><\/p>\n<\/td>\n<td valign=\"middle\">\n<p><span style=\"font-size:9pt;font-family:'Verdana';color:#000000\">250*250*350mm<\/span><\/p>\n<\/td>\n<\/tr>\n<tr align=\"left\">\n<td valign=\"middle\">\n<p><span style=\"font-size:9pt;font-family:'Verdana';color:#000000\">HQS-9000\/A<\/span><\/p>\n<\/td>\n<td valign=\"middle\">\n<p><span style=\"font-size:9pt;font-family:'Verdana';color:#000000\">220V<\/span><\/p>\n<\/td>\n<td valign=\"middle\">\n<p><span style=\"font-size:9pt;font-family:'Verdana';color:#000000\">50Hz<\/span><\/p>\n<\/td>\n<td valign=\"middle\">\n<p><span style=\"font-size:9pt;font-family:'Verdana';color:#000000\">420W<\/span><\/p>\n<\/td>\n<td valign=\"middle\">\n<p><span style=\"font-size:9pt;font-family:'Verdana';color:#000000\">8,5m<\/span><\/p>\n<\/td>\n<td valign=\"middle\">\n<p><span style=\"font-size:9pt;font-family:'Verdana';color:#000000\">14000L\/h<\/span><\/p>\n<\/td>\n<td valign=\"middle\">\n<p><span style=\"font-size:9pt;font-family:'Verdana';color:#000000\">6,6 kg<\/span><\/p>\n<\/td>\n<td valign=\"middle\">\n<p><span style=\"font-size:9pt;font-family:'Verdana';color:#000000\">250*250*350mm<\/span><\/p>\n<\/td>\n<\/tr>\n<tr align=\"left\">\n<td valign=\"middle\">\n<p><span style=\"font-size:9pt;font-family:'Verdana';color:#000000\">HQS-10000\/A<\/span><\/p>\n<\/td>\n<td valign=\"middle\">\n<p><span style=\"font-size:9pt;font-family:'Verdana';color:#000000\">220V<\/span><\/p>\n<\/td>\n<td valign=\"middle\">\n<p><span style=\"font-size:9pt;font-family:'Verdana';color:#000000\">50Hz<\/span><\/p>\n<\/td>\n<td valign=\"middle\">\n<p><span style=\"font-size:9pt;font-family:'Verdana';color:#000000\">450W<\/span><\/p>\n<\/td>\n<td valign=\"middle\">\n<p><span style=\"font-size:9pt;font-family:'Verdana';color:#000000\">9m<\/span><\/p>\n<\/td>\n<td valign=\"middle\">\n<p><span style=\"font-size:9pt;font-family:'Verdana';color:#000000\">15000L\/h<\/span><\/p>\n<\/td>\n<td valign=\"middle\">\n<p><span style=\"font-size:9pt;font-family:'Verdana';color:#000000\">6,7 kg<\/span><\/p>\n<\/td>\n<td valign=\"middle\">\n<p><span style=\"font-size:9pt;font-family:'Verdana';color:#000000\">250*250*350mm<\/span><\/p>\n<\/td>\n<\/tr>\n<\/tbody>\n<\/table>\n<table class=\"aliDataTable\" style=\"width:80%\" border=\"5\">\n<tbody>\n<tr>\n<td> Modelo <\/td>\n<td> Voltaje<\/td>\n<td>Frecuencia<\/td>\n<td>Potencia<\/td>\n<td>H-max <\/td>\n<td>Salida<\/td>\n<td>Peso<\/td>\n<td> Dimensiones<\/td>\n<\/tr>\n<tr>\n<td style=\"text-align:center\">HQB-2000<\/td>\n<td>110V\/220V\/240V<\/td>\n<td>50Hz\/60Hz<\/td>\n<td>24W<\/td>\n<td>1,8m<\/td>\n<td>1400L\/h<\/td>\n<td>0,8kg<\/td>\n<td>138*65*145mm<\/td>\n<\/tr>\n<tr>\n<td style=\"text-align:center\">HQB-2200<\/td>\n<td>110V\/220V\/240V<\/td>\n<td>50Hz\/60Hz<\/td>\n<td> 40W<\/td>\n<td>2,3m<\/td>\n<td>1900L\/h<\/td>\n<td>1,2kg<\/td>\n<td>135*105*115mm<\/td>\n<\/tr>\n<tr>\n<td style=\"text-align:center\">HQB-2500<\/td>\n<td>110V\/220V\/240V<\/td>\n<td>50Hz\/60Hz<\/td>\n<td> 55W<\/td>\n<td>2,5m<\/td>\n<td>2000L\/h<\/td>\n<td>1,2kg<\/td>\n<td>153*105*135mm<\/td>\n<\/tr>\n<tr>\n<td style=\"text-align:center\">HQB-3000<\/td>\n<td>110V\/220V\/240V<\/td>\n<td>50Hz\/60Hz<\/td>\n<td> 60W<\/td>\n<td>3,0m<\/td>\n<td>2500L\/h<\/td>\n<td>1,6kg<\/td>\n<td>153*105*135mm<\/td>\n<\/tr>\n<tr>\n<td style=\"text-align:center\">HQB-3500<\/td>\n<td>110V\/220V\/240V<\/td>\n<td>50Hz\/60Hz<\/td>\n<td> 85W<\/td>\n<td>3,5m<\/td>\n<td>3000L\/h<\/td>\n<td>1,25kg<\/td>\n<td>153*105*135mm<\/td>\n<\/tr>\n<tr>\n<td style=\"text-align:center\">HQB-4500<\/td>\n<td>110V\/220V\/240V<\/td>\n<td>50Hz\/60Hz<\/td>\n<td> 100W<\/td>\n<td>4,5m<\/td>\n<td>4500L\/h<\/td>\n<td>2,7kg<\/td>\n<td>175*112*133mm<\/td>\n<\/tr>\n<tr>\n<td style=\"text-align:center\">HQB-5000<\/td>\n<td>110V\/220V\/240V<\/td>\n<td>50Hz\/60Hz<\/td>\n<td> 150W<\/td>\n<td>5,0m<\/td>\n<td>5500L\/h<\/td>\n<td>2,8kg<\/td>\n<td>175*112*133mm<\/td>\n<\/tr>\n<tr>\n<td style=\"text-align:center\">HQB-5500<\/td>\n<td>110V\/220V\/240V<\/td>\n<td>50Hz\/60Hz<\/td>\n<td>200W<\/td>\n<td>5,5 m<\/td>\n<td>6800 l\/h<\/td>\n<td>4,0 kg<\/td>\n<td>200*140*160 mm<\/td>\n<\/tr>\n<\/tbody>\n<\/table>\n<p><span style=\"font-size:14px;color:#008000\"><strong>Mostraci\u00f3n de bombas de circulaci\u00f3n para estanques de jard\u00edn<\/strong><\/span><\/p>\n<p><span style=\"font-size:14px;color:#008000\"><strong><img decoding=\"async\" alt=\"Bomba de circulaci\u00f3n para estanques Koi de jard\u00edn de 5500L\/h 150W HYL-5500\" src=\"http:\/\/localhost\/media\/import\/detail\/565969163_362.jpg\"><\/strong><\/span><\/p>\n<p><span style=\"font-size:14px;color:#008000\"><strong>Detalles del agua de circulaci\u00f3n de jard\u00edn HYL-5500 bomba<\/strong><\/span><\/p>\n<p><span style=\"font-size:14px;color:#008000\"><strong><img decoding=\"async\" alt=\"Bomba de circulaci\u00f3n para estanque Koi de jard\u00edn, 5500L\/h, 150W, HYL-5500\" src=\"http:\/\/localhost\/media\/import\/detail\/565970749_751.jpg\"><img decoding=\"async\" alt=\"Bomba de circulaci\u00f3n para estanque Koi de jard\u00edn, 5500L\/h, 150 W, HYL-5500\" src=\"http:\/\/localhost\/media\/import\/detail\/565970751_457.jpg\"><img decoding=\"async\" alt=\"5500L\/h, 150W, Koi de jard\u00edn Bomba de circulaci\u00f3n para estanque HYL-5500\" src=\"http:\/\/localhost\/media\/import\/detail\/565970753_334.jpg\"><\/strong><\/span><\/p>\n<p><span style=\"font-size:14px;color:#008000\"><strong>Otros usos m\u00faltiples sumergibles para circulaci\u00f3n de agua de jard\u00edn show de bombas<\/strong><\/span><\/p>\n<p><span style=\"font-size:14px;color:#008000\"><strong><img decoding=\"async\" alt=\"Bomba de circulaci\u00f3n para estanque Koi de jard\u00edn, 5500L\/h, 150W, HYL-5500\" src=\"http:\/\/localhost\/media\/import\/detail\/565972583_307.jpg\"><img decoding=\"async\" alt=\"Bomba de circulaci\u00f3n para estanque Koi de jard\u00edn, 5500L\/h, 150 W, HYL-5500\" src=\"http:\/\/localhost\/media\/import\/detail\/565972584_443.jpg\"><img decoding=\"async\" alt=\"5500L\/h, 150W, Koi de jard\u00edn Bomba de circulaci\u00f3n para estanque HYL-5500\" src=\"http:\/\/localhost\/media\/import\/detail\/565972590_769.jpg\"><\/strong><\/span><\/p>\n<p><span style=\"font-size:14px;color:#008000\"><strong><img decoding=\"async\" alt=\"5500L\/h Bomba de circulaci\u00f3n para estanque Koi de jard\u00edn de 150 W HYL-5500\" src=\"http:\/\/localhost\/media\/import\/detail\/565973476_894.jpg\"><\/strong><\/span><\/p>\n<div id=\"ali-anchor-AliPostDhMb-304dx\" data-section-title=\"Informaci\u00f3n de la empresa\" data-section=\"AliPostDhMb-304dx\"> <\/div>\n","protected":false},"excerpt":{"rendered":"<p>Bomba de circulaci\u00f3n para estanque Koi de jard\u00edn 5500L\/h 150W HYL-5500<\/p>\n","protected":false},"featured_media":5439,"comment_status":"open","ping_status":"closed","template":"","meta":[],"product_brand":[],"product_cat":[1146],"product_tag":[],"class_list":{"0":"post-29364","1":"product","2":"type-product","3":"status-publish","4":"has-post-thumbnail","6":"product_cat-bombas-de-agua-y-cabezales-de-potencia","8":"first","9":"instock","10":"shipping-taxable","11":"purchasable","12":"product-type-simple"},"_links":{"self":[{"href":"https:\/\/www.myaquastore.com\/es\/wp-json\/wp\/v2\/product\/29364","targetHints":{"allow":["GET"]}}],"collection":[{"href":"https:\/\/www.myaquastore.com\/es\/wp-json\/wp\/v2\/product"}],"about":[{"href":"https:\/\/www.myaquastore.com\/es\/wp-json\/wp\/v2\/types\/product"}],"replies":[{"embeddable":true,"href":"https:\/\/www.myaquastore.com\/es\/wp-json\/wp\/v2\/comments?post=29364"}],"wp:featuredmedia":[{"embeddable":true,"href":"https:\/\/www.myaquastore.com\/es\/wp-json\/wp\/v2\/media\/5439"}],"wp:attachment":[{"href":"https:\/\/www.myaquastore.com\/es\/wp-json\/wp\/v2\/media?parent=29364"}],"wp:term":[{"taxonomy":"product_brand","embeddable":true,"href":"https:\/\/www.myaquastore.com\/es\/wp-json\/wp\/v2\/product_brand?post=29364"},{"taxonomy":"product_cat","embeddable":true,"href":"https:\/\/www.myaquastore.com\/es\/wp-json\/wp\/v2\/product_cat?post=29364"},{"taxonomy":"product_tag","embeddable":true,"href":"https:\/\/www.myaquastore.com\/es\/wp-json\/wp\/v2\/product_tag?post=29364"}],"curies":[{"name":"wp","href":"https:\/\/api.w.org\/{rel}","templated":true}]}}