{"id":29374,"date":"2016-09-25T23:28:28","date_gmt":"2016-09-25T23:28:28","guid":{"rendered":"https:\/\/www.myaquastore.com\/product\/bomba-de-agua-para-estanque-de-jardin-pecera-6500l-h-95w-hyl-6500\/"},"modified":"2025-03-16T07:05:20","modified_gmt":"2025-03-16T07:05:20","slug":"bomba-de-agua-para-estanque-de-jardin-pecera-6500l-h-95w-hyl-6500","status":"publish","type":"product","link":"https:\/\/www.myaquastore.com\/es\/producto\/bomba-de-agua-para-estanque-de-jardin-pecera-6500l-h-95w-hyl-6500\/","title":{"rendered":"Bomba de agua para estanque de jard\u00edn, pecera, 6500L\/h, 95W, HYL-6500"},"content":{"rendered":"<div style=\"clear:both\"><\/div>\n<p style=\"text-align:center\">\n<div id=\"ali-anchor-AliPostDhMb-97st0\" style=\"padding-top:8px\" data-section-title=\"nombre\" data-section=\"AliPostDhMb-97st0\">\n<div id=\"ali-title-AliPostDhMb-97st0\" style=\"border-bottom:#ddd 1px solid;padding-bottom:8px;padding-top:8px;padding-left:0px;padding-right:0px\"><span style=\"font-weight:bold;color:#333;padding-bottom:8px;padding-top:8px;padding-left:10px;line-height:12px;padding-right:10px;background-color:#ddd\">nombre<\/span><\/div>\n<div style=\"padding-bottom:10px;padding-top:10px;padding-left:0px;padding-right:0px\">\n<p><img decoding=\"async\" alt=\"Bomba de agua para estanque de jard\u00edn, pecera, 6500L\/h, 95W, HYL-6500\" src=\"http:\/\/localhost\/media\/import\/detail\/HTB11qiMJVXXXXXWXVXXq6xXFXXXQ.jpg\"><span> <\/span><\/p>\n<\/div>\n<\/div>\n<p style=\"text-align:center\"><span style=\"font-size:24px\"><strong><span style=\"color:#000000\"> <\/span><\/strong><\/span><\/p>\n<p style=\"text-align:center\"><span style=\"font-size:24px\"><strong><span style=\"color:#000000\">Bomba de agua para estanque de jard\u00edn, pecera, 6500L\/h, 95W, HYL-6500 <\/span><\/strong><\/span><\/p>\n<\/p>\n<div id=\"ali-anchor-AliPostDhMb-r2vz7\" style=\"padding-top:8px\" data-section-title=\"Descripci\u00f3n del producto\" data-section=\"AliPostDhMb-r2vz7\">\n<div id=\"ali-title-AliPostDhMb-r2vz7\" style=\"border-bottom:#ddd 1px solid;padding-bottom:8px;padding-top:8px;padding-left:0px;padding-right:0px\"><span style=\"font-weight:bold;color:#333;padding-bottom:8px;padding-top:8px;padding-left:10px;line-height:12px;padding-right:10px;background-color:#ddd\">Descripci\u00f3n del producto<\/span><\/div>\n<div style=\"padding-bottom:10px;padding-top:10px;padding-left:0px;padding-right:0px\">\n<p><strong>especificaciones:<\/strong><\/p>\n<\/div>\n<\/div>\n<p style=\"font-size:14px\"><span style=\"font-size:12px\"><strong>1. el rotor est\u00e1 hecho de material especial, de f\u00e1cil arranque y bajo consumo de energ\u00eda;<\/strong><\/span><\/p>\n<p style=\"font-size:14px\"><span style=\"font-size:12px\"><strong>2. Eje cer\u00e1mico de alta calidad y localizador de eje, duradero y de poco ruido;<\/strong><\/span><\/p>\n<p style=\"font-size:14px\"><span style=\"font-size:12px\"><strong>3. motor completamente sellado y resistente al agua, seguro y confiable;<\/strong><\/span><\/p>\n<p style=\"font-size:14px\">\n<p style=\"font-size:14px\"><span style=\"font-size:12px\"><strong>4. Motor as\u00edncrono est\u00e1ndar de alto rendimiento con nuevo dise\u00f1o y ahorro de energ\u00eda <\/strong><\/span><\/p>\n<p style=\"font-size:14px\"><span style=\"font-size:12px\"><strong>hasta un 50% que antes;<\/strong><\/span><\/p>\n<p style=\"font-size:14px\"><span style=\"font-size:12px\"><strong>5. protecci\u00f3n del interruptor de flotador, uso m\u00e1s seguro;<\/strong><\/span><\/p>\n<p style=\"font-size:14px\"><span style=\"font-size:12px\"><strong>6. Riegue el jard\u00edn, haga circular el agua en la rocalla, suministre y descargue agua en la piscina.<\/strong><\/span><\/p>\n<p style=\"font-size:14px\"><strong> <span style=\"background-color:#ffff00\">Par\u00e1metros de las bombas de agua para estanques de jard\u00edn y peceras<\/span><\/strong><\/p>\n<table class=\"aliDataTable\" style=\"width:80%\" border=\"5\">\n<tbody>\n<tr>\n<td> Modelo <\/td>\n<td>Voltaje<\/td>\n<td>Frecuencia<\/td>\n<td>Potencia<\/td>\n<td>H-max <\/td>\n<td>Salida<\/td>\n<td>Peso<\/td>\n<td> Dimensiones<\/td>\n<\/tr>\n<tr>\n<td style=\"text-align:center\">HYL-5500\/A<\/td>\n<td>110V\/240V<\/td>\n<td>50Hz\/60Hz<\/td>\n<td>150W<\/ td><\/p>\n<td>6,5m<\/td>\n<td>5500L\/h<\/td>\n<td>2,92kg\/3,12kg<\/td>\n<td>180*180*260mm<\/td>\n<\/tr>\n<tr>\n<td style=\"text-align:center\">HYL-6500\/A<\/td>\n<td>110V\/240V<\/td>\n<td>50Hz\/60Hz<\/td>\n<td>95W<\/ td><\/p>\n<td>5,5m<\/td>\n<td>6500L\/h<\/td>\n<td>2,61kg\/2,81kg<\/td>\n<td>180*180*260mm<\/td>\n<\/tr>\n<tr>\n<td style=\"text-align:center\">HYL-7500\/A<\/td>\n<td>110V\/240V<\/td>\n<td>50Hz\/60Hz<\/td>\n<td>150W<\/td>\n<td>6,5m<\/td>\n<td>7500L\/h<\/td>\n<td>2,92kg\/3,12kg<\/td>\n<td>180*180*260mm<\/td>\n<\/tr>\n<\/tbody>\n<\/table>\n<table class=\"aliDataTable\" border=\"5\">\n<tbody>\n<tr>\n<td> Modelo <\/td>\n<td>Voltaje<\/td>\n<td>Frecuencia<\/td>\n<td>Potencia<\/td>\n<td>H-max <\/td>\n<td>Salida<\/td>\n<td>Peso<\/td>\n<td> Dimensiones<\/td>\n<\/tr>\n<tr>\n<td style=\"text-align:center\">HQS-5000<\/td>\n<td>220V<\/td>\n<td>50Hz<\/td>\n<td>250W<\/td>\n<td>6m<\/td>\n<td>6000L\/h<\/td>\n<td>3,6kg<\/td>\n<td>200*200*350mm<\/td>\n<\/tr>\n<tr>\n<td style=\"text-align:center\">HQS-6000\/I<\/td>\n<td>220V<\/td>\n<td>50Hz<\/td>\n<td>300W<\/td>\n<td>8m<\/td>\n<td>8000L\/h<\/td>\n<td>5,5kg<\/td>\n<td>200*200*350mm<\/td>\n<\/tr>\n<tr>\n<td style=\"text-align:center\">HQS-7000\/I<\/td>\n<td>220V<\/td>\n<td>50Hz<\/td>\n<td>320W<\/td>\n<td>10m<\/td>\n<td>10000L\/h<\/td>\n<td>6,2kg<\/td>\n<td>200*200*350mm<\/td>\n<\/tr>\n<tr>\n<td style=\"text-align:center\">HQS-8000\/I<\/td>\n<td>220V<\/td>\n<td>50Hz<\/td>\n<td>350W<\/td>\n<td>11m<\/td>\n<td>13000L\/h<\/td>\n<td>5,7kg<\/td>\n<td>250*250*350mm<\/td>\n<\/tr>\n<tr>\n<td style=\"text-align:center\">HQS-9000<\/td>\n<td>220V<\/td>\n<td>50Hz<\/td>\n<td>380W<\/td>\n<td>12m<\/td>\n<td>14000L\/h<\/td>\n<td>6,0kg<\/td>\n<td>250*250*350mm<\/td>\n<\/tr>\n<tr>\n<td style=\"text-align:center\">HQS-10000<\/td>\n<td>220V<\/td>\n<td>50Hz<\/td>\n<td>420W<\/td>\n<td>13m<\/td>\n<td>15000L\/h<\/td>\n<td>6,5kg<\/td>\n<td>250*250*350mm<\/td>\n<\/tr>\n<tr>\n<td style=\"text-align:center\">HQS-1800<\/td>\n<td>110V\/220V\/240V<\/td>\n<td>50Hz\/60Hz<\/td>\n<td> 180W<\/td>\n<td>7,0m<\/td>\n<td>8500L\/h<\/td>\n<td>5,5kg<\/td>\n<td>182*137*279mm<\/td>\n<\/tr>\n<tr>\n<td style=\"text-align:center\">HQS-4000<\/td>\n<td>220V\/240V<\/td>\n<td>50Hz<\/td>\n<td>100W<\/td>\n<td>4,0m<\/td>\n<td>4500L\/h<\/td>\n<td>2,8kg<\/td>\n<td>145*145*240mm<\/td>\n<\/tr>\n<tr>\n<td style=\"text-align:center\">HQS-4200<\/td>\n<td>220V\/240V<\/td>\n<td>50Hz<\/td>\n<td>100W<\/td>\n<p>4,2m<\/td>\n<td>4500L\/h<\/td>\n<td>3,2kg<\/td>\n<td>145*145*240mm<\/td>\n<\/tr>\n<\/tbody>\n<\/table>\n<table class=\"aliDataTable\" border=\"5\">\n<tbody>\n<tr>\n<td> Modelo <\/td>\n<td> Voltaje<\/td>\n<td>Frecuencia<\/td>\n<td>Potencia<\/td>\n<td>H-max <\/td>\n<td>Salida<\/td>\n<td>Peso<\/td>\n<td> Dimensiones<\/td>\n<\/tr>\n<tr>\n<td style=\"text-align:center\">HQB-2000<\/td>\n<td>110V\/220V\/240V<\/td>\n<td>50Hz\/60Hz<\/td>\n<td>24W<\/td>\n<td>1,8m<\/td>\n<td>1400L\/h<\/td>\n<td>0,8kg<\/td>\n<td>138*65*145mm<\/td>\n<\/tr>\n<tr>\n<td style=\"text-align:center\">HQB-2200<\/td>\n<td>110V\/220V\/240V<\/td>\n<td>50Hz\/60Hz<\/td>\n<td> 40W<\/td>\n<td>2,3m<\/td>\n<td>1900L\/h<\/td>\n<td>1,2kg<\/td>\n<td>135*105*115mm<\/td>\n<\/tr>\n<tr>\n<td style=\"text-align:center\">HQB-2500<\/td>\n<td>110V\/220V\/240V<\/td>\n<td>50Hz\/60Hz<\/td>\n<td> 55W<\/td>\n<td>2,5m<\/td>\n<td>2000L\/h<\/td>\n<td>1,2kg<\/td>\n<td>153*105*135mm<\/td>\n<\/tr>\n<tr>\n<td style=\"text-align:center\">HQB-3000<\/td>\n<td>110V\/220V\/240V<\/td>\n<td>50Hz\/60Hz<\/td>\n<td> 60W<\/td>\n<td>3,0m<\/td>\n<td>2500L\/h<\/td>\n<td>1,6kg<\/td>\n<td>153*105*135mm<\/td>\n<\/tr>\n<tr>\n<td style=\"text-align:center\">HQB-3500<\/td>\n<td>110V\/220V\/240V<\/td>\n<td>50Hz\/60Hz<\/td>\n<td> 85W<\/td>\n<td>3,5m<\/td>\n<td>3000L\/h<\/td>\n<td>1,25kg<\/td>\n<td>153*105*135mm<\/td>\n<\/tr>\n<tr>\n<td style=\"text-align:center\">HQB-4500<\/td>\n<td>110V\/220V\/240V<\/td>\n<td>50Hz\/60Hz<\/td>\n<td> 100W<\/td>\n<td>4,5m<\/td>\n<td>4500L\/h<\/td>\n<td>2,7kg<\/td>\n<td>175*112*133mm<\/td>\n<\/tr>\n<tr>\n<td style=\"text-align:center\">HQB-5000<\/td>\n<td>110V\/220V\/240V<\/td>\n<td>50Hz\/60Hz<\/td>\n<td> 150W<\/td>\n<td>5,0m<\/td>\n<td>5500L\/h<\/td>\n<td>2,8kg<\/td>\n<td>175*112*133mm<\/td>\n<\/tr>\n<tr>\n<td style=\"text-align:center\">HQB-5500<\/td>\n<td>110V\/220V\/240V<\/td>\n<td>50Hz\/60Hz<\/td>\n<td>200W<\/td>\n<td>5,5 m<\/td>\n<td>6800 l\/h<\/td>\n<td>4,0 kg<\/td>\n<td>200*140*160 mm<\/td>\n<\/tr>\n<\/tbody>\n<\/table>\n<p><span style=\"font-size:14px\"><strong><span style=\"background-color:#ffff00\">Las bombas de agua sumergibles multifunci\u00f3n para estanques de jard\u00edn muestran <\/span><\/strong><\/span><\/p>\n<p><span style=\"font-size:12px\"><strong>Bombas sumergibles para estanques de jard\u00edn serie HYL (estilo A con interruptor de flotador)<\/strong><\/span><\/p>\n<p><span style=\"font-size:12px\"><strong>HYL-6500\/A,HYL-7500\/A<\/strong><\/span><\/p>\n<p><span style=\"font-size:12px\"><strong><img decoding=\"async\" alt=\"Bomba de agua para estanque de jard\u00edn con pecera de 6500L\/h 95W HYL-6500\" src=\"http:\/\/localhost\/media\/import\/detail\/544389675_817.jpg\"><img decoding=\"async\" alt=\"Bomba de agua para estanque de jard\u00edn con pecera de 6500L\/h 95W HYL-6500\" src=\"http:\/\/localhost\/media\/import\/detail\/544389677_272.jpg\"><\/strong><\/span><\/p>\n<p><span style=\"font-size:12px\"><strong>HYL-5500,HYL-5500A<\/strong><\/span><\/p>\n<p><span style=\"font-size:12px\"><strong><img decoding=\"async\" alt=\"6500L\/h 95W Bomba de agua para estanque de jard\u00edn con pecera HYL-6500\" src=\"http:\/\/localhost\/media\/import\/detail\/544389679_126.jpg\"><img decoding=\"async\" alt=\"Bomba de agua para estanque de jard\u00edn, pecera, 6500L\/h, 95W, HYL-6500\" src=\"http:\/\/localhost\/media\/import\/detail\/544389685_589.jpg\"><\/strong><\/span><\/p>\n<p><span style=\"font-size:12px\"><strong>Las bombas de agua sumergibles multiusos serie HQS muestran (un estilo con flotador switch)<\/strong><\/span><\/p>\n<p><span style=\"font-size:12px\"><strong><img decoding=\"async\" alt=\"Bomba de agua para estanque de jard\u00edn, pecera, 6500L\/h, 95W, HYL-6500\" src=\"http:\/\/localhost\/media\/import\/detail\/544403995_597.jpg\"><\/strong><\/span><\/p>\n<p><span style=\"font-size:12px\"><strong><img decoding=\"async\" alt=\"Bomba de agua para estanque de jard\u00edn, pecera, 6500L\/h, 95W, HYL-6500\" src=\"http:\/\/localhost\/media\/import\/detail\/544404274_170.jpg\"><\/strong><\/span><\/p>\n<\/p>\n<p><strong> <\/strong><\/p>\n<div id=\"ali-anchor-AliPostDhMb-0chdf\" style=\"padding-top:8px\" data-section-title=\"Informaci\u00f3n de la empresa\" data-section=\"AliPostDhMb-0chdf\">\n<div id=\"ali-title-AliPostDhMb-0chdf\" style=\"border-bottom:#ddd 1px solid;padding-bottom:8px;padding-top:8px;padding-left:0px;padding-right:0px\"> <\/div>\n<\/div>\n<div><\/div>\n","protected":false},"excerpt":{"rendered":"<p>Bomba de agua para estanque de jard\u00edn, pecera, 6500L\/h, 95W, HYL-6500<\/p>\n","protected":false},"featured_media":5459,"comment_status":"open","ping_status":"closed","template":"","meta":[],"product_brand":[],"product_cat":[1146],"product_tag":[],"class_list":{"0":"post-29374","1":"product","2":"type-product","3":"status-publish","4":"has-post-thumbnail","6":"product_cat-bombas-de-agua-y-cabezales-de-potencia","8":"first","9":"instock","10":"shipping-taxable","11":"purchasable","12":"product-type-simple"},"_links":{"self":[{"href":"https:\/\/www.myaquastore.com\/es\/wp-json\/wp\/v2\/product\/29374","targetHints":{"allow":["GET"]}}],"collection":[{"href":"https:\/\/www.myaquastore.com\/es\/wp-json\/wp\/v2\/product"}],"about":[{"href":"https:\/\/www.myaquastore.com\/es\/wp-json\/wp\/v2\/types\/product"}],"replies":[{"embeddable":true,"href":"https:\/\/www.myaquastore.com\/es\/wp-json\/wp\/v2\/comments?post=29374"}],"wp:featuredmedia":[{"embeddable":true,"href":"https:\/\/www.myaquastore.com\/es\/wp-json\/wp\/v2\/media\/5459"}],"wp:attachment":[{"href":"https:\/\/www.myaquastore.com\/es\/wp-json\/wp\/v2\/media?parent=29374"}],"wp:term":[{"taxonomy":"product_brand","embeddable":true,"href":"https:\/\/www.myaquastore.com\/es\/wp-json\/wp\/v2\/product_brand?post=29374"},{"taxonomy":"product_cat","embeddable":true,"href":"https:\/\/www.myaquastore.com\/es\/wp-json\/wp\/v2\/product_cat?post=29374"},{"taxonomy":"product_tag","embeddable":true,"href":"https:\/\/www.myaquastore.com\/es\/wp-json\/wp\/v2\/product_tag?post=29374"}],"curies":[{"name":"wp","href":"https:\/\/api.w.org\/{rel}","templated":true}]}}