{"id":29397,"date":"2016-09-25T23:28:30","date_gmt":"2016-09-25T23:28:30","guid":{"rendered":"https:\/\/www.myaquastore.com\/product\/bomba-de-tanque-de-peces-de-acuario-sunsun-de-15w-1000l-h-hj-901b\/"},"modified":"2025-03-16T07:05:25","modified_gmt":"2025-03-16T07:05:25","slug":"bomba-de-tanque-de-peces-de-acuario-sunsun-de-15w-1000l-h-hj-901b","status":"publish","type":"product","link":"https:\/\/www.myaquastore.com\/es\/producto\/bomba-de-tanque-de-peces-de-acuario-sunsun-de-15w-1000l-h-hj-901b\/","title":{"rendered":"Bomba de tanque de peces de acuario SUNSUN de 15w 1000L\/h HJ-901B"},"content":{"rendered":"<div style=\"clear:both\"><\/div>\n<p><span style=\"font-size:32px;color:#ff0000\"><strong>Bomba para pecera de acuario SUNSUN de 15w 1000L\/h <\/strong><\/span><\/p>\n<\/p>\n<p><strong><span style=\"font-size:24px;color:#ff6600\">Bomba para pecera de acuario Descripci\u00f3n<\/span><\/strong><\/p>\n<h3><span style=\"font-size:18px\">Esta bomba para pecera de acuario es perfecta para tanques m\u00e1s peque\u00f1os, ya que se oculta f\u00e1cilmente. Est\u00e1 fabricado con part\u00edculas de ABS de primera calidad y es adecuado para su uso en acuarios de agua salada. <\/span><\/h3>\n<h3><strong><span style=\"font-size:18px;color:#ff6600\"><span style=\"font-size:24px\">Im\u00e1genes sobre la bomba para pecera de acuario <\/span><\/span><\/strong><\/h3>\n<p> <img loading=\"lazy\" decoding=\"async\" alt=\"15w 1000L\/h SUNSUN Bomba para pecera de acuario HJ-901B\" src=\"http:\/\/localhost\/media\/import\/detail\/748845794_609.jpg\" width=\"600\" height=\"600\"><\/p>\n<p><span style=\"color:#ff6600\"><strong><span style=\"font-size:24px\">Otra bomba para pecera de acuario <\/span><\/strong><\/span><\/p>\n<p> <img loading=\"lazy\" decoding=\"async\" alt=\"15w 1000L\/h SUNSUN Bomba para pecera de acuario HJ-901B\" src=\"http:\/\/localhost\/media\/import\/detail\/758963103_596.jpg\" width=\"600\" height=\"600\"><img loading=\"lazy\" decoding=\"async\" alt=\"Bomba para pecera de acuario SUNSUN de 15w 1000L\/h HJ-901B\" src=\"http:\/\/localhost\/media\/import\/detail\/748855114_781.jpg\" width=\"600\" height=\"600\"><img loading=\"lazy\" decoding=\"async\" alt=\"Tanque de peces de acuario SUNSUN de 15w 1000L\/h Bomba HJ-901B\" src=\"http:\/\/localhost\/media\/import\/detail\/748753823_813.jpg\" width=\"600\" height=\"600\"><\/p>\n<\/p>\n<div style=\"clear:both\"><\/div>\n","protected":false},"excerpt":{"rendered":"<p>Bomba de tanque de peces de acuario SUNSUN de 15w 1000L\/h HJ-901B<\/p>\n","protected":false},"featured_media":5505,"comment_status":"open","ping_status":"closed","template":"","meta":[],"product_brand":[],"product_cat":[1146],"product_tag":[],"class_list":{"0":"post-29397","1":"product","2":"type-product","3":"status-publish","4":"has-post-thumbnail","6":"product_cat-bombas-de-agua-y-cabezales-de-potencia","8":"first","9":"instock","10":"shipping-taxable","11":"purchasable","12":"product-type-simple"},"_links":{"self":[{"href":"https:\/\/www.myaquastore.com\/es\/wp-json\/wp\/v2\/product\/29397","targetHints":{"allow":["GET"]}}],"collection":[{"href":"https:\/\/www.myaquastore.com\/es\/wp-json\/wp\/v2\/product"}],"about":[{"href":"https:\/\/www.myaquastore.com\/es\/wp-json\/wp\/v2\/types\/product"}],"replies":[{"embeddable":true,"href":"https:\/\/www.myaquastore.com\/es\/wp-json\/wp\/v2\/comments?post=29397"}],"wp:featuredmedia":[{"embeddable":true,"href":"https:\/\/www.myaquastore.com\/es\/wp-json\/wp\/v2\/media\/5505"}],"wp:attachment":[{"href":"https:\/\/www.myaquastore.com\/es\/wp-json\/wp\/v2\/media?parent=29397"}],"wp:term":[{"taxonomy":"product_brand","embeddable":true,"href":"https:\/\/www.myaquastore.com\/es\/wp-json\/wp\/v2\/product_brand?post=29397"},{"taxonomy":"product_cat","embeddable":true,"href":"https:\/\/www.myaquastore.com\/es\/wp-json\/wp\/v2\/product_cat?post=29397"},{"taxonomy":"product_tag","embeddable":true,"href":"https:\/\/www.myaquastore.com\/es\/wp-json\/wp\/v2\/product_tag?post=29397"}],"curies":[{"name":"wp","href":"https:\/\/api.w.org\/{rel}","templated":true}]}}