{"id":29406,"date":"2016-09-25T23:28:30","date_gmt":"2016-09-25T23:28:30","guid":{"rendered":"https:\/\/www.myaquastore.com\/product\/bomba-sumergible-multifuncion-para-acuario-marino-sunsun-50hz-60hz-hj-901c\/"},"modified":"2025-03-16T07:05:28","modified_gmt":"2025-03-16T07:05:28","slug":"bomba-sumergible-multifuncion-para-acuario-marino-sunsun-50hz-60hz-hj-901c","status":"publish","type":"product","link":"https:\/\/www.myaquastore.com\/es\/producto\/bomba-sumergible-multifuncion-para-acuario-marino-sunsun-50hz-60hz-hj-901c\/","title":{"rendered":"Bomba sumergible multifunci\u00f3n para acuario marino SUNSUN 50Hz\/60Hz HJ-901C"},"content":{"rendered":"<div style=\"clear:both\"><\/div>\n<p><span style=\"font-size:24px;color:#ff0000\">Bomba sumergible multifunci\u00f3n para acuario marino SUNSUN 50Hz\/60Hz <\/span><\/p>\n<table class=\"aliDataTable\" style=\"height:300px;width:598px\" cellpadding=\"0\" border=\"1\">\n<tbody>\n<tr style=\"height:15.6pt\" align=\"izquierda\">\n<td valign=\"top\">\n<p><span style=\"font-size:12pt\">1.Item<\/span><\/p>\n<\/td>\n<td style=\"width:197.05pt\" valign=\"top\">\n<p><span style=\"font-size:12pt\">Bomba de agua para acuario multifunci\u00f3n SUNSUN<\/span><\/p>\n<\/td>\n<\/tr>\n<tr style=\"height:15.6pt\" align=\"izquierda\">\n<td valign=\"top\">\n<p><span style=\"font-size:12pt\">2.Modelo<\/span><\/p>\n<\/td>\n<td style=\"width:197.05pt\" valign=\"top\">\n<p><span style=\"font-size:12pt\">HJ-901C<\/span><\/p>\n<\/td>\n<\/tr>\n<tr style=\"height:15.6pt\" align=\"izquierda\">\n<td valign=\"top\">\n<p><span style=\"font-size:12pt\">3.Voltaje<\/span><\/p>\n<\/td>\n<td style=\"width:197.05pt\" valign=\"top\">\n<p><span style=\"font-size:12pt\">110V\/220V\/240V<\/span><\/p>\n<\/td>\n<\/tr>\n<tr style=\"height:16.35pt\" align=\"left\">\n<td valign=\"top\">\n<p><span style=\"font-size:12pt\">4.Frecuencia<\/span><\/p>\n<\/td>\n<td valign=\"top\">\n<p><span style=\"font-size:12pt\">50Hz\/60Hz<\/span><\/p>\n<\/td>\n<\/tr>\n<tr style=\"height:15.6pt\" align=\"left\">\n<td valign=\"top\">\n<p><span style=\"font-size:12pt\">5.Potencia<\/span><\/p>\n<\/td>\n<td valign=\"top\">\n<p><span style=\"font-size:12pt\">15W<\/span><\/p>\n<\/td>\n<\/tr>\n<tr style=\"height:16.35pt\" align=\"left\">\n<td valign=\"top\">\n<p><span style=\"font-size:12pt\">6.Salida<\/span><\/p>\n<\/td>\n<td valign=\"top\">\n<p><span style=\"font-size:12pt\">1000L<\/span><span style=\"font-size:12pt\">\/h<\/span><\/p>\n<\/td>\n<\/tr>\n<tr align=\"left\">\n<td valign=\"top\">\n<p><span style=\"font-size:12pt\">7.Peso<\/span><\/p>\n<\/td>\n<td valign=\"top\">\n<p><span style=\"font-size:12pt\">0,4 kg<\/span><\/p>\n<\/td>\n<\/tr>\n<tr style=\"height:16.35pt\" align=\"left\">\n<td valign=\"top\">\n<p><span style=\"font-size:12pt\">8.Dimensiones<\/span><\/p>\n<\/td>\n<td valign=\"top\">\n<p><span style=\"font-size:12pt\">96*73*108mm<\/span><\/p>\n<\/td>\n<\/tr>\n<tr style=\"height:16.35pt\" align=\"left\">\n<td valign=\"top\">\n<p><span style=\"font-size:12pt\">9.H-max<\/span><\/p>\n<\/td>\n<td valign=\"top\">\n<p><span style=\"font-size:12pt\">4,0 m<\/span><\/p>\n<\/td>\n<\/tr>\n<tr style=\"height:17.25pt\" align=\"left\">\n<td valign=\"top\">\n<p><span style=\"font-size:12pt\">10.Brand<\/span><\/p>\n<\/td>\n<td valign=\"top\">\n<p><span style=\"font-size:12pt\">SUNSUN<\/span><\/p>\n<\/td>\n<\/tr>\n<tr style=\"height:15pt\" align=\"left\">\n<td valign=\"top\">\n<p><span style=\"font-size:16px\">11.Calidad<\/span><\/p>\n<\/td>\n<td valign=\"top\">\n<p><span style=\"font-size:16px\">Mejor calidad; <br \/><\/span><\/p>\n<p align=\"left\"><span style=\"font-size:16px\">El mayor proveedor de equipos acu\u00e1ticos de China<\/span><\/p>\n<\/td>\n<\/tr>\n<tr style=\"height:4.6pt\" align=\"left\">\n<td valign=\"top\">\n<p><span style=\"font-size:16px\">12.Punto de venta <\/span><\/p>\n<\/td>\n<td valign=\"top\">\n<p><span style=\"font-size:16px\">Marca reconocida en China; segura y confiable <\/span><\/p>\n<\/td>\n<\/tr>\n<\/tbody>\n<\/table>\n<p> <img loading=\"lazy\" decoding=\"async\" alt=\"Bomba sumergible multifunci\u00f3n para acuario marino SUNSUN 50Hz\/60Hz\" src=\"http:\/\/localhost\/media\/import\/detail\/532797896_990.jpg\" width=\"596\" height=\"363\"><\/p>\n<p style=\"text-align:center\"><span style=\"font-size:18px;color:#000000;text-decoration:underline;background-color:#ffff00\"><span style=\"font-family:'Verdana';text-decoration:underline\">Dise\u00f1ado para <\/span><span style=\"font-family:'Verdana';text-decoration:underline\">sumergido<\/span><span style=\"font-family:'Verdana';text-decoration:underline\"> usar solo<\/span><\/span><\/p>\n<p style=\"text-align:center\"><span style=\"font-size:18px;color:#000000;background-color:#ffff00\"> <\/span><\/p>\n<p style=\"text-align:center\"><span style=\"font-size:18px;background-color:#ffff00\"><strong><em><span style=\"font-family:arial, helvetica, sans-serif\">El motor de la bomba es muy eficiente, ahorra energ\u00eda y produce poco ruido, <span style=\"font-family:Arial\">C\u00f3modo de usar<\/span> <\/span><\/em><\/strong><\/span><\/p>\n<\/p>\n<p><span style=\"font-size:24px;color:#ff0000\">Caracter\u00edsticas:<\/span><\/p>\n<p> <span style=\"font-size:16px\">1. Utiliza un n\u00facleo de eje resistente al desgaste de alta resistencia, tiene un ahorro de energ\u00eda altamente eficiente y una larga vida \u00fatil<\/span><\/p>\n<p><span style=\"font-size:16px\">2. Tiene buena resistencia al agua, alta resistencia diel\u00e9ctrica, es seguro y confiable<\/span><\/p>\n<p><span style=\"font-size:16px\">3. Est\u00e1 dise\u00f1ado con impulsor centr\u00edfugo, tiene alto flujo y alta presi\u00f3n<\/span><\/p>\n<p><span style=\"font-size:16px\">4. Tiene varias funciones como bombeo, filtro y ox\u00edgeno<\/span><\/p>\n<p><span style=\"font-size:16px\">5. Aplicar a <span style=\"font-size:24px;color:#ff0000\">acuarios, rocallas, estanques <\/span>dispositivos de circulaci\u00f3n de agua que coincidan.<\/span><\/p>\n<\/p>\n<p> <span style=\"font-size:24px;color:#ff0000\">Otras bombas de agua multifunci\u00f3n para acuarios para su referencia<\/span> <\/p>\n<p><img decoding=\"async\" alt=\"Bomba sumergible multifunci\u00f3n para acuarios marinos SUNSUN 50Hz\/60Hz\" src=\"http:\/\/localhost\/media\/import\/detail\/532811141_561.jpg\"><\/p>\n<p><img decoding=\"async\" alt=\"Bomba sumergible multifunci\u00f3n para acuario marino SUNSUN 50Hz\/60Hz\" src=\"http:\/\/localhost\/media\/import\/detail\/532796249_092.jpg\"><img decoding=\"async\" alt=\"Acuario marino SUNSUN 50Hz\/60Hz Bomba sumergible multifunci\u00f3n\" src=\"http:\/\/localhost\/media\/import\/detail\/532796250_550.jpg\"><img decoding=\"async\" alt=\"Bomba sumergible multifunci\u00f3n para acuario marino SUNSUN 50Hz\/60Hz\" src=\"http:\/\/localhost\/media\/import\/detail\/532796252_154.jpg\"><img decoding=\"async\" alt=\"Bomba sumergible multifunci\u00f3n para acuario marino SUNSUN 50Hz\/60Hz\" src=\"http:\/\/localhost\/media\/import\/detail\/532796253_103.jpg\"><img decoding=\"async\" alt=\"Bomba sumergible multifunci\u00f3n para acuario marino SUNSUN 50Hz\/60Hz\" src=\"http:\/\/localhost\/media\/import\/detail\/532796254_281.jpg\"><\/p>\n<\/p>\n<p><span style=\"font-size:x-large;color:#ff0000\">Bomba de agua multifunci\u00f3n para acuario <span style=\"font-size:24px;color:#ff0000\">Par\u00e1metro<\/span> <\/span> <\/p>\n<table class=\"aliDataTable ke-zeroborder\" style=\"width:666px\" cellpadding=\"0\" border=\"0\">\n<tbody>\n<tr align=\"left\">\n<td width=\"69\">MODELO<\/td>\n<td width=\"126\">TENSI\u00d3N<\/td>\n<td width=\"92\">FRECUENCIA<\/td>\n<td width=\"66\">POTENCIA<\/td>\n<td width=\"60\">H-MAX<\/td>\n<td>SALIDA<\/td>\n<td width=\"65\">PESO<\/td>\n<td width=\"107\">DIMENSIONES<\/td>\n<\/tr>\n<tr align=\"left\">\n<td><span style=\"color:#000000\">HJ-501<\/span><\/td>\n<td><span style=\"color:#000000\">110V\/220V\/240V<\/span><\/td>\n<td><span style=\"color:#000000\">50Hz\/60Hz<\/span><\/td>\n<td><span style=\"color:#000000\">5W<\/span><\/td>\n<td><span style=\"color:#000000\">0,6m<\/span><\/td>\n<td><span style=\"color:#000000\">250L\/h<\/span><\/td>\n<td><span style=\"color:#000000\">0,21kg<\/span><\/td>\n<td><span style=\"color:#000000\">54x65x58mm<\/span><\/td>\n<\/tr>\n<tr align=\"left\">\n<td><span style=\"color:#000000\">HJ-701<\/span><\/td>\n<td><span style=\"color:#000000\">110V\/220V\/240V<\/span><\/td>\n<td><span style=\"color:#000000\">50Hz\/60Hz<\/span><\/td>\n<td><span style=\"color:#000000\">8W<\/span><\/td>\n<td><span style=\"color:#000000\">0,9m<\/span><\/td>\n<td><span style=\"color:#000000\">500L\/h<\/span><\/td>\n<td><span style=\"color:#000000\">0,4kg<\/span><\/td>\n<td><span style=\"color:#000000\">70x71x70mm<\/span><\/td>\n<\/tr>\n<tr align=\"left\">\n<td><span style=\"color:#ff0000\">HJ-901<\/span><\/td>\n<td><span style=\"color:#ff0000\">110V\/220V\/240V<\/span><\/td>\n<td><span style=\"color:#ff0000\">50Hz\/60Hz<\/span><\/td>\n<td><span style=\"color:#ff0000\">12W<\/span><\/td>\n<td><span style=\"color:#ff0000\">1,2m<\/span><\/td>\n<td><span style=\"color:#ff0000\">800L\/h<\/span><\/td>\n<td><span style=\"color:#ff0000\">0,5kg<\/span><\/td>\n<td><span style=\"color:#ff0000\">80x79x75mm<\/span><\/td>\n<\/tr>\n<tr align=\"left\">\n<td><span style=\"color:#000000\">HJ-1101<\/span><\/td>\n<td><span style=\"color:#000000\">110V\/220V\/240V<\/span><\/td>\n<td><span style=\"color:#000000\">50Hz\/60Hz<\/span><\/td>\n<td><span style=\"color:#000000\">18W<\/span><\/td>\n<td><span style=\"color:#000000\">1,5m<\/span><\/td>\n<td><span style=\"color:#000000\">1000L\/h<\/span><\/td>\n<td><span style=\"color:#000000\">0,8kg<\/span><\/td>\n<td><span style=\"color:#000000\">88x88x85mm<\/span><\/td>\n<\/tr>\n<tr align=\"left\">\n<td>HJ-1501<\/td>\n<td>110V\/220V\/240V<\/td>\n<td>50Hz\/60Hz<\/td>\n<td>35W <\/td>\n<td>2,4m<\/td>\n<td>1350L\/h<\/td>\n<td>1,4kg<\/td>\n<td>105x126x110mm<\/td>\n<\/tr>\n<tr align=\"left\">\n<td>HJ-3701<\/td>\n<td>110V\/220V\/240V<\/td>\n<td>50Hz\/60Hz<\/td>\n<td>100W <\/td>\n<td>4,0m<\/td>\n<td>2500L\/h<\/td>\n<td>2,7kg<\/td>\n<td>141x139x137mm<\/td>\n<\/tr>\n<tr align=\"left\">\n<td>HJ-901B<\/td>\n<td>110V\/220V\/240V<\/td>\n<td>50Hz\/60Hz<\/td>\n<td>15 Ancho<\/td>\n<td>1,3m<\/td>\n<td>1000L\/h<\/td>\n<td>0,4kg<\/td>\n<td>96x73x108mm<\/td>\n<\/tr>\n<tr align=\"left\">\n<td>HJ-901C<\/td>\n<td>110V\/220V\/240V<\/td>\n<td>50Hz\/60Hz<\/td>\n<td>15W<\/td>\n<p>1,3m<\/td>\n<td>1000L\/h<\/td>\n<td>0,4kg<\/td>\n<td>96x73x108mm<\/td>\n<\/tr>\n<\/tbody>\n<\/table>\n<\/p>\n<div style=\"clear:both\"><\/div>\n","protected":false},"excerpt":{"rendered":"<p>Bomba sumergible multifunci\u00f3n para acuario marino SUNSUN 50Hz\/60Hz HJ-901C<\/p>\n","protected":false},"featured_media":5523,"comment_status":"open","ping_status":"closed","template":"","meta":[],"product_brand":[],"product_cat":[1146],"product_tag":[],"class_list":{"0":"post-29406","1":"product","2":"type-product","3":"status-publish","4":"has-post-thumbnail","6":"product_cat-bombas-de-agua-y-cabezales-de-potencia","8":"first","9":"instock","10":"shipping-taxable","11":"purchasable","12":"product-type-simple"},"_links":{"self":[{"href":"https:\/\/www.myaquastore.com\/es\/wp-json\/wp\/v2\/product\/29406","targetHints":{"allow":["GET"]}}],"collection":[{"href":"https:\/\/www.myaquastore.com\/es\/wp-json\/wp\/v2\/product"}],"about":[{"href":"https:\/\/www.myaquastore.com\/es\/wp-json\/wp\/v2\/types\/product"}],"replies":[{"embeddable":true,"href":"https:\/\/www.myaquastore.com\/es\/wp-json\/wp\/v2\/comments?post=29406"}],"wp:featuredmedia":[{"embeddable":true,"href":"https:\/\/www.myaquastore.com\/es\/wp-json\/wp\/v2\/media\/5523"}],"wp:attachment":[{"href":"https:\/\/www.myaquastore.com\/es\/wp-json\/wp\/v2\/media?parent=29406"}],"wp:term":[{"taxonomy":"product_brand","embeddable":true,"href":"https:\/\/www.myaquastore.com\/es\/wp-json\/wp\/v2\/product_brand?post=29406"},{"taxonomy":"product_cat","embeddable":true,"href":"https:\/\/www.myaquastore.com\/es\/wp-json\/wp\/v2\/product_cat?post=29406"},{"taxonomy":"product_tag","embeddable":true,"href":"https:\/\/www.myaquastore.com\/es\/wp-json\/wp\/v2\/product_tag?post=29406"}],"curies":[{"name":"wp","href":"https:\/\/api.w.org\/{rel}","templated":true}]}}