{"id":29416,"date":"2016-09-25T23:28:30","date_gmt":"2016-09-25T23:28:30","guid":{"rendered":"https:\/\/www.myaquastore.com\/product\/sunsun-utiliza-ampliamente-la-bomba-de-cascada-pequena-hj-741-de-8w-600l-h\/"},"modified":"2025-03-16T07:05:30","modified_gmt":"2025-03-16T07:05:30","slug":"sunsun-utiliza-ampliamente-la-bomba-de-cascada-pequena-hj-741-de-8w-600l-h","status":"publish","type":"product","link":"https:\/\/www.myaquastore.com\/es\/producto\/sunsun-utiliza-ampliamente-la-bomba-de-cascada-pequena-hj-741-de-8w-600l-h\/","title":{"rendered":"SUNSUN utiliza ampliamente la bomba de cascada peque\u00f1a HJ-741 de 8W 600L\/h"},"content":{"rendered":"<div style=\"clear:both\"><\/div>\n<p style=\"text-align:left\" align=\"center\"><strong><span style=\"font-size:18pt;font-family:'Comic Sans MS';color:#ff9900\">Nuestra promesa SUNSUN:<\/span><\/strong><\/p>\n<p style=\"text-align:left\" align=\"center\"><span style=\"font-size:18pt;font-family:'Comic Sans MS';color:green\">1. Todos los productos son productos originales SUNSUN<\/span><\/p>\n<p style=\"text-align:left\" align=\"center\"><span style=\"font-size:18pt;font-family:'Comic Sans MS';color:green\">2. Garant\u00eda: un a\u00f1o<\/span><\/p>\n<p style=\"text-align:left\" align=\"center\"><span style=\"font-size:18pt;font-family:'Comic Sans MS';color:green\">3. Embalaje SUNSUN<\/span><\/p>\n<p style=\"text-align:left\" align=\"center\"><span style=\"font-size:18pt;font-family:'Comic Sans MS'\">&#8230;&#8230;&#8230;&#8230;&#8230;&#8230;&#8230;&#8230;&#8230;&#8230;&#8230;&#8230;&#8230;&#8230;&#8230;&#8230;&#8230;&#8230;&#8230;&#8230;&#8230;&#8230;&#8230;&#8230;&#8230;&#8230;&#8230;<\/span><\/p>\n<p style=\"text-align:left\" align=\"center\"><span style=\"font-size:24px;color:#ff9900;background-color:#ffffff\"><strong><em><span style=\"font-family:comic sans ms,sans-serif\">SUNSUN utiliza ampliamente una bomba de cascada peque\u00f1a de 8W 600L\/h<\/span><\/em><\/strong><\/span> <\/p>\n<p style=\"text-align:left\" align=\"center\">\n<p style=\"text-align:left\" align=\"center\"><span style=\"color:#00ffff\"><em><span style=\"text-decoration:underline\"><span style=\"font-family:comic sans ms,sans-serif\"><strong><span style=\"font-size:18px;text-decoration:underline\">1. Descripci\u00f3n del producto<\/span><\/strong><\/span><\/span><\/em><\/span><\/p>\n<p><span style=\"font-family:comic sans ms,sans-serif\"> <\/span><\/p>\n<p><span style=\"font-size:14px;font-family:comic sans ms,sans-serif;color:#000000\"><span style=\"font-size:16px\">Esta bomba de agua para tanque de acuario<\/span><span style=\"font-size:16px\"><span style=\"float:none;text-align:left;background-color:#ffffff\">es perfecta para tanques m\u00e1s peque\u00f1os ya que se oculta f\u00e1cilmente, est\u00e1 hecha de part\u00edculas de ABS est\u00e1ndar superior, adecuada tanto para agua dulce como para agua salada. <\/span>Tambi\u00e9n se puede utilizar en art\u00edculos de arte, aire acondicionado y muchas otras cosas.<\/span><\/span><\/p>\n<\/p>\n<p><span style=\"text-decoration:underline\"><em><span style=\"color:#00ffff;text-decoration:underline\"><span style=\"font-family:comic sans ms,sans-serif\"><strong><span>2. Detalles de la bomba de cascada peque\u00f1a HJ-741<\/span><\/strong><\/span><\/span><\/em><\/span><\/p>\n<\/p>\n<table class=\"aliDataTable ke-zeroborder\" style=\"height:120px;width:604px\" cellpadding=\"0\" border=\"0\">\n<tbody>\n<tr align=\"left\">\n<td style=\"text-align:center;width:51.75pt\">\n<p><span style=\"font-size:12px\">MODELO<\/span><\/p>\n<\/td>\n<td style=\"text-align:center;width:94.5pt\">\n<p><span style=\"font-size:12px\">VOLTAJE<\/span><\/p>\n<\/td>\n<td style=\"text-align:center;width:69pt\">\n<p><span style=\"font-size:12px\">FRECUENCIA<\/span><\/p>\n<\/td>\n<td style=\"text-align:center;width:49.5pt\">\n<p><span style=\"font-size:12px\">POWER<\/span><\/p>\n<\/td>\n<td style=\"text-align:center;width:45pt\">\n<p><span style=\"font-size:12px\">H-MAX<\/span><\/p>\n<\/td>\n<td style=\"text-align:center;width:60.75pt\">\n<p><span style=\"font-size:12px\">SALIDA<\/span><\/p>\n<\/td>\n<td style=\"text-align:center;width:48.75pt\">\n<p><span style=\"font-size:12px\">PESO<\/span><\/p>\n<\/td>\n<td style=\"text-align:center;width:80.25pt\">\n<p><span style=\"font-size:12px\">DIMENSIONES<\/span><\/p>\n<\/td>\n<\/tr>\n<tr align=\"left\">\n<td style=\"text-align:center\">\n<p><span style=\"font-size:12px\">HJ-541<\/span><\/p>\n<\/td>\n<td style=\"text-align:center\">\n<p><span style=\"font-size:12px\">110V\/220V\/240V<\/span><\/p>\n<\/td>\n<td style=\"text-align:center\">\n<p><span style=\"font-size:12px\">50Hz\/60Hz<\/span><\/p>\n<\/td>\n<td style=\"text-align:center\">\n<p><span style=\"font-size:12px\">5W<\/span><\/p>\n<\/td>\n<td style=\"text-align:center\">\n<p><span style=\"font-size:12px\">0,8m<\/span><\/p>\n<\/td>\n<td style=\"text-align:center\">\n<p><span style=\"font-size:12px\">400L\/h<\/span><\/p>\n<\/td>\n<td style=\"text-align:center\">\n<p><span style=\"font-size:12px\">0,2 kg<\/span><\/p>\n<\/td>\n<td style=\"text-align:center\">\n<p><span style=\"font-size:12px\">60x56x58mm<\/span><\/p>\n<\/td>\n<\/tr>\n<tr align=\"left\">\n<td style=\"text-align:center\">\n<p><span style=\"font-size:12px\">HJ-741<\/span><\/p>\n<\/td>\n<td style=\"text-align:center\">\n<p><span style=\"font-size:12px\">110V\/220V\/240V<\/span><\/p>\n<\/td>\n<td style=\"text-align:center\">\n<p><span style=\"font-size:12px\">50Hz\/60Hz<\/span><\/p>\n<\/td>\n<td style=\"text-align:center\">\n<p><span style=\"font-size:12px\">8W<\/span><\/p>\n<\/td>\n<td style=\"text-align:center\">\n<p><span style=\"font-size:12px\">1,0m<\/span><\/p>\n<\/td>\n<td style=\"text-align:center\">\n<p><span style=\"font-size:12px\">600L\/h<\/span><\/p>\n<\/td>\n<td style=\"text-align:center\">\n<p><span style=\"font-size:12px\">0,35 kg<\/span><\/p>\n<\/td>\n<td style=\"text-align:center\">\n<p><span style=\"font-size:12px\">76x66x68mm<\/span><\/p>\n<\/td>\n<\/tr>\n<tr align=\"left\">\n<td style=\"text-align:center\">\n<p><span style=\"font-size:12px\">HJ-941<\/span><\/p>\n<\/td>\n<td style=\"text-align:center\">\n<p><span style=\"font-size:12px\">110V\/220V\/240V<\/span><\/p>\n<\/td>\n<td style=\"text-align:center\">\n<p><span style=\"font-size:12px\">50Hz\/60Hz<\/span><\/p>\n<\/td>\n<td style=\"text-align:center\">\n<p><span style=\"font-size:12px\">16W<\/span><\/p>\n<\/td>\n<td style=\"text-align:center\">\n<p><span style=\"font-size:12px\">1,3m<\/span><\/p>\n<\/td>\n<td style=\"text-align:center\">\n<p><span style=\"font-size:12px\">800L\/h<\/span><\/p>\n<\/td>\n<td style=\"text-align:center\">\n<p><span style=\"font-size:12px\">0,45 kg<\/span><\/p>\n<\/td>\n<td style=\"text-align:center\">\n<p><span style=\"font-size:12px\">82x73x75mm<\/span><\/p>\n<\/td>\n<\/tr>\n<tr align=\"left\">\n<td style=\"text-align:center\">\n<p><span style=\"font-size:12px\">HJ-1141<\/span><\/p>\n<\/td>\n<td style=\"text-align:center\">\n<p><span style=\"font-size:12px\">110V\/220V\/240V<\/span><\/p>\n<\/td>\n<td style=\"text-align:center\">\n<p><span style=\"font-size:12px\">50Hz\/60Hz<\/span><\/p>\n<\/td>\n<td style=\"text-align:center\">\n<p><span style=\"font-size:12px\">22W<\/span><\/p>\n<\/td>\n<td style=\"text-align:center\">\n<p><span style=\"font-size:12px\">1,6m<\/span><\/p>\n<\/td>\n<td style=\"text-align:center\">\n<p><span style=\"font-size:12px\">1000L\/h<\/span><\/p>\n<\/td>\n<td style=\"text-align:center\">\n<p><span style=\"font-size:12px\">0,55 kg<\/span><\/p>\n<\/td>\n<td style=\"text-align:center\">\n<p><span style=\"font-size:12px\">92x82x85mm<\/span><\/p>\n<\/td>\n<\/tr>\n<tr align=\"left\">\n<td style=\"text-align:center\">\n<p><span style=\"font-size:12px\">HJ-1541<\/span><\/p>\n<\/td>\n<td style=\"text-align:center\">\n<p><span style=\"font-size:12px\">110V\/220V\/240V<\/span><\/p>\n<\/td>\n<td style=\"text-align:center\">\n<p><span style=\"font-size:12px\">50Hz\/60Hz<\/span><\/p>\n<\/td>\n<td style=\"text-align:center\">\n<p><span style=\"font-size:12px\">28W<\/span><\/p>\n<\/td>\n<td style=\"text-align:center\">\n<p><span style=\"font-size:12px\">2,0m<\/span><\/p>\n<\/td>\n<td style=\"text-align:center\">\n<p><span style=\"font-size:12px\">1400L\/h<\/span><\/p>\n<\/td>\n<td style=\"text-align:center\">\n<p><span style=\"font-size:12px\">0,75 kg<\/span><\/p>\n<\/td>\n<td style=\"text-align:center\">\n<p><span style=\"font-size:12px\">102x98x100mm<\/span><\/p>\n<\/td>\n<\/tr>\n<tr align=\"left\">\n<td style=\"text-align:center\">\n<p><span style=\"font-size:12px\">HJ-1841<\/span><\/p>\n<\/td>\n<td style=\"text-align:center\">\n<p><span style=\"font-size:12px\">110V\/220V\/240V<\/span><\/p>\n<\/td>\n<td style=\"text-align:center\">\n<p><span style=\"font-size:12px\">50Hz\/60Hz<\/span><\/p>\n<\/td>\n<td style=\"text-align:center\">\n<p><span style=\"font-size:12px\">40W<\/span><\/p>\n<\/td>\n<td style=\"text-align:center\">\n<p><span style=\"font-size:12px\">2,5m<\/span><\/p>\n<\/td>\n<td style=\"text-align:center\">\n<p><span style=\"font-size:12px\">1800L\/h<\/span><\/p>\n<\/td>\n<td style=\"text-align:center\">\n<p><span style=\"font-size:12px\">1,0kg<\/span><\/p>\n<\/td>\n<td style=\"text-align:center\">\n<p><span style=\"font-size:12px\">100x106x108mm<\/span><\/p>\n<\/td>\n<\/tr>\n<\/tbody>\n<\/table>\n<\/p>\n<p><img decoding=\"async\" alt=\"SUNSUN utiliza ampliamente 8W Bomba de cascada peque\u00f1a de 600 l\/h\" src=\"http:\/\/localhost\/media\/import\/detail\/901062057_929.jpg\"> <\/p>\n<\/p>\n<p><em><span style=\"text-decoration:underline\"><span style=\"color:#00ffff;text-decoration:underline;background-color:#ffffff\"><strong><span style=\"font-size:18px;font-family:comic sans ms, sans-serif\">3. Otros nuestra bomba de cascada peque\u00f1a SUNSUN para su referencia <\/span><\/strong><\/span><\/span><\/em> <\/p>\n<\/p>\n<p><img decoding=\"async\" alt=\"SUNSUN usa ampliamente una bomba de cascada peque\u00f1a de 8W 600L\/h\" src=\"http:\/\/localhost\/media\/import\/detail\/535435763_128.jpg\"><img loading=\"lazy\" decoding=\"async\" alt=\"SUNSUN usa ampliamente una bomba de cascada peque\u00f1a de 8W 600L\/h\" src=\"http:\/\/localhost\/media\/import\/detail\/695340747_898.jpg\" width=\"600\" height=\"600\"><\/p>\n<\/p>\n<div><\/div>\n","protected":false},"excerpt":{"rendered":"<p>SUNSUN utiliza ampliamente la bomba de cascada peque\u00f1a HJ-741 de 8W 600L\/h<\/p>\n","protected":false},"featured_media":5542,"comment_status":"open","ping_status":"closed","template":"","meta":[],"product_brand":[],"product_cat":[1146],"product_tag":[],"class_list":{"0":"post-29416","1":"product","2":"type-product","3":"status-publish","4":"has-post-thumbnail","6":"product_cat-bombas-de-agua-y-cabezales-de-potencia","8":"first","9":"instock","10":"shipping-taxable","11":"purchasable","12":"product-type-simple"},"_links":{"self":[{"href":"https:\/\/www.myaquastore.com\/es\/wp-json\/wp\/v2\/product\/29416","targetHints":{"allow":["GET"]}}],"collection":[{"href":"https:\/\/www.myaquastore.com\/es\/wp-json\/wp\/v2\/product"}],"about":[{"href":"https:\/\/www.myaquastore.com\/es\/wp-json\/wp\/v2\/types\/product"}],"replies":[{"embeddable":true,"href":"https:\/\/www.myaquastore.com\/es\/wp-json\/wp\/v2\/comments?post=29416"}],"wp:featuredmedia":[{"embeddable":true,"href":"https:\/\/www.myaquastore.com\/es\/wp-json\/wp\/v2\/media\/5542"}],"wp:attachment":[{"href":"https:\/\/www.myaquastore.com\/es\/wp-json\/wp\/v2\/media?parent=29416"}],"wp:term":[{"taxonomy":"product_brand","embeddable":true,"href":"https:\/\/www.myaquastore.com\/es\/wp-json\/wp\/v2\/product_brand?post=29416"},{"taxonomy":"product_cat","embeddable":true,"href":"https:\/\/www.myaquastore.com\/es\/wp-json\/wp\/v2\/product_cat?post=29416"},{"taxonomy":"product_tag","embeddable":true,"href":"https:\/\/www.myaquastore.com\/es\/wp-json\/wp\/v2\/product_tag?post=29416"}],"curies":[{"name":"wp","href":"https:\/\/api.w.org\/{rel}","templated":true}]}}