{"id":29417,"date":"2016-09-25T23:28:30","date_gmt":"2016-09-25T23:28:30","guid":{"rendered":"https:\/\/www.myaquastore.com\/product\/bomba-utilitaria-sunsun-1600l-h-45w-mag-drive-jp-066\/"},"modified":"2025-03-16T07:05:30","modified_gmt":"2025-03-16T07:05:30","slug":"bomba-utilitaria-sunsun-1600l-h-45w-mag-drive-jp-066","status":"publish","type":"product","link":"https:\/\/www.myaquastore.com\/es\/producto\/bomba-utilitaria-sunsun-1600l-h-45w-mag-drive-jp-066\/","title":{"rendered":"Bomba utilitaria SUNSUN 1600L\/h 45W Mag-Drive JP-066"},"content":{"rendered":"<div style=\"clear:both\"><\/div>\n<p style=\"text-align:center\">\n<p style=\"text-align:left\" align=\"center\"><span style=\"font-size:18px\"><strong><span style=\"font-family:'Comic Sans MS';color:#ff9900\">Nuestra promesa SUNSUN:<\/span><\/strong> <\/span><\/p>\n<p style=\"text-align:left\" align=\"center\"><span style=\"font-size:18px;font-family:'Comic Sans MS';color:green\">1. Todos los productos son productos originales SUNSUN<\/span><\/p>\n<p style=\"text-align:left\" align=\"center\"><span style=\"font-size:18px;font-family:'Comic Sans MS';color:green\">2. Garant\u00eda: un a\u00f1o<\/span><\/p>\n<p style=\"text-align:left\" align=\"center\"><span style=\"font-size:18px;font-family:'Comic Sans MS';color:green\">3. Embalaje SUNSUN<\/span><\/p>\n<p style=\"text-align:left\" align=\"center\"><span style=\"font-size:18pt;font-family:'Comic Sans MS'\">&#8230;&#8230;&#8230;&#8230;&#8230;&#8230;&#8230;&#8230;&#8230;&#8230;&#8230;&#8230;&#8230;&#8230;&#8230;&#8230;&#8230;&#8230;&#8230;&#8230;&#8230;&#8230;&#8230;&#8230;&#8230;&#8230;..<\/span> <\/p>\n<p style=\"text-align:left\"><strong><span style=\"color:#00ffff\"><em><span style=\"font-size:18px;font-family:comic sans ms,sans-serif;background-color:#ffff00\"> Bomba utilitaria SUNSUN 1600L\/h 45W Mag-Drive <span style=\"font-size:24px\"> <\/span><\/span><\/em><\/span><\/strong><span style=\"font-size:24px\"><strong><\/strong> <\/span><\/p>\n<p style=\"text-align:left\"><strong><\/strong> <\/p>\n<p style=\"text-align:left\"><strong><span style=\"font-size:18px;color:#ff9900\">1. Descripci\u00f3n del producto<\/span><\/strong><\/p>\n<\/p>\n<p><span style=\"font-size:10.5pt;font-family:'Times New Roman';color:#000000\">1. Esta bomba combina bombeo, filtraci\u00f3n, aireaci\u00f3n y creaci\u00f3n de fuentes en uno.<\/span><\/p>\n<p><span style=\"font-size:10.5pt;font-family:'Times New Roman';color:#000000\">2. Se puede utilizar para muchas aplicaciones diferentes, como art\u00edculos art\u00edsticos, aire acondicionado y peceras.<\/span><\/p>\n<p><span style=\"font-size:10.5pt;font-family:'Times New Roman';color:#000000\">3. Se oculta f\u00e1cilmente y est\u00e1 fabricado con part\u00edculas de ABS de primera calidad.<\/span> <\/p>\n<\/p>\n<p><span style=\"font-family:arial,helvetica,sans-serif\"><strong><span style=\"font-size:18px;color:#ff9900;background-color:#ffffff\">2. Detalles de la bomba utilitaria Mag-Drive JP-066<\/span><\/strong><\/span><\/p>\n<p><span style=\"font-family:arial,helvetica,sans-serif\"><strong><span style=\"font-size:18px;color:#ff9900;background-color:#ffffff\"> <\/span><\/strong><\/span><\/p>\n<table class=\"aliDataTable\" style=\"height:129px;width:536px\">\n<tbody>\n<tr align=\"left\">\n<td style=\"text-align:center;width:52.5pt\" valign=\"top\">\n<p><strong><span style=\"font-size:10.5pt;font-family:times new roman, times\">Modelo<\/span><\/strong><\/p>\n<\/td>\n<td style=\"text-align:center;width:88.35pt\" valign=\"top\">\n<p><strong><span style=\"font-size:10.5pt;font-family:times new roman, times\">Voltaje<\/span><\/strong><\/p>\n<\/td>\n<td style=\"text-align:center;width:58.8pt\" valign=\"top\">\n<p><strong><span style=\"font-size:10.5pt;font-family:times new roman, times\">Frecuencia<\/span><\/strong><\/p>\n<\/td>\n<td style=\"text-align:center;width:53.25pt\" valign=\"top\">\n<p><strong><span style=\"font-size:10.5pt;font-family:times new roman, times\">Potencia<\/span><\/strong><\/p>\n<\/td>\n<td style=\"text-align:center;width:53.25pt\" valign=\"top\">\n<p><strong><span style=\"font-size:10.5pt;font-family:times new roman, times\">H-max<\/span><\/strong><\/p>\n<\/td>\n<td style=\"text-align:center;width:53.25pt\" valign=\"top\">\n<p><strong><span style=\"font-size:10.5pt;font-family:times new roman, times\">Salida<\/span><\/strong><\/p>\n<\/td>\n<td style=\"text-align:center;width:53.3pt\" valign=\"top\">\n<p><strong><span style=\"font-size:10.5pt;font-family:times new roman, times\">Peso<\/span><\/strong><\/p>\n<\/td>\n<td style=\"text-align:center;width:84.8pt\" valign=\"top\">\n<p><strong><span style=\"font-size:10.5pt;font-family:times new roman, times\">Dimensiones<\/span><\/strong><\/p>\n<\/td>\n<\/tr>\n<tr align=\"left\">\n<td style=\"text-align:center\" valign=\"top\">\n<p><span style=\"font-size:10pt;font-family:times new roman, times;color:#000000\">JP-063<\/span><\/p>\n<\/td>\n<td style=\"text-align:center\" valign=\"top\">\n<p><span style=\"font-size:10pt;font-family:times new roman, times\">110V\/220V\/240V<\/span><\/p>\n<\/td>\n<td style=\"text-align:center\" valign=\"top\">\n<p><span style=\"font-size:10pt;font-family:times new roman, times\">50Hz\/60Hz<\/span><\/p>\n<\/td>\n<td style=\"text-align:center\" valign=\"top\">\n<p><span style=\"font-size:10pt;font-family:times new roman, times\">10W<\/span><\/p>\n<\/td>\n<td style=\"text-align:center\" valign=\"top\">\n<p><span style=\"font-size:10pt;font-family:times new roman, times\">1,2 millones<\/span><\/p>\n<\/td>\n<td style=\"text-align:center\" valign=\"top\">\n<p><span style=\"font-size:10pt;font-family:times new roman, times\">600L\/h<\/span><\/p>\n<\/td>\n<td style=\"text-align:center\" valign=\"top\">\n<p><span style=\"font-size:10pt;font-family:times new roman, times\">0,4 KG<\/span><\/p>\n<\/td>\n<td style=\"text-align:center\" valign=\"top\">\n<p><span style=\"font-size:10pt;font-family:times new roman, times\">85*56*71mm<\/span><\/p>\n<\/td>\n<\/tr>\n<tr align=\"left\">\n<td style=\"text-align:center\" valign=\"top\">\n<p><span style=\"font-size:10pt;font-family:times new roman, times;color:#000000\">JP-064<\/span><\/p>\n<\/td>\n<td style=\"text-align:center\" valign=\"top\">\n<p><span style=\"font-size:10pt;font-family:times new roman, times\">110V\/220V\/240V<\/span><\/p>\n<\/td>\n<td style=\"text-align:center\" valign=\"top\">\n<p><span style=\"font-size:10pt;font-family:times new roman, times\">50Hz\/60Hz<\/span><\/p>\n<\/td>\n<td style=\"text-align:center\" valign=\"top\">\n<p><span style=\"font-size:10pt;font-family:times new roman, times\">17W<\/span><\/p>\n<\/td>\n<td style=\"text-align:center\" valign=\"top\">\n<p><span style=\"font-size:10pt;font-family:times new roman, times\">1,6 millones<\/span><\/p>\n<\/td>\n<td style=\"text-align:center\" valign=\"top\">\n<p><span style=\"font-size:10pt;font-family:times new roman, times\">800L\/h<\/span><\/p>\n<\/td>\n<td style=\"text-align:center\" valign=\"top\">\n<p><span style=\"font-size:10pt;font-family:times new roman, times\">0,45 KG<\/span><\/p>\n<\/td>\n<td style=\"text-align:center\" valign=\"top\">\n<p><span style=\"font-size:10pt;font-family:times new roman, times\">88*59*74mm<\/span><\/p>\n<\/td>\n<\/tr>\n<tr align=\"left\">\n<td style=\"text-align:center\" valign=\"top\">\n<p><span style=\"font-size:10pt;font-family:times new roman, times;color:#000000\">JP-065<\/span><\/p>\n<\/td>\n<td style=\"text-align:center\" valign=\"top\">\n<p><span style=\"font-size:10pt;font-family:times new roman, times\">110V\/220V\/240V<\/span><\/p>\n<\/td>\n<td style=\"text-align:center\" valign=\"top\">\n<p><span style=\"font-size:10pt;font-family:times new roman, times\">50Hz\/60Hz<\/span><\/p>\n<\/td>\n<td style=\"text-align:center\" valign=\"top\">\n<p><span style=\"font-size:10pt;font-family:times new roman, times\">22W<\/span><\/p>\n<\/td>\n<td style=\"text-align:center\" valign=\"top\">\n<p><span style=\"font-size:10pt;font-family:times new roman, times\">2,0 millones<\/span><\/p>\n<\/td>\n<td style=\"text-align:center\" valign=\"top\">\n<p><span style=\"font-size:10pt;font-family:times new roman, times\">1200L\/h<\/span><\/p>\n<\/td>\n<td style=\"text-align:center\" valign=\"top\">\n<p><span style=\"font-size:10pt;font-family:times new roman, times\">0,6 kg<\/span><\/p>\n<\/td>\n<td style=\"text-align:center\" valign=\"top\">\n<p><span style=\"font-size:10pt;font-family:times new roman, times\">100*64*83mm<\/span><\/p>\n<\/td>\n<\/tr>\n<tr align=\"left\">\n<td style=\"text-align:center\" valign=\"top\">\n<p><span style=\"color:#ff6600\"><strong><span style=\"font-size:10pt;font-family:times new roman, times\">JP-066<\/span><\/strong><\/span><\/p>\n<\/td>\n<td style=\"text-align:center\" valign=\"top\">\n<p><span style=\"font-size:10pt;font-family:times new roman, times\">110V\/220V\/240V<\/span><\/p>\n<\/td>\n<td style=\"text-align:center\" valign=\"top\">\n<p><span style=\"font-size:10pt;font-family:times new roman, times\">50Hz\/60Hz<\/span><\/p>\n<\/td>\n<td style=\"text-align:center\" valign=\"top\">\n<p><span style=\"font-size:10pt;font-family:times new roman, times\">45W<\/span><\/p>\n<\/td>\n<td style=\"text-align:center\" valign=\"top\">\n<p><span style=\"font-size:10pt;font-family:times new roman, times\">2,7 millones<\/span><\/p>\n<\/td>\n<td style=\"text-align:center\" valign=\"top\">\n<p><span style=\"font-size:10pt;font-family:times new roman, times\">1600L\/h<\/span><\/p>\n<\/td>\n<td style=\"text-align:center\" valign=\"top\">\n<p><span style=\"font-size:10pt;font-family:times new roman, times\">1.0KG<\/span><\/p>\n<\/td>\n<td style=\"text-align:center\" valign=\"top\">\n<p><span style=\"font-size:10pt;font-family:times new roman, times\">110*72*96mm<\/span><\/p>\n<\/td>\n<\/tr>\n<tr align=\"left\">\n<td style=\"text-align:center\" valign=\"top\">\n<p><span style=\"color:#000000\"><span style=\"font-size:10pt;font-family:times new roman, times\">JP-067<\/span><\/span><\/p>\n<\/td>\n<td style=\"text-align:center\" valign=\"top\">\n<p><span style=\"font-size:10pt;font-family:times new roman, times\">220V\/240V<\/span><\/p>\n<\/td>\n<td style=\"text-align:center\" valign=\"top\">\n<p><span style=\"font-size:10pt;font-family:times new roman, times\">50Hz\/60Hz<\/span><\/p>\n<\/td>\n<td style=\"text-align:center\" valign=\"top\">\n<p><span style=\"font-size:10pt;font-family:times new roman, times\">55W<\/span><\/p>\n<\/td>\n<td style=\"text-align:center\" valign=\"top\">\n<p><span style=\"font-size:10pt;font-family:times new roman, times\">3,0 millones<\/span><\/p>\n<\/td>\n<td style=\"text-align:center\" valign=\"top\">\n<p><span style=\"font-size:10pt;font-family:times new roman, times\">2300L\/h<\/span><\/p>\n<\/td>\n<td style=\"text-align:center\" valign=\"top\">\n<p><span style=\"font-size:10pt;font-family:times new roman, times\">1,4 KG<\/span><\/p>\n<\/td>\n<td style=\"text-align:center\" valign=\"top\">\n<p><span style=\"font-size:10pt;font-family:times new roman, times\">140*80*115mm<\/span><\/p>\n<\/td>\n<\/tr>\n<tr align=\"left\">\n<td style=\"text-align:center\" valign=\"top\">\n<p><span style=\"font-size:10pt;font-family:times new roman, times\">JP-068<\/span><\/p>\n<\/td>\n<td style=\"text-align:center\" valign=\"top\">\n<p><span style=\"font-size:10pt;font-family:times new roman, times\">220V\/240V<\/span><\/p>\n<\/td>\n<td style=\"text-align:center\" valign=\"top\">\n<p><span style=\"font-size:10pt;font-family:times new roman, times\">50Hz\/60Hz<\/span><\/p>\n<\/td>\n<td style=\"text-align:center\" valign=\"top\">\n<p><span style=\"font-size:10pt;font-family:times new roman, times\">75W<\/span><\/p>\n<\/td>\n<td style=\"text-align:center\" valign=\"top\">\n<p><span style=\"font-size:10pt;font-family:times new roman, times\">3,4 millones<\/span><\/p>\n<\/td>\n<td style=\"text-align:center\" valign=\"top\">\n<p><span style=\"font-size:10pt;font-family:times new roman, times\">3100L\/h<\/span><\/p>\n<\/td>\n<td style=\"text-align:center\" valign=\"top\">\n<p><span style=\"font-size:10pt;font-family:times new roman, times\">2,0 kg<\/span><\/p>\n<\/td>\n<td style=\"text-align:center\" valign=\"top\">\n<p><span style=\"font-size:10pt;font-family:times new roman, times\">158*96*125mm<\/span><\/p>\n<\/td>\n<\/tr>\n<\/tbody>\n<\/table>\n<p><img decoding=\"async\" alt=\"Bomba utilitaria SUNSUN 1600L\/h 45W Mag-Drive\" src=\"http:\/\/localhost\/media\/import\/detail\/799150309_128.jpg\"><\/p>\n<\/p>\n<p><span style=\"font-family:arial,helvetica,sans-serif;color:#ff9900;background-color:#ffffff\"><strong><span>3. Otras de nuestras bombas utilitarias SUNSUN Mag-Drive para su referencia <\/span><\/strong><\/span><\/p>\n<\/p>\n<p> <img decoding=\"async\" alt=\"Bomba utilitaria SUNSUN Mag-Drive 1600L\/h 45W\" src=\"http:\/\/localhost\/media\/import\/detail\/799061837_441.jpg\"><img decoding=\"async\" alt=\"Bomba utilitaria de accionamiento magn\u00e9tico SUNSUN 1600L\/h 45W\" src=\"http:\/\/localhost\/media\/import\/detail\/754849079_792.jpg\"><img decoding=\"async\" alt=\"Utilidad de accionamiento magn\u00e9tico SUNSUN 1600L\/h 45W Bomba\" src=\"http:\/\/localhost\/media\/import\/detail\/810986189_119.jpg\"><\/p>\n<\/p>\n<div style=\"clear:both\"><\/div>\n<p><strong><em><u><span style=\"color:#00ffff;font-family:'Comic Sans MS'\"><\/span><\/u><\/em><\/strong><\/p>\n","protected":false},"excerpt":{"rendered":"<p>Bomba utilitaria SUNSUN 1600L\/h 45W Mag-Drive JP-066<\/p>\n","protected":false},"featured_media":5544,"comment_status":"open","ping_status":"closed","template":"","meta":[],"product_brand":[],"product_cat":[1146],"product_tag":[],"class_list":{"0":"post-29417","1":"product","2":"type-product","3":"status-publish","4":"has-post-thumbnail","6":"product_cat-bombas-de-agua-y-cabezales-de-potencia","8":"first","9":"instock","10":"shipping-taxable","11":"purchasable","12":"product-type-simple"},"_links":{"self":[{"href":"https:\/\/www.myaquastore.com\/es\/wp-json\/wp\/v2\/product\/29417","targetHints":{"allow":["GET"]}}],"collection":[{"href":"https:\/\/www.myaquastore.com\/es\/wp-json\/wp\/v2\/product"}],"about":[{"href":"https:\/\/www.myaquastore.com\/es\/wp-json\/wp\/v2\/types\/product"}],"replies":[{"embeddable":true,"href":"https:\/\/www.myaquastore.com\/es\/wp-json\/wp\/v2\/comments?post=29417"}],"wp:featuredmedia":[{"embeddable":true,"href":"https:\/\/www.myaquastore.com\/es\/wp-json\/wp\/v2\/media\/5544"}],"wp:attachment":[{"href":"https:\/\/www.myaquastore.com\/es\/wp-json\/wp\/v2\/media?parent=29417"}],"wp:term":[{"taxonomy":"product_brand","embeddable":true,"href":"https:\/\/www.myaquastore.com\/es\/wp-json\/wp\/v2\/product_brand?post=29417"},{"taxonomy":"product_cat","embeddable":true,"href":"https:\/\/www.myaquastore.com\/es\/wp-json\/wp\/v2\/product_cat?post=29417"},{"taxonomy":"product_tag","embeddable":true,"href":"https:\/\/www.myaquastore.com\/es\/wp-json\/wp\/v2\/product_tag?post=29417"}],"curies":[{"name":"wp","href":"https:\/\/api.w.org\/{rel}","templated":true}]}}