{"id":29424,"date":"2016-09-25T23:28:31","date_gmt":"2016-09-25T23:28:31","guid":{"rendered":"https:\/\/www.myaquastore.com\/product\/bombas-sumergibles-multifuncion-para-acuario-2w-300l-h-sunsun-hj-411\/"},"modified":"2025-03-16T07:05:32","modified_gmt":"2025-03-16T07:05:32","slug":"bombas-sumergibles-multifuncion-para-acuario-2w-300l-h-sunsun-hj-411","status":"publish","type":"product","link":"https:\/\/www.myaquastore.com\/es\/producto\/bombas-sumergibles-multifuncion-para-acuario-2w-300l-h-sunsun-hj-411\/","title":{"rendered":"Bombas sumergibles multifunci\u00f3n para acuario 2W 300L\/h sunsun HJ-411"},"content":{"rendered":"<div style=\"clear:both\"><\/div>\n<p style=\"text-align:center\"><span style=\"font-size:24px;font-family:arial, helvetica, sans-serif\"><strong><span style=\"color:#000000\">Bombas sumergibles multifunci\u00f3n para acuario 2W 300L\/h sunsun<\/span><\/strong><\/span><\/p>\n<div id=\"ali-anchor-AliPostDhMb-vnwni\" style=\"padding-top:8px\" data-section-title=\"Descripci\u00f3n del producto\" data-section=\"AliPostDhMb-vnwni\">\n<div id=\"ali-title-AliPostDhMb-vnwni\" style=\"border-bottom:#ddd 1px solid;padding-bottom:8px;padding-top:8px;padding-left:0px;padding-right:0px\"><span style=\"font-weight:bold;color:#333;padding-bottom:8px;padding-top:8px;padding-left:10px;line-height:12px;padding-right:10px;background-color:#ddd\">Descripci\u00f3n del producto<\/span><\/div>\n<div style=\"padding-bottom:10px;padding-top:10px;padding-left:0px;padding-right:0px\">\n<\/div>\n<\/div>\n<p style=\"text-align:center\">\n<table class=\"aliDataTable\" style=\"height:300px;width:598px\" cellpadding=\"0\" border=\"1\">\n<tbody>\n<tr style=\"height:15.6pt\" align=\"izquierda\">\n<td valign=\"top\">\n<p><span style=\"font-size:16px;font-family:arial, helvetica, sans-serif\">1.Item<\/span><\/p>\n<\/td>\n<td style=\"width:197.05pt\" valign=\"top\">\n<p><span style=\"font-size:16px;font-family:arial, helvetica, sans-serif\">Bomba de agua para acuario multifunci\u00f3n SUNSUN<\/span><\/p>\n<\/td>\n<\/tr>\n<tr style=\"height:15.6pt\" align=\"izquierda\">\n<td valign=\"top\">\n<p><span style=\"font-size:16px;font-family:arial, helvetica, sans-serif\">2.Modelo<\/span><\/p>\n<\/td>\n<td style=\"width:197.05pt\" valign=\"top\">\n<p><span style=\"font-size:16px;font-family:arial, helvetica, sans-serif\">HJ-411<\/span><\/p>\n<\/td>\n<\/tr>\n<tr style=\"height:15.6pt\" align=\"izquierda\">\n<td valign=\"top\">\n<p><span style=\"font-size:16px;font-family:arial, helvetica, sans-serif\">3.Voltaje<\/span><\/p>\n<\/td>\n<td style=\"width:197.05pt\" valign=\"top\">\n<p><span style=\"font-size:16px;font-family:arial, helvetica, sans-serif\">110V\/220V\/240V<\/span><\/p>\n<\/td>\n<\/tr>\n<tr style=\"height:16.35pt\" align=\"left\">\n<td valign=\"top\">\n<p><span style=\"font-size:16px;font-family:arial, helvetica, sans-serif\">4.Frecuencia<\/span><\/p>\n<\/td>\n<td valign=\"top\">\n<p><span style=\"font-size:16px;font-family:arial, helvetica, sans-serif\">50Hz\/60Hz<\/span><\/p>\n<\/td>\n<\/tr>\n<tr style=\"height:15.6pt\" align=\"left\">\n<td valign=\"top\">\n<p><span style=\"font-size:16px;font-family:arial, helvetica, sans-serif\">5.Potencia<\/span><\/p>\n<\/td>\n<td valign=\"top\">\n<p><span style=\"font-size:16px;font-family:arial, helvetica, sans-serif\">2W<\/span><\/p>\n<\/td>\n<\/tr>\n<tr style=\"height:16.35pt\" align=\"left\">\n<td valign=\"top\">\n<p><span style=\"font-size:16px;font-family:arial, helvetica, sans-serif\">6.Salida<\/span><\/p>\n<\/td>\n<td valign=\"top\">\n<p><span style=\"font-size:16px;font-family:arial, helvetica, sans-serif\">300L\/h<\/span><\/p>\n<\/td>\n<\/tr>\n<tr style=\"height:15.6pt\" align=\"left\">\n<td valign=\"top\">\n<p><span style=\"font-size:16px;font-family:arial, helvetica, sans-serif\">7.Peso<\/span><\/p>\n<\/td>\n<td valign=\"top\">\n<p><span style=\"font-size:16px;font-family:arial, helvetica, sans-serif\">0,1Kg<\/span><\/p>\n<\/td>\n<\/tr>\n<tr style=\"height:16.35pt\" align=\"left\">\n<td valign=\"top\">\n<p><span style=\"font-size:16px;font-family:arial, helvetica, sans-serif\">8.Dimensiones<\/span><\/p>\n<\/td>\n<td valign=\"top\">\n<p><span style=\"font-size:16px;font-family:arial, helvetica, sans-serif\">50*44*36mm<\/span><\/p>\n<\/td>\n<\/tr>\n<tr style=\"height:16.35pt\" align=\"left\">\n<td valign=\"top\">\n<p><span style=\"font-size:16px;font-family:arial, helvetica, sans-serif\">9.H-max<\/span><\/p>\n<\/td>\n<td valign=\"top\">\n<p><span style=\"font-size:16px;font-family:arial, helvetica, sans-serif\">0,6 m<\/span><\/p>\n<\/td>\n<\/tr>\n<tr style=\"height:17.25pt\" align=\"left\">\n<td valign=\"top\">\n<p><span style=\"font-size:16px;font-family:arial, helvetica, sans-serif\">10.Brand<\/span><\/p>\n<\/td>\n<td valign=\"top\">\n<p><span style=\"font-size:16px;font-family:arial, helvetica, sans-serif\">SUNSUN<\/span><\/p>\n<\/td>\n<\/tr>\n<tr style=\"height:15pt\" align=\"left\">\n<td valign=\"top\">\n<p><span style=\"font-size:16px;font-family:arial, helvetica, sans-serif\">11.Calidad<\/span><\/p>\n<\/td>\n<td valign=\"top\">\n<p><span style=\"font-size:16px;font-family:arial, helvetica, sans-serif\">Mejor calidad; <br \/><\/span><\/p>\n<p align=\"left\"><span style=\"font-size:16px;font-family:arial, helvetica, sans-serif\">El mayor proveedor de equipos acu\u00e1ticos de China<\/span><\/p>\n<\/td>\n<\/tr>\n<tr style=\"height:4.6pt\" align=\"left\">\n<td valign=\"top\">\n<p><span style=\"font-size:16px;font-family:arial, helvetica, sans-serif\">12.Punto de venta <\/span><\/p>\n<\/td>\n<td valign=\"top\">\n<p><span style=\"font-size:16px;font-family:arial, helvetica, sans-serif\">China conocida marca registrada; seguro y confiable <\/span><\/p>\n<\/td>\n<\/tr>\n<\/tbody>\n<\/table>\n<p> <img loading=\"lazy\" decoding=\"async\" alt=\"Bombas sumergibles multifunci\u00f3n para acuarios 2W 300L\/h sunsun\" src=\"http:\/\/localhost\/media\/import\/detail\/532797896_990.jpg\" width=\"596\" height=\"363\"><\/p>\n<p style=\"text-align:center\"><span style=\"font-size:18px;color:#000000;text-decoration:underline;background-color:#ffff00\"><span style=\"font-family:'Verdana';text-decoration:underline\">Dise\u00f1ado para <\/span><span style=\"font-family:'Verdana';text-decoration:underline\">sumergido<\/span><span style=\"font-family:'Verdana';text-decoration:underline\"> usar solo<\/span><\/span><\/p>\n<p style=\"text-align:center\"><span style=\"font-size:18px;color:#000000;background-color:#ffff00\"> <\/span><\/p>\n<p style=\"text-align:center\"><span style=\"font-size:18px;background-color:#ffff00\"><strong><em><span style=\"font-family:arial, helvetica, sans-serif\">El motor de la bomba es muy eficiente, ahorra energ\u00eda y produce poco ruido, <span style=\"font-family:Arial\">C\u00f3modo de usar<\/span> <\/span><\/em><\/strong><\/span><\/p>\n<\/p>\n<p><span style=\"font-size:18px;color:#000000;background-color:#ffff00\">Caracter\u00edsticas de la bomba de filtro sumergible multifunci\u00f3n para acuario:<\/span><\/p>\n<\/p>\n<p><span style=\"font-size:16px\">1.Utiliza un eje resistente al desgaste de alta resistencia n\u00facleo, tiene un ahorro de energ\u00eda altamente eficiente y una larga vida \u00fatil<\/span><\/p>\n<p><span style=\"font-size:16px\">2. Tiene buena resistencia al agua, alta rigidez diel\u00e9ctrica, es seguro y confiable<\/span><\/p>\n<p><span style=\"font-size:16px\">3. Est\u00e1 dise\u00f1ado con un impulsor centr\u00edfugo, tiene alto flujo y alta presi\u00f3n<\/span><\/p>\n<p><span style=\"font-size:16px\">4. Tiene varias funciones como bombeo, filtro y ox\u00edgeno<\/span><\/p>\n<p><span style=\"font-size:16px\">5. Se aplica a <span style=\"color:#ff0000\">acuarios, rocallas, estanques <\/span>dispositivos de circulaci\u00f3n de agua a juego.<\/span><\/p>\n<\/p>\n<p><span style=\"font-size:18px;font-family:arial, helvetica, sans-serif;color:#000000;background-color:#ffff00\"> Otros Bomba de agua multifunci\u00f3n para acuarios para su referencia <\/span><\/p>\n<p><img loading=\"lazy\" decoding=\"async\" alt=\"Bombas sumergibles multifunci\u00f3n para acuarios 2W 300L\/h sunsun\" src=\"http:\/\/localhost\/media\/import\/detail\/532840539_067.jpg\" width=\"694\" height=\"258\"><\/p>\n<p><img decoding=\"async\" alt=\"Bombas sumergibles multifunci\u00f3n para acuario 2W 300L\/h sunsun\" src=\"http:\/\/localhost\/media\/import\/detail\/532839344_192.jpg\"><\/p>\n<p><img decoding=\"async\" alt=\"Bombas sumergibles multifunci\u00f3n para acuario 2W 300L\/h sunsun\" src=\"http:\/\/localhost\/media\/import\/detail\/532811141_561.jpg\"><\/p>\n<p><img decoding=\"async\" alt=\"Bombas sumergibles multifunci\u00f3n para acuario 2W 300L\/h sunsun\" src=\"http:\/\/localhost\/media\/import\/detail\/532796249_092.jpg\"><img decoding=\"async\" alt=\"Bomba sumergible multifunci\u00f3n para acuario 2W 300L\/h sunsun\" src=\"http:\/\/localhost\/media\/import\/detail\/532796250_550.jpg\"><img decoding=\"async\" alt=\"Bomba sumergible multifunci\u00f3n para acuario 2W 300L\/h sunsun\" src=\"http:\/\/localhost\/media\/import\/detail\/532796252_154.jpg\"><img decoding=\"async\" alt=\"2W 300L\/h Bombas sumergibles multifunci\u00f3n para acuario sunsun\" src=\"http:\/\/localhost\/media\/import\/detail\/532796254_281.jpg\"><\/p>\n<\/p>\n<p style=\"text-align:center\">\n<div id=\"ali-anchor-AliPostDhMb-cljcr\" data-section-title=\"Informaci\u00f3n de la empresa\" data-section=\"AliPostDhMb-cljcr\">\n<p style=\"text-align:center\"><span style=\"font-size:24pt;color:#ff0000;font-style:italic\"><\/span><\/p>\n<div style=\"clear:both\"><\/div>\n<\/div>\n","protected":false},"excerpt":{"rendered":"<p>Bombas sumergibles multifunci\u00f3n para acuario 2W 300L\/h sunsun HJ-411<\/p>\n","protected":false},"featured_media":5558,"comment_status":"open","ping_status":"closed","template":"","meta":[],"product_brand":[],"product_cat":[1146],"product_tag":[],"class_list":{"0":"post-29424","1":"product","2":"type-product","3":"status-publish","4":"has-post-thumbnail","6":"product_cat-bombas-de-agua-y-cabezales-de-potencia","8":"first","9":"instock","10":"shipping-taxable","11":"purchasable","12":"product-type-simple"},"_links":{"self":[{"href":"https:\/\/www.myaquastore.com\/es\/wp-json\/wp\/v2\/product\/29424","targetHints":{"allow":["GET"]}}],"collection":[{"href":"https:\/\/www.myaquastore.com\/es\/wp-json\/wp\/v2\/product"}],"about":[{"href":"https:\/\/www.myaquastore.com\/es\/wp-json\/wp\/v2\/types\/product"}],"replies":[{"embeddable":true,"href":"https:\/\/www.myaquastore.com\/es\/wp-json\/wp\/v2\/comments?post=29424"}],"wp:featuredmedia":[{"embeddable":true,"href":"https:\/\/www.myaquastore.com\/es\/wp-json\/wp\/v2\/media\/5558"}],"wp:attachment":[{"href":"https:\/\/www.myaquastore.com\/es\/wp-json\/wp\/v2\/media?parent=29424"}],"wp:term":[{"taxonomy":"product_brand","embeddable":true,"href":"https:\/\/www.myaquastore.com\/es\/wp-json\/wp\/v2\/product_brand?post=29424"},{"taxonomy":"product_cat","embeddable":true,"href":"https:\/\/www.myaquastore.com\/es\/wp-json\/wp\/v2\/product_cat?post=29424"},{"taxonomy":"product_tag","embeddable":true,"href":"https:\/\/www.myaquastore.com\/es\/wp-json\/wp\/v2\/product_tag?post=29424"}],"curies":[{"name":"wp","href":"https:\/\/api.w.org\/{rel}","templated":true}]}}