{"id":29427,"date":"2016-09-25T23:28:31","date_gmt":"2016-09-25T23:28:31","guid":{"rendered":"https:\/\/www.myaquastore.com\/product\/bomba-de-acuario-sumergible-de-ahorro-de-energia-sunsun-1000l-h-hj-1101\/"},"modified":"2025-03-16T07:05:33","modified_gmt":"2025-03-16T07:05:33","slug":"bomba-de-acuario-sumergible-de-ahorro-de-energia-sunsun-1000l-h-hj-1101","status":"publish","type":"product","link":"https:\/\/www.myaquastore.com\/es\/producto\/bomba-de-acuario-sumergible-de-ahorro-de-energia-sunsun-1000l-h-hj-1101\/","title":{"rendered":"Bomba de acuario sumergible de ahorro de energ\u00eda SUNSUN 1000L\/h HJ-1101"},"content":{"rendered":"<div style=\"clear:both\"><\/div>\n<p><span style=\"font-size:24px;color:#ff0000\"><span style=\"color:#003366\"><strong><span style=\"font-size:16px\">SUNSUN Bomba sumergible para acuario de ahorro de energ\u00eda 1000L\/h HJ-1101<\/span><\/strong><\/span> <\/span><\/p>\n<table class=\"aliDataTable\" style=\"height:300px;width:598px\" cellpadding=\"0\" border=\"1\">\n<tbody>\n<tr style=\"height:15.6pt\" align=\"izquierda\">\n<td valign=\"top\">\n<p><span style=\"font-size:12px\">1.Item<\/span><\/p>\n<\/td>\n<td style=\"width:197.05pt\" valign=\"top\">\n<p>Bombas sumergibles para acuarios<\/p>\n<\/td>\n<\/tr>\n<tr style=\"height:15.6pt\" align=\"izquierda\">\n<td valign=\"top\">\n<p><span style=\"font-size:12px\">2.Model<\/span><\/p>\n<\/td>\n<td style=\"width:197.05pt\" valign=\"top\">\n<p><span style=\"font-size:12px\">HJ-1101<\/span><\/p>\n<\/td>\n<\/tr>\n<tr style=\"height:15.6pt\" align=\"izquierda\">\n<td valign=\"top\">\n<p><span style=\"font-size:12px\">3.Voltaje<\/span><\/p>\n<\/td>\n<td style=\"width:197.05pt\" valign=\"top\">\n<p><span style=\"font-size:12px\">110V\/220V\/240V<\/span><\/p>\n<\/td>\n<\/tr>\n<tr style=\"height:16.35pt\" align=\"left\">\n<td valign=\"top\">\n<p><span style=\"font-size:12px\">4.Frecuencia<\/span><\/p>\n<\/td>\n<td valign=\"top\">\n<p><span style=\"font-size:12px\">50Hz\/60Hz<\/span><\/p>\n<\/td>\n<\/tr>\n<tr style=\"height:15.6pt\" align=\"left\">\n<td valign=\"top\">\n<p><span style=\"font-size:12px\">5.Potencia<\/span><\/p>\n<\/td>\n<td valign=\"top\">\n<p><span style=\"font-size:12px\">18W<\/span><\/p>\n<\/td>\n<\/tr>\n<tr style=\"height:16.35pt\" align=\"left\">\n<td valign=\"top\">\n<p><span style=\"font-size:12px\">6.Salida<\/span><\/p>\n<\/td>\n<td valign=\"top\">\n<p><span style=\"font-size:12px\">1000L\/h<\/span><\/p>\n<\/td>\n<\/tr>\n<tr style=\"height:15.6pt\" align=\"left\">\n<td valign=\"top\">\n<p><span style=\"font-size:12px\">7.Peso<\/span><\/p>\n<\/td>\n<td valign=\"top\">\n<p><span style=\"font-size:12px\">0,8 kg<\/span><\/p>\n<\/td>\n<\/tr>\n<tr style=\"height:16.35pt\" align=\"left\">\n<td valign=\"top\">\n<p><span style=\"font-size:12px\">8.Dimensiones<\/span><\/p>\n<\/td>\n<td valign=\"top\">\n<p><span style=\"font-size:12px\">88*88*85mm<\/span><\/p>\n<\/td>\n<\/tr>\n<tr style=\"height:16.35pt\" align=\"left\">\n<td valign=\"top\">\n<p><span style=\"font-size:12px\">9.H-max<\/span><\/p>\n<\/td>\n<td valign=\"top\">\n<p><span style=\"font-size:12px\">1,5 m<\/span><\/p>\n<\/td>\n<\/tr>\n<tr style=\"height:17.25pt\" align=\"left\">\n<td valign=\"top\">\n<p><span style=\"font-size:12px\">10.Brand<\/span><\/p>\n<\/td>\n<td valign=\"top\">\n<p><span style=\"font-size:12px\">SUNSUN<\/span><\/p>\n<\/td>\n<\/tr>\n<tr style=\"height:15pt\" align=\"left\">\n<td valign=\"top\">\n<p><span style=\"font-size:12px\">11.Calidad<\/span><\/p>\n<\/td>\n<td valign=\"top\">\n<p><span style=\"font-size:12px\">Mejor calidad; <br \/><\/span><\/p>\n<p align=\"left\"><span style=\"font-size:12px\">El mayor proveedor de equipos acu\u00e1ticos de China<\/span><\/p>\n<\/td>\n<\/tr>\n<tr style=\"height:4.6pt\" align=\"left\">\n<td valign=\"top\">\n<p><span style=\"font-size:12px\">12.Punto de venta <\/span><\/p>\n<\/td>\n<td valign=\"top\">\n<p><span style=\"font-size:12px\">Marca reconocida en China; segura y confiable <\/span><\/p>\n<\/td>\n<\/tr>\n<\/tbody>\n<\/table>\n<p> <img loading=\"lazy\" decoding=\"async\" alt=\"SUNSUN Bomba sumergible para acuario de ahorro de energ\u00eda 1000L\/h HJ-1101\" src=\"http:\/\/localhost\/media\/import\/detail\/532797896_990.jpg\" width=\"596\" height=\"363\"><\/p>\n<p><span style=\"font-size:14px;font-family:arial,helvetica,sans-serif;color:#000000;text-decoration:underline\"><span style=\"text-decoration:underline\">Dise\u00f1ado para <\/span><span style=\"text-decoration:underline\">sumergido<\/span><span style=\"text-decoration:underline\"> usar solo<\/span><\/span><\/p>\n<\/p>\n<p><span style=\"font-size:14px\"><span style=\"font-family:arial, helvetica, sans-serif\">El motor de la bomba es de alta eficiencia, ahorra energ\u00eda y emite poco ruido.<span style=\"font-family:Arial\">c\u00f3modo de usar<\/span> <\/span><\/span><\/p>\n<p><img decoding=\"async\" alt=\"SUNSUN Bomba sumergible para acuario de ahorro de energ\u00eda 1000L\/h HJ-1101\" src=\"http:\/\/localhost\/media\/import\/detail\/798618819_564.jpg\"><\/p>\n<\/p>\n<p><span style=\"color:#003366\"><strong><span style=\"font-size:14px;background-color:#c0c0c0\">Caracter\u00edsticas <\/span><\/strong><\/span><\/p>\n<p><span style=\"font-size:12px\">1.Utiliza un eje resistente al desgaste de alta resistencia n\u00facleo, tiene un ahorro de energ\u00eda altamente eficiente y una larga vida \u00fatil<\/span><\/p>\n<p><span style=\"font-size:12px\">2. Tiene buena resistencia al agua, alta rigidez diel\u00e9ctrica, es seguro y confiable<\/span><\/p>\n<p><span style=\"font-size:12px\">3. Est\u00e1 dise\u00f1ado con un impulsor centr\u00edfugo, tiene alto flujo y alta presi\u00f3n<\/span><\/p>\n<p><span style=\"font-size:12px\">4. Tiene varias funciones como bombeo, filtro y ox\u00edgeno<\/span><\/p>\n<p><span style=\"font-size:12px\">5. Se aplica a <span style=\"color:#ff0000\">acuarios, rocallas, estanques <\/span>dispositivos de circulaci\u00f3n de agua a juego.<\/span> <\/p>\n<\/p>\n<p><span style=\"font-size:14px;color:#003366\"><strong><span style=\"background-color:#c0c0c0\">Par\u00e1metros de las bombas de agua de acuario multifunci\u00f3n <\/span><\/strong><\/span><\/p>\n<table class=\"aliDataTable ke-zeroborder\" style=\"width:666px\" cellpadding=\"0\" border=\"0\">\n<tbody>\n<tr align=\"left\">\n<td width=\"69\">MODELO<\/td>\n<td width=\"126\">TENSI\u00d3N<\/td>\n<td width=\"92\">FRECUENCIA<\/td>\n<td width=\"66\">POTENCIA<\/td>\n<td width=\"60\">H-MAX<\/td>\n<td>SALIDA<\/td>\n<td width=\"65\">PESO<\/td>\n<td width=\"107\">DIMENSIONES<\/td>\n<\/tr>\n<tr align=\"left\">\n<td><span style=\"color:#000000\">HJ-501<\/span><\/td>\n<td><span style=\"color:#000000\">110V\/220V\/240V<\/span><\/td>\n<td><span style=\"color:#000000\">50Hz\/60Hz<\/span><\/td>\n<td><span style=\"color:#000000\">5W<\/span><\/td>\n<td><span style=\"color:#000000\">0,6m<\/span><\/td>\n<td><span style=\"color:#000000\">250L\/h<\/span><\/td>\n<td><span style=\"color:#000000\">0,21kg<\/span><\/td>\n<td><span style=\"color:#000000\">54x65x58mm<\/span><\/td>\n<\/tr>\n<tr align=\"left\">\n<td><span style=\"color:#000000\">HJ-701<\/span><\/td>\n<td><span style=\"color:#000000\">110V\/220V\/240V<\/span><\/td>\n<td><span style=\"color:#000000\">50Hz\/60Hz<\/span><\/td>\n<td><span style=\"color:#000000\">8W<\/span><\/td>\n<td><span style=\"color:#000000\">0,9m<\/span><\/td>\n<td><span style=\"color:#000000\">500L\/h<\/span><\/td>\n<td><span style=\"color:#000000\">0,4kg<\/span><\/td>\n<td><span>70x71x70mm<\/span><\/td>\n<\/tr>\n<tr align=\"left\">\n<td>HJ-901<\/td>\n<td>110V\/220V\/240V<\/td>\n<td>50Hz\/60Hz<\/td>\n<td>12 An<\/td>\n<td>1,2m<\/td>\n<td>800L\/h<\/td>\n<td>0,5kg<\/td>\n<td>80x79x75mm<\/td>\n<\/tr>\n<tr align=\"left\">\n<td><span style=\"color:#ff0000\">HJ-1101<\/span><\/td>\n<td><span style=\"color:#ff0000\">110V\/220V\/240V<\/span><\/td>\n<td><span style=\"color:#ff0000\">50Hz\/60Hz<\/span><\/td>\n<td><span style=\"color:#ff0000\">18W<\/span><\/td>\n<td><span style=\"color:#ff0000\">1,5m<\/span><\/td>\n<td><span style=\"color:#ff0000\">1000L\/h<\/span><\/td>\n<td><span style=\"color:#ff0000\">0,8kg<\/span><\/td>\n<td><span style=\"color:#ff0000\">88x88x85mm<\/span><\/td>\n<\/tr>\n<tr align=\"left\">\n<td>HJ-1501<\/td>\n<td>110V\/220V\/240V<\/td>\n<td>50Hz\/60Hz<\/td>\n<td>35W <\/td>\n<td>2,4m<\/td>\n<td>1350L\/h<\/td>\n<td>1,4kg<\/td>\n<td>105x126x110mm<\/td>\n<\/tr>\n<tr align=\"left\">\n<td>HJ-3701<\/td>\n<td>110V\/220V\/240V<\/td>\n<td>50Hz\/60Hz<\/td>\n<td>100W <\/td>\n<td>4,0m<\/td>\n<td>2500L\/h<\/td>\n<td>2,7kg<\/td>\n<td>141x139x137mm<\/td>\n<\/tr>\n<tr align=\"left\">\n<td>HJ-901B<\/td>\n<td>110V\/220V\/240V<\/td>\n<td>50Hz\/60Hz<\/td>\n<td>15 Ancho<\/td>\n<td>1,3m<\/td>\n<td>1000L\/h<\/td>\n<td>0,4kg<\/td>\n<td>96x73x108mm<\/td>\n<\/tr>\n<tr align=\"left\">\n<td>HJ-901C<\/td>\n<td>110V\/220V\/240V<\/td>\n<td>50Hz\/60Hz<\/td>\n<td>15W<\/td>\n<p>1,3m<\/td>\n<td>1000L\/h<\/td>\n<td>0,4kg<\/td>\n<td>96x73x108mm<\/td>\n<\/tr>\n<\/tbody>\n<\/table>\n<div style=\"clear:both\"><\/div>\n<p><span style=\"background-color:#c0c0c0;color:#003366\"><strong><\/strong><\/span><\/p>\n","protected":false},"excerpt":{"rendered":"<p>Bomba de acuario sumergible de ahorro de energ\u00eda SUNSUN 1000L\/h HJ-1101<\/p>\n","protected":false},"featured_media":5564,"comment_status":"open","ping_status":"closed","template":"","meta":[],"product_brand":[],"product_cat":[1146],"product_tag":[],"class_list":{"0":"post-29427","1":"product","2":"type-product","3":"status-publish","4":"has-post-thumbnail","6":"product_cat-bombas-de-agua-y-cabezales-de-potencia","8":"first","9":"instock","10":"shipping-taxable","11":"purchasable","12":"product-type-simple"},"_links":{"self":[{"href":"https:\/\/www.myaquastore.com\/es\/wp-json\/wp\/v2\/product\/29427","targetHints":{"allow":["GET"]}}],"collection":[{"href":"https:\/\/www.myaquastore.com\/es\/wp-json\/wp\/v2\/product"}],"about":[{"href":"https:\/\/www.myaquastore.com\/es\/wp-json\/wp\/v2\/types\/product"}],"replies":[{"embeddable":true,"href":"https:\/\/www.myaquastore.com\/es\/wp-json\/wp\/v2\/comments?post=29427"}],"wp:featuredmedia":[{"embeddable":true,"href":"https:\/\/www.myaquastore.com\/es\/wp-json\/wp\/v2\/media\/5564"}],"wp:attachment":[{"href":"https:\/\/www.myaquastore.com\/es\/wp-json\/wp\/v2\/media?parent=29427"}],"wp:term":[{"taxonomy":"product_brand","embeddable":true,"href":"https:\/\/www.myaquastore.com\/es\/wp-json\/wp\/v2\/product_brand?post=29427"},{"taxonomy":"product_cat","embeddable":true,"href":"https:\/\/www.myaquastore.com\/es\/wp-json\/wp\/v2\/product_cat?post=29427"},{"taxonomy":"product_tag","embeddable":true,"href":"https:\/\/www.myaquastore.com\/es\/wp-json\/wp\/v2\/product_tag?post=29427"}],"curies":[{"name":"wp","href":"https:\/\/api.w.org\/{rel}","templated":true}]}}