{"id":29454,"date":"2016-09-25T23:28:32","date_gmt":"2016-09-25T23:28:32","guid":{"rendered":"https:\/\/www.myaquastore.com\/product\/bomba-de-agua-de-acuario-super-silenciosa-10000l-h-jtp-10000r\/"},"modified":"2025-03-16T07:05:39","modified_gmt":"2025-03-16T07:05:39","slug":"bomba-de-agua-de-acuario-super-silenciosa-10000l-h-jtp-10000r","status":"publish","type":"product","link":"https:\/\/www.myaquastore.com\/es\/producto\/bomba-de-agua-de-acuario-super-silenciosa-10000l-h-jtp-10000r\/","title":{"rendered":"Bomba de agua de acuario s\u00faper silenciosa 10000L\/h JTP-10000R"},"content":{"rendered":"<div style=\"clear:both\"><\/div>\n<p style=\"text-align:center\"><span style=\"font-size:24px;font-family:tahoma,arial,helvetica,sans-serif;color:#ff6600\"><em><strong> <span style=\"color:#000080\">Bomba de agua para acuario s\u00faper silenciosa de 10000L\/h<\/span> <span style=\"color:#000080\"> <\/span><\/strong><\/em><\/span><\/p>\n<p style=\"text-align:center\">\n<div id=\"ali-anchor-AliPostDhMb-rdpzy\" style=\"padding-top:8px\" data-section-title=\"Descripci\u00f3n del producto\" data-section=\"AliPostDhMb-rdpzy\">\n<div id=\"ali-title-AliPostDhMb-rdpzy\" style=\"border-bottom:#ddd 1px solid;padding-bottom:8px;padding-top:8px;padding-left:0px;padding-right:0px\"><span style=\"font-weight:bold;color:#333;padding-bottom:8px;padding-top:8px;padding-left:10px;line-height:12px;padding-right:10px;background-color:#ddd\">Descripci\u00f3n del producto<\/span><\/div>\n<div style=\"padding-bottom:10px;padding-top:10px;padding-left:0px;padding-right:0px\">\n<\/div>\n<\/div>\n<p style=\"text-align:center\"><span style=\"font-size:14px;font-family:tahoma,arial,helvetica,sans-serif;color:#ff6600\"><em><strong>Especificaciones<\/strong><\/em><\/span><\/p>\n<p style=\"text-align:center\"><span style=\"font-size:14px;font-family:tahoma,arial,helvetica,sans-serif;color:#ff6600\"><em><strong>1. Dise\u00f1o novedoso y generoso, utiliza tecnolog\u00eda de frecuencia variable; peque\u00f1a potencia, gran flujo, gran altura, s\u00faper silencioso y se puede usar en el mar o en tierra.<\/strong><\/em><\/span><\/p>\n<p style=\"text-align:center\">\n<p style=\"text-align:center\"><span style=\"font-size:14px;font-family:tahoma,arial,helvetica,sans-serif;color:#ff6600\"><em><strong>2. Utilice eje de cer\u00e1mica, resistencia al desgaste, no se oxida, larga vida \u00fatil, adecuado tanto para agua dulce como de mar, no contiene elementos de cobre.<\/strong><\/em><\/span><\/p>\n<p style=\"text-align:center\">\n<p style=\"text-align:center\"><span style=\"font-size:14px;font-family:tahoma,arial,helvetica,sans-serif;color:#ff6600\"><em><strong>3. Este producto realiza una demolici\u00f3n con herramientas gratuitas y es f\u00e1cil de limpiar.<\/strong><\/em><\/span><\/p>\n<p style=\"text-align:center\">\n<p style=\"text-align:center\"><span style=\"font-size:14px;font-family:tahoma,arial,helvetica,sans-serif;color:#ff6600\"><em><strong>4.La salida realiza varias etapas, adecuada para una variedad de tuber\u00edas. conexi\u00f3n de di\u00e1metro.<\/strong><\/em><\/span><\/p>\n<p style=\"text-align:center\">\n<p style=\"text-align:center\"><span style=\"font-size:14px;font-family:tahoma,arial,helvetica,sans-serif;color:#ff6600\"><em><strong>5. La funci\u00f3n de protecci\u00f3n del rotor bloqueado (corta inmediatamente la energ\u00eda despu\u00e9s de que la hoja de agua se bloqueado)<\/strong><\/em><\/span><\/p>\n<p style=\"text-align:center\">\n<p style=\"text-align:center\"><span style=\"color:#000080\"><em><span style=\"font-size:14px\"><strong>\u00a1Hay tantos tipos aqu\u00ed para que elijas el correcto!<\/strong><\/span><\/em><\/span><\/p>\n<p style=\"text-align:center\">\n<table class=\"aliDataTable\" style=\"height:403px;margin-left:auto;width:652px;margin-right:auto\">\n<tbody>\n<tr align=\"left\">\n<td style=\"width:53.25pt\" valign=\"top\">\n<p><span style=\"font-size:10.5pt\">Modelo<\/span><\/p>\n<\/td>\n<td style=\"width:53.25pt\" valign=\"top\">\n<p><span style=\"font-size:10.5pt\">Voltaje<\/span><\/p>\n<\/td>\n<td style=\"width:53.25pt\" valign=\"top\">\n<p><span style=\"font-size:10.5pt\">Frecuencia<\/span><\/p>\n<\/td>\n<td style=\"width:53.25pt\" valign=\"top\">\n<p><span style=\"font-size:10.5pt\">Potencia<\/span><\/p>\n<\/td>\n<td style=\"width:53.25pt\" valign=\"top\">\n<p><span style=\"font-size:10.5pt\">H-max<\/span><\/p>\n<\/td>\n<td style=\"width:53.25pt\" valign=\"top\">\n<p><span style=\"font-size:10.5pt\">Salida<\/span><\/p>\n<\/td>\n<td style=\"width:53.3pt\" valign=\"top\">\n<p><span style=\"font-size:10.5pt\">Altura de entrada<\/span><\/p>\n<\/td>\n<td style=\"width:53.3pt\" valign=\"top\">\n<p><span style=\"font-size:10.5pt\">Dimensiones<\/span><\/p>\n<\/td>\n<\/tr>\n<tr align=\"left\">\n<td valign=\"top\">\n<p><span style=\"font-size:10.5pt\">JTP-4000R<\/span><\/p>\n<\/td>\n<td valign=\"top\">\n<p><span style=\"font-size:10.5pt\">110V\/220V\/240V<\/span><\/p>\n<\/td>\n<td valign=\"top\">\n<p><span style=\"font-size:9pt;font-family:'Verdana';background:#ffffff;color:#000000\">50Hz\/60Hz<\/span><\/p>\n<\/td>\n<td valign=\"top\">\n<p><span style=\"font-size:10.5pt\">25W<\/span><\/p>\n<\/td>\n<td valign=\"top\">\n<p><span style=\"font-size:10.5pt\">3,2m<\/span><\/p>\n<\/td>\n<td valign=\"top\">\n<p><span style=\"font-size:10.5pt\">4000L\/h<\/span><\/p>\n<\/td>\n<td valign=\"top\">\n<p><span style=\"font-size:10.5pt\">65mm<\/span><\/p>\n<\/td>\n<td valign=\"top\">\n<p><span style=\"font-size:10.5pt\">252*123*137mm<\/span><\/p>\n<\/td>\n<\/tr>\n<tr align=\"left\">\n<td valign=\"top\">\n<p><span style=\"font-size:10.5pt\">JTP-5000R<\/span><\/p>\n<\/td>\n<td valign=\"top\">\n<p><span style=\"font-size:10.5pt\">110V\/220V\/240V<\/span><\/p>\n<\/td>\n<td valign=\"top\">\n<p><span style=\"font-size:9pt;font-family:'Verdana';background:#ffffff;color:#000000\">50Hz\/60Hz<\/span><\/p>\n<\/td>\n<td valign=\"top\">\n<p><span style=\"font-size:10.5pt\">30W<\/span><\/p>\n<\/td>\n<td valign=\"top\">\n<p><span style=\"font-size:10.5pt\">3,6m<\/span><\/p>\n<\/td>\n<td valign=\"top\">\n<p><span style=\"font-size:10.5pt\">5000L\/h<\/span><\/p>\n<\/td>\n<td valign=\"top\">\n<p><span style=\"font-size:10.5pt\">65mm<\/span><\/p>\n<\/td>\n<td valign=\"top\">\n<p><span style=\"font-size:10.5pt\">252*123*137mm<\/span><\/p>\n<\/td>\n<\/tr>\n<tr align=\"left\">\n<td valign=\"top\">\n<p><span style=\"font-size:10.5pt\">JTP-6000R<\/span><\/p>\n<\/td>\n<td valign=\"top\">\n<p><span style=\"font-size:10.5pt\">110V\/220V\/240V<\/span><\/p>\n<\/td>\n<td valign=\"top\">\n<p><span style=\"font-size:9pt;font-family:'Verdana';background:#ffffff;color:#000000\">50Hz\/60Hz<\/span><\/p>\n<\/td>\n<td valign=\"top\">\n<p><span style=\"font-size:10.5pt\">40W<\/span><\/p>\n<\/td>\n<td valign=\"top\">\n<p><span style=\"font-size:10.5pt\">4,0m<\/span><\/p>\n<\/td>\n<td valign=\"top\">\n<p><span style=\"font-size:10.5pt\">6000L\/h<\/span><\/p>\n<\/td>\n<td valign=\"top\">\n<p><span style=\"font-size:10.5pt\">65mm<\/span><\/p>\n<\/td>\n<td valign=\"top\">\n<p><span style=\"font-size:10.5pt\">252*123*137mm<\/span><\/p>\n<\/td>\n<\/tr>\n<tr align=\"left\">\n<td valign=\"top\">\n<p><span style=\"font-size:10.5pt\">JTP-7000R<\/span><\/p>\n<\/td>\n<td valign=\"top\">\n<p><span style=\"font-size:10.5pt\">110V\/220V\/240V<\/span><\/p>\n<\/td>\n<td valign=\"top\">\n<p><span style=\"font-size:9pt;font-family:'Verdana';background:#ffffff;color:#000000\">50Hz\/60Hz<\/span><\/p>\n<\/td>\n<td valign=\"top\">\n<p><span style=\"font-size:10.5pt\">50W<\/span><\/p>\n<\/td>\n<td valign=\"top\">\n<p><span style=\"font-size:10.5pt\">4,4m<\/span><\/p>\n<\/td>\n<td valign=\"top\">\n<p><span style=\"font-size:10.5pt\">7000L\/h<\/span><\/p>\n<\/td>\n<td valign=\"top\">\n<p><span style=\"font-size:10.5pt\">65mm<\/span><\/p>\n<\/td>\n<td valign=\"top\">\n<p><span style=\"font-size:10.5pt\">252*123*137mm<\/span><\/p>\n<\/td>\n<\/tr>\n<tr align=\"left\">\n<td valign=\"top\">\n<p><span style=\"font-size:10.5pt\">JTP-8000R<\/span><\/p>\n<\/td>\n<td valign=\"top\">\n<p><span style=\"font-size:10.5pt\">110V\/220V\/240V<\/span><\/p>\n<\/td>\n<td valign=\"top\">\n<p><span style=\"font-size:9pt;font-family:'Verdana';background:#ffffff;color:#000000\">50Hz\/60Hz<\/span><\/p>\n<\/td>\n<td valign=\"top\">\n<p><span style=\"font-size:10.5pt\">60W<\/span><\/p>\n<\/td>\n<td valign=\"top\">\n<p><span style=\"font-size:10.5pt\">4,8m<\/span><\/p>\n<\/td>\n<td valign=\"top\">\n<p><span style=\"font-size:10.5pt\">8000L\/h<\/span><\/p>\n<\/td>\n<td valign=\"top\">\n<p><span style=\"font-size:10.5pt\">65mm<\/span><\/p>\n<\/td>\n<td valign=\"top\">\n<p><span style=\"font-size:10.5pt\">252*123*137mm<\/span><\/p>\n<\/td>\n<\/tr>\n<tr align=\"left\">\n<td valign=\"top\">\n<p><span style=\"font-size:10.5pt\">JTP-9000R<\/span><\/p>\n<\/td>\n<td valign=\"top\">\n<p><span style=\"font-size:10.5pt\">110V\/220V\/240V<\/span><\/p>\n<\/td>\n<td valign=\"top\">\n<p><span style=\"font-size:9pt;font-family:'Verdana';background:#ffffff;color:#000000\">50Hz\/60Hz<\/span><\/p>\n<\/td>\n<td valign=\"top\">\n<p><span style=\"font-size:10.5pt\">70W<\/span><\/p>\n<\/td>\n<td valign=\"top\">\n<p><span style=\"font-size:10.5pt\">5,2m<\/span><\/p>\n<\/td>\n<td valign=\"top\">\n<p><span style=\"font-size:10.5pt\">9000L\/h<\/span><\/p>\n<\/td>\n<td valign=\"top\">\n<p><span style=\"font-size:10.5pt\">65mm<\/span><\/p>\n<\/td>\n<td valign=\"top\">\n<p><span style=\"font-size:10.5pt\">252*123*137mm<\/span><\/p>\n<\/td>\n<\/tr>\n<tr align=\"left\">\n<td valign=\"top\">\n<p><span style=\"font-size:10.5pt\">JTP-10000R<\/span><\/p>\n<\/td>\n<td valign=\"top\">\n<p><span style=\"font-size:10.5pt\">110V\/220V\/240V<\/span><\/p>\n<\/td>\n<td valign=\"top\">\n<p><span style=\"font-size:9pt;font-family:'Verdana';background:#ffffff;color:#000000\">50Hz\/60Hz<\/span><\/p>\n<\/td>\n<td valign=\"top\">\n<p><span style=\"font-size:10.5pt\">85W<\/span><\/p>\n<\/td>\n<td valign=\"top\">\n<p><span style=\"font-size:10.5pt\">5,8m<\/span><\/p>\n<\/td>\n<td valign=\"top\">\n<p><span style=\"font-size:10.5pt\">10000L\/h<\/span><\/p>\n<\/td>\n<td valign=\"top\">\n<p><span style=\"font-size:10.5pt\">72mm<\/span><\/p>\n<\/td>\n<td valign=\"top\">\n<p><span style=\"font-size:10.5pt\">285*142*138mm<\/span><\/p>\n<\/td>\n<\/tr>\n<tr align=\"left\">\n<td valign=\"top\">\n<p><span style=\"font-size:10.5pt\">JTP-12000R<\/span><\/p>\n<\/td>\n<td valign=\"top\">\n<p><span style=\"font-size:10.5pt\">110V\/220V\/240V<\/span><\/p>\n<\/td>\n<td valign=\"top\">\n<p><span style=\"font-size:9pt;font-family:'Verdana';background:#ffffff;color:#000000\">50Hz\/60Hz<\/span><\/p>\n<\/td>\n<td valign=\"top\">\n<p><span style=\"font-size:10.5pt\">100W<\/span><\/p>\n<\/td>\n<td valign=\"top\">\n<p><span style=\"font-size:10.5pt\">6,2m<\/span><\/p>\n<\/td>\n<td valign=\"top\">\n<p><span style=\"font-size:10.5pt\">12000L\/h<\/span><\/p>\n<\/td>\n<td valign=\"top\">\n<p><span style=\"font-size:10.5pt\">72mm<\/span><\/p>\n<\/td>\n<td valign=\"top\">\n<p><span style=\"font-size:10.5pt\">285*142*138mm<\/span><\/p>\n<\/td>\n<\/tr>\n<tr align=\"left\">\n<td valign=\"top\">\n<p><span style=\"font-size:10.5pt\">JTP-15000R<\/span><\/p>\n<\/td>\n<td valign=\"top\">\n<p><span style=\"font-size:10.5pt\">110V\/220V\/240V<\/span><\/p>\n<\/td>\n<td valign=\"top\">\n<p><span style=\"font-size:9pt;font-family:'Verdana';background:#ffffff;color:#000000\">50Hz\/60Hz<\/span><\/p>\n<\/td>\n<td valign=\"top\">\n<p><span style=\"font-size:10.5pt\">120W<\/span><\/p>\n<\/td>\n<td valign=\"top\">\n<p><span style=\"font-size:10.5pt\">6,6m<\/span><\/p>\n<\/td>\n<td valign=\"top\">\n<p><span style=\"font-size:10.5pt\">15000L\/h<\/span><\/p>\n<\/td>\n<td valign=\"top\">\n<p><span style=\"font-size:10.5pt\">72mm<\/span><\/p>\n<\/td>\n<td valign=\"top\">\n<p><span style=\"font-size:10.5pt\">285*142*138mm<\/span><\/p>\n<\/td>\n<\/tr>\n<tr align=\"left\">\n<td valign=\"top\">\n<p><span style=\"font-size:10.5pt\">JTP-18000R<\/span><\/p>\n<\/td>\n<td valign=\"top\">\n<p><span style=\"font-size:10.5pt\">110V\/220V\/240V<\/span><\/p>\n<\/td>\n<td valign=\"top\">\n<p><span style=\"font-size:9pt;font-family:'Verdana';background:#ffffff;color:#000000\">50Hz\/60Hz<\/span><\/p>\n<\/td>\n<td valign=\"top\">\n<p><span style=\"font-size:10.5pt\">150W<\/span><\/p>\n<\/td>\n<td valign=\"top\">\n<p><span style=\"font-size:10.5pt\">7,0m<\/span><\/p>\n<\/td>\n<td valign=\"top\">\n<p><span style=\"font-size:10.5pt\">18000L\/h<\/span><\/p>\n<\/td>\n<td valign=\"top\">\n<p><span style=\"font-size:10.5pt\">72mm<\/span><\/p>\n<\/td>\n<td valign=\"top\">\n<p><span style=\"font-size:10.5pt\">285*142*138mm<\/span><\/p>\n<\/td>\n<\/tr>\n<\/tbody>\n<\/table>\n<p style=\"text-align:center\"><span style=\"font-size:14px\"><strong><em><span style=\"color:#000080\">JTP R<\/span><\/em><\/strong><span style=\"color:#000080\"><em><strong> tipos de bombas de agua de frecuencia<\/strong><\/em><\/span><\/span><\/p>\n<p style=\"text-align:center\"><span style=\"font-size:14px\"><em><strong><span style=\"color:#3366ff\"><img loading=\"lazy\" decoding=\"async\" alt=\"Bomba de agua para acuario s\u00faper silenciosa de 10000L\/h\" src=\"http:\/\/localhost\/media\/import\/detail\/532270903_677.jpg\" width=\"611\" height=\"378\"><img loading=\"lazy\" decoding=\"async\" alt=\"Bomba de agua para acuario s\u00faper silenciosa de 10000L\/h\" src=\"http:\/\/localhost\/media\/import\/detail\/532270904_450.jpg\" width=\"606\" height=\"346\"><img loading=\"lazy\" decoding=\"async\" alt=\"Bomba de agua para acuario s\u00faper silenciosa de 10000L\/h\" src=\"http:\/\/localhost\/media\/import\/detail\/532270907_757.jpg\" width=\"605\" height=\"352\"><\/span><\/strong><\/em><\/span><\/p>\n<p style=\"text-align:center\">\n<p style=\"text-align:center\"><span style=\"font-size:14px\"><em><strong><span style=\"color:#000080\">Bombas de agua de frecuencia serie JTP<\/span><\/strong><\/em><\/span><\/p>\n<p style=\"text-align:center\">\n<p style=\"text-align:center\"><img loading=\"lazy\" decoding=\"async\" alt=\"Bomba de agua para acuario s\u00faper silenciosa de 10000L\/h\" src=\"http:\/\/localhost\/media\/import\/detail\/532306714_528.jpg\" width=\"606\" height=\"438\"><img loading=\"lazy\" decoding=\"async\" alt=\"Bomba de agua para acuario s\u00faper silenciosa de 10000L\/h\" src=\"http:\/\/localhost\/media\/import\/detail\/532306715_563.jpg\" width=\"604\" height=\"355\"><img loading=\"lazy\" decoding=\"async\" alt=\"Bomba de agua para acuario s\u00faper silenciosa de 10000L\/h\" src=\"http:\/\/localhost\/media\/import\/detail\/532306716_565.jpg\" width=\"610\" height=\"357\"><\/p>\n<p style=\"text-align:center\"><img loading=\"lazy\" decoding=\"async\" alt=\"Bomba de agua para acuario s\u00faper silenciosa de 10000L\/h\" src=\"http:\/\/localhost\/media\/import\/detail\/532343753_964.jpg\" width=\"625\" height=\"267\"><\/p>\n<p style=\"text-align:center\">\n<p style=\"text-align:center\"><span style=\"font-size:14px;color:#000080\"><em><strong>Aplicaciones pr\u00e1cticas: muchas funciones, primero puedes usarlo en agua o en <\/strong><\/em><\/span><span style=\"font-size:14px;color:#000080\"><em><strong>tierra.<\/strong><\/em><\/span><\/p>\n<p style=\"text-align:center\"><span style=\"font-size:14px;color:#000080\"><em><strong> segundo, en estanque de decoraci\u00f3n de jard\u00edn o estanque de peces koi, agregando <\/strong><\/em><\/span><\/p>\n<p style=\"text-align:center\"><span style=\"font-size:14px;color:#000080\"><em><strong> \u00a1m\u00e1s especificaciones a su hermoso jard\u00edn!<\/strong><\/em><\/span><\/p>\n<p style=\"text-align:center\"><span style=\"font-size:14px;color:#000080\"><em><strong> <img loading=\"lazy\" decoding=\"async\" alt=\"Bomba de agua para acuario s\u00faper silenciosa de 10000L\/h\" src=\"http:\/\/localhost\/media\/import\/detail\/532151758_563.jpg\" width=\"591\" height=\"359\"> <\/strong><\/em><\/span><\/p>\n<p style=\"text-align:center\"><span style=\"font-size:14px;color:#000080\"><em><strong> <img decoding=\"async\" alt=\"Bomba de agua para acuario s\u00faper silenciosa de 10000L\/h\" src=\"http:\/\/localhost\/media\/import\/detail\/532151751_498.jpg\"><\/strong><\/em><\/span><\/p>\n<p style=\"text-align:center\">\n<div id=\"ali-anchor-AliPostDhMb-dktff\" style=\"padding-top:8px\" data-section-title=\"Informaci\u00f3n de la empresa\" data-section=\"AliPostDhMb-dktff\"> <\/div>\n","protected":false},"excerpt":{"rendered":"<p>Bomba de agua de acuario s\u00faper silenciosa 10000L\/h JTP-10000R<\/p>\n","protected":false},"featured_media":5617,"comment_status":"open","ping_status":"closed","template":"","meta":[],"product_brand":[],"product_cat":[1146],"product_tag":[],"class_list":{"0":"post-29454","1":"product","2":"type-product","3":"status-publish","4":"has-post-thumbnail","6":"product_cat-bombas-de-agua-y-cabezales-de-potencia","8":"first","9":"instock","10":"shipping-taxable","11":"purchasable","12":"product-type-simple"},"_links":{"self":[{"href":"https:\/\/www.myaquastore.com\/es\/wp-json\/wp\/v2\/product\/29454","targetHints":{"allow":["GET"]}}],"collection":[{"href":"https:\/\/www.myaquastore.com\/es\/wp-json\/wp\/v2\/product"}],"about":[{"href":"https:\/\/www.myaquastore.com\/es\/wp-json\/wp\/v2\/types\/product"}],"replies":[{"embeddable":true,"href":"https:\/\/www.myaquastore.com\/es\/wp-json\/wp\/v2\/comments?post=29454"}],"wp:featuredmedia":[{"embeddable":true,"href":"https:\/\/www.myaquastore.com\/es\/wp-json\/wp\/v2\/media\/5617"}],"wp:attachment":[{"href":"https:\/\/www.myaquastore.com\/es\/wp-json\/wp\/v2\/media?parent=29454"}],"wp:term":[{"taxonomy":"product_brand","embeddable":true,"href":"https:\/\/www.myaquastore.com\/es\/wp-json\/wp\/v2\/product_brand?post=29454"},{"taxonomy":"product_cat","embeddable":true,"href":"https:\/\/www.myaquastore.com\/es\/wp-json\/wp\/v2\/product_cat?post=29454"},{"taxonomy":"product_tag","embeddable":true,"href":"https:\/\/www.myaquastore.com\/es\/wp-json\/wp\/v2\/product_tag?post=29454"}],"curies":[{"name":"wp","href":"https:\/\/api.w.org\/{rel}","templated":true}]}}