{"id":29456,"date":"2016-09-25T23:28:32","date_gmt":"2016-09-25T23:28:32","guid":{"rendered":"https:\/\/www.myaquastore.com\/product\/sunsun-bomba-de-fuente-de-jardin-tanque-bomba-de-agua-sumergible-po\/"},"modified":"2025-03-16T07:05:40","modified_gmt":"2025-03-16T07:05:40","slug":"sunsun-bomba-de-fuente-de-jardin-tanque-bomba-de-agua-sumergible-po","status":"publish","type":"product","link":"https:\/\/www.myaquastore.com\/es\/producto\/sunsun-bomba-de-fuente-de-jardin-tanque-bomba-de-agua-sumergible-po\/","title":{"rendered":"SUNSUN Bomba de fuente de jard\u00edn Tanque Bomba de agua sumergible Po&#8230;"},"content":{"rendered":"<div style=\"clear:both\"><\/div>\n<p><em><span style=\"font-size:32px;color:#ff0000;background-color:#ffffff\"><strong>70w 9000L\/h SUNSUN bomba de fuente de jard\u00edn tanque bomba de agua sumergible bombas de agua sumergibles para estanque<\/strong><\/span><\/em><\/p>\n<\/p>\n<p><span style=\"color:#000000;background-color:#ffffff\"><strong><span style=\"font-size:24px\">1.<strong><span style=\"font-size:24px\">Caracter\u00edsticas de las bombas de agua para estanques <\/span><\/strong><\/span><\/strong><\/span><\/p>\n<p><span style=\"font-size:18px\">Dise\u00f1o de apariencia aerodin\u00e1mica, estructura razonable y alta eficiencia;<\/span><\/p>\n<p><span style=\"font-size:large\">Utiliza un n\u00facleo de eje resistente al desgaste de alta resistencia, tiene un ahorro de energ\u00eda altamente eficiente y una larga vida \u00fatil;<\/span><\/p>\n<p><span style=\"font-size:large\">Puedes usarlo como bombeo y fuente.<\/span><\/p>\n<\/p>\n<p><span style=\"color:#000000;background-color:#ffffff\"><strong><span style=\"font-size:24px\">2.Descripci\u00f3n del producto<\/span><\/strong><span style=\"font-size:18px\"> <\/span><\/span><\/p>\n<p><span style=\"font-size:18px\">Estas bombas de agua para estanque se suministran con una amplia selecci\u00f3n de cabezales de fuente alternativos y le dar\u00e1n a cualquier estanque ese toque profesional. tocar. Esta bomba se puede usar para bombear agua directamente a su sistema de filtraci\u00f3n o, alternativamente, a una fuente de agua, as\u00ed como al sistema de fuente incluido para que pueda usar la bomba para mover agua a ambos al mismo tiempo si es necesario.<\/span><\/p>\n<\/p>\n<p><span style=\"font-size:24px;color:#000000;background-color:#ffffff\"><strong>3.Las bombas de agua del estanque show<\/strong><\/span><\/p>\n<\/p>\n<p><span style=\"font-size:24px;color:#ffffff;background-color:#0000ff\"><strong><img decoding=\"async\" alt=\"SUNSUN Bomba de fuente de jard\u00edn, tanque, bomba de agua sumergible, bombas de agua sumergibles para estanque, 70w, 9000L\/h\" src=\"http:\/\/localhost\/media\/import\/detail\/755000948_399.jpg\"><img loading=\"lazy\" decoding=\"async\" alt=\"Bomba de agua sumergible para fuente de jard\u00edn SUNSUN, bomba de agua sumergible para estanque, 70w, 9000L\/h\" src=\"http:\/\/localhost\/media\/import\/detail\/755290608_902.jpg\" width=\"600\" height=\"600\"><\/strong><\/span><\/p>\n<\/p>\n<p><img loading=\"lazy\" decoding=\"async\" alt=\"SUNSUN Bomba de fuente de jard\u00edn Tanque Bomba de agua sumergible Bombas de agua sumergibles para estanque 70w 9000L\/h\" src=\"http:\/\/localhost\/media\/import\/detail\/747985555_930.jpg\" width=\"600\" height=\"600\"><img decoding=\"async\" alt=\"SUNSUN Bomba de fuente de jard\u00edn Tanque Bomba de agua sumergible Bombas de agua sumergibles para estanque 70w 9000L\/h\" src=\"http:\/\/localhost\/media\/import\/detail\/561501565_957.jpg\"><\/p>\n<\/p>\n<p><span style=\"color:#000000;background-color:#ffffff\"><strong><span style=\"font-size:24px\">4.Otras bombas de agua para estanques <\/span><\/strong><\/span><\/p>\n<\/p>\n<p><img loading=\"lazy\" decoding=\"async\" alt=\"SUNSUN Bomba de fuente de jard\u00edn Tanque Bomba de agua sumergible Bombas de agua sumergibles para estanque 70w 9000L\/h\" src=\"http:\/\/localhost\/media\/import\/detail\/754980567_483.jpg\" width=\"600\" height=\"600\"><img decoding=\"async\" alt=\"SUNSUN Bomba de fuente de jard\u00edn Tanque Bomba de agua sumergible Bombas de agua sumergibles para estanque 70w 9000L\/h\" src=\"http:\/\/localhost\/media\/import\/detail\/755849335_559.jpg\"><\/p>\n<p><img loading=\"lazy\" decoding=\"async\" alt=\"SUNSUN Garden Bomba de fuente, tanque, bomba de agua sumergible, bombas de agua sumergibles para estanque 70w 9000L\/h\" src=\"http:\/\/localhost\/media\/import\/detail\/755008213_667.jpg\" width=\"600\" height=\"600\"><img decoding=\"async\" alt=\"SUNSUN Bomba de fuente de jard\u00edn, tanque, bomba de agua sumergible, agua sumergible para estanque Bombas 70w 9000L\/h\" src=\"http:\/\/localhost\/media\/import\/detail\/755849338_599.jpg\"> <\/p>\n<\/p>\n<p><span style=\"color:#000000;background-color:#ffffff\"><strong><span style=\"font-size:24px\">5. El par\u00e1metro de las bombas de agua para estanque<\/span><\/strong><\/span><\/p>\n<p> <img loading=\"lazy\" decoding=\"async\" alt=\"SUNSUN Bomba para fuente de jard\u00edn Tanque Bomba de agua sumergible Bombas de agua sumergibles para estanque 70w 9000L\/h\" src=\"http:\/\/localhost\/media\/import\/detail\/750391357_683.jpg\" width=\"704\" height=\"285\"><\/p>\n<p align=\"left\">\n<div id=\"ali-anchor-AliPostDhMb-1nmuv\" style=\"padding-top:8px\" data-section-title=\"Informaci\u00f3n de la empresa\" data-section=\"AliPostDhMb-1nmuv\"> <\/div>\n","protected":false},"excerpt":{"rendered":"<p>SUNSUN Bomba de fuente de jard\u00edn Tanque Bomba de agua sumergible Po&#8230;<\/p>\n","protected":false},"featured_media":5621,"comment_status":"open","ping_status":"closed","template":"","meta":[],"product_brand":[],"product_cat":[1146],"product_tag":[],"class_list":{"0":"post-29456","1":"product","2":"type-product","3":"status-publish","4":"has-post-thumbnail","6":"product_cat-bombas-de-agua-y-cabezales-de-potencia","8":"first","9":"instock","10":"shipping-taxable","11":"purchasable","12":"product-type-simple"},"_links":{"self":[{"href":"https:\/\/www.myaquastore.com\/es\/wp-json\/wp\/v2\/product\/29456","targetHints":{"allow":["GET"]}}],"collection":[{"href":"https:\/\/www.myaquastore.com\/es\/wp-json\/wp\/v2\/product"}],"about":[{"href":"https:\/\/www.myaquastore.com\/es\/wp-json\/wp\/v2\/types\/product"}],"replies":[{"embeddable":true,"href":"https:\/\/www.myaquastore.com\/es\/wp-json\/wp\/v2\/comments?post=29456"}],"wp:featuredmedia":[{"embeddable":true,"href":"https:\/\/www.myaquastore.com\/es\/wp-json\/wp\/v2\/media\/5621"}],"wp:attachment":[{"href":"https:\/\/www.myaquastore.com\/es\/wp-json\/wp\/v2\/media?parent=29456"}],"wp:term":[{"taxonomy":"product_brand","embeddable":true,"href":"https:\/\/www.myaquastore.com\/es\/wp-json\/wp\/v2\/product_brand?post=29456"},{"taxonomy":"product_cat","embeddable":true,"href":"https:\/\/www.myaquastore.com\/es\/wp-json\/wp\/v2\/product_cat?post=29456"},{"taxonomy":"product_tag","embeddable":true,"href":"https:\/\/www.myaquastore.com\/es\/wp-json\/wp\/v2\/product_tag?post=29456"}],"curies":[{"name":"wp","href":"https:\/\/api.w.org\/{rel}","templated":true}]}}