{"id":29458,"date":"2016-09-25T23:28:32","date_gmt":"2016-09-25T23:28:32","guid":{"rendered":"https:\/\/www.myaquastore.com\/product\/bomba-de-agua-para-jardin-sunsun-50w-7000l-h-bomba-de-agua-y-fuente-para-estanque-bomba-sumergible-para-estanque-de-acuario-jtp-7000\/"},"modified":"2025-03-16T07:05:40","modified_gmt":"2025-03-16T07:05:40","slug":"bomba-de-agua-para-jardin-sunsun-50w-7000l-h-bomba-de-agua-y-fuente-para-estanque-bomba-sumergible-para-estanque-de-acuario-jtp-7000","status":"publish","type":"product","link":"https:\/\/www.myaquastore.com\/es\/producto\/bomba-de-agua-para-jardin-sunsun-50w-7000l-h-bomba-de-agua-y-fuente-para-estanque-bomba-sumergible-para-estanque-de-acuario-jtp-7000\/","title":{"rendered":"Bomba de agua para jard\u00edn SUNSUN, 50w, 7000L\/h, bomba de agua y fuente para estanque, bomba sumergible para estanque de acuario, JTP-7000"},"content":{"rendered":"<div style=\"clear:both\"><\/div>\n<div id=\"ali-anchor-AliPostDhMb-medwx\" style=\"padding-top:8px\" data-section-title=\"start\" data-section=\"AliPostDhMb-medwx\">\n<div id=\"ali-title-AliPostDhMb-medwx\" style=\"border-bottom:#ddd 1px solid;padding-bottom:8px;padding-top:8px;padding-left:0px;padding-right:0px\"> <\/div>\n<p><span><\/span><\/p>\n<\/div>\n<p><em><strong><span style=\"font-size:24px\"><span style=\"background-color:#ffff00\">50w 7000L\/h SUNSUN Bomba de agua para jard\u00edn Bomba de agua para estanque y fuente Bomba sumergible para estanque de acuario<\/span><\/span><\/strong><\/em><\/p>\n<\/p>\n<p><span style=\"color:#00ccff;background-color:#ffffff\"><strong><span style=\"font-size:24px\">1.<strong><span style=\"font-size:24px\">Caracter\u00edsticas de la bomba para estanque de acuario <\/span><\/strong><\/span><\/strong><\/span><\/p>\n<p><span style=\"font-size:18px\">Dise\u00f1o de apariencia aerodin\u00e1mica, estructura razonable y alta eficiencia;<\/span><\/p>\n<p><span style=\"font-size:large\">Utiliza un n\u00facleo de eje resistente al desgaste de alta resistencia, tiene un ahorro de energ\u00eda altamente eficiente y una larga vida \u00fatil;<\/span><\/p>\n<p><span style=\"font-size:large\">Puedes usarlo como bombeo y fuente.<\/span><\/p>\n<\/p>\n<p><span style=\"color:#00ccff;background-color:#ffffff\"><strong><span style=\"font-size:24px\">2.Descripci\u00f3n del producto<\/span><\/strong><span style=\"font-size:18px\"> <\/span><\/span><\/p>\n<p><span style=\"font-size:18px\">Esta bomba para estanque de acuario se suministra con una amplia selecci\u00f3n de cabezales de fuente alternativos y le dar\u00e1 a cualquier estanque ese toque profesional. Esta bomba se puede usar para bombear agua directamente a su sistema de filtraci\u00f3n o, alternativamente, a una fuente de agua, as\u00ed como al sistema de fuente incluido para que pueda usar la bomba para mover agua a ambos al mismo tiempo si es necesario.<\/span><\/p>\n<\/p>\n<p><span style=\"font-size:24px;color:#00ccff;background-color:#ffffff\"><strong>3.La bomba para estanque del acuario show<\/strong><\/span><\/p>\n<p><img loading=\"lazy\" decoding=\"async\" alt=\"50w 7000L\/h SUNSUN Bomba de agua para jard\u00edn Bomba de agua y fuente para estanque Bomba sumergible para estanque de acuario\" src=\"http:\/\/localhost\/media\/import\/detail\/754947644_715.jpg\" width=\"600\" height=\"600\"><img loading=\"lazy\" decoding=\"async\" alt=\"50w 7000L\/h SUNSUN Bomba de agua para jard\u00edn Bomba de agua y fuente para estanque Bomba sumergible para estanque de acuario\" src=\"http:\/\/localhost\/media\/import\/detail\/754947649_426.jpg\" width=\"600\" height=\"600\"><\/p>\n<p><img loading=\"lazy\" decoding=\"async\" alt=\"50w 7000L\/h SUNSUN Bomba de agua para jard\u00edn Bomba de agua y fuente para estanque Bomba sumergible para estanque de acuario\" src=\"http:\/\/localhost\/media\/import\/detail\/747985555_930.jpg\" width=\"600\" height=\"600\"><img decoding=\"async\" alt=\"50w 7000L\/h SUNSUN Bomba de agua para jard\u00edn Agua y estanque Bomba de fuente Bomba sumergible para estanque de acuario\" src=\"http:\/\/localhost\/media\/import\/detail\/561501565_957.jpg\"><\/p>\n<\/p>\n<p><span style=\"color:#00ccff;background-color:#ffffff\"><strong><span style=\"font-size:24px\">4.Otra bomba de estanque de acuario <\/span><\/strong><\/span><\/p>\n<\/p>\n<p> <img loading=\"lazy\" decoding=\"async\" alt=\"50w 7000L\/h SUNSUN Bomba de agua para jard\u00edn Bomba de agua y fuente para estanque Bomba sumergible para estanque de acuario\" src=\"http:\/\/localhost\/media\/import\/detail\/754997723_559.jpg\" width=\"600\" height=\"600\"><img decoding=\"async\" alt=\"50w 7000L\/h SUNSUN Bomba de agua para jard\u00edn Bomba de agua y fuente para estanque Bomba sumergible para estanque de acuario\" src=\"http:\/\/localhost\/media\/import\/detail\/755064972_483.jpg\"><img loading=\"lazy\" decoding=\"async\" alt=\"50w 7000L\/h SUNSUN Bomba de agua para jard\u00edn Bomba de agua y fuente para estanque Bomba sumergible para estanque de acuario\" src=\"http:\/\/localhost\/media\/import\/detail\/754980572_171.jpg\" width=\"600\" height=\"600\"><\/p>\n<\/p>\n<p><span style=\"color:#00ccff;background-color:#ffffff\"><strong><span style=\"font-size:24px\">5. Par\u00e1metro de la bomba para estanque de acuario<\/span><\/strong><\/span><\/p>\n<p> <img loading=\"lazy\" decoding=\"async\" alt=\"50w 7000L\/h SUNSUN Bomba de agua para jard\u00edn Bomba de agua para estanque y fuente Bomba sumergible para estanque de acuario\" src=\"http:\/\/localhost\/media\/import\/detail\/750049600_258.jpg\" width=\"687\" height=\"295\"><\/p>\n<p align=\"left\">\n<div id=\"ali-anchor-AliPostDhMb-emwv3\" style=\"padding-top:8px\" data-section-title=\"Informaci\u00f3n de la empresa\" data-section=\"AliPostDhMb-emwv3\"> <\/div>\n","protected":false},"excerpt":{"rendered":"<p>Bomba de agua para jard\u00edn SUNSUN, 50w, 7000L\/h, bomba de agua y fuente para estanque, bomba sumergible para estanque de acuario, JTP-7000<\/p>\n","protected":false},"featured_media":5625,"comment_status":"open","ping_status":"closed","template":"","meta":[],"product_brand":[],"product_cat":[1146],"product_tag":[],"class_list":{"0":"post-29458","1":"product","2":"type-product","3":"status-publish","4":"has-post-thumbnail","6":"product_cat-bombas-de-agua-y-cabezales-de-potencia","8":"first","9":"instock","10":"shipping-taxable","11":"purchasable","12":"product-type-simple"},"_links":{"self":[{"href":"https:\/\/www.myaquastore.com\/es\/wp-json\/wp\/v2\/product\/29458","targetHints":{"allow":["GET"]}}],"collection":[{"href":"https:\/\/www.myaquastore.com\/es\/wp-json\/wp\/v2\/product"}],"about":[{"href":"https:\/\/www.myaquastore.com\/es\/wp-json\/wp\/v2\/types\/product"}],"replies":[{"embeddable":true,"href":"https:\/\/www.myaquastore.com\/es\/wp-json\/wp\/v2\/comments?post=29458"}],"wp:featuredmedia":[{"embeddable":true,"href":"https:\/\/www.myaquastore.com\/es\/wp-json\/wp\/v2\/media\/5625"}],"wp:attachment":[{"href":"https:\/\/www.myaquastore.com\/es\/wp-json\/wp\/v2\/media?parent=29458"}],"wp:term":[{"taxonomy":"product_brand","embeddable":true,"href":"https:\/\/www.myaquastore.com\/es\/wp-json\/wp\/v2\/product_brand?post=29458"},{"taxonomy":"product_cat","embeddable":true,"href":"https:\/\/www.myaquastore.com\/es\/wp-json\/wp\/v2\/product_cat?post=29458"},{"taxonomy":"product_tag","embeddable":true,"href":"https:\/\/www.myaquastore.com\/es\/wp-json\/wp\/v2\/product_tag?post=29458"}],"curies":[{"name":"wp","href":"https:\/\/api.w.org\/{rel}","templated":true}]}}