{"id":29466,"date":"2016-09-25T23:28:32","date_gmt":"2016-09-25T23:28:32","guid":{"rendered":"https:\/\/www.myaquastore.com\/product\/bomba-sumergible-para-estanque-de-jardin-sunsun-bomba-para-fuente-suministros-para-estanque-cqb-6000\/"},"modified":"2025-03-16T07:05:42","modified_gmt":"2025-03-16T07:05:42","slug":"bomba-sumergible-para-estanque-de-jardin-sunsun-bomba-para-fuente-suministros-para-estanque-cqb-6000","status":"publish","type":"product","link":"https:\/\/www.myaquastore.com\/es\/producto\/bomba-sumergible-para-estanque-de-jardin-sunsun-bomba-para-fuente-suministros-para-estanque-cqb-6000\/","title":{"rendered":"Bomba sumergible para estanque de jard\u00edn SUNSUN, bomba para fuente, suministros para estanque CQB-6000"},"content":{"rendered":"<div style=\"clear:both\"><\/div>\n<p><span style=\"color:#800080;background-color:#ffffff\"><strong><span style=\"font-size:32px\">CE\/GS 5800L\/h SUNSUN bomba para estanque de jard\u00edn bomba sumergible para fuente suministros para estanque <\/span><\/strong><\/span><\/p>\n<\/p>\n<p><span style=\"color:#ff6600;background-color:#c0c0c0\"><strong><span style=\"font-size:24px\">1. Descripci\u00f3n de los suministros del estanque<\/span><\/strong><\/span><\/p>\n<div>\n<p><span style=\"font-size:18px\">1) La bomba de agua para jard\u00edn de bajo consumo de energ\u00eda se suministra con una amplia selecci\u00f3n de cabezales de fuente alternativos y le dar\u00e1 a cualquier estanque ese toque profesional. toque.<\/span><\/p>\n<p><span style=\"font-size:18px\">2)La fuente tambi\u00e9n se puede ajustar en cualquier \u00e1ngulo si es necesario.<\/span><\/p>\n<p><span style=\"font-size:18px\">3)<\/span><span style=\"font-size:18px\">Esta bomba se puede usar para bombear agua directamente a su sistema de filtraci\u00f3n o, alternativamente, a una fuente de agua, as\u00ed como a la fuente incluida. system.<\/span><\/p>\n<p><strong><\/strong> <\/p>\n<p><strong><\/strong> <\/p>\n<p><span style=\"background-color:#c0c0c0\"><strong><span style=\"font-size:18px;color:#ff6600\"><span style=\"font-size:24px\">2.Fotos sobre el estanque suministros<\/span><\/span><\/strong><\/span><\/p>\n<p><span style=\"background-color:#c0c0c0\"><strong><span style=\"font-size:18px;color:#ff6600\"><span style=\"font-size:24px\"><img loading=\"lazy\" decoding=\"async\" alt=\"Bomba sumergible para estanque de jard\u00edn SUNSUN, suministros para estanque CE\/GS 5800L\/h\" src=\"http:\/\/localhost\/media\/import\/detail\/756745642_864.jpg\" width=\"600\" height=\"600\"><img loading=\"lazy\" decoding=\"async\" alt=\"SUNSUN Bomba para estanque de jard\u00edn Bomba sumergible para fuente Suministros para estanque CE\/GS 5800L\/h\" src=\"http:\/\/localhost\/media\/import\/detail\/756745646_868.jpg\" width=\"600\" height=\"600\"><img loading=\"lazy\" decoding=\"async\" alt=\"SUNSUN Bomba para estanque de jard\u00edn Bomba sumergible para fuente Suministros para estanque CE\/GS 5800L\/h\" src=\"http:\/\/localhost\/media\/import\/detail\/756745652_517.jpg\" width=\"600\" height=\"600\"><\/span><\/span><\/strong><\/span><\/p>\n<p><span style=\"font-size:18px;background-color:#ffffff\"><strong><span style=\"color:#ff6600\"><img loading=\"lazy\" decoding=\"async\" alt=\"SUNSUN Bomba para estanque de jard\u00edn Bomba sumergible para fuente Suministros para estanque CE\/GS 5800L\/h\" src=\"http:\/\/localhost\/media\/import\/detail\/728901049_001.jpg\" width=\"600\" height=\"600\"><\/span><\/strong><\/span><\/p>\n<p><span style=\"font-size:18px;background-color:#ffffff\"><strong><span style=\"color:#ff6600\">Cabezal de fuente<\/span><\/strong><\/span><\/p>\n<\/p>\n<p><span style=\"background-color:#c0c0c0\"><strong><span style=\"font-size:18px;color:#ff6600\"><span style=\"font-size:24px\"><img loading=\"lazy\" decoding=\"async\" alt=\"SUNSUN Bomba sumergible para estanque de jard\u00edn, bomba para fuente, suministros para estanque CE\/GS 5800L\/h\" src=\"http:\/\/localhost\/media\/import\/detail\/695438336_156.jpg\" width=\"645\" height=\"347\"><img loading=\"lazy\" decoding=\"async\" alt=\"SUNSUN Bomba para estanque de jard\u00edn Bomba sumergible para fuente Suministros para estanque CE\/GS 5800L\/h\" src=\"http:\/\/localhost\/media\/import\/detail\/727167321_831.jpg\" width=\"600\" height=\"600\"><\/span><\/span><\/strong><\/span><\/p>\n<\/p>\n<p><span style=\"background-color:#c0c0c0\"><strong><span style=\"font-size:18px;color:#ff6600\"><span style=\"font-size:24px\">3.Otro estanque de jard\u00edn suministros<\/span><\/span><\/strong><\/span><\/p>\n<p><span style=\"background-color:#c0c0c0\"><strong><span style=\"font-size:18px;color:#ff6600\"><span style=\"font-size:24px\"><img loading=\"lazy\" decoding=\"async\" alt=\"Bomba sumergible para estanque de jard\u00edn SUNSUN, suministros para estanque CE\/GS 5800L\/h\" src=\"http:\/\/localhost\/media\/import\/detail\/755849335_559.jpg\" width=\"600\" height=\"600\"><img decoding=\"async\" alt=\"SUNSUN Bomba para estanque de jard\u00edn Bomba sumergible para fuente Suministros para estanque CE\/GS 5800L\/h\" src=\"http:\/\/localhost\/media\/import\/detail\/755002528_081.jpg\"><img decoding=\"async\" alt=\"SUNSUN Bomba para estanque de jard\u00edn Bomba sumergible para fuente Suministros para estanque CE\/GS 5800L\/h\" src=\"http:\/\/localhost\/media\/import\/detail\/751237619_923.jpg\"><\/span><\/span><\/strong><\/span><\/p>\n<\/p>\n<p><span style=\"color:#ff6600;background-color:#c0c0c0\"><strong><span style=\"font-size:24px\">4. El estanque de jard\u00edn proporciona par\u00e1metros<\/span><\/strong><\/span><\/p>\n<p> <img loading=\"lazy\" decoding=\"async\" alt=\"SUNSUN Bomba para estanque de jard\u00edn Bomba sumergible para fuente Suministros para estanque CE\/GS 5800L\/h\" src=\"http:\/\/localhost\/media\/import\/detail\/728902966_188.jpg\" width=\"604\" height=\"152\"><\/p>\n<\/div>\n<div id=\"ali-anchor-AliPostDhMb-eni4b\" style=\"padding-top:8px\" data-section-title=\"Informaci\u00f3n de la empresa\" data-section=\"AliPostDhMb-eni4b\"> <\/div>\n","protected":false},"excerpt":{"rendered":"<p>Bomba sumergible para estanque de jard\u00edn SUNSUN, bomba para fuente, suministros para estanque CQB-6000<\/p>\n","protected":false},"featured_media":5641,"comment_status":"open","ping_status":"closed","template":"","meta":[],"product_brand":[],"product_cat":[1146],"product_tag":[],"class_list":{"0":"post-29466","1":"product","2":"type-product","3":"status-publish","4":"has-post-thumbnail","6":"product_cat-bombas-de-agua-y-cabezales-de-potencia","8":"first","9":"instock","10":"shipping-taxable","11":"purchasable","12":"product-type-simple"},"_links":{"self":[{"href":"https:\/\/www.myaquastore.com\/es\/wp-json\/wp\/v2\/product\/29466","targetHints":{"allow":["GET"]}}],"collection":[{"href":"https:\/\/www.myaquastore.com\/es\/wp-json\/wp\/v2\/product"}],"about":[{"href":"https:\/\/www.myaquastore.com\/es\/wp-json\/wp\/v2\/types\/product"}],"replies":[{"embeddable":true,"href":"https:\/\/www.myaquastore.com\/es\/wp-json\/wp\/v2\/comments?post=29466"}],"wp:featuredmedia":[{"embeddable":true,"href":"https:\/\/www.myaquastore.com\/es\/wp-json\/wp\/v2\/media\/5641"}],"wp:attachment":[{"href":"https:\/\/www.myaquastore.com\/es\/wp-json\/wp\/v2\/media?parent=29466"}],"wp:term":[{"taxonomy":"product_brand","embeddable":true,"href":"https:\/\/www.myaquastore.com\/es\/wp-json\/wp\/v2\/product_brand?post=29466"},{"taxonomy":"product_cat","embeddable":true,"href":"https:\/\/www.myaquastore.com\/es\/wp-json\/wp\/v2\/product_cat?post=29466"},{"taxonomy":"product_tag","embeddable":true,"href":"https:\/\/www.myaquastore.com\/es\/wp-json\/wp\/v2\/product_tag?post=29466"}],"curies":[{"name":"wp","href":"https:\/\/api.w.org\/{rel}","templated":true}]}}