{"id":29468,"date":"2016-09-25T23:28:32","date_gmt":"2016-09-25T23:28:32","guid":{"rendered":"https:\/\/www.myaquastore.com\/product\/bomba-de-piscina-de-grisu-sunsun-ht-200-z\/"},"modified":"2025-03-16T07:05:42","modified_gmt":"2025-03-16T07:05:42","slug":"bomba-de-piscina-de-grisu-sunsun-ht-200-z","status":"publish","type":"product","link":"https:\/\/www.myaquastore.com\/es\/producto\/bomba-de-piscina-de-grisu-sunsun-ht-200-z\/","title":{"rendered":"Bomba de piscina de gris\u00fa SUNSUN HT-200-Z"},"content":{"rendered":"<div style=\"clear:both\"><\/div>\n<div style=\"font-size:13px;font-family:Arial, Helvetica, sans-serif;color:#000000;width:726px\">\n<div>\n<p><span style=\"font-size:18px\"><strong>Bomba para piscina gris\u00fa SUNSUN<\/strong><\/span><\/p>\n<\/div>\n<\/div>\n<div id=\"ali-anchor-AliPostDhMb-yisoh\" style=\"padding-top:8px\" data-section=\"AliPostDhMb-yisoh\" data-section-title=\"Descripci\u00f3n del producto\">\n<div id=\"ali-title-AliPostDhMb-yisoh\" style=\"border-bottom:#ddd 1px solid;padding-bottom:8px;padding-top:8px;padding-left:0px;padding-right:0px\"><span style=\"font-weight:bold;color:#333;padding-bottom:8px;padding-top:8px;padding-left:10px;line-height:12px;padding-right:10px;background-color:#ddd\">Descripci\u00f3n del producto<\/span><\/div>\n<div style=\"padding-bottom:10px;padding-top:10px;padding-left:0px;padding-right:0px\">\n<div style=\"height:42px;width:750px\">\n<div style=\"height:42px;float:left;width:25px;background-color:#00ccff\"> <\/div>\n<div style=\"height:30px;float:right;color:#ffffff;padding-bottom:5px;padding-top:5px;padding-left:0px;padding-right:0px;width:720px;background-color:#0099ff\">\n<div style=\"font-size:24px;border-top:#ffffff 1px solid;height:30px;font-family:Arial;border-bottom:#ffffff 1px solid;font-weight:bold;font-style:italic;padding-left:10px;line-height:30px;width:720px\">Visualizaci\u00f3n del producto<\/div>\n<\/div>\n<\/div>\n<\/div>\n<\/div>\n<p><strong><span style=\"font-size:16px\">CARACTER\u00cdSTICAS:<\/span><\/strong><\/p>\n<p><span style=\"font-size:14px\">Esta bomba de aire para la industria es ideal para suministrar presi\u00f3n de aire a filtros debajo de grava y de caja, piedras difusoras y desnatadores de prote\u00ednas que utilizan piedras difusoras de cer\u00e1mica. Es f\u00e1cilmente ajustable, con un control para alterar el circuito magn\u00e9tico en la parte superior de la bomba. Tanto duradero como eficiente.<\/span><\/p>\n<p><span style=\"font-size:14px\"><img decoding=\"async\" alt=\"HT-200-Z_01.jpg\" src=\"http:\/\/localhost\/media\/import\/detail\/HTB1dCmCGVXXXXcrXpXXq6xXFXXXO.jpg\"><img decoding=\"async\" alt=\"HT-200-Z_02.jpg\" src=\"http:\/\/localhost\/media\/import\/detail\/HTB14bCyGVXXXXXbXVXXq6xXFXXXS.jpg\"><img decoding=\"async\" alt=\"HT-200-Z_03.jpg\" src=\"http:\/\/localhost\/media\/import\/detail\/HTB1581BGVXXXXXJXFXXq6xXFXXXz.jpg\"><img decoding=\"async\" alt=\"HT-200-Z_04.jpg\" src=\"http:\/\/localhost\/media\/import\/detail\/HTB1DjWDGVXXXXapXpXXq6xXFXXXr.jpg\"><img decoding=\"async\" alt=\"HT-200-Z_05.jpg\" src=\"http:\/\/localhost\/media\/import\/detail\/HTB1ujewGVXXXXa_XFXXq6xXFXXXA.jpg\"><img decoding=\"async\" alt=\"HT-200-Z_06.jpg\" src=\"http:\/\/localhost\/media\/import\/detail\/HTB1KEOyGVXXXXcdXFXXq6xXFXXX3.jpg\"><\/span><\/p>\n<p data-section-blank=\"AliPostDhMb-ajolc\">\n<div id=\"ali-anchor-AliPostDhMb-ajolc\" style=\"padding-top:8px\" data-section=\"AliPostDhMb-ajolc\" data-section-title=\"Informaci\u00f3n de la empresa\"> <\/div>\n","protected":false},"excerpt":{"rendered":"<p>Bomba de piscina de gris\u00fa SUNSUN HT-200-Z<\/p>\n","protected":false},"featured_media":5645,"comment_status":"open","ping_status":"closed","template":"","meta":[],"product_brand":[],"product_cat":[1212],"product_tag":[],"class_list":{"0":"post-29468","1":"product","2":"type-product","3":"status-publish","4":"has-post-thumbnail","6":"product_cat-bombas-de-aire-y-suministros","8":"first","9":"instock","10":"shipping-taxable","11":"purchasable","12":"product-type-simple"},"_links":{"self":[{"href":"https:\/\/www.myaquastore.com\/es\/wp-json\/wp\/v2\/product\/29468","targetHints":{"allow":["GET"]}}],"collection":[{"href":"https:\/\/www.myaquastore.com\/es\/wp-json\/wp\/v2\/product"}],"about":[{"href":"https:\/\/www.myaquastore.com\/es\/wp-json\/wp\/v2\/types\/product"}],"replies":[{"embeddable":true,"href":"https:\/\/www.myaquastore.com\/es\/wp-json\/wp\/v2\/comments?post=29468"}],"wp:featuredmedia":[{"embeddable":true,"href":"https:\/\/www.myaquastore.com\/es\/wp-json\/wp\/v2\/media\/5645"}],"wp:attachment":[{"href":"https:\/\/www.myaquastore.com\/es\/wp-json\/wp\/v2\/media?parent=29468"}],"wp:term":[{"taxonomy":"product_brand","embeddable":true,"href":"https:\/\/www.myaquastore.com\/es\/wp-json\/wp\/v2\/product_brand?post=29468"},{"taxonomy":"product_cat","embeddable":true,"href":"https:\/\/www.myaquastore.com\/es\/wp-json\/wp\/v2\/product_cat?post=29468"},{"taxonomy":"product_tag","embeddable":true,"href":"https:\/\/www.myaquastore.com\/es\/wp-json\/wp\/v2\/product_tag?post=29468"}],"curies":[{"name":"wp","href":"https:\/\/api.w.org\/{rel}","templated":true}]}}