{"id":29504,"date":"2016-09-25T23:28:35","date_gmt":"2016-09-25T23:28:35","guid":{"rendered":"https:\/\/www.myaquastore.com\/product\/la-mejor-bomba-de-agua-de-mar-al-por-mayor-de-fabrica-para-peces-de-agua-de-mar-ctp-8000\/"},"modified":"2025-03-16T07:05:51","modified_gmt":"2025-03-16T07:05:51","slug":"la-mejor-bomba-de-agua-de-mar-al-por-mayor-de-fabrica-para-peces-de-agua-de-mar-ctp-8000","status":"publish","type":"product","link":"https:\/\/www.myaquastore.com\/es\/producto\/la-mejor-bomba-de-agua-de-mar-al-por-mayor-de-fabrica-para-peces-de-agua-de-mar-ctp-8000\/","title":{"rendered":"La mejor bomba de agua de mar al por mayor de f\u00e1brica para peces de agua de mar CTP-8000"},"content":{"rendered":"<div style=\"clear:both\"><\/div>\n<div style=\"font-size:13px;font-family:Arial, Helvetica, sans-serif;color:#000000;width:726px\"> <\/div>\n<div id=\"ali-anchor-AliPostDhMb-9hvw8\" style=\"padding-top:8px\" data-section-title=\"letrero\" data-section=\"AliPostDhMb-9hvw8\">\n<div id=\"ali-title-AliPostDhMb-9hvw8\" style=\"border-bottom:#ddd 1px solid;padding-bottom:8px;padding-top:8px;padding-left:0px;padding-right:0px\"> <\/div>\n<p><span><\/span><\/p>\n<\/div>\n<p style=\"text-align:center\"><span style=\"font-size:24px;font-family:arial, helvetica, sans-serif\"><strong>La mejor bomba de agua de mar ecol\u00f3gica al por mayor de f\u00e1brica para peces marinos<\/strong><\/span><\/p>\n<div id=\"ali-anchor-AliPostDhMb-n1s4a\" data-section-title=\"Descripci\u00f3n del producto\" data-section=\"AliPostDhMb-n1s4a\">\n<div id=\"ali-title-AliPostDhMb-n1s4a\" style=\"border-bottom:#ddd 1px solid;padding-bottom:8px;padding-top:8px;padding-left:0px;padding-right:0px\"><span style=\"font-weight:bold;color:#333;padding-bottom:8px;padding-top:8px;padding-left:10px;line-height:12px;padding-right:10px;background-color:#ddd\">Descripci\u00f3n del producto<\/span><\/div>\n<div style=\"padding-bottom:10px;padding-top:10px;padding-left:0px;padding-right:0px\">\n<p> <strong>Bombas de agua de mar CTP Caracter\u00edsticas:<\/strong><\/p>\n<\/div>\n<\/div>\n<p><span style=\"font-size:18px;font-family:Calibri,zapf dingbats\"><span style=\"font-size:16px;color:#000000\"><strong>1) <\/strong><span style=\"font-size:16px;font-family:Calibri,zapf dingbats;color:#000000;line-height:21px\">Motor as\u00edncrono est\u00e1ndar de alto rendimiento con nuevo dise\u00f1o y<strong> el ahorro de energ\u00eda de esta bomba de agua de mar es de hasta un 60%<\/strong> que antes.<\/span> <br \/><strong>2) <\/strong>Usando <span style=\"font-size:16px;font-family:Calibri,zapf dingbats;color:#000000;line-height:21px\">Eje de cer\u00e1mica de alta resistencia y desgaste,<\/span> y adecuado tanto para agua marina como para agua dulce; <span style=\"font-size:16px;font-family:Calibri,zapf dingbats;color:#000000;line-height:21px\"><em><strong>larga vida \u00fatil<\/strong><\/em><strong><em>.<\/em><\/strong><\/span><br \/><\/span><\/span><\/p>\n<p><span style=\"font-size:16px;font-family:Calibri,zapf dingbats;color:#000000\"><span style=\"line-height:21px\"><strong>3)<\/strong> Se aplica a <strong><em>jard\u00edn<\/em><\/strong>, <em><strong>estanques, rocosos, bourn, peceras de acuario<\/strong>,<\/em> <em><strong>tanques de mariscos<\/strong> y<strong> en cualquier lugar <\/strong><\/em><strong>con reciclaje de agua<\/strong><\/span><span style=\"line-height:21px\"> combinaci\u00f3n de equipos.<\/span><\/span><\/p>\n<p><span style=\"font-size:16px;font-family:Calibri,zapf dingbats;color:#000000;line-height:21px\"><strong>4) <\/strong><em><strong>Succi\u00f3n de bajo nivel<\/strong> <\/em>y<em><strong>bajo nivel de ruido<\/strong><\/em>. \u00a1El flujo de agua se puede ajustar!<\/span><\/p>\n<p><span style=\"font-size:16px;font-family:Calibri,zapf dingbats;color:#000000;line-height:21px\"><strong>5) <\/strong>El dise\u00f1o de la canasta de filtro grande hace que<em><strong> el mantenimiento sea mucho m\u00e1s largo<\/strong><\/em>.<\/span><\/p>\n<p><span style=\"font-size:16px;font-family:Calibri,zapf dingbats;color:#000000;line-height:21px\"><strong>6) <\/strong>El doble sello de resina y el anillo de goma lo hacen<em><strong>m\u00e1s seguro de usar<\/strong><\/em>.<\/span><\/p>\n<p><strong><span style=\"font-size:16px;font-family:Calibri,zapf dingbats;color:#000000;line-height:21px\">7)<span style=\"background-color:#339966\"> \u00a1Garant\u00eda gratuita durante 12 meses!<\/span><br \/><\/span><\/strong><\/p>\n<p style=\"text-align:left\">\n<p style=\"text-align:left\"><span style=\"font-family:Calibri,zapf dingbats\"><span style=\"font-size:14pt;font-family:Calibri,zapf dingbats\"><strong>Los par\u00e1metros y detalles de las bombas de agua de mar CTP muestran:<\/strong><\/span> <\/span><\/p>\n<p style=\"text-align:left\"><span style=\"font-size:18px;font-family:Calibri,zapf dingbats\"><strong><span style=\"color:#993300\"><img decoding=\"async\" alt=\"CTP_01.jpg\" src=\"http:\/\/localhost\/media\/import\/detail\/HTB1pYJHFVXXXXarXFXXq6xXFXXXH.jpg\"><img decoding=\"async\" alt=\"CTP_02.jpg\" src=\"http:\/\/localhost\/media\/import\/detail\/HTB1kyXGFVXXXXcDXpXXq6xXFXXX0.jpg\"><img decoding=\"async\" alt=\"CTP_03.jpg\" src=\"http:\/\/localhost\/media\/import\/detail\/HTB1YYlFFVXXXXb9XVXXq6xXFXXXL.jpg\"><img decoding=\"async\" alt=\"CTP_04.jpg\" src=\"http:\/\/localhost\/media\/import\/detail\/HTB1C8XJFVXXXXaBXpXXq6xXFXXXf.jpg\"><img decoding=\"async\" alt=\"CTP_05.jpg\" src=\"http:\/\/localhost\/media\/import\/detail\/HTB1eopBFVXXXXbBXVXXq6xXFXXXw.jpg\"><a href=\"http:\/\/gzweierma.en.alibaba.com\/productgrouplist-215139685-2\/UV_C_Clarifying.html?isGallery=Y\" target=\"_blank\"><img decoding=\"async\" alt=\"CTP_06.jpg\" src=\"http:\/\/localhost\/media\/import\/detail\/HTB1BC0GFVXXXXXXXVXXq6xXFXXXu.jpg\"><\/a><\/span><\/strong><\/span><\/p>\n<p><span style=\"font-family:Calibri,zapf dingbats\"><\/span> <\/p>\n<table class=\"ke-zeroborder\" cellpadding=\"0\" border=\"0\">\n<tbody>\n<tr>\n<td><a href=\"http:\/\/preview.alibaba.com\/product\/1940320417-215139431\/SUNSUN_Newly_ECO_Low_Power_Super_Quiet_Pond_Fountain_Submersible_Water_Pump_CTF_3800.html\" target=\"_blank\"><\/a><\/td>\n<td><span style=\"font-family:Calibri,zapf dingbats\"><a href=\"http:\/\/preview.alibaba.com\/product\/60073570801-215139431\/SUNSUN_JTP_4000_16000_garden_hose_water_pump.html\" target=\"_blank\"><\/a><\/span><\/td>\n<td><span style=\"font-family:Calibri,zapf dingbats\"><a href=\"http:\/\/preview.alibaba.com\/product\/60041935615-215139431\/SUNSUN_CTP_5000_ECO_30w_5000L_h_water_pump_home_use.html\" target=\"_blank\"><\/a><\/span><\/td>\n<td><span style=\"font-family:Calibri,zapf dingbats\"><a href=\"http:\/\/preview.alibaba.com\/product\/60011545865-215139431\/SUNSUN_HJ_series_Plastic_Circulation_Mini_Auto_Water_Pump.html\" target=\"_blank\"><\/a><\/span><\/td>\n<\/tr>\n<\/tbody>\n<\/table>\n<div id=\"ali-anchor-AliPostDhMb-akkwi\" style=\"padding-top:8px\" data-section-title=\"Informaci\u00f3n de la empresa\" data-section=\"AliPostDhMb-akkwi\">\n<div id=\"ali-title-AliPostDhMb-akkwi\" style=\"border-bottom:#ddd 1px solid;padding-bottom:8px;padding-top:8px;padding-left:0px;padding-right:0px\"><span style=\"font-weight:bold;color:#333;padding-bottom:8px;padding-top:8px;padding-left:10px;line-height:12px;padding-right:10px;background-color:#ddd\"><\/span> <\/div>\n<div style=\"border-bottom:#ddd 1px solid;padding-bottom:8px;padding-top:8px;padding-left:0px;padding-right:0px\"><span style=\"font-weight:bold;color:#333;padding-bottom:8px;padding-top:8px;padding-left:10px;line-height:12px;padding-right:10px;background-color:#ddd\"><\/span> <\/div>\n<\/div>\n<div style=\"clear:both\"><\/div>\n","protected":false},"excerpt":{"rendered":"<p>La mejor bomba de agua de mar al por mayor de f\u00e1brica para peces de agua de mar CTP-8000<\/p>\n","protected":false},"featured_media":5717,"comment_status":"open","ping_status":"closed","template":"","meta":[],"product_brand":[],"product_cat":[1146],"product_tag":[],"class_list":{"0":"post-29504","1":"product","2":"type-product","3":"status-publish","4":"has-post-thumbnail","6":"product_cat-bombas-de-agua-y-cabezales-de-potencia","8":"first","9":"instock","10":"shipping-taxable","11":"purchasable","12":"product-type-simple"},"_links":{"self":[{"href":"https:\/\/www.myaquastore.com\/es\/wp-json\/wp\/v2\/product\/29504","targetHints":{"allow":["GET"]}}],"collection":[{"href":"https:\/\/www.myaquastore.com\/es\/wp-json\/wp\/v2\/product"}],"about":[{"href":"https:\/\/www.myaquastore.com\/es\/wp-json\/wp\/v2\/types\/product"}],"replies":[{"embeddable":true,"href":"https:\/\/www.myaquastore.com\/es\/wp-json\/wp\/v2\/comments?post=29504"}],"wp:featuredmedia":[{"embeddable":true,"href":"https:\/\/www.myaquastore.com\/es\/wp-json\/wp\/v2\/media\/5717"}],"wp:attachment":[{"href":"https:\/\/www.myaquastore.com\/es\/wp-json\/wp\/v2\/media?parent=29504"}],"wp:term":[{"taxonomy":"product_brand","embeddable":true,"href":"https:\/\/www.myaquastore.com\/es\/wp-json\/wp\/v2\/product_brand?post=29504"},{"taxonomy":"product_cat","embeddable":true,"href":"https:\/\/www.myaquastore.com\/es\/wp-json\/wp\/v2\/product_cat?post=29504"},{"taxonomy":"product_tag","embeddable":true,"href":"https:\/\/www.myaquastore.com\/es\/wp-json\/wp\/v2\/product_tag?post=29504"}],"curies":[{"name":"wp","href":"https:\/\/api.w.org\/{rel}","templated":true}]}}