{"id":29513,"date":"2016-09-25T23:28:35","date_gmt":"2016-09-25T23:28:35","guid":{"rendered":"https:\/\/www.myaquastore.com\/product\/bomba-de-agua-para-tanque-de-acuario-sunsun-7000l-h-cep-7000\/"},"modified":"2025-03-16T07:05:54","modified_gmt":"2025-03-16T07:05:54","slug":"bomba-de-agua-para-tanque-de-acuario-sunsun-7000l-h-cep-7000","status":"publish","type":"product","link":"https:\/\/www.myaquastore.com\/es\/producto\/bomba-de-agua-para-tanque-de-acuario-sunsun-7000l-h-cep-7000\/","title":{"rendered":"Bomba de agua para tanque de acuario SUNSUN 7000L\/h CEP-7000"},"content":{"rendered":"<div style=\"clear:both\"><\/div>\n<div>\n<p style=\"text-align:center\">\n<\/div>\n<div style=\"padding-bottom:10px;padding-top:10px;padding-left:0px;padding-right:0px\">\n<p><span><\/span><\/p>\n<\/div>\n<p style=\"text-align:center\"><strong><span style=\"font-size:24px;line-height:36px\">Bomba de agua para tanque de acuario SUNSUN 7000L\/h<\/span><\/strong><\/p>\n<p style=\"text-align:center\">\n<div>\n<table class=\"ke-zeroborder\" style=\"width:750px\" cellpadding=\"0\" border=\"0\">\n<tbody>\n<tr>\n<td><a href=\"http:\/\/preview.alibaba.com\/product\/1439085149-215139670\/SUNSUN_CE_GS_fountain_pump_5000L_h_7000L_h_9000L_h.html\" target=\"_blank\"><\/a><\/td>\n<td><a href=\"http:\/\/preview.alibaba.com\/product\/1540580379-215139670\/SUNSUN_Energy_Saving_13000L_h_Garden_Submersible_Pump.html\" target=\"_blank\"><\/a><\/td>\n<td><a href=\"http:\/\/preview.alibaba.com\/product\/1991365959-215139431\/SUNSUN_garden_water_fountain_pump_CHJ_series_electric_pump.html\" target=\"_blank\"><\/a><\/td>\n<td><a href=\"http:\/\/preview.alibaba.com\/product\/1991066327-215139431\/SUNSUN_ECO_garden_submersible_pression_pump_CHJ_2000.html\" target=\"_blank\"><\/a><\/td>\n<\/tr>\n<\/tbody>\n<\/table>\n<\/div>\n<div id=\"ali-anchor-AliPostDhMb-xf58y\" data-section=\"AliPostDhMb-xf58y\" data-section-title=\"Descripci\u00f3n del producto\">\n<div id=\"ali-title-AliPostDhMb-xf58y\" style=\"border-bottom:#ddd 1px solid;padding-bottom:8px;padding-top:8px;padding-left:0px;padding-right:0px\"><span style=\"font-weight:bold;color:#333;padding-bottom:8px;padding-top:8px;padding-left:10px;line-height:12px;padding-right:10px;background-color:#ddd\">Descripci\u00f3n del producto<\/span><\/div>\n<div style=\"padding-bottom:10px;padding-top:10px;padding-left:0px;padding-right:0px\">\n<p><span style=\"font-size:11pt;font-family:arial, helvetica, sans-serif;line-height:22px\">Si est\u00e1 buscando bombas de agua ECO de bajo mantenimiento, podemos ayudarle. Ya sea que est\u00e9 comenzando desde cero o reemplazando bombas de agua viejas, estamos seguros de que tenemos los productos adecuados para usted. Comience su b\u00fasqueda de buenas bombas de agua ECO en su rango de precios AHORA.<\/span><\/p>\n<\/div>\n<\/div>\n<p><span style=\"font-family:times new roman,times\"><strong><span style=\"font-size:14pt;color:red\">GRATIS<\/span><\/strong><strong><span style=\"font-size:14pt;color:red\"> 12 meses \u00a1\u00a1\u00a1Garant\u00eda!!!<\/span><\/strong><\/span><\/p>\n<p><span style=\"font-family:times new roman,times;background-color:#ffff00\"><span style=\"font-size:14px;font-family:arial,helvetica,sans-serif;background-color:#ffffff\"><strong><span style=\"color:black\">[<\/span><\/strong><strong><span style=\"color:black\"><strong><span style=\"color:black\"> Bomba de agua ECO<\/span><\/strong><\/span><\/strong><strong><span style=\"color:black\"> Caracter\u00edsticas<\/span><span style=\"color:black\"> ]<\/span><\/strong><\/span><strong><\/strong><\/span><\/p>\n<\/p>\n<p><span style=\"font-size:14px\">1. Esta bomba de agua ECO adopta un eje de cer\u00e1mica inoxidable y resiste el desgaste y el \u00f3xido. El motor as\u00edncrono est\u00e1ndar de alto rendimiento con nuevo dise\u00f1o hace que esta bomba ahorre energ\u00eda hasta un 50% m\u00e1s que antes.<\/span><\/p>\n<p><span style=\"font-size:14px\">2. Recubierto con resina importada de alta calidad; El rendimiento de impermeabilidad y aislamiento es excelente. La h\u00e9lice en espiral de esta bomba de agua para estanque permite que las part\u00edculas de suciedad tengan un tama\u00f1o de hasta 5 mm.<\/span><\/p>\n<p><span style=\"font-size:14px\">3. Dise\u00f1o multifuncional&#8212;&#8211;bombeo, filtrado y fuente 3 en 1. Se puede utilizar tanto en agua dulce como en agua de mar.<\/span><\/p>\n<p><span style=\"font-size:14px\">4. La salida de esta bomba de agua ECO puede tener un aspecto hermoso; el tubo de fuente es f\u00e1cil de montar y se puede utilizar en bombas de cualquier tama\u00f1o.<\/span><\/p>\n<p><span style=\"font-size:14px\">5. El dise\u00f1o de la pantalla de filtro con \u00e1rea de gran tama\u00f1o extiende el per\u00edodo de mantenimiento<\/span><\/p>\n<p><span style=\"font-size:14px\">6. Hay disponibles varias formas de tubos de fuente. El tama\u00f1o y la altura de la hermosa fuente se pueden ajustar como desee.<\/span><\/p>\n<p><span style=\"font-size:14px\">7. Aplicar a estanques, tanques rocosos, bourn, acuarios y mariscos<\/span><br \/><span style=\"font-size:14px\">tanques con equipo de reciclaje de agua correspondiente;<\/span><br \/><span style=\"font-size:14px\">8.Baja succi\u00f3n y bajo ruido;<\/span><br \/><span style=\"font-size:14px\"> 60% que antes;<\/span><\/p>\n<p><span style=\"font-size:14px\">9.El doble sello de resina y el anillo de goma lo hacen m\u00e1s seguro de usar,<\/span><\/p>\n<p><span style=\"font-size:14px\">10. Eje cer\u00e1mico de alta resistencia y larga vida \u00fatil,<\/span><br \/><span style=\"font-size:14px\">11<\/span><span style=\"font-size:14px;font-family:arial,helvetica,sans-serif\"><span style=\"color:black\"><span style=\"font-size:14px\"> .Sin elemento cobre Cultiva organismos de agua salada de forma segura<\/span><\/span><\/span><\/p>\n<\/p>\n<p><span style=\"font-family:times new roman,times\"><img decoding=\"async\" alt=\"CEP-7000_02.jpg\" src=\"http:\/\/localhost\/media\/import\/detail\/HTB1U9Q5GXXXXXaDXFXXq6xXFXXXu.jpg\"><img decoding=\"async\" alt=\"CEP-7000_03.jpg\" src=\"http:\/\/localhost\/media\/import\/detail\/HTB1CbFiGpXXXXXLXXXXq6xXFXXXF.jpg\"><\/span><\/p>\n<p><span style=\"font-size:24px;color:#00ff00\"><strong> <span style=\"font-size:18px\"> <span style=\"color:#339966\"> CARACTER\u00cdSTICAS<\/span><\/span><\/strong><\/span><\/p>\n<table class=\"aliDataTable\" style=\"height:167px;width:754px\" border=\"1\">\n<tbody>\n<tr>\n<td style=\"text-align:center\"><span style=\"font-size:14px\"><strong>Modelo<\/strong><\/span><\/td>\n<td style=\"text-align:center\"><span style=\"font-size:14px\"><strong>Voltaje<\/strong><\/span><\/td>\n<td style=\"text-align:center\"><span style=\"font-size:14px\"><strong>Frecuencia<\/strong><\/span><\/td>\n<td style=\"text-align:center\"><span style=\"font-size:14px\"><strong>Potencia<\/strong><\/span><\/td>\n<td style=\"text-align:center\"><span style=\"font-size:14px\"><strong>H-max<\/strong><\/span><\/td>\n<td style=\"text-align:center\"><span style=\"font-size:14px\"><strong>Salida<\/strong><\/span><\/td>\n<td style=\"text-align:center\"><span style=\"font-size:14px\"><strong>Longitud del cable<\/strong><\/span><\/td>\n<td style=\"text-align:center\"><span style=\"font-size:14px\"><strong>Peso<\/strong><\/span><\/td>\n<td style=\"text-align:center\"><span style=\"font-size:14px\"><strong>L*W*H(mm)<\/strong><\/span><\/td>\n<\/tr>\n<tr>\n<td style=\"text-align:center\">CEP-5000<\/td>\n<td style=\"text-align:center\">110V\/220V\/240V<\/td>\n<td style=\"text-align:center\">50Hz\/60Hz<\/td>\n<td style=\"text-align:center\">30w<\/td>\n<td style=\"text-align:center\">3,6m<\/td>\n<td style=\"text-align:center\">5000L\/h<\/td>\n<td style=\"text-align:center\">5m<\/td>\n<td style=\"text-align:center\">2,5kg<\/td>\n<td style=\"text-align:center\">220*115*140mm<\/td>\n<\/tr>\n<tr>\n<td style=\"text-align:center\">CEP-7000<\/td>\n<td style=\"text-align:center\">110V\/220V\/240V<\/td>\n<td style=\"text-align:center\">50Hz\/60Hz<\/td>\n<td style=\"text-align:center\">50w<\/td>\n<td style=\"text-align:center\">4,4m<\/td>\n<td style=\"text-align:center\">7000L\/h<\/td>\n<td style=\"text-align:center\">5m<\/td>\n<td style=\"text-align:center\">2,5kg<\/td>\n<td style=\"text-align:center\">220*115*140<\/td>\n<\/tr>\n<tr>\n<td style=\"text-align:center\">CEP-9000<\/td>\n<td style=\"text-align:center\">110V\/220V\/240V<\/td>\n<td style=\"text-align:center\">50Hz\/60Hz<\/td>\n<td style=\"text-align:center\">70w<\/td>\n<td style=\"text-align:center\">5,2m<\/td>\n<td style=\"text-align:center\">9000L\/h<\/td>\n<td style=\"text-align:center\">5m<\/td>\n<td style=\"text-align:center\">2,5kg<\/td>\n<td style=\"text-align:center\">220*115*140<\/td>\n<\/tr>\n<\/tbody>\n<\/table>\n<div id=\"ali-anchor-AliPostDhMb-vwy49\" style=\"padding-top:8px\" data-section=\"AliPostDhMb-vwy49\" data-section-title=\"Informaci\u00f3n de la empresa\"> <\/div>\n","protected":false},"excerpt":{"rendered":"<p>Bomba de agua para tanque de acuario SUNSUN 7000L\/h CEP-7000<\/p>\n","protected":false},"featured_media":5735,"comment_status":"open","ping_status":"closed","template":"","meta":[],"product_brand":[],"product_cat":[1146],"product_tag":[],"class_list":{"0":"post-29513","1":"product","2":"type-product","3":"status-publish","4":"has-post-thumbnail","6":"product_cat-bombas-de-agua-y-cabezales-de-potencia","8":"first","9":"instock","10":"shipping-taxable","11":"purchasable","12":"product-type-simple"},"_links":{"self":[{"href":"https:\/\/www.myaquastore.com\/es\/wp-json\/wp\/v2\/product\/29513","targetHints":{"allow":["GET"]}}],"collection":[{"href":"https:\/\/www.myaquastore.com\/es\/wp-json\/wp\/v2\/product"}],"about":[{"href":"https:\/\/www.myaquastore.com\/es\/wp-json\/wp\/v2\/types\/product"}],"replies":[{"embeddable":true,"href":"https:\/\/www.myaquastore.com\/es\/wp-json\/wp\/v2\/comments?post=29513"}],"wp:featuredmedia":[{"embeddable":true,"href":"https:\/\/www.myaquastore.com\/es\/wp-json\/wp\/v2\/media\/5735"}],"wp:attachment":[{"href":"https:\/\/www.myaquastore.com\/es\/wp-json\/wp\/v2\/media?parent=29513"}],"wp:term":[{"taxonomy":"product_brand","embeddable":true,"href":"https:\/\/www.myaquastore.com\/es\/wp-json\/wp\/v2\/product_brand?post=29513"},{"taxonomy":"product_cat","embeddable":true,"href":"https:\/\/www.myaquastore.com\/es\/wp-json\/wp\/v2\/product_cat?post=29513"},{"taxonomy":"product_tag","embeddable":true,"href":"https:\/\/www.myaquastore.com\/es\/wp-json\/wp\/v2\/product_tag?post=29513"}],"curies":[{"name":"wp","href":"https:\/\/api.w.org\/{rel}","templated":true}]}}