{"id":29532,"date":"2016-09-25T23:28:36","date_gmt":"2016-09-25T23:28:36","guid":{"rendered":"https:\/\/www.myaquastore.com\/product\/filtro-de-bomba-sumergible-para-estanque-de-agua-de-jardin-sunsun-cmb-5500\/"},"modified":"2025-03-16T07:05:58","modified_gmt":"2025-03-16T07:05:58","slug":"filtro-de-bomba-sumergible-para-estanque-de-agua-de-jardin-sunsun-cmb-5500","status":"publish","type":"product","link":"https:\/\/www.myaquastore.com\/es\/producto\/filtro-de-bomba-sumergible-para-estanque-de-agua-de-jardin-sunsun-cmb-5500\/","title":{"rendered":"Filtro de bomba sumergible para estanque de agua de jard\u00edn SUNSUN CMB-5500"},"content":{"rendered":"<div style=\"clear:both\"><\/div>\n<p> <span style=\"font-size:24px\"><strong>Filtro sumergible para bomba de agua para estanque de jard\u00edn SUNSUN <\/strong><\/span><\/p>\n<p><strong><\/strong> <\/p>\n<div id=\"ali-anchor-AliPostDhMb-5sjsr\" style=\"padding-top:8px\" data-section=\"AliPostDhMb-5sjsr\" data-section-title=\"Descripci\u00f3n del producto\">\n<div id=\"ali-title-AliPostDhMb-5sjsr\" style=\"border-bottom:#ddd 1px solid;padding-bottom:8px;padding-top:8px;padding-left:0px;padding-right:0px\"><span style=\"font-weight:bold;color:#333;padding-bottom:8px;padding-top:8px;padding-left:10px;line-height:12px;padding-right:10px;background-color:#ddd\">Descripci\u00f3n del producto<\/span><\/div>\n<div style=\"padding-bottom:10px;padding-top:10px;padding-left:0px;padding-right:0px\">\n<\/div>\n<\/div>\n<p><span style=\"font-size:14px;color:#000000;background-color:#ffffff\">especificaciones:<\/span><\/p>\n<p><span>1. se aplican a<em><strong>estanques<\/strong>, <strong>tanques de acuario<\/strong> <\/em>y <em><strong>tanques de mariscos<\/strong><\/em> con equipo de reciclaje de agua a juego.<\/span><\/p>\n<p><span style=\"font-size:14px;color:#000000;background-color:#ffffff\">2. El dise\u00f1o de la canasta de filtro grande hace que el mantenimiento sea <em><strong>mucho m\u00e1s prolongado<\/strong><\/em>.<\/span><\/p>\n<p><span style=\"font-size:14px;color:#000000;background-color:#ffffff\">3. Impulsor ac\u00e9ntrico direccional patentado, <em><strong>ahorra energ\u00eda<\/strong><\/em> hasta un 30% que antes.<\/span><\/p>\n<p><span style=\"font-size:14px;color:#000000;background-color:#ffffff\">4. El doble sello de resina y el anillo de goma lo hacen<em><strong>m\u00e1s seguro<\/strong><\/em> de usar.<\/span><\/p>\n<p><span style=\"font-size:14px;color:#000000;background-color:#ffffff\">5. <em><strong>sin elemento de cobre<\/strong><\/em>. cultivar organismos de agua salada de forma segura.<\/span><\/p>\n<p><span style=\"font-size:14px;color:#000000;background-color:#ffffff\">6. El dise\u00f1o de doble ajustador puede cambiar el caudal de una fuente u otra presentaci\u00f3n de agua<em><strong> muy f\u00e1cil<\/strong><\/em>.<\/span><\/p>\n<p><span style=\"font-size:14px;color:#000000;background-color:#ffffff\">7. Eje cer\u00e1mico de <em><strong>alta resistencia<\/strong><\/em> y desgaste, <em><strong>larga vida \u00fatil<\/strong><\/em>.<\/span><\/p>\n<p><span style=\"font-size:14px\"> <\/span><\/p>\n<\/p>\n<p><span style=\"font-size:16px;color:#000000;background-color:#ffffff\"><img decoding=\"async\" alt=\"Filtro de bomba de agua sumergible para estanque de jard\u00edn SUNSUN\" src=\"http:\/\/localhost\/media\/import\/detail\/513534730_055.jpg\"><\/span><\/p>\n<p><span style=\"font-size:16px;color:#000000;background-color:#ffffff\"><img loading=\"lazy\" decoding=\"async\" alt=\"Filtro de bomba sumergible para estanque de agua de jard\u00edn SUNSUN\" src=\"http:\/\/localhost\/media\/import\/detail\/513495496_390.jpg\" width=\"706\" height=\"210\"><\/span><\/p>\n<\/p>\n<p><span style=\"font-size:16px;color:#000000;background-color:#ffffff\"><img decoding=\"async\" alt=\"Filtro de bomba sumergible para estanque de agua de jard\u00edn SUNSUN\" src=\"http:\/\/localhost\/media\/import\/detail\/513536967_059.jpg\"><img decoding=\"async\" alt=\"Estanque de agua sumergible para jard\u00edn SUNSUN Filtro de bomba\" src=\"http:\/\/localhost\/media\/import\/detail\/513536968_438.jpg\"><\/span><\/p>\n<\/p>\n<div style=\"clear:both\"><\/div>\n","protected":false},"excerpt":{"rendered":"<p>Filtro de bomba sumergible para estanque de agua de jard\u00edn SUNSUN CMB-5500<\/p>\n","protected":false},"featured_media":5773,"comment_status":"open","ping_status":"closed","template":"","meta":[],"product_brand":[],"product_cat":[1146],"product_tag":[],"class_list":{"0":"post-29532","1":"product","2":"type-product","3":"status-publish","4":"has-post-thumbnail","6":"product_cat-bombas-de-agua-y-cabezales-de-potencia","8":"first","9":"instock","10":"shipping-taxable","11":"purchasable","12":"product-type-simple"},"_links":{"self":[{"href":"https:\/\/www.myaquastore.com\/es\/wp-json\/wp\/v2\/product\/29532","targetHints":{"allow":["GET"]}}],"collection":[{"href":"https:\/\/www.myaquastore.com\/es\/wp-json\/wp\/v2\/product"}],"about":[{"href":"https:\/\/www.myaquastore.com\/es\/wp-json\/wp\/v2\/types\/product"}],"replies":[{"embeddable":true,"href":"https:\/\/www.myaquastore.com\/es\/wp-json\/wp\/v2\/comments?post=29532"}],"wp:featuredmedia":[{"embeddable":true,"href":"https:\/\/www.myaquastore.com\/es\/wp-json\/wp\/v2\/media\/5773"}],"wp:attachment":[{"href":"https:\/\/www.myaquastore.com\/es\/wp-json\/wp\/v2\/media?parent=29532"}],"wp:term":[{"taxonomy":"product_brand","embeddable":true,"href":"https:\/\/www.myaquastore.com\/es\/wp-json\/wp\/v2\/product_brand?post=29532"},{"taxonomy":"product_cat","embeddable":true,"href":"https:\/\/www.myaquastore.com\/es\/wp-json\/wp\/v2\/product_cat?post=29532"},{"taxonomy":"product_tag","embeddable":true,"href":"https:\/\/www.myaquastore.com\/es\/wp-json\/wp\/v2\/product_tag?post=29532"}],"curies":[{"name":"wp","href":"https:\/\/api.w.org\/{rel}","templated":true}]}}