{"id":29543,"date":"2016-09-25T23:28:36","date_gmt":"2016-09-25T23:28:36","guid":{"rendered":"https:\/\/www.myaquastore.com\/product\/bomba-de-agua-sumergible-jep-15000-de-ahorro-de-energia-15000l-h-sunsun\/"},"modified":"2025-03-16T07:06:01","modified_gmt":"2025-03-16T07:06:01","slug":"bomba-de-agua-sumergible-jep-15000-de-ahorro-de-energia-15000l-h-sunsun","status":"publish","type":"product","link":"https:\/\/www.myaquastore.com\/es\/producto\/bomba-de-agua-sumergible-jep-15000-de-ahorro-de-energia-15000l-h-sunsun\/","title":{"rendered":"Bomba de agua sumergible JEP-15000 de ahorro de energ\u00eda 15000L\/h SUNSUN"},"content":{"rendered":"<div style=\"clear:both\"><\/div>\n<p style=\"text-align:left\"><span style=\"font-size:24px\"><strong><span style=\"background-color:#ffff00\">Bomba de agua sumergible SUNSUN de ahorro de energ\u00eda de 15000L\/h en China<\/span><\/strong><\/span><\/p>\n<p style=\"text-align:left\"><strong><\/strong> <\/p>\n<p style=\"text-align:left\"><strong><span style=\"font-size:18px;color:#ff9900\">1. <\/span><\/strong><strong><span style=\"font-size:18px;color:#ff9900\">Descripci\u00f3n del producto<\/span><\/strong><\/p>\n<p style=\"text-align:left\"><span style=\"font-size:18px\"> <span style=\"font-size:14px;font-family:comic sans ms, sans-serif\"> <\/span><\/span><\/p>\n<p style=\"text-align:left\"><span style=\"font-size:14px;font-family:comic sans ms,sans-serif\">1. M\u00faltiples tama\u00f1os de salida para varias tuber\u00edas.<\/span> <\/p>\n<p><span style=\"font-size:14px;font-family:comic sans ms,sans-serif\">2. La funci\u00f3n anfibia puede ser adecuada en una amplia gama.<\/span> <\/p>\n<p><span style=\"font-size:14px;font-family:comic sans ms,sans-serif\">3.Apariencia optimizada dise\u00f1o, estructura razonable y alta eficiencia.<\/span><\/p>\n<p><span style=\"font-size:14px\"><span style=\"font-family:comic sans ms,sans-serif\">4. Motor as\u00edncrono est\u00e1ndar de alto rendimiento con nuevo dise\u00f1o, bajo nivel de ruido, <\/span><span style=\"font-family:comic sans ms,sans-serif\">ahorro de energ\u00eda y resistente al agua.<\/span><\/span><\/p>\n<p><span style=\"font-size:14px\"><span style=\"font-family:comic sans ms,sans-serif\">5. Dise\u00f1o especial del motor, eje cer\u00e1mico resistente al desgaste, larga vida \u00fatil y adecuado <\/span><span style=\"font-family:comic sans ms,sans-serif\">para tierra anfibio.<\/span><\/span><\/p>\n<p><span style=\"font-size:14px\"><span style=\"font-family:comic sans ms,sans-serif\">6. Utiliza un n\u00facleo de eje resistente al desgaste de alta resistencia, tiene energ\u00eda altamente eficiente<\/span><span style=\"font-family:comic sans ms,sans-serif\">ahorro y servicio prolongado vida.<\/span><\/span><\/p>\n<p style=\"text-align:left\"><span style=\"font-size:14px;font-family:comic sans ms,sans-serif;background:#ffffff;color:#000000\"> <\/span><strong><\/strong> <\/p>\n<p><strong><span style=\"font-size:18px;font-family:comic sans ms, sans-serif;color:#ff9900;background-color:#ffffff\"><span style=\"font-family:arial, helvetica, sans-serif\">2. Detalles de la bomba de agua sumergible JEP-15000<\/span> <\/span><\/strong> <\/p>\n<\/p>\n<p> <img loading=\"lazy\" decoding=\"async\" alt=\"Bomba de agua sumergible de ahorro de energ\u00eda 15000L\/h SUNSUN en China\" src=\"http:\/\/localhost\/media\/import\/detail\/716740527_054.jpg\" width=\"594\" height=\"200\"><\/p>\n<\/p>\n<p><img decoding=\"async\" alt=\"Bomba de agua sumergible SUNSUN de ahorro de energ\u00eda de 15000L\/h en China\" src=\"http:\/\/localhost\/media\/import\/detail\/883432929_870.jpg\"><\/p>\n<\/p>\n<p><span style=\"font-family:arial, helvetica, sans-serif;color:#ff9900;background-color:#ffffff\"><strong><span style=\"font-size:18px\">3. Enchufes<\/span><\/strong><\/span><\/p>\n<\/p>\n<p> <img loading=\"lazy\" decoding=\"async\" alt=\"Bomba de agua sumergible de ahorro de energ\u00eda 15000L\/h SUNSUN en China\" src=\"http:\/\/localhost\/media\/import\/detail\/701358586_388.jpg\" width=\"594\" height=\"363\"><\/p>\n<\/p>\n<p style=\"text-align:center\">\n<p><span style=\"font-size:18px;color:#ff9900\"><span style=\"font-family:arial, helvetica, sans-serif\"><strong><\/strong><\/span><\/span><\/p>\n","protected":false},"excerpt":{"rendered":"<p>Bomba de agua sumergible JEP-15000 de ahorro de energ\u00eda 15000L\/h SUNSUN<\/p>\n","protected":false},"featured_media":5795,"comment_status":"open","ping_status":"closed","template":"","meta":[],"product_brand":[],"product_cat":[1146],"product_tag":[],"class_list":{"0":"post-29543","1":"product","2":"type-product","3":"status-publish","4":"has-post-thumbnail","6":"product_cat-bombas-de-agua-y-cabezales-de-potencia","8":"first","9":"instock","10":"shipping-taxable","11":"purchasable","12":"product-type-simple"},"_links":{"self":[{"href":"https:\/\/www.myaquastore.com\/es\/wp-json\/wp\/v2\/product\/29543","targetHints":{"allow":["GET"]}}],"collection":[{"href":"https:\/\/www.myaquastore.com\/es\/wp-json\/wp\/v2\/product"}],"about":[{"href":"https:\/\/www.myaquastore.com\/es\/wp-json\/wp\/v2\/types\/product"}],"replies":[{"embeddable":true,"href":"https:\/\/www.myaquastore.com\/es\/wp-json\/wp\/v2\/comments?post=29543"}],"wp:featuredmedia":[{"embeddable":true,"href":"https:\/\/www.myaquastore.com\/es\/wp-json\/wp\/v2\/media\/5795"}],"wp:attachment":[{"href":"https:\/\/www.myaquastore.com\/es\/wp-json\/wp\/v2\/media?parent=29543"}],"wp:term":[{"taxonomy":"product_brand","embeddable":true,"href":"https:\/\/www.myaquastore.com\/es\/wp-json\/wp\/v2\/product_brand?post=29543"},{"taxonomy":"product_cat","embeddable":true,"href":"https:\/\/www.myaquastore.com\/es\/wp-json\/wp\/v2\/product_cat?post=29543"},{"taxonomy":"product_tag","embeddable":true,"href":"https:\/\/www.myaquastore.com\/es\/wp-json\/wp\/v2\/product_tag?post=29543"}],"curies":[{"name":"wp","href":"https:\/\/api.w.org\/{rel}","templated":true}]}}