{"id":29545,"date":"2016-09-25T23:28:36","date_gmt":"2016-09-25T23:28:36","guid":{"rendered":"https:\/\/www.myaquastore.com\/product\/bomba-utilitaria-marina-sumergible-sunsun-ce-gs-4700l-h-cmb-4500\/"},"modified":"2025-03-16T07:06:02","modified_gmt":"2025-03-16T07:06:02","slug":"bomba-utilitaria-marina-sumergible-sunsun-ce-gs-4700l-h-cmb-4500","status":"publish","type":"product","link":"https:\/\/www.myaquastore.com\/es\/producto\/bomba-utilitaria-marina-sumergible-sunsun-ce-gs-4700l-h-cmb-4500\/","title":{"rendered":"Bomba utilitaria marina sumergible SUNSUN CE, GS 4700L\/h CMB-4500"},"content":{"rendered":"<div style=\"clear:both\"><\/div>\n<p><span style=\"font-size:18px;color:#00ffff;background-color:#ffff00\"><strong> Bomba utilitaria marina sumergible SUNSUN CE, GS 4700L\/h <\/strong><\/span><\/p>\n<p style=\"text-align:left\"><strong><\/strong> <\/p>\n<p style=\"text-align:left\"><span style=\"font-size:16px\"><strong><span style=\"color:#ff9900\">1. Descripci\u00f3n del producto<\/span><\/strong><\/span><\/p>\n<p style=\"text-align:left\">\n<p><span style=\"font-size:14px;font-family:comic sans ms,sans-serif\">1. Aplicar a estanques, acuarios y tanques de mariscos con qwuipment de reciclaje de agua<\/span><\/p>\n<p style=\"text-align:left\">\n<p><span style=\"font-size:14px;font-family:comic sans ms,sans-serif\"> coincidente.<\/span><\/p>\n<p style=\"text-align:left\">\n<p><span style=\"font-size:14px;font-family:comic sans ms,sans-serif\">2. Succi\u00f3n de palanca baja y poco ruido.<\/span><\/p>\n<p style=\"text-align:left\">\n<p><span style=\"font-size:14px;font-family:comic sans ms,sans-serif\">3. Motor as\u00edncrono est\u00e1ndar de alto rendimiento con nuevo dise\u00f1o y ahorro de energ\u00eda <\/span><\/p>\n<p style=\"text-align:left\">\n<p><span style=\"font-size:14px;font-family:comic sans ms,sans-serif\"> hasta un 50% que antes.<\/span><\/p>\n<p style=\"text-align:left\">\n<p><span style=\"font-size:14px;font-family:comic sans ms,sans-serif\">4. El doble sello de resina y el anillo de goma lo hacen m\u00e1s seguro de usar.<\/span><\/p>\n<p style=\"text-align:left\">\n<p><span style=\"font-size:14px;font-family:comic sans ms,sans-serif\">5. Sin elemento de cobre. Cultivar organismos de agua salada de forma segura.<\/span><\/p>\n<p style=\"text-align:left\">\n<p><span style=\"font-size:14px;font-family:comic sans ms,sans-serif\">6. El dise\u00f1o de doble ajustador puede cambiar el caudal de una fuente u otra exhibici\u00f3n de agua<\/span><\/p>\n<p style=\"text-align:left\">\n<p><span style=\"font-size:14px;font-family:comic sans ms,sans-serif\"> muy f\u00e1cil.<\/span><\/p>\n<p style=\"text-align:left\"><strong><\/strong> <\/p>\n<p><strong><span style=\"font-size:18px;font-family:comic sans ms, sans-serif;color:#ff9900;background-color:#ffffff\"><span style=\"font-size:16px\">2. Detalles de la bomba utilitaria marina sumergible CMB-4500<\/span><\/span><\/strong><strong><span style=\"font-size:18px;font-family:comic sans ms, sans-serif;color:#ff9900;background-color:#ffffff\"> <\/span><\/strong> <\/p>\n<\/p>\n<p> <img loading=\"lazy\" decoding=\"async\" alt=\"SUNSUN CE, GS Bomba utilitaria marina sumergible 4700L\/h\" src=\"http:\/\/localhost\/media\/import\/detail\/815498276_749.jpg\" width=\"601\" height=\"159\"><\/p>\n<p><img loading=\"lazy\" decoding=\"async\" alt=\"Bomba utilitaria marina sumergible SUNSUN CE, GS 4700L\/h\" src=\"http:\/\/localhost\/media\/import\/detail\/800285614_829.jpg\" width=\"600\" height=\"600\"><\/p>\n<\/p>\n<p><span style=\"font-size:16px\"><span style=\"color:#ff9900;background-color:#ffffff\"><strong><span style=\"font-family:comic sans ms, sans-serif\">3. Cabezales de fuente para bomba utilitaria marina sumergible<\/span><\/strong><\/span> <\/span><\/p>\n<\/p>\n<p><img loading=\"lazy\" decoding=\"async\" alt=\"Bomba utilitaria marina sumergible SUNSUN CE, GS 4700L\/h\" src=\"http:\/\/localhost\/media\/import\/detail\/734361649_848.jpg\" width=\"599\" height=\"128\"><\/p>\n<\/p>\n<p><p style=\"text-align:left\"><span style=\"font-size:18px;color:#ff9900;font-style:italic\"><\/span><\/p><\/p>\n","protected":false},"excerpt":{"rendered":"<p>Bomba utilitaria marina sumergible SUNSUN CE, GS 4700L\/h CMB-4500<\/p>\n","protected":false},"featured_media":5799,"comment_status":"open","ping_status":"closed","template":"","meta":[],"product_brand":[],"product_cat":[1146],"product_tag":[],"class_list":{"0":"post-29545","1":"product","2":"type-product","3":"status-publish","4":"has-post-thumbnail","6":"product_cat-bombas-de-agua-y-cabezales-de-potencia","8":"first","9":"instock","10":"shipping-taxable","11":"purchasable","12":"product-type-simple"},"_links":{"self":[{"href":"https:\/\/www.myaquastore.com\/es\/wp-json\/wp\/v2\/product\/29545","targetHints":{"allow":["GET"]}}],"collection":[{"href":"https:\/\/www.myaquastore.com\/es\/wp-json\/wp\/v2\/product"}],"about":[{"href":"https:\/\/www.myaquastore.com\/es\/wp-json\/wp\/v2\/types\/product"}],"replies":[{"embeddable":true,"href":"https:\/\/www.myaquastore.com\/es\/wp-json\/wp\/v2\/comments?post=29545"}],"wp:featuredmedia":[{"embeddable":true,"href":"https:\/\/www.myaquastore.com\/es\/wp-json\/wp\/v2\/media\/5799"}],"wp:attachment":[{"href":"https:\/\/www.myaquastore.com\/es\/wp-json\/wp\/v2\/media?parent=29545"}],"wp:term":[{"taxonomy":"product_brand","embeddable":true,"href":"https:\/\/www.myaquastore.com\/es\/wp-json\/wp\/v2\/product_brand?post=29545"},{"taxonomy":"product_cat","embeddable":true,"href":"https:\/\/www.myaquastore.com\/es\/wp-json\/wp\/v2\/product_cat?post=29545"},{"taxonomy":"product_tag","embeddable":true,"href":"https:\/\/www.myaquastore.com\/es\/wp-json\/wp\/v2\/product_tag?post=29545"}],"curies":[{"name":"wp","href":"https:\/\/api.w.org\/{rel}","templated":true}]}}