{"id":29549,"date":"2016-09-25T23:28:36","date_gmt":"2016-09-25T23:28:36","guid":{"rendered":"https:\/\/www.myaquastore.com\/product\/bomba-de-agua-para-acuario-de-gran-flujo-de-agua-sunsun-jp-055-1200l-h\/"},"modified":"2025-03-16T07:06:03","modified_gmt":"2025-03-16T07:06:03","slug":"bomba-de-agua-para-acuario-de-gran-flujo-de-agua-sunsun-jp-055-1200l-h","status":"publish","type":"product","link":"https:\/\/www.myaquastore.com\/es\/producto\/bomba-de-agua-para-acuario-de-gran-flujo-de-agua-sunsun-jp-055-1200l-h\/","title":{"rendered":"Bomba de agua para acuario de gran flujo de agua SUNSUN (JP-055 1200L\/h)"},"content":{"rendered":"<div style=\"clear:both\"><\/div>\n<p><span style=\"background-color:#ffff00\"><strong><span style=\"font-size:26pt;font-family:'Times New Roman';font-style:normal\">SUNSUN <\/span><span style=\"font-size:24pt;font-family:'Times New Roman';font-style:normal\">JP<\/span><span style=\"font-size:20pt;font-family:'Times New Roman';font-style:normal\">-055<\/span><span style=\"font-size:20pt;font-style:normal\"> Bomba de agua para acuario<\/span><span style=\"font-size:9pt;font-family:'Arial'\"> <\/span><\/strong><\/span><\/p>\n<\/p>\n<p><span style=\"font-size:14pt;font-family:'Times New Roman';background:#ff0000\">[ Par\u00e1metro de la bomba de agua del acuario JP-055]<\/span><\/p>\n<\/p>\n<p><span style=\"font-size:10.5pt;font-family:'Times New Roman';color:#000000\">Voltaje:110V\/220V\/240V<\/span><\/p>\n<\/p>\n<p><span style=\"font-size:10.5pt;font-family:'Times New Roman';color:#000000\">Frecuencia: 50Hz\/60Hz<\/span><span style=\"font-size:10.5pt;font-family:'Arial';color:#000000\"> <\/span><\/p>\n<\/p>\n<p><span style=\"font-size:10.5pt;font-family:'Times New Roman';color:#000000\">Potencia: 20W<\/span><\/p>\n<\/p>\n<p><span style=\"font-size:10.5pt;font-family:'Times New Roman';color:#000000\">H-max:2.0m<\/span><\/p>\n<\/p>\n<p><span style=\"font-size:10.5pt;font-family:'Times New Roman';color:#000000\">Salida: 1200L\/h<\/span><\/p>\n<\/p>\n<p><span style=\"font-size:10.5pt;font-family:'Times New Roman';color:#000000\">Peso: 0,6Kg<\/span><\/p>\n<\/p>\n<p><span style=\"font-size:10.5pt;font-family:'Times New Roman';color:#000000\">Dimensiones:110x80x84mm<\/span><\/p>\n<\/p>\n<p><span style=\"font-size:14pt;font-family:'Arial';color:#ff0000\">GRATIS<\/span><span style=\"font-size:14pt;font-family:'Times New Roman';color:#ff0000\"> Garant\u00eda de 12 meses<\/span><span style=\"font-size:14pt;color:#ff0000\">!!!<\/span><\/p>\n<\/p>\n<\/p>\n<p><span style=\"font-size:12pt;font-family:'Times New Roman';background:#ff0000;color:#000000\">[ <\/span><span style=\"font-size:14pt;font-family:'Times New Roman';background:#ff0000;color:#000000\">Bomba de agua para acuario JP-055<\/span><span style=\"font-size:12pt;font-family:'Times New Roman';color:#000000\"> <\/span><span style=\"font-size:14pt;font-family:'Times New Roman';color:#000000\">Descripci\u00f3n<\/span><span style=\"font-size:12pt;font-family:'Times New Romano';color:#000000\">]<\/span><\/p>\n<\/p>\n<p><span style=\"font-size:10.5pt;font-family:'Times New Roman';color:#000000\">(1). Bomba de agua para acuario MULTIfunci\u00f3n, set de bombeo, filtro y ox\u00edgeno en uno.<\/span><\/p>\n<\/p>\n<p><span style=\"font-size:10.5pt;font-family:'Times New Roman';color:#000000\">(2). Utiliza un n\u00facleo de eje resistente al desgaste de alta resistencia, tiene un ahorro de energ\u00eda altamente eficiente y un servicio prolongado.<\/span><\/p>\n<\/p>\n<p><span style=\"font-size:10.5pt;font-family:'Times New Roman';color:#000000\">(3). tiene buena impermeabilidad, alta resistencia diel\u00e9ctrica, es seguro y confiable.<\/span><\/p>\n<\/p>\n<p><span style=\"font-size:10.5pt;font-family:'Times New Roman';color:#000000\">(4). Est\u00e1 dise\u00f1ado con impulsor centr\u00edfugo, tiene alto flujo y alta presi\u00f3n.<\/span><\/p>\n<\/p>\n<p><span style=\"font-size:10.5pt;font-family:'Times New Roman';color:#000000\">(5). Se aplica a acuarios, fuentes y estanques con rocallas que combinen con dispositivos de circulaci\u00f3n de agua.<\/span><\/p>\n<\/p>\n<p><span style=\"font-size:14pt;font-family:'Times New Roman';background:#ff0000;color:#000000\">[ Otra bomba de agua para acuarios<\/span><span style=\"font-size:14pt;font-family:times new roman,times;color:#000000\">s<\/span><span style=\"font-size:14pt;font-family:'Times New Roman';color:#000000\">Par\u00e1metro]<\/span><span style=\"font-size:12pt;font-family:'Times New Roman';color:#000000\"> <\/span><\/p>\n<\/p>\n<table class=\"aliDataTable\">\n<tbody>\n<tr align=\"left\">\n<td style=\"background:#ffffff;text-align:center;width:63.05pt\" valign=\"top\">\n<p><strong><span style=\"font-size:11pt;font-family:'Times New Roman';background:#ffffff;color:#000000\">Modelo<\/span><\/strong><\/p>\n<\/td>\n<td style=\"text-align:center;width:75.75pt\" valign=\"top\">\n<p style=\"background:#ffffff\"><strong><span style=\"font-size:11pt;font-family:'Times New Roman';background:#ffffff;color:#000000\">Voltaje<\/span><\/strong><\/p>\n<\/td>\n<td style=\"background:#ffffff;text-align:center;width:62.8pt\" valign=\"top\">\n<p><strong><span style=\"font-size:11pt;font-family:'Times New Roman';background:#ffffff;color:#000000\">Frecuencia<\/span><\/strong><\/p>\n<\/td>\n<td style=\"text-align:center;width:54.75pt\" valign=\"top\">\n<p style=\"background:#ffffff\"><strong><span style=\"font-size:11pt;font-family:'Times New Roman';background:#ffffff;color:#000000\">Potencia<\/span><\/strong><\/p>\n<\/td>\n<td style=\"background:#ffffff;text-align:center;width:54.75pt\" valign=\"top\">\n<p style=\"background:#ffffff\"><strong><span style=\"font-size:11pt;font-family:'Times New Roman';background:#ffffff;color:#000000\">H-max<\/span><\/strong><\/p>\n<\/td>\n<td style=\"background:#ffffff;text-align:center;width:54.75pt\" valign=\"top\">\n<p style=\"background:#ffffff\"><strong><span style=\"font-size:11pt;font-family:'Times New Roman';background:#ffffff;color:#000000\">Salida<\/span><\/strong><\/p>\n<\/td>\n<td style=\"background:#ffffff;text-align:center;width:54.8pt\" valign=\"top\">\n<p><strong><span style=\"font-size:11pt;font-family:'Times New Roman';color:#000000\">Peso<\/span><\/strong><\/p>\n<\/td>\n<td style=\"text-align:center;width:98.75pt\" valign=\"top\">\n<p style=\"background:#ffffff\"><strong><span style=\"font-size:11pt;font-family:'Times New Roman';background:#ffffff;color:#000000\">Dimensiones<\/span><\/strong><\/p>\n<\/td>\n<\/tr>\n<tr align=\"left\">\n<td style=\"background:#ffffff;text-align:center\" valign=\"top\">\n<p><span style=\"font-size:10.5pt;font-family:'Times New Roman';color:#000000\">JP-052<\/span><\/p>\n<\/td>\n<td style=\"text-align:center\" valign=\"top\">\n<p><span style=\"font-size:10.5pt;font-family:'Times New Roman';color:#000000\">110V\/220V\/240V<\/span><\/p>\n<\/td>\n<td style=\"text-align:center\" valign=\"top\">\n<p><span style=\"font-size:10.5pt;font-family:'Times New Roman';color:#000000\">50Hz\/60Hz<\/span><\/p>\n<\/td>\n<td style=\"text-align:center\" valign=\"top\">\n<p><span style=\"font-size:10.5pt;font-family:'Times New Roman';color:#000000\">6W<\/span><\/p>\n<\/td>\n<td style=\"text-align:center\" valign=\"top\">\n<p><span style=\"font-size:10.5pt;font-family:'Times New Roman';color:#000000\">0,75 m<\/span><\/p>\n<\/td>\n<td style=\"text-align:center\" valign=\"top\">\n<p><span style=\"font-size:10.5pt;font-family:'Times New Roman';color:#000000\">450L\/h<\/span><\/p>\n<\/td>\n<td style=\"text-align:center\" valign=\"top\">\n<p><span style=\"font-size:10.5pt;font-family:'Times New Roman';color:#000000\">0,3 kg<\/span><\/p>\n<\/td>\n<td style=\"text-align:center\" valign=\"top\">\n<p><span style=\"font-size:10.5pt;font-family:'Times New Roman';color:#000000\">77*62*58mm<\/span><\/p>\n<\/td>\n<\/tr>\n<tr align=\"left\">\n<td style=\"text-align:center\" valign=\"top\">\n<p><span style=\"font-size:10.5pt;font-family:'Times New Roman';color:#000000\">JP-053<\/span><\/p>\n<\/td>\n<td style=\"text-align:center\" valign=\"top\">\n<p><span style=\"font-size:10.5pt;font-family:'Times New Roman';color:#000000\">110V\/220V\/240V<\/span><\/p>\n<\/td>\n<td style=\"text-align:center\" valign=\"top\">\n<p><span style=\"font-size:10.5pt;font-family:'Times New Roman';color:#000000\">50Hz\/60Hz<\/span><\/p>\n<\/td>\n<td style=\"text-align:center\" valign=\"top\">\n<p><span style=\"font-size:10.5pt;font-family:'Times New Roman';color:#000000\">10W<\/span><\/p>\n<\/td>\n<td style=\"text-align:center\" valign=\"top\">\n<p><span style=\"font-size:10.5pt;font-family:'Times New Roman';color:#000000\">1,2 m<\/span><\/p>\n<\/td>\n<td style=\"text-align:center\" valign=\"top\">\n<p><span style=\"font-size:10.5pt;font-family:'Times New Roman';color:#000000\">700L\/h<\/span><\/p>\n<\/td>\n<td style=\"text-align:center\" valign=\"top\">\n<p><span style=\"font-size:10.5pt;font-family:'Times New Roman';color:#000000\">0,4 kg<\/span><\/p>\n<\/td>\n<td style=\"text-align:center\" valign=\"top\">\n<p><span style=\"font-size:10.5pt;font-family:'Times New Roman';color:#000000\">81*70*64mm<\/span><\/p>\n<\/td>\n<\/tr>\n<tr align=\"left\">\n<td style=\"text-align:center\" valign=\"top\">\n<p><span style=\"font-size:10.5pt;font-family:'Times New Roman';color:#000000\">JP-054<\/span><\/p>\n<\/td>\n<td style=\"text-align:center\" valign=\"top\">\n<p><span style=\"font-size:10.5pt;font-family:'Times New Roman';color:#000000\">110V\/220V\/240V<\/span><\/p>\n<\/td>\n<td style=\"text-align:center\" valign=\"top\">\n<p><span style=\"font-size:10.5pt;font-family:'Times New Roman';color:#000000\">50Hz\/60Hz<\/span><\/p>\n<\/td>\n<td style=\"text-align:center\" valign=\"top\">\n<p><span style=\"font-size:10.5pt;font-family:'Times New Roman';color:#000000\">14W<\/span><\/p>\n<\/td>\n<td style=\"text-align:center\" valign=\"top\">\n<p><span style=\"font-size:10.5pt;font-family:'Times New Roman';color:#000000\">1,6 m<\/span><\/p>\n<\/td>\n<td style=\"text-align:center\" valign=\"top\">\n<p><span style=\"font-size:10.5pt;font-family:'Times New Roman';color:#000000\">900L\/h<\/span><\/p>\n<\/td>\n<td style=\"text-align:center\" valign=\"top\">\n<p><span style=\"font-size:10.5pt;font-family:'Times New Roman';color:#000000\">0,5 kg<\/span><\/p>\n<\/td>\n<td style=\"text-align:center\" valign=\"top\">\n<p><span style=\"font-size:10.5pt;font-family:'Times New Roman';color:#000000\">87*72*70mm<\/span><\/p>\n<\/td>\n<\/tr>\n<tr align=\"left\">\n<td style=\"text-align:center\" valign=\"top\">\n<p><span style=\"font-size:10.5pt;font-family:'Times New Roman';color:#000000\">JP-055<\/span><\/p>\n<\/td>\n<td style=\"text-align:center\" valign=\"top\">\n<p><span style=\"font-size:10.5pt;font-family:'Times New Roman';color:#000000\">110V\/220V\/240V<\/span><\/p>\n<\/td>\n<td style=\"text-align:center\" valign=\"top\">\n<p><span style=\"font-size:10.5pt;font-family:'Times New Roman';color:#000000\">50Hz\/60Hz<\/span><\/p>\n<\/td>\n<td style=\"text-align:center\" valign=\"top\">\n<p><span style=\"font-size:10.5pt;font-family:'Times New Roman';color:#000000\">20W<\/span><\/p>\n<\/td>\n<td style=\"text-align:center\" valign=\"top\">\n<p><span style=\"font-size:10.5pt;font-family:'Times New Roman';color:#000000\">2,0 m<\/span><\/p>\n<\/td>\n<td style=\"text-align:center\" valign=\"top\">\n<p><span style=\"font-size:10.5pt;font-family:'Times New Roman';color:#000000\">1200L\/h<\/span><\/p>\n<\/td>\n<td style=\"text-align:center\" valign=\"top\">\n<p><span style=\"font-size:10.5pt;font-family:'Times New Roman';color:#000000\">0,6 kg<\/span><\/p>\n<\/td>\n<td style=\"text-align:center\" valign=\"top\">\n<p><span style=\"font-size:10.5pt;font-family:'Times New Roman';color:#000000\">110*80*84mm<\/span><\/p>\n<\/td>\n<\/tr>\n<td style=\"text-align:center\" valign=\"top\">\n<p><span style=\"font-size:10.5pt;font-family:'Times New Roman';color:#000000\">JP-056<\/span><\/p>\n<\/td>\n<td style=\"text-align:center\" valign=\"top\">\n<p><span style=\"font-size:10.5pt;font-family:'Times New Roman';color:#000000\">110V\/220V\/240V<\/span><\/p>\n<\/td>\n<td style=\"text-align:center\" valign=\"top\">\n<p><span style=\"font-size:10.5pt;font-family:'Times New Roman';color:#000000\">50Hz\/60Hz<\/span><\/p>\n<\/td>\n<td style=\"text-align:center\" valign=\"top\">\n<p><span style=\"font-size:10.5pt;font-family:'Times New Roman';color:#000000\">40W<\/span><\/p>\n<\/td>\n<td style=\"text-align:center\" valign=\"top\">\n<p><span style=\"font-size:10.5pt;font-family:'Times New Roman';color:#000000\">2,4 m<\/span><\/p>\n<\/td>\n<td style=\"text-align:center\" valign=\"top\">\n<p><span style=\"font-size:10.5pt;font-family:'Times New Roman';color:#000000\">2700L\/h<\/span><\/p>\n<\/td>\n<td style=\"text-align:center\" valign=\"top\">\n<p><span style=\"font-size:10.5pt;font-family:'Times New Roman';color:#000000\">1,25 kg<\/span><\/p>\n<\/td>\n<td style=\"text-align:center\" valign=\"top\">\n<p><span style=\"font-size:10.5pt;font-family:'Times New Roman';color:#000000\">126*101*102mm<\/span><\/p>\n<\/td>\n<\/tr>\n<tr align=\"left\">\n<td style=\"text-align:center\" valign=\"top\">\n<p><span style=\"font-size:10.5pt;font-family:'Times New Roman';color:#000000\">JP-057<\/span><\/p>\n<\/td>\n<td style=\"text-align:center\" valign=\"top\">\n<p><span style=\"font-size:10.5pt;font-family:'Times New Roman';color:#000000\">110V\/220V\/240V<\/span><\/p>\n<\/td>\n<td style=\"text-align:center\" valign=\"top\">\n<p><span style=\"font-size:10.5pt;font-family:'Times New Roman';color:#000000\">50Hz\/60Hz<\/span><\/p>\n<\/td>\n<td style=\"text-align:center\" valign=\"top\">\n<p><span style=\"font-size:10.5pt;font-family:'Times New Roman';color:#000000\">50W<\/span><\/p>\n<\/td>\n<td style=\"text-align:center\" valign=\"top\">\n<p><span style=\"font-size:10.5pt;font-family:'Times New Roman';color:#000000\">2,7 m<\/span><\/p>\n<\/td>\n<td style=\"text-align:center\" valign=\"top\">\n<p><span style=\"font-size:10.5pt;font-family:'Times New Roman';color:#000000\">3500L\/h<\/span><\/p>\n<\/td>\n<td style=\"text-align:center\" valign=\"top\">\n<p><span style=\"font-size:10.5pt;font-family:'Times New Roman';color:#000000\">1,4 kg<\/span><\/p>\n<\/td>\n<td style=\"text-align:center\" valign=\"top\">\n<p><span style=\"font-size:10.5pt;font-family:'Times New Roman';color:#000000\">130*110*105mm<\/span><\/p>\n<\/td>\n<\/tr>\n<tr align=\"left\">\n<td style=\"text-align:center\" valign=\"top\">\n<p><span style=\"font-size:10.5pt;font-family:'Times New Roman';color:#000000\">JP-058<\/span><\/p>\n<\/td>\n<td style=\"text-align:center\" valign=\"top\">\n<p><span style=\"font-size:10.5pt;font-family:'Times New Roman';color:#000000\">110V\/220V\/240V<\/span><\/p>\n<\/td>\n<td style=\"text-align:center\" valign=\"top\">\n<p><span style=\"font-size:10.5pt;font-family:'Times New Roman';color:#000000\">50Hz\/60Hz<\/span><\/p>\n<\/td>\n<td style=\"text-align:center\" valign=\"top\">\n<p><span style=\"font-size:10.5pt;font-family:'Times New Roman';color:#000000\">80W<\/span><\/p>\n<\/td>\n<td style=\"text-align:center\" valign=\"top\">\n<p><span style=\"font-size:10.5pt;font-family:'Times New Roman';color:#000000\">3,5 m<\/span><\/p>\n<\/td>\n<td style=\"text-align:center\" valign=\"top\">\n<p><span style=\"font-size:10.5pt;font-family:'Times New Roman';color:#000000\">5000L\/h<\/span><\/p>\n<\/td>\n<td style=\"text-align:center\" valign=\"top\">\n<p><span style=\"font-size:10.5pt;font-family:'Times New Roman';color:#000000\">1,9 kg<\/span><\/p>\n<\/td>\n<td style=\"text-align:center\" valign=\"top\">\n<p><span style=\"font-size:10.5pt;font-family:'Times New Roman';color:#000000\">168*124*142mm<\/span><\/p>\n<\/td>\n<\/tr>\n<tr align=\"left\">\n<td style=\"text-align:center\" valign=\"top\">\n<p><span style=\"font-size:10.5pt;font-family:'Times New Roman';color:#000000\">JP-059<\/span><\/p>\n<\/td>\n<td style=\"text-align:center\" valign=\"top\">\n<p><span style=\"font-size:10.5pt;font-family:'Times New Roman';color:#000000\">110V\/220V\/240V<\/span><\/p>\n<\/td>\n<td style=\"text-align:center\" valign=\"top\">\n<p><span style=\"font-size:10.5pt;font-family:'Times New Roman';color:#000000\">50Hz\/60Hz<\/span><\/p>\n<\/td>\n<td style=\"text-align:center\" valign=\"top\">\n<p><span style=\"font-size:10.5pt;font-family:'Times New Roman';color:#000000\">100W<\/span><\/p>\n<\/td>\n<td style=\"text-align:center\" valign=\"top\">\n<p><span style=\"font-size:10.5pt;font-family:'Times New Roman';color:#000000\">4,0 m<\/span><\/p>\n<\/td>\n<td style=\"text-align:center\" valign=\"top\">\n<p><span style=\"font-size:10.5pt;font-family:'Times New Roman';color:#000000\">5800L\/h<\/span><\/p>\n<\/td>\n<td style=\"text-align:center\" valign=\"top\">\n<p><span style=\"font-size:10.5pt;font-family:'Times New Roman';color:#000000\">3,3 kg<\/span><\/p>\n<\/td>\n<td style=\"text-align:center\" valign=\"top\">\n<p><span style=\"font-size:10.5pt;font-family:'Times New Roman';color:#000000\">180*140*140mm<\/span><\/p>\n<\/td>\n<\/tr>\n<\/tbody>\n<\/table>\n<\/p>\n<p><span style=\"font-size:14pt;font-family:'Times New Roman';background:#ff0000;color:#000000\">[<\/span><span style=\"font-size:14pt;font-family:'Times New Roman';background:#ff0000;color:#000000\">Bomba de agua para acuario<\/span><span style=\"font-size:14pt;font-family:'Times New Roman';background:#ff0000;color:#000000\"> Pantalla]<\/span><\/p>\n<p><img decoding=\"async\" alt=\"Bomba de agua para acuario SUNSUN de gran flujo de agua (JP-055 1200L\/h)\" src=\"http:\/\/localhost\/media\/import\/detail\/673483660_259.jpg\"><\/p><\/p>\n","protected":false},"excerpt":{"rendered":"<p>Bomba de agua para acuario de gran flujo de agua SUNSUN (JP-055 1200L\/h)<\/p>\n","protected":false},"featured_media":5807,"comment_status":"open","ping_status":"closed","template":"","meta":[],"product_brand":[],"product_cat":[1146],"product_tag":[],"class_list":{"0":"post-29549","1":"product","2":"type-product","3":"status-publish","4":"has-post-thumbnail","6":"product_cat-bombas-de-agua-y-cabezales-de-potencia","8":"first","9":"instock","10":"shipping-taxable","11":"purchasable","12":"product-type-simple"},"_links":{"self":[{"href":"https:\/\/www.myaquastore.com\/es\/wp-json\/wp\/v2\/product\/29549","targetHints":{"allow":["GET"]}}],"collection":[{"href":"https:\/\/www.myaquastore.com\/es\/wp-json\/wp\/v2\/product"}],"about":[{"href":"https:\/\/www.myaquastore.com\/es\/wp-json\/wp\/v2\/types\/product"}],"replies":[{"embeddable":true,"href":"https:\/\/www.myaquastore.com\/es\/wp-json\/wp\/v2\/comments?post=29549"}],"wp:featuredmedia":[{"embeddable":true,"href":"https:\/\/www.myaquastore.com\/es\/wp-json\/wp\/v2\/media\/5807"}],"wp:attachment":[{"href":"https:\/\/www.myaquastore.com\/es\/wp-json\/wp\/v2\/media?parent=29549"}],"wp:term":[{"taxonomy":"product_brand","embeddable":true,"href":"https:\/\/www.myaquastore.com\/es\/wp-json\/wp\/v2\/product_brand?post=29549"},{"taxonomy":"product_cat","embeddable":true,"href":"https:\/\/www.myaquastore.com\/es\/wp-json\/wp\/v2\/product_cat?post=29549"},{"taxonomy":"product_tag","embeddable":true,"href":"https:\/\/www.myaquastore.com\/es\/wp-json\/wp\/v2\/product_tag?post=29549"}],"curies":[{"name":"wp","href":"https:\/\/api.w.org\/{rel}","templated":true}]}}