{"id":29552,"date":"2016-09-25T23:28:36","date_gmt":"2016-09-25T23:28:36","guid":{"rendered":"https:\/\/www.myaquastore.com\/product\/bomba-de-agua-para-acuicultura-sunsun-gran-oferta-6000l-h-jap-6000\/"},"modified":"2025-03-16T07:06:03","modified_gmt":"2025-03-16T07:06:03","slug":"bomba-de-agua-para-acuicultura-sunsun-gran-oferta-6000l-h-jap-6000","status":"publish","type":"product","link":"https:\/\/www.myaquastore.com\/es\/producto\/bomba-de-agua-para-acuicultura-sunsun-gran-oferta-6000l-h-jap-6000\/","title":{"rendered":"Bomba de agua para acuicultura SUNSUN, gran oferta, 6000L\/h, JAP-6000"},"content":{"rendered":"<div style=\"clear:both\"><\/div>\n<div style=\"font-size:13px;font-family:Arial, Helvetica, sans-serif;color:#000000;width:726px\">\n<div>\n<p style=\"text-align:center\"><strong><span style=\"font-size:24px\">SUNSUN Venta caliente 6000L\/h bomba de agua para acuicultura <\/span><\/strong><\/p>\n<p data-section-blank=\"AliPostDhMb-edxsy\">\n<\/div>\n<\/div>\n<div id=\"ali-anchor-AliPostDhMb-edxsy\" style=\"padding-top:8px\" data-section=\"AliPostDhMb-edxsy\" data-section-title=\"Descripci\u00f3n del producto\">\n<div id=\"ali-title-AliPostDhMb-edxsy\" style=\"border-bottom:#ddd 1px solid;padding-bottom:8px;padding-top:8px;padding-left:0px;padding-right:0px\"><span style=\"font-weight:bold;color:#333;padding-bottom:8px;padding-top:8px;padding-left:10px;line-height:12px;padding-right:10px;background-color:#ddd\">Descripci\u00f3n del producto<\/span><\/div>\n<div style=\"padding-bottom:10px;padding-top:10px;padding-left:0px;padding-right:0px\">\n<div style=\"height:42px;width:750px\">\n<div style=\"height:42px;float:left;width:25px;background-color:#00ccff\"> <\/div>\n<div style=\"height:30px;float:right;color:#ffffff;padding-bottom:5px;padding-top:5px;padding-left:0px;padding-right:0px;width:720px;background-color:#0099ff\">\n<div style=\"font-size:24px;border-top:#ffffff 1px solid;height:30px;font-family:Arial;border-bottom:#ffffff 1px solid;font-weight:bold;font-style:italic;padding-left:10px;line-height:30px;width:720px\">Visualizaci\u00f3n del producto<\/div>\n<\/div>\n<\/div>\n<\/div>\n<\/div>\n<p data-section-blank=\"AliPostDhMb-edxsy\">\n<p><span style=\"font-size:16px;font-family:arial,helvetica,sans-serif\"><strong><span style=\"color:#008000\">Caracter\u00edsticas:<\/span><\/strong><\/span><\/p>\n<p><span style=\"font-size:10.5pt;font-family:arial,helvetica,sans-serif\">1.Conector de descarga m\u00faltiple para varias tuber\u00edas.<\/span><\/p>\n<p><span style=\"font-size:10.5pt;font-family:arial,helvetica,sans-serif\">2. La funci\u00f3n anfibia puede ser adecuada en una amplia gama.<\/span><\/p>\n<p><span style=\"font-size:10.5pt;font-family:arial,helvetica,sans-serif\">3.Simplifica la apariencia dise\u00f1o, estructura razonable y alta eficiencia.<\/span><\/p>\n<p><span style=\"font-family:arial,helvetica,sans-serif\"><span style=\"font-size:10.5pt\">4.Motor as\u00edncrono est\u00e1ndar de alto rendimiento con nuevo dise\u00f1o, bajo nivel de ruido, <\/span><span style=\"font-size:10.5pt\"> ahorro de energ\u00eda e impermeable.<\/span><\/span><\/p>\n<p><span style=\"font-family:arial,helvetica,sans-serif\"><span style=\"font-size:10.5pt\">5. Dise\u00f1o especial del motor, eje cer\u00e1mico resistente al desgaste, larga vida \u00fatil y adecuado<\/span><span style=\"font-size:10.5pt\"> para anfibios terrestres.<\/span><\/span><\/p>\n<p><span style=\"font-family:arial,helvetica,sans-serif\"><span style=\"font-size:10.5pt\">6. Utiliza un n\u00facleo de eje resistente al desgaste de alta resistencia, tiene un ahorro de energ\u00eda altamente eficiente<\/span><span style=\"font-size:10.5pt\"> y una larga vida \u00fatil.<\/span><\/span><\/p>\n<p><span style=\"font-family:arial,helvetica,sans-serif\"> Enchufe 7.EU<\/span><\/p>\n<p><span style=\"font-family:arial,helvetica,sans-serif\"><strong><span style=\"font-size:16px\"><span style=\"color:#008000\">Precauciones de seguridad importantes:<\/span><br \/><\/span><\/strong><span>1. Aseg\u00farese de estar utilizando la fuente de alimentaci\u00f3n correcta.<\/span><span style=\"font-size:10.5pt\"><br \/><\/span><span style=\"font-size:10.5pt\">2. El cable de alimentaci\u00f3n no se reemplaza<\/span><span style=\"font-size:10.5pt\"> a<\/span><span style=\"font-size:10.5pt\"> ble. No intente acortar el cable de alimentaci\u00f3n ni quitar el p<\/span><span style=\"font-size:10.5pt\"> lu<\/span><span style=\"font-size:10.5pt\"> g. El incumplimiento de este punto puede causar da\u00f1os al producto.<\/span><span style=\"font-size:10.5pt\"><br \/><\/span><span style=\"font-size:10.5pt\">3. Si detecta un olor o ruido anormal en el producto, descon\u00e9ctelo inmediatamente y verifique la causa. Comun\u00edquese con<\/span><span style=\"font-size:10.5pt\"> c<\/span><span style=\"font-size:10.5pt\"> con su minorista\/distribuidor si es necesario.<\/span><span style=\"font-size:10.5pt\"><br \/><\/span><span style=\"font-size:10.5pt\">4. Aseg\u00farese de que su mano y el enchufe est\u00e9n secos cuando conecte o desconecte el producto.<\/span><span style=\"font-size:10.5pt\"><br \/><\/span><span style=\"font-size:10.5pt\">5. No acerque la bomba directamente a la l\u00ednea el\u00e9ctrica, ya que esto puede apagar la l\u00ednea el\u00e9ctrica.<\/span><span style=\"font-size:10.5pt\"><br \/><\/span><span style=\"font-size:10.5pt\">6. Desenchufe el producto antes de la instalaci\u00f3n y limpieza. No tire del cable de alimentaci\u00f3n bruscamente. Para desconectarlo, agarre el enchufe y s\u00e1quelo del recept\u00e1culo.<\/span><span style=\"font-size:10.5pt\"><br \/><\/span><span style=\"font-size:10.5pt\">7. La bomba es adecuada \u00fanicamente para agua dulce y marina. No<\/span><span style=\"font-size:10.5pt\"> <\/span><span style=\"font-size:10.5pt\"> no lo deje en un ambiente a m\u00e1s de 35??C o menos de las condiciones de congelaci\u00f3n.<\/span><\/span><\/p>\n<\/p>\n<table class=\"aliDataTable\" style=\"height:196px;width:749px\" border=\"1\">\n<tbody>\n<tr>\n<td style=\"text-align:center\"><strong>Modelo<\/strong><\/td>\n<td style=\"text-align:center\"><strong>Voltaje<\/strong><\/td>\n<td style=\"text-align:center\"><strong>Frecuencia<\/strong><\/td>\n<td style=\"text-align:center\"><strong>Potencia<\/strong><\/td>\n<td style=\"text-align:center\"><strong>H-max<\/strong><\/td>\n<td style=\"text-align:center\"><strong>Salida<\/strong><\/td>\n<td style=\"text-align:center\"><strong>Longitud del cable<\/strong><\/td>\n<td style=\"text-align:center\"><strong>Peso<\/strong><\/td>\n<td style=\"text-align:center\"><strong>L*W*H(mm)<\/strong><\/td>\n<\/tr>\n<tr>\n<td style=\"text-align:center\"> JAP-6000<\/td>\n<td style=\"text-align:center\"> 110V\/220V\/240V<\/td>\n<td style=\"text-align:center\"> 50Hz\/60Hz<\/td>\n<td style=\"text-align:center\">140W<\/td>\n<td style=\"text-align:center\"> 6,0m<\/td>\n<td style=\"text-align:center\"> 6000L\/h<\/td>\n<td style=\"text-align:center\"> 5m<\/td>\n<td style=\"text-align:center\"> 3,5kg<\/td>\n<td style=\"text-align:center\">355*125*145<\/td>\n<\/tr>\n<tr>\n<td style=\"text-align:center\"> JAP-7500<\/td>\n<td style=\"text-align:center\"> 110V\/220V\/240V<\/td>\n<td style=\"text-align:center\"> 50Hz\/60Hz<\/td>\n<td style=\"text-align:center\"> 140W<\/td>\n<td style=\"text-align:center\"> 5,0m<\/td>\n<td style=\"text-align:center\"> 7500L\/h<\/td>\n<td style=\"text-align:center\"> 5m<\/td>\n<td style=\"text-align:center\"> 3,5kg<\/td>\n<td style=\"text-align:center\"> 355*125*145<\/td>\n<\/tr>\n<tr>\n<td style=\"text-align:center\"> JAP-8500<\/td>\n<td style=\"text-align:center\"> 110V\/220V\/240V<\/td>\n<td style=\"text-align:center\"> 50Hz\/60Hz<\/td>\n<td style=\"text-align:center\"> 230W<\/td>\n<td style=\"text-align:center\"> 7,0m<\/td>\n<td style=\"text-align:center\"> 8500L\/h<\/td>\n<td style=\"text-align:center\"> 5m<\/td>\n<td style=\"text-align:center\"> 5,0kg<\/td>\n<td style=\"text-align:center\"> 375*130*153<\/td>\n<\/tr>\n<tr>\n<td style=\"text-align:center\"> JAP-10000<\/td>\n<td style=\"text-align:center\"> 110V\/220V\/240V<\/td>\n<td style=\"text-align:center\"> 50Hz\/60Hz<\/td>\n<td style=\"text-align:center\"> 230W<\/td>\n<td style=\"text-align:center\"> 6,0m<\/td>\n<td style=\"text-align:center\"> 10000L\/h<\/td>\n<td style=\"text-align:center\"> 5m<\/td>\n<td style=\"text-align:center\"> 5,0kg<\/td>\n<td style=\"text-align:center\"> 375*130*153<\/td>\n<\/tr>\n<tr>\n<td style=\"text-align:center\"> JAP-13000<\/td>\n<td style=\"text-align:center\"> 110V\/220V\/240V<\/td>\n<td style=\"text-align:center\"> 50Hz\/60Hz<\/td>\n<td style=\"text-align:center\"> 400W<\/td>\n<td style=\"text-align:center\"> 7,5m<\/td>\n<td style=\"text-align:center\"> 13000L\/h<\/td>\n<td style=\"text-align:center\"> 5m<\/td>\n<td style=\"text-align:center\"> 5,5kg<\/td>\n<td style=\"text-align:center\"> 400*140*165<\/td>\n<\/tr>\n<tr>\n<td style=\"text-align:center\"> JAP-15000<\/td>\n<td style=\"text-align:center\"> 110V\/220V\/240V<\/td>\n<td style=\"text-align:center\"> 50Hz\/60Hz<\/td>\n<td style=\"text-align:center\"> 420W<\/td>\n<td style=\"text-align:center\"> 7,0m<\/td>\n<td style=\"text-align:center\"> 15000L\/h<\/td>\n<td style=\"text-align:center\"> 5m<\/td>\n<td style=\"text-align:center\"> 5,5kg<\/td>\n<td style=\"text-align:center\"> 400*140*165<\/td>\n<\/tr>\n<tr>\n<td style=\"text-align:center\"> JAP-18000<\/td>\n<td style=\"text-align:center\"> 110V\/220V\/240V<\/td>\n<td style=\"text-align:center\"> 50Hz\/60Hz<\/td>\n<td style=\"text-align:center\"> 420W<\/td>\n<td style=\"text-align:center\">6,5m<\/td>\n<td style=\"text-align:center\"> 18000L\/h<\/td>\n<td style=\"text-align:center\"> 5m<\/td>\n<td style=\"text-align:center\"> 5,5kg<\/td>\n<td style=\"text-align:center\"> 400*140*165<\/td>\n<\/tr>\n<\/tbody>\n<\/table>\n<p><img decoding=\"async\" alt=\"JAP-8500_01.jpg\" src=\"http:\/\/localhost\/media\/import\/detail\/HTB12kk6GXXXXXbpXVXXq6xXFXXXD.jpg\"><img decoding=\"async\" alt=\"JAP-8500_02.jpg\" src=\"http:\/\/localhost\/media\/import\/detail\/HTB1ehwOGXXXXXaNaXXXq6xXFXXX5.jpg\"><img decoding=\"async\" alt=\"JAP-8500_03.jpg\" src=\"http:\/\/localhost\/media\/import\/detail\/HTB1LMwEGXXXXXapaXXXq6xXFXXXq.jpg\"><img decoding=\"async\" alt=\"JAP-8500_04.jpg\" src=\"http:\/\/localhost\/media\/import\/detail\/HTB1Jr7QGXXXXXbvXVXXq6xXFXXXI.jpg\"><img decoding=\"async\" alt=\"JAP-8500_05.jpg\" src=\"http:\/\/localhost\/media\/import\/detail\/HTB1vY.3GXXXXXXSXVXXq6xXFXXXj.jpg\"><img decoding=\"async\" alt=\"JAP-8500_06.jpg\" src=\"http:\/\/localhost\/media\/import\/detail\/HTB1QEgYGXXXXXb0XFXXq6xXFXXXg.jpg\"><img decoding=\"async\" alt=\"JAP-8500_07.jpg\" src=\"http:\/\/localhost\/media\/import\/detail\/HTB1KgAYGXXXXXcYXVXXq6xXFXXXQ.jpg\"><img decoding=\"async\" alt=\"JAP-8500_08.jpg\" src=\"http:\/\/localhost\/media\/import\/detail\/HTB1xNZZGXXXXXaPXVXXq6xXFXXXA.jpg\"><\/p>\n<\/p>\n<p style=\"text-align:center\"><span style=\"font-size:10.5pt;font-family:'Comic Sans MS'\"><span style=\"font-family:Comic Sans MS\"><img decoding=\"async\" alt=\"08.jpg\" src=\"http:\/\/localhost\/media\/import\/detail\/HTB11QJDGVXXXXXlXVXXq6xXFXXXD.jpg\"><img decoding=\"async\" alt=\"03.jpg\" src=\"http:\/\/localhost\/media\/import\/detail\/HTB1yK3FGXXXXXaOaXXXq6xXFXXXV.jpg\"><img decoding=\"async\" alt=\"4.jpg\" src=\"http:\/\/localhost\/media\/import\/detail\/HTB1Hm3TGXXXXXa_XVXXq6xXFXXXL.jpg\"><img loading=\"lazy\" decoding=\"async\" alt=\"SUNSUN Venta caliente Bomba de agua para acuicultura 6000L\/h\" src=\"http:\/\/localhost\/media\/import\/detail\/523278359_920.jpg\" width=\"600\" height=\"484\"><\/span><\/span><\/p>\n<p style=\"text-align:center\">\n<p data-section-blank=\"AliPostDhMb-amj5q\">\n<div id=\"ali-anchor-AliPostDhMb-amj5q\" style=\"padding-top:8px\" data-section=\"AliPostDhMb-amj5q\" data-section-title=\"Informaci\u00f3n de la empresa\"> <\/div>\n","protected":false},"excerpt":{"rendered":"<p>Bomba de agua para acuicultura SUNSUN, gran oferta, 6000L\/h, JAP-6000<\/p>\n","protected":false},"featured_media":5813,"comment_status":"open","ping_status":"closed","template":"","meta":[],"product_brand":[],"product_cat":[1146],"product_tag":[],"class_list":{"0":"post-29552","1":"product","2":"type-product","3":"status-publish","4":"has-post-thumbnail","6":"product_cat-bombas-de-agua-y-cabezales-de-potencia","8":"first","9":"instock","10":"shipping-taxable","11":"purchasable","12":"product-type-simple"},"_links":{"self":[{"href":"https:\/\/www.myaquastore.com\/es\/wp-json\/wp\/v2\/product\/29552","targetHints":{"allow":["GET"]}}],"collection":[{"href":"https:\/\/www.myaquastore.com\/es\/wp-json\/wp\/v2\/product"}],"about":[{"href":"https:\/\/www.myaquastore.com\/es\/wp-json\/wp\/v2\/types\/product"}],"replies":[{"embeddable":true,"href":"https:\/\/www.myaquastore.com\/es\/wp-json\/wp\/v2\/comments?post=29552"}],"wp:featuredmedia":[{"embeddable":true,"href":"https:\/\/www.myaquastore.com\/es\/wp-json\/wp\/v2\/media\/5813"}],"wp:attachment":[{"href":"https:\/\/www.myaquastore.com\/es\/wp-json\/wp\/v2\/media?parent=29552"}],"wp:term":[{"taxonomy":"product_brand","embeddable":true,"href":"https:\/\/www.myaquastore.com\/es\/wp-json\/wp\/v2\/product_brand?post=29552"},{"taxonomy":"product_cat","embeddable":true,"href":"https:\/\/www.myaquastore.com\/es\/wp-json\/wp\/v2\/product_cat?post=29552"},{"taxonomy":"product_tag","embeddable":true,"href":"https:\/\/www.myaquastore.com\/es\/wp-json\/wp\/v2\/product_tag?post=29552"}],"curies":[{"name":"wp","href":"https:\/\/api.w.org\/{rel}","templated":true}]}}