{"id":30040,"date":"2016-09-25T23:28:37","date_gmt":"2016-09-25T23:28:37","guid":{"rendered":"https:\/\/www.myaquastore.com\/product\/bomba-de-peces-de-acuario-sunsun-cegs-con-cup-129-de-alta-calidad\/"},"modified":"2025-03-16T07:12:05","modified_gmt":"2025-03-16T07:12:05","slug":"bomba-de-peces-de-acuario-sunsun-cegs-con-cup-129-de-alta-calidad","status":"publish","type":"product","link":"https:\/\/www.myaquastore.com\/es\/producto\/bomba-de-peces-de-acuario-sunsun-cegs-con-cup-129-de-alta-calidad\/","title":{"rendered":"Bomba de peces de acuario SUNSUN CE,GS con CUP-129 de alta calidad"},"content":{"rendered":"<div style=\"clear:both\"><\/div>\n<div style=\"font-size:13px;font-family:Arial, Helvetica, sans-serif;color:#000000;width:726px\">\n<table class=\"ke-zeroborder\" style=\"width:750px\" cellpadding=\"0\" border=\"0\">\n<tbody>\n<tr>\n<td><a href=\"http:\/\/preview.alibaba.com\/product\/663378958-215139670\/Koi_Pond_Fish_Tank_Aquarium_UV_Serilizer_CUV_111A.html\" target=\"_blank\"><\/a><\/td>\n<td><a href=\"http:\/\/preview.alibaba.com\/product\/1554227447-215139670\/SUNSUN_Pond_Underground_Filter_1000L_h_with_9W_UV_clarifier_CUP_129.html\" target=\"_blank\"><\/a><\/td>\n<td> <\/td>\n<td><a href=\"http:\/\/preview.alibaba.com\/product\/60052250289-215139670\/SUNSUN_CUV_236_36w_aquarium_water_designer_uv_filter.html\" target=\"_blank\"><\/a><\/td>\n<\/tr>\n<\/tbody>\n<\/table>\n<p style=\"text-align:left\"><span style=\"font-size:16px;color:#000000\"><strong>CARACTER\u00cdSTICAS:<\/strong><\/span><\/p>\n<p style=\"text-align:left\"><span style=\"font-size:18pt\"><strong>Bomba para peces de acuario SUNSUN CE,GS de alta calidad<\/strong><\/span><\/p>\n<p style=\"text-align:left\"><span style=\"font-size:18px;color:#000000\"><span style=\"font-size:24px\"><span style=\"font-size:14px\">1. Este producto enrolla fuente con filtro para esterilizaci\u00f3n, bombeo de ox\u00edgeno y muchas<\/span><span style=\"font-size:14px\"> otras funciones en un gabinete de configuraci\u00f3n compacta a granel.<\/span><br \/><span style=\"font-size:14px\">2. Este producto es adecuado para estanques y equipos para acuarios medianos y grandes.<\/span><br \/><span style=\"font-size:14px\">3. Doble uso tanto para agua de mar como para agua dulce.<\/span><\/span><\/span><\/p>\n<p style=\"text-align:left\">\n<p style=\"text-align:left\"><span style=\"font-size:16px\"><strong><span style=\"color:#000000\">PARAMETROS:<\/span><\/strong><\/span><\/p>\n<table class=\"aliDataTable\" style=\"height:201px;width:776px\" border=\"1\">\n<tbody>\n<tr>\n<td style=\"text-align:center\">MODELO<\/td>\n<td style=\"text-align:center\">VOLTAJE<\/td>\n<td style=\"text-align:center\">FRECUENCIA<\/td>\n<td style=\"text-align:center\">POTENCIA<\/td>\n<td style=\"text-align:center\">BOMBA DE AGUA<\/td>\n<td style=\"text-align:center\">POTENCIA UV-C<\/td>\n<td style=\"text-align:center\">CAPACIDAD<\/td>\n<td style=\"text-align:center\">FLUJO<\/td>\n<td style=\"text-align:center\">H-MAX<\/td>\n<td style=\"text-align:center\">PESO<\/td>\n<td style=\"text-align:center\">L*W*H<\/td>\n<\/tr>\n<tr>\n<td style=\"text-align:center\">TAZA-129<\/td>\n<td style=\"text-align:center\">110V\/220V\/240V<\/td>\n<td style=\"text-align:center\">50Hz\/60Hz<\/td>\n<td style=\"text-align:center\">24w<\/td>\n<td style=\"text-align:center\">12w<\/td>\n<td style=\"text-align:center\">9w<\/td>\n<td style=\"text-align:center\">6000L<\/td>\n<td style=\"text-align:center\">1000L\/h<\/td>\n<td style=\"text-align:center\">1,4m<\/td>\n<td style=\"text-align:center\">2,0kg<\/td>\n<td style=\"text-align:center\">330*100*105<\/td>\n<\/tr>\n<tr>\n<td style=\"text-align:center\">CUP-139<\/td>\n<td style=\"text-align:center\">110V\/220V\/240V<\/td>\n<td style=\"text-align:center\">50Hz\/60Hz<\/td>\n<td style=\"text-align:center\">28w<\/td>\n<td style=\"text-align:center\">12w<\/td>\n<td style=\"text-align:center\">13w<\/td>\n<td style=\"text-align:center\">9000L<\/td>\n<td style=\"text-align:center\">1000L\/h<\/td>\n<td style=\"text-align:center\">1,4m<\/td>\n<td style=\"text-align:center\">2,2kg<\/td>\n<td style=\"text-align:center\">350*100*105<\/td>\n<\/tr>\n<tr>\n<td style=\"text-align:center\">CUP-609<\/td>\n<td style=\"text-align:center\">110V\/220V\/240V<\/td>\n<td style=\"text-align:center\">50Hz\/60Hz<\/td>\n<td style=\"text-align:center\">18w<\/td>\n<td style=\"text-align:center\">6w<\/td>\n<td style=\"text-align:center\">9w<\/td>\n<td style=\"text-align:center\">6000L<\/td>\n<td style=\"text-align:center\">2000L\/h<\/td>\n<td style=\"text-align:center\">\/<\/td>\n<td style=\"text-align:center\">1,8kg<\/td>\n<td style=\"text-align:center\">317*110*105<\/td>\n<\/tr>\n<tr>\n<td style=\"text-align:center\">CUP-619<\/td>\n<td style=\"text-align:center\">110V\/220V\/240V<\/td>\n<td style=\"text-align:center\">50Hz\/60Hz<\/td>\n<td style=\"text-align:center\">22w<\/td>\n<td style=\"text-align:center\">6w<\/td>\n<td style=\"text-align:center\">13w<\/td>\n<td style=\"text-align:center\">9000L<\/td>\n<td style=\"text-align:center\">2000L\/h<\/td>\n<td style=\"text-align:center\">\/<\/td>\n<td style=\"text-align:center\">1,8kg<\/td>\n<td style=\"text-align:center\">337*100*105<\/td>\n<\/tr>\n<tr>\n<td style=\"text-align:center\">TAZA-359<\/td>\n<td style=\"text-align:center\">110V\/220V\/240V<\/td>\n<td style=\"text-align:center\">50Hz\/60Hz<\/td>\n<td style=\"text-align:center\">45w<\/td>\n<td style=\"text-align:center\">32w<\/td>\n<td style=\"text-align:center\">9w<\/td>\n<td style=\"text-align:center\">12000L<\/td>\n<td style=\"text-align:center\">2000L\/h<\/td>\n<td style=\"text-align:center\">2m<\/td>\n<td style=\"text-align:center\">2,5kg<\/td>\n<td style=\"text-align:center\">360*118*110<\/td>\n<\/tr>\n<\/tbody>\n<\/table>\n<p style=\"text-align:left\">\n<p style=\"text-align:left\">\n<p style=\"text-align:center\"><span style=\"font-size:18px;color:#000000\"><strong><span style=\"font-size:24px\"><img decoding=\"async\" alt=\"cup-129-(1)_01.jpg\" src=\"http:\/\/localhost\/media\/import\/detail\/HTB1vPw1FVXXXXcMXXXXq6xXFXXXJ.jpg\"><img decoding=\"async\" alt=\"cup-129-(1)_02.jpg\" src=\"http:\/\/localhost\/media\/import\/detail\/HTB15zU6FVXXXXXcXXXXq6xXFXXXr.jpg\"><img decoding=\"async\" alt=\"cup-129-(1)_03.jpg\" src=\"http:\/\/localhost\/media\/import\/detail\/HTB14y.YFVXXXXasXFXXq6xXFXXXs.jpg\"><img decoding=\"async\" alt=\"cup-129-(1)_04.jpg\" src=\"http:\/\/localhost\/media\/import\/detail\/HTB1ay.YFVXXXXcuXpXXq6xXFXXXF.jpg\"><img decoding=\"async\" alt=\"cup-129-(1)_05.jpg\" src=\"http:\/\/localhost\/media\/import\/detail\/HTB1PUA4FVXXXXbAXXXXq6xXFXXXt.jpg\"><img decoding=\"async\" alt=\"cup-129-(1)_06.jpg\" src=\"http:\/\/localhost\/media\/import\/detail\/HTB1QfZWFVXXXXbVXFXXq6xXFXXX3.jpg\"><img decoding=\"async\" alt=\"cup-129-(1)_07.jpg\" src=\"http:\/\/localhost\/media\/import\/detail\/HTB1RLsYFVXXXXX5XFXXq6xXFXXX8.jpg\"><img decoding=\"async\" alt=\"cup-129-(1)_08.jpg\" src=\"http:\/\/localhost\/media\/import\/detail\/HTB1jgkUFVXXXXboXFXXq6xXFXXXE.jpg\"><\/span><\/strong><\/span><\/p>\n<p style=\"text-align:center\">\n<\/div>\n<div id=\"ali-anchor-AliPostDhMb-dcp1u\" style=\"padding-top:8px\" data-section=\"AliPostDhMb-dcp1u\" data-section-title=\"Informaci\u00f3n de la empresa\">\n<div id=\"ali-title-AliPostDhMb-dcp1u\" style=\"border-bottom:#ddd 1px solid;padding-bottom:8px;padding-top:8px;padding-left:0px;padding-right:0px\"><span style=\"font-weight:bold;color:#333;padding-bottom:8px;padding-top:8px;padding-left:10px;line-height:12px;padding-right:10px;background-color:#ddd\">Informaci\u00f3n de la empresa<\/span><\/div>\n<div style=\"padding-bottom:10px;padding-top:10px;padding-left:0px;padding-right:0px\">\n<div style=\"height:42px;width:750px\">\n<div style=\"height:42px;float:left;width:25px;background-color:#00ccff\"> <\/div>\n<div style=\"height:30px;float:right;color:#ffffff;padding-bottom:5px;padding-top:5px;padding-left:0px;padding-right:0px;width:720px;background-color:#0099ff\">\n<div style=\"font-size:24px;border-top:#ffffff 1px solid;height:30px;font-family:Arial;border-bottom:#ffffff 1px solid;font-weight:bold;font-style:italic;padding-left:10px;line-height:30px;width:720px\">Acerca de nosotros<\/div>\n<\/div>\n<\/div>\n<p><em><span style=\"font-size:18px\"><strong> sunsun<\/strong><\/span><\/em><span style=\"font-size:16px\"> se centra en la fabricaci\u00f3n de productos y equipos acu\u00e1ticos para estanques durante m\u00e1s de 30 a\u00f1os.<\/span><span style=\"font-size:16px\"> Nos hemos convertido en el l\u00edder y el mayor fabricante de productos acu\u00e1ticos para estanques en China.<\/span><span style=\"font-size:16px\"> Somos famosos en las siguientes industrias: instalaciones para acuarios, maquinaria para acuicultura, equipos industriales, etc.Aqu\u00ed Esperamos establecer una asociaci\u00f3n mutuamente beneficiosa con usted para un ma\u00f1ana brillante.<\/span><em><span style=\"font-size:16px\"><img decoding=\"async\" alt=\".jpg\" src=\"http:\/\/localhost\/media\/import\/detail\/HTB1qX1VFVXXXXX2XpXXq6xXFXXXo.jpg\"><\/span><\/em><\/p>\n<\/div>\n<\/div>\n<p data-section-blank=\"AliPostDhMb-vj8aa\">\n<div id=\"ali-anchor-AliPostDhMb-vj8aa\" style=\"padding-top:8px\" data-section=\"AliPostDhMb-vj8aa\" data-section-title=\"Certificado\">\n<div id=\"ali-title-AliPostDhMb-vj8aa\" style=\"border-bottom:#ddd 1px solid;padding-bottom:8px;padding-top:8px;padding-left:0px;padding-right:0px\"><span style=\"font-weight:bold;color:#333;padding-bottom:8px;padding-top:8px;padding-left:10px;line-height:12px;padding-right:10px;background-color:#ddd\">Certificado<\/span><\/div>\n<div style=\"padding-bottom:10px;padding-top:10px;padding-left:0px;padding-right:0px\">\n<div style=\"height:42px;width:750px\">\n<div style=\"height:42px;float:left;width:25px;background-color:#00ccff\"> <\/div>\n<div style=\"height:30px;float:right;color:#ffffff;padding-bottom:5px;padding-top:5px;padding-left:0px;padding-right:0px;width:720px;background-color:#0099ff\">\n<div style=\"font-size:24px;border-top:#ffffff 1px solid;height:30px;font-family:Arial;border-bottom:#ffffff 1px solid;font-weight:bold;font-style:italic;padding-left:10px;line-height:30px;width:720px\">Certificados<\/div>\n<\/div>\n<\/div>\n<p><img decoding=\"async\" alt=\".jpg\" src=\"http:\/\/localhost\/media\/import\/detail\/HTB1quAcFVXXXXaqXFXXq6xXFXXXT.jpg\"><\/p>\n<\/div>\n<\/div>\n<p data-section-blank=\"AliPostDhMb-jko5m\">\n<div id=\"ali-anchor-AliPostDhMb-jko5m\" style=\"padding-top:8px\" data-section=\"AliPostDhMb-jko5m\" data-section-title=\"Pago y env\u00edo\">\n<div id=\"ali-title-AliPostDhMb-jko5m\" style=\"border-bottom:#ddd 1px solid;padding-bottom:8px;padding-top:8px;padding-left:0px;padding-right:0px\"><span style=\"font-weight:bold;color:#333;padding-bottom:8px;padding-top:8px;padding-left:10px;line-height:12px;padding-right:10px;background-color:#ddd\">Pago y env\u00edo<\/span><\/div>\n<div style=\"padding-bottom:10px;padding-top:10px;padding-left:0px;padding-right:0px\">\n<div style=\"height:42px;width:750px\">\n<div style=\"height:42px;float:left;width:25px;background-color:#00ccff\"> <\/div>\n<div style=\"height:30px;float:right;color:#ffffff;padding-bottom:5px;padding-top:5px;padding-left:0px;padding-right:0px;width:720px;background-color:#0099ff\">\n<div style=\"font-size:24px;border-top:#ffffff 1px solid;height:30px;font-family:Arial;border-bottom:#ffffff 1px solid;font-weight:bold;font-style:italic;padding-left:10px;line-height:30px;width:720px\">Pago y env\u00edo<\/div>\n<\/div>\n<\/div>\n<p><img decoding=\"async\" alt=\"pago y env\u00edo.jpg\" src=\"http:\/\/localhost\/media\/import\/detail\/HTB1J3r_FVXXXXa7XVXXq6xXFXXXl.jpg\"><\/p>\n<\/div>\n<\/div>\n<p data-section-blank=\"AliPostDhMb-am1mc\">\n<div id=\"ali-anchor-AliPostDhMb-am1mc\" style=\"padding-top:8px\" data-section=\"AliPostDhMb-am1mc\" data-section-title=\"Prometemos\">\n<div id=\"ali-title-AliPostDhMb-am1mc\" style=\"border-bottom:#ddd 1px solid;padding-bottom:8px;padding-top:8px;padding-left:0px;padding-right:0px\"><span style=\"font-weight:bold;color:#333;padding-bottom:8px;padding-top:8px;padding-left:10px;line-height:12px;padding-right:10px;background-color:#ddd\">Lo prometemos<\/span><\/div>\n<div style=\"padding-bottom:10px;padding-top:10px;padding-left:0px;padding-right:0px\">\n<div style=\"height:42px;width:750px\">\n<div style=\"height:42px;float:left;width:25px;background-color:#00ccff\"> <\/div>\n<div style=\"height:30px;float:right;color:#ffffff;padding-bottom:5px;padding-top:5px;padding-left:0px;padding-right:0px;width:720px;background-color:#0099ff\">\n<div style=\"font-size:24px;border-top:#ffffff 1px solid;height:30px;font-family:Arial;border-bottom:#ffffff 1px solid;font-weight:bold;font-style:italic;padding-left:10px;line-height:30px;width:720px\">Prometemos<\/div>\n<\/div>\n<\/div>\n<p><span style=\"font-size:16px\"><span style=\"background-color:#ffffff\"><em><strong>1)<\/strong><\/em> <\/span> Estamos muy contentos de que el cliente nos d\u00e9 alguna sugerencia sobre precios y productos.<\/span><br \/><span style=\"font-size:16px\"><em><span style=\"color:#000000;background-color:#ffffff\"><strong>2)<\/strong><\/span> <\/em> Si tiene alguna pregunta, h\u00e1ganoslo saber en el primero por E-mail o Tel\u00e9fono. Podemos ocuparnos de ellos a tiempo.<\/span><br \/><span style=\"font-size:16px\"><em><span style=\"background-color:#ffffff\"><strong>3)<\/strong><\/span><\/em> Enviaremos muchos estilos nuevos cada semana a nuestros antiguos clientes.<\/span><br \/><span style=\"font-size:16px\"><span style=\"background-color:#ffffff\"><em><strong>4)<\/strong><\/em><\/span> Ofrecer a nuestros clientes los precios m\u00e1s bajos. Agilice los procesos de compra y pago.<\/span><br \/><span style=\"font-size:16px\"><span style=\"background-color:#ffffff\"><em><strong>5)<\/strong> <\/em><\/span> Entregar productos a nuestros clientes en todo el mundo con rapidez y precisi\u00f3n.<\/span><br \/><span style=\"font-size:16px\"><span style=\"background-color:#ffffff\"><em><strong>6) <\/strong><\/em><\/span>Asegurar la excelente calidad de nuestros productos.<\/span><br \/><span style=\"font-size:16px\"><span style=\"background-color:#ffffff\"><em><strong>7) <\/strong><\/em><\/span>12 meses de garant\u00eda GRATIS.<\/span><br \/><span style=\"font-size:16px\"><span style=\"background-color:#ffffff\"><em><strong>8)<\/strong> <\/em><\/span><span style=\"color:#ffffff\"><em><span style=\"background-color:#ff0000\"> Acepta OEM <em><span style=\"line-height:24px;background-color:#ff0000\"><em><span style=\"line-height:24px\"><em><span style=\"line-height:24px\"><em><span style=\"line-height:24px\"><em><span style=\"line-height:24px\"><em><span style=\"line-height:24px\"><strong><span style=\"line-height:21px\"><strong><span style=\"font-size:10.5pt;line-height:21px\"><strong><em><span style=\"color:fuchsia;line-height:24px\"><strong><span style=\"color:#800080;line-height:21px\"><em><span style=\"font-size:24pt;line-height:48px\"><em><span style=\"font-size:24pt;line-height:48px\"><strong><span style=\"color:#ff6600;line-height:36px\"><em><span style=\"line-height:24px\"><em><span style=\"line-height:24px\"><em><span style=\"line-height:24px\"><strong><span style=\"font-size:10.5pt;font-family:'Times New Roman';line-height:21px\"><strong><strong><span style=\"font-size:10.5pt;line-height:21px\"><strong><em><span style=\"line-height:24px\"><a title=\"Haga clic en m\u00e1s productos\" href=\"http:\/\/gzweierma.en.alibaba.com\/productgrouplist-215139685\/UV_Sterilizer.html\"><img decoding=\"async\" alt=\"Bomba para peces de acuario SUNSUN CE,GS con alta calidad\" src=\"http:\/\/localhost\/media\/import\/detail\/HTB1LuVjIFXXXXcmXVXXq6xXFXXX0.jpg\"><\/a><\/span><\/em><\/strong><\/span><\/strong><\/strong><\/span><\/strong><\/span><\/em><\/span><\/em><\/span><\/em><\/span><\/strong><\/span><\/em><\/span><\/em><\/span><\/strong> <\/span><\/em><\/strong><\/span><\/strong><\/span><\/strong><\/span><\/em><\/span><\/em><\/span><\/em><\/span><\/em><\/span><\/em><\/span><\/em><br \/><\/span><\/em><\/span><\/span><\/p>\n<\/div>\n<\/div>\n<div><\/div>\n","protected":false},"excerpt":{"rendered":"<p>Bomba de peces de acuario SUNSUN CE,GS con CUP-129 de alta calidad<\/p>\n","protected":false},"featured_media":5837,"comment_status":"open","ping_status":"closed","template":"","meta":[],"product_brand":[],"product_cat":[1146],"product_tag":[],"class_list":{"0":"post-30040","1":"product","2":"type-product","3":"status-publish","4":"has-post-thumbnail","6":"product_cat-bombas-de-agua-y-cabezales-de-potencia","8":"first","9":"instock","10":"shipping-taxable","11":"purchasable","12":"product-type-simple"},"_links":{"self":[{"href":"https:\/\/www.myaquastore.com\/es\/wp-json\/wp\/v2\/product\/30040","targetHints":{"allow":["GET"]}}],"collection":[{"href":"https:\/\/www.myaquastore.com\/es\/wp-json\/wp\/v2\/product"}],"about":[{"href":"https:\/\/www.myaquastore.com\/es\/wp-json\/wp\/v2\/types\/product"}],"replies":[{"embeddable":true,"href":"https:\/\/www.myaquastore.com\/es\/wp-json\/wp\/v2\/comments?post=30040"}],"wp:featuredmedia":[{"embeddable":true,"href":"https:\/\/www.myaquastore.com\/es\/wp-json\/wp\/v2\/media\/5837"}],"wp:attachment":[{"href":"https:\/\/www.myaquastore.com\/es\/wp-json\/wp\/v2\/media?parent=30040"}],"wp:term":[{"taxonomy":"product_brand","embeddable":true,"href":"https:\/\/www.myaquastore.com\/es\/wp-json\/wp\/v2\/product_brand?post=30040"},{"taxonomy":"product_cat","embeddable":true,"href":"https:\/\/www.myaquastore.com\/es\/wp-json\/wp\/v2\/product_cat?post=30040"},{"taxonomy":"product_tag","embeddable":true,"href":"https:\/\/www.myaquastore.com\/es\/wp-json\/wp\/v2\/product_tag?post=30040"}],"curies":[{"name":"wp","href":"https:\/\/api.w.org\/{rel}","templated":true}]}}