{"id":30061,"date":"2016-09-25T23:28:37","date_gmt":"2016-09-25T23:28:37","guid":{"rendered":"https:\/\/www.myaquastore.com\/product\/bomba-sumergible-multifuncion-sunsun-55w-hqb-2500-b\/"},"modified":"2025-03-16T07:12:10","modified_gmt":"2025-03-16T07:12:10","slug":"bomba-sumergible-multifuncion-sunsun-55w-hqb-2500-b","status":"publish","type":"product","link":"https:\/\/www.myaquastore.com\/es\/producto\/bomba-sumergible-multifuncion-sunsun-55w-hqb-2500-b\/","title":{"rendered":"Bomba sumergible multifunci\u00f3n SUNSUN 55W HQB-2500\/B"},"content":{"rendered":"<div style=\"clear:both\"><\/div>\n<div id=\"ali-anchor-AliPostDhMb-obj43\" style=\"padding-top:8px\" data-section-title=\"signboard\" data-section=\"AliPostDhMb-obj43\">\n<p><span><\/span><\/p>\n<\/div>\n<p style=\"text-align:center\"><span style=\"font-size:24px;color:#000000\"><strong>Bomba sumergible multifunci\u00f3n SUNSUN 55W HQB-2500B<\/strong><\/span><\/p>\n<div id=\"ali-anchor-AliPostDhMb-h69a4\" style=\"padding-top:8px\" data-section-title=\"Descripci\u00f3n del producto\" data-section=\"AliPostDhMb-h69a4\">\n<div id=\"ali-title-AliPostDhMb-h69a4\" style=\"border-bottom:#ddd 1px solid;padding-bottom:8px;padding-top:8px;padding-left:0px;padding-right:0px\"><span style=\"font-weight:bold;color:#333;padding-bottom:8px;padding-top:8px;padding-left:10px;line-height:12px;padding-right:10px;background-color:#ddd\">Descripci\u00f3n del producto<\/span><\/div>\n<div style=\"padding-bottom:10px;padding-top:10px;padding-left:0px;padding-right:0px\">\n<p><span style=\"font-size:18px;font-family:arial, helvetica, sans-serif;text-align:center;line-height:27px\">1. Bomba sumergible s\u00faper silenciosa<\/span><\/p>\n<p><span style=\"font-family:arial, helvetica, sans-serif\"><span style=\"font-size:18px;text-align:center;line-height:27px\">2. Utiliza un n\u00facleo de eje resistente al desgaste de alta resistencia, tiene un ahorro de energ\u00eda altamente eficiente y una larga vida \u00fatil.<\/span><\/span><\/p>\n<p><span style=\"font-family:arial, helvetica, sans-serif\"><span style=\"font-size:18px;line-height:27px\">3. Tiene buena impermeabilidad, alta resistencia diel\u00e9ctrica, es seguro y confiable.<\/span><\/span><\/p>\n<p><span style=\"font-family:arial, helvetica, sans-serif\"><span style=\"font-size:18px;line-height:27px\">4. Puedes utilizarlo como bombeo y fuente.<\/span><\/span><\/p>\n<p><span style=\"font-family:arial, helvetica, sans-serif\"><span style=\"font-size:18px;line-height:27px\">5. Aplicar a acuarios, estanques, con equipos de reciclaje de agua compatibles.<\/span><\/span><\/p>\n<\/div>\n<\/div>\n<p><img decoding=\"async\" alt=\"Bomba sumergible multifunci\u00f3n SUNSUN 55W HQB-2500\/B\" src=\"http:\/\/localhost\/media\/import\/detail\/477193547_341.jpg\"><img decoding=\"async\" alt=\"Bomba sumergible multifunci\u00f3n SUNSUN 55W HQB-2500\/B\" src=\"http:\/\/localhost\/media\/import\/detail\/477194010_935.jpg\"><img decoding=\"async\" alt=\"Bomba sumergible multifunci\u00f3n SUNSUN 55W HQB-2500\/B\" src=\"http:\/\/localhost\/media\/import\/detail\/477194011_567.JPG\"><img decoding=\"async\" alt=\"Bomba sumergible multifunci\u00f3n SUNSUN 55W HQB-2500\/B\" src=\"http:\/\/localhost\/media\/import\/detail\/477194014_404.jpg\"><img decoding=\"async\" alt=\"Bomba sumergible multifunci\u00f3n SUNSUN 55W HQB-2500\/B\" src=\"http:\/\/localhost\/media\/import\/detail\/477194019_980.jpg\"><\/p>\n","protected":false},"excerpt":{"rendered":"<p>Bomba sumergible multifunci\u00f3n SUNSUN 55W HQB-2500\/B<\/p>\n","protected":false},"featured_media":5878,"comment_status":"open","ping_status":"closed","template":"","meta":[],"product_brand":[],"product_cat":[1146],"product_tag":[],"class_list":{"0":"post-30061","1":"product","2":"type-product","3":"status-publish","4":"has-post-thumbnail","6":"product_cat-bombas-de-agua-y-cabezales-de-potencia","8":"first","9":"instock","10":"shipping-taxable","11":"purchasable","12":"product-type-simple"},"_links":{"self":[{"href":"https:\/\/www.myaquastore.com\/es\/wp-json\/wp\/v2\/product\/30061","targetHints":{"allow":["GET"]}}],"collection":[{"href":"https:\/\/www.myaquastore.com\/es\/wp-json\/wp\/v2\/product"}],"about":[{"href":"https:\/\/www.myaquastore.com\/es\/wp-json\/wp\/v2\/types\/product"}],"replies":[{"embeddable":true,"href":"https:\/\/www.myaquastore.com\/es\/wp-json\/wp\/v2\/comments?post=30061"}],"wp:featuredmedia":[{"embeddable":true,"href":"https:\/\/www.myaquastore.com\/es\/wp-json\/wp\/v2\/media\/5878"}],"wp:attachment":[{"href":"https:\/\/www.myaquastore.com\/es\/wp-json\/wp\/v2\/media?parent=30061"}],"wp:term":[{"taxonomy":"product_brand","embeddable":true,"href":"https:\/\/www.myaquastore.com\/es\/wp-json\/wp\/v2\/product_brand?post=30061"},{"taxonomy":"product_cat","embeddable":true,"href":"https:\/\/www.myaquastore.com\/es\/wp-json\/wp\/v2\/product_cat?post=30061"},{"taxonomy":"product_tag","embeddable":true,"href":"https:\/\/www.myaquastore.com\/es\/wp-json\/wp\/v2\/product_tag?post=30061"}],"curies":[{"name":"wp","href":"https:\/\/api.w.org\/{rel}","templated":true}]}}