{"id":30062,"date":"2016-09-25T23:28:37","date_gmt":"2016-09-25T23:28:37","guid":{"rendered":"https:\/\/www.myaquastore.com\/product\/ce-gs-3800l-h-sunsun-bomba-de-agua-de-baja-potencia-bomba-sumergible-para-estanque-bomba-de-agua-de-jardin-precio-buen-cqb-4000\/"},"modified":"2025-03-16T07:12:10","modified_gmt":"2025-03-16T07:12:10","slug":"ce-gs-3800l-h-sunsun-bomba-de-agua-de-baja-potencia-bomba-sumergible-para-estanque-bomba-de-agua-de-jardin-precio-buen-cqb-4000","status":"publish","type":"product","link":"https:\/\/www.myaquastore.com\/es\/producto\/ce-gs-3800l-h-sunsun-bomba-de-agua-de-baja-potencia-bomba-sumergible-para-estanque-bomba-de-agua-de-jardin-precio-buen-cqb-4000\/","title":{"rendered":"CE\/GS 3800L\/h SUNSUN bomba de agua de baja potencia bomba sumergible para estanque bomba de agua de jard\u00edn precio buen CQB-4000"},"content":{"rendered":"<div style=\"clear:both\"><\/div>\n<div style=\"font-size:13px;font-family:Arial, Helvetica, sans-serif;color:#000000;width:726px\">\n<div> <\/div>\n<\/div>\n<div id=\"ali-anchor-AliPostDhMb-ekk3i\" style=\"padding-top:8px\" data-section-title=\"Descripci\u00f3n del producto\" data-section=\"AliPostDhMb-ekk3i\">\n<div id=\"ali-title-AliPostDhMb-ekk3i\" style=\"border-bottom:#ddd 1px solid;padding-bottom:8px;padding-top:8px;padding-left:0px;padding-right:0px\"><span style=\"font-weight:bold;color:#333;padding-bottom:8px;padding-top:8px;padding-left:10px;line-height:12px;padding-right:10px;background-color:#ddd\">Descripci\u00f3n del producto<\/span><\/div>\n<div style=\"padding-bottom:10px;padding-top:10px;padding-left:0px;padding-right:0px\">\n<div style=\"height:42px;width:750px\">\n<div style=\"height:42px;float:left;width:25px;background-color:#00ccff\"> <\/div>\n<div style=\"height:30px;float:right;color:#ffffff;padding-bottom:5px;padding-top:5px;padding-left:0px;padding-right:0px;width:720px;background-color:#0099ff\">\n<div style=\"font-size:24px;border-top:#ffffff 1px solid;height:30px;font-family:Arial;border-bottom:#ffffff 1px solid;font-weight:bold;font-style:italic;padding-left:10px;line-height:30px;width:720px\">Visualizaci\u00f3n del producto<\/div>\n<\/div>\n<\/div>\n<\/div>\n<\/div>\n<p data-section-blank=\"AliPostDhMb-ekk3i\"><strong><span style=\"font-size:18pt\">CE\/GS 3800L\/h SUNSUN Bomba de agua de baja potencia Bomba sumergible para estanque Bomba de agua para jard\u00edn precio bueno <\/span><\/strong><\/p>\n<p data-section-blank=\"AliPostDhMb-ekk3i\">\n<p><span style=\"font-size:18px\"><strong>especificaciones de la bomba de agua de jard\u00edn:<\/strong><\/span><\/p>\n<p> <span style=\"font-size:14px\"> 1. Aplicar a<em><strong> estanques, tanques de acuario rocosos, bourn<\/strong><\/em> y<em><strong> tanques de mariscos<\/strong><\/em> con reciclaje de agua<\/span><\/p>\n<p><span style=\"font-size:14px\">coincidencia de equipos.<\/span><\/p>\n<p><span style=\"font-size:14px\">2. <em><strong>succi\u00f3n de bajo nivel<\/strong><\/em> y<em><strong>bajo nivel de ruido<\/strong><\/em> .<\/span><\/p>\n<p><span style=\"font-size:14px\">3. El dise\u00f1o de la cesta de filtro grande hace que<em><strong> el mantenimiento sea mucho m\u00e1s largo<\/strong><\/em> .<\/span><\/p>\n<p><span style=\"font-size:14px\">4. El doble sello de resina y el anillo de goma lo hacen<em><strong>m\u00e1s seguro de usar<\/strong><\/em>.<\/span><\/p>\n<p><span style=\"font-size:14px\">5. Eje cer\u00e1mico de alta resistencia y desgaste,<em><strong>larga vida \u00fatil<\/strong><\/em>.<\/span><\/p>\n<p><span style=\"font-size:14px\">6. Motor as\u00edncrono est\u00e1ndar de alto rendimiento con nuevo dise\u00f1o y<em><strong>ahorro de energ\u00eda<\/strong><\/em> hasta<\/span><\/p>\n<p><span style=\"font-size:14px\">hasta<strong><em>50%<\/em><\/strong> que antes.<\/span><\/p>\n<p> <img decoding=\"async\" alt=\"CQB_01.jpg\" src=\"http:\/\/localhost\/media\/import\/detail\/HTB1JDiLGVXXXXbdXpXXq6xXFXXXl.jpg\"><img decoding=\"async\" alt=\"CQB_02.jpg\" src=\"http:\/\/localhost\/media\/import\/detail\/HTB1if1FGVXXXXatXVXXq6xXFXXXj.jpg\"><img decoding=\"async\" alt=\"CQB_03.jpg\" src=\"http:\/\/localhost\/media\/import\/detail\/HTB1JM5KGVXXXXcDXpXXq6xXFXXXe.jpg\"><img decoding=\"async\" alt=\"CQB_04.jpg\" src=\"http:\/\/localhost\/media\/import\/detail\/HTB1YxSHGVXXXXaUXFXXq6xXFXXXD.jpg\"><img decoding=\"async\" alt=\"CQB_05.jpg\" src=\"http:\/\/localhost\/media\/import\/detail\/HTB1lzuhGVXXXXXJXpXXq6xXFXXXY.jpg\"><img decoding=\"async\" alt=\"CQB_06.jpg\" src=\"http:\/\/localhost\/media\/import\/detail\/HTB1rDyGGVXXXXckXFXXq6xXFXXXr.jpg\"><img decoding=\"async\" alt=\"CQB_07.jpg\" src=\"http:\/\/localhost\/media\/import\/detail\/HTB1D2eGGVXXXXXeXVXXq6xXFXXXH.jpg\"><img decoding=\"async\" alt=\"CQB_08.jpg\" src=\"http:\/\/localhost\/media\/import\/detail\/HTB1GaaPGVXXXXbTXXXXq6xXFXXX5.jpg\"><\/p>\n<div id=\"ali-anchor-AliPostDhMb-ne5hk\" style=\"padding-top:8px\" data-section-title=\"Informaci\u00f3n de la empresa\" data-section=\"AliPostDhMb-ne5hk\">\n<div id=\"ali-title-AliPostDhMb-ne5hk\" style=\"border-bottom:#ddd 1px solid;padding-bottom:8px;padding-top:8px;padding-left:0px;padding-right:0px\"> <\/div>\n<\/div>\n<div><\/div>\n","protected":false},"excerpt":{"rendered":"<p>CE\/GS 3800L\/h SUNSUN bomba de agua de baja potencia bomba sumergible para estanque bomba de agua de jard\u00edn precio buen CQB-4000<\/p>\n","protected":false},"featured_media":5880,"comment_status":"open","ping_status":"closed","template":"","meta":[],"product_brand":[],"product_cat":[1146],"product_tag":[],"class_list":{"0":"post-30062","1":"product","2":"type-product","3":"status-publish","4":"has-post-thumbnail","6":"product_cat-bombas-de-agua-y-cabezales-de-potencia","8":"first","9":"instock","10":"shipping-taxable","11":"purchasable","12":"product-type-simple"},"_links":{"self":[{"href":"https:\/\/www.myaquastore.com\/es\/wp-json\/wp\/v2\/product\/30062","targetHints":{"allow":["GET"]}}],"collection":[{"href":"https:\/\/www.myaquastore.com\/es\/wp-json\/wp\/v2\/product"}],"about":[{"href":"https:\/\/www.myaquastore.com\/es\/wp-json\/wp\/v2\/types\/product"}],"replies":[{"embeddable":true,"href":"https:\/\/www.myaquastore.com\/es\/wp-json\/wp\/v2\/comments?post=30062"}],"wp:featuredmedia":[{"embeddable":true,"href":"https:\/\/www.myaquastore.com\/es\/wp-json\/wp\/v2\/media\/5880"}],"wp:attachment":[{"href":"https:\/\/www.myaquastore.com\/es\/wp-json\/wp\/v2\/media?parent=30062"}],"wp:term":[{"taxonomy":"product_brand","embeddable":true,"href":"https:\/\/www.myaquastore.com\/es\/wp-json\/wp\/v2\/product_brand?post=30062"},{"taxonomy":"product_cat","embeddable":true,"href":"https:\/\/www.myaquastore.com\/es\/wp-json\/wp\/v2\/product_cat?post=30062"},{"taxonomy":"product_tag","embeddable":true,"href":"https:\/\/www.myaquastore.com\/es\/wp-json\/wp\/v2\/product_tag?post=30062"}],"curies":[{"name":"wp","href":"https:\/\/api.w.org\/{rel}","templated":true}]}}