{"id":30064,"date":"2016-09-25T23:28:37","date_gmt":"2016-09-25T23:28:37","guid":{"rendered":"https:\/\/www.myaquastore.com\/product\/buena-bomba-de-agua-de-circulacion-de-tanque-de-estanque-impermeable-yqb-5500\/"},"modified":"2025-03-16T07:12:11","modified_gmt":"2025-03-16T07:12:11","slug":"buena-bomba-de-agua-de-circulacion-de-tanque-de-estanque-impermeable-yqb-5500","status":"publish","type":"product","link":"https:\/\/www.myaquastore.com\/es\/producto\/buena-bomba-de-agua-de-circulacion-de-tanque-de-estanque-impermeable-yqb-5500\/","title":{"rendered":"Buena bomba de agua de circulaci\u00f3n de tanque de estanque impermeable YQB-5500"},"content":{"rendered":"<div style=\"clear:both\"><\/div>\n<p><span style=\"font-size:18px;color:#ff0000\"><em><strong><span style=\"font-size:24px\">Bomba de agua de circulaci\u00f3n de tanque de estanque impermeable YQB-5500<\/span><\/strong><\/em><\/span><\/p>\n<\/p>\n<div id=\"ali-anchor-AliPostDhMb-ihlng\" style=\"padding-top:8px\" data-section-title=\"Descripci\u00f3n del producto\" data-section=\"AliPostDhMb-ihlng\">\n<div id=\"ali-title-AliPostDhMb-ihlng\" style=\"border-bottom:#ddd 1px solid;padding-bottom:8px;padding-top:8px;padding-left:0px;padding-right:0px\"><span style=\"font-weight:bold;color:#333;padding-bottom:8px;padding-top:8px;padding-left:10px;line-height:12px;padding-right:10px;background-color:#ddd\">Descripci\u00f3n del producto<\/span><\/div>\n<div style=\"padding-bottom:10px;padding-top:10px;padding-left:0px;padding-right:0px\">\n<\/div>\n<\/div>\n<p><span style=\"color:#ff0000\"><em><strong><\/strong><\/em><span style=\"color:#000000\">1. Utiliza un n\u00facleo de eje resistente al desgaste de alta resistencia, tiene un ahorro de energ\u00eda altamente eficiente y una larga vida \u00fatil.<\/span><\/span><\/p>\n<p><span style=\"color:#ff0000\"><span style=\"color:#000000\">2. Tiene buena impermeabilidad, alta resistencia diel\u00e9ctrica, es seguro y confiable.<\/span><\/span><\/p>\n<p><span style=\"color:#ff0000\"><span style=\"color:#000000\">3. Puedes utilizarlo como bombeo y fuente.<\/span><\/span><\/p>\n<p><span style=\"color:#ff0000\"><span style=\"color:#000000\">4. Aplicar a acuarios, estanques, con equipos de reciclaje de agua compatibles.<\/span><\/span><\/p>\n<p><span style=\"color:#ff0000\"><span style=\"color:#000000\">5. Tanto para agua dulce como de mar.<\/span><\/span><\/p>\n<\/p>\n<p><span style=\"font-size:14px\"><strong><span style=\"color:#ff0000\"><span style=\"color:#000000\">Par\u00e1metros de las bombas de agua de circulaci\u00f3n del estanque<\/span><\/span><\/strong><\/span><\/p>\n<table class=\"aliDataTable\" style=\"width:80%\" border=\"4\">\n<tbody>\n<tr>\n<td>\n<p>Modelo<\/p>\n<\/td>\n<td>Voltaje<\/td>\n<td>Frecuencia<\/td>\n<td>Potencia<\/td>\n<td> H-max<\/td>\n<td>Salida<\/td>\n<td>Dimensiones<\/td>\n<\/tr>\n<tr>\n<td>YQB-5000<\/td>\n<td>110V\/240V<\/td>\n<td>50Hz \/60Hz<\/td>\n<td>95W<\/td>\n<td>4,2m<\/td>\n<td>8000L\/h<\/td>\n<td>200*110*139mm<\/td>\n<\/tr>\n<tr>\n<td>YQB-5500<\/td>\n<td>110V\/240V<\/td>\n<td>50Hz\/60Hz<\/td>\n<td>95W<\/td>\n<td>5.5m<\/td>\n<td>6500L\/h<\/td>\n<td>200*110*139 mm<\/td>\n<\/tr>\n<tr>\n<td>YQB-6000<\/td>\n<td>110V\/240V<\/td>\n<td>50Hz\/60Hz<\/td>\n<td>155W<\/td>\n<td>5,2m<\/td>\n<td>10000L\/h<\/td>\n<td>200*110*139mm<\/td>\n<\/tr>\n<tr>\n<td>YQB-6500<\/td>\n<td>110V\/240V<\/td>\n<td>50Hz\/60Hz <\/td>\n<td>155W<\/td>\n<td>6,5m<\/td>\n<td>7500L\/h<\/td>\n<td>200*110*139mm<\/td>\n<\/tr>\n<tr>\n<td>YQB-7500<\/td>\n<td>110V\/240V<\/td>\n<td>50Hz\/60Hz<\/td>\n<td>280W<\/td>\n<td>7,5m<\/td>\n<td>14000L\/h<\/td>\n<td>287*128*157mm <\/td>\n<\/tr>\n<tr>\n<td>YQB-8500<\/td>\n<td>110V\/240V<\/td>\n<td>50Hz\/60Hz<\/td>\n<td>260W<\/td>\n<td>8,5m<\/td>\n<td>10 000L\/h<\/td>\n<td>287*128*157mm<\/td>\n<\/tr>\n<tr>\n<td>YQB-9500<\/td>\n<td>110V\/240V<\/td>\n<td>50Hz\/60Hz<\/td>\n<td> 320W<\/td>\n<td>9,5m<\/td>\n<td>10000L\/h<\/td>\n<td>287*128*157mm<\/td>\n<\/tr>\n<tr>\n<td>YQB-10000<\/td>\n<td>110V\/24 0V<\/td>\n<td>50Hz\/60Hz<\/td>\n<td>320W<\/td>\n<td>6,5m<\/td>\n<td>18000L\/h<\/td>\n<td>287*128*157mm<\/td>\n<\/tr>\n<tr>\n<td>YQB-12000<\/td>\n<td>110V\/240V<\/td>\n<td>50Hz\/60Hz<\/td>\n<td>380W<\/td>\n<td>11m<\/td>\n<td>11000L\/h<\/td>\n<td> 310*150*180mm<\/td>\n<\/tr>\n<tr>\n<td>YQB-14000<\/td>\n<td>110V\/240V<\/td>\n<td>50Hz\/60Hz<\/td>\n<td>420W<\/td>\n<td>7. 8m<\/td>\n<td>20000L\/h<\/td>\n<td>310*150*180mm<\/td>\n<\/tr>\n<tr>\n<td>YQB-16000<\/td>\n<td>110V\/240V<\/td>\n<td>50Hz \/60Hz<\/td>\n<td>420W<\/td>\n<td>12m<\/td>\n<td>11000L\/h<\/td>\n<td>310*150*180mm<\/td>\n<\/tr>\n<\/tbody>\n<\/table>\n<div> <\/div>\n<p><span style=\"font-size:14px;color:#ff0000\"><strong>Las bombas de agua de circulaci\u00f3n para estanques de la serie YQB muestran<\/strong><\/span><img decoding=\"async\" alt=\"Bomba de agua para circulaci\u00f3n de tanques de estanques resistente al agua YQB-5500\" src=\"http:\/\/localhost\/media\/import\/detail\/531255807_650.jpg\"><\/p>\n<\/p>\n<p><span style=\"font-size:14px;color:#ff0000\"><strong>Se muestran otras bombas de circulaci\u00f3n de agua para estanque<\/strong><\/span><\/p>\n<p><span style=\"font-size:14px;color:#ff0000\"><strong><img decoding=\"async\" alt=\"Buena bomba de agua de circulaci\u00f3n de tanque de estanque impermeable YQB-5500\" src=\"http:\/\/localhost\/media\/import\/detail\/573736174_358.jpg\"><img decoding=\"async\" alt=\"Buena bomba de agua de circulaci\u00f3n de tanque de estanque impermeable YQB-5500\" src=\"http:\/\/localhost\/media\/import\/detail\/573736181_278.jpg\"><img decoding=\"async\" alt=\"Buena bomba de agua de circulaci\u00f3n de tanque de estanque impermeable YQB-5500\" src=\"http:\/\/localhost\/media\/import\/detail\/573736184_599.jpg\"><img decoding=\"async\" alt=\"Buena bomba de agua de circulaci\u00f3n de tanque de estanque impermeable YQB-5500\" src=\"http:\/\/localhost\/media\/import\/detail\/573736190_454.jpg\"><img decoding=\"async\" alt=\"Buena bomba de agua de circulaci\u00f3n de tanque de estanque impermeable YQB-5500\" src=\"http:\/\/localhost\/media\/import\/detail\/573736194_050.jpg\"><\/strong><\/span><\/p>\n<p><span style=\"font-size:14px;color:#ff0000\"><strong> <\/strong><\/span><\/p>\n<\/p>\n<div><\/div>\n","protected":false},"excerpt":{"rendered":"<p>Buena bomba de agua de circulaci\u00f3n de tanque de estanque impermeable YQB-5500<\/p>\n","protected":false},"featured_media":5884,"comment_status":"open","ping_status":"closed","template":"","meta":[],"product_brand":[],"product_cat":[1146],"product_tag":[],"class_list":{"0":"post-30064","1":"product","2":"type-product","3":"status-publish","4":"has-post-thumbnail","6":"product_cat-bombas-de-agua-y-cabezales-de-potencia","8":"first","9":"instock","10":"shipping-taxable","11":"purchasable","12":"product-type-simple"},"_links":{"self":[{"href":"https:\/\/www.myaquastore.com\/es\/wp-json\/wp\/v2\/product\/30064","targetHints":{"allow":["GET"]}}],"collection":[{"href":"https:\/\/www.myaquastore.com\/es\/wp-json\/wp\/v2\/product"}],"about":[{"href":"https:\/\/www.myaquastore.com\/es\/wp-json\/wp\/v2\/types\/product"}],"replies":[{"embeddable":true,"href":"https:\/\/www.myaquastore.com\/es\/wp-json\/wp\/v2\/comments?post=30064"}],"wp:featuredmedia":[{"embeddable":true,"href":"https:\/\/www.myaquastore.com\/es\/wp-json\/wp\/v2\/media\/5884"}],"wp:attachment":[{"href":"https:\/\/www.myaquastore.com\/es\/wp-json\/wp\/v2\/media?parent=30064"}],"wp:term":[{"taxonomy":"product_brand","embeddable":true,"href":"https:\/\/www.myaquastore.com\/es\/wp-json\/wp\/v2\/product_brand?post=30064"},{"taxonomy":"product_cat","embeddable":true,"href":"https:\/\/www.myaquastore.com\/es\/wp-json\/wp\/v2\/product_cat?post=30064"},{"taxonomy":"product_tag","embeddable":true,"href":"https:\/\/www.myaquastore.com\/es\/wp-json\/wp\/v2\/product_tag?post=30064"}],"curies":[{"name":"wp","href":"https:\/\/api.w.org\/{rel}","templated":true}]}}