{"id":30068,"date":"2016-09-25T23:28:39","date_gmt":"2016-09-25T23:28:39","guid":{"rendered":"https:\/\/www.myaquastore.com\/product\/bomba-jtp-8000rf-de-la-fuente-del-estanque-de-la-conversion-de-frecuencia-de-70w-9000l-h\/"},"modified":"2025-03-16T07:12:12","modified_gmt":"2025-03-16T07:12:12","slug":"bomba-jtp-8000rf-de-la-fuente-del-estanque-de-la-conversion-de-frecuencia-de-70w-9000l-h","status":"publish","type":"product","link":"https:\/\/www.myaquastore.com\/es\/producto\/bomba-jtp-8000rf-de-la-fuente-del-estanque-de-la-conversion-de-frecuencia-de-70w-9000l-h\/","title":{"rendered":"bomba JTP-8000RF de la fuente del estanque de la conversi\u00f3n de frecuencia de 70W 9000L\/h"},"content":{"rendered":"<div style=\"clear:both\"><\/div>\n<p style=\"text-align:center\"> <span style=\"font-size:16px;color:#003366\"><strong> Bomba de fuente para estanque con conversi\u00f3n de frecuencia 70W 9000L\/h JTP-8000RF<\/strong><\/span><span style=\"font-size:18px;font-family:georgia,palatino;color:#003300\"><strong> <\/strong><\/span><span style=\"color:#000080\"><strong><span style=\"font-size:16px\"><span style=\"font-size:18px;color:#003300\"><strong> <\/strong><\/span> <\/span><\/strong><\/span><\/p>\n<p style=\"text-align:center\">\n<p style=\"text-align:center\"><span style=\"font-size:14px;color:#ff6600\"><strong>Especificaciones<\/strong><\/span><\/p>\n<p style=\"text-align:center\"><span style=\"font-size:14px;color:#ff6600\"><strong>1. Bomba de conversi\u00f3n de frecuencia eficiente como potencia.<\/strong><\/span><\/p>\n<p style=\"text-align:center\"><span style=\"font-size:14px;color:#ff6600\"><strong>2. Salida mediante junta de tuber\u00eda multiprop\u00f3sito, adecuada para una variedad de conexiones de tuber\u00eda.<\/strong><\/span><\/p>\n<p style=\"text-align:center\"><span style=\"font-size:14px;color:#ff6600\"><strong>3. Flujo de agua ajustable.<\/strong><\/span><\/p>\n<p style=\"text-align:center\"><span style=\"font-size:14px;color:#ff6600\"><strong>4. Ajustador de cintur\u00f3n, flexible, conveniente para ajustar la altura.<\/strong><\/span><\/p>\n<p style=\"text-align:center\"><span style=\"font-size:14px;color:#ff6600\"><strong>5. Todo tipo de estilos de fuentes, para satisfacer sus diferentes requisitos de visualizaci\u00f3n.<\/strong><\/span><\/p>\n<p style=\"text-align:center\">\n<p style=\"text-align:center\"><span style=\"font-size:14px\"><strong><span style=\"color:#003366\">Par\u00e1metros de bombas de fuente de estanque de conversi\u00f3n de frecuencia <\/span><\/strong><\/span><\/p>\n<table class=\"aliDataTable\" style=\"height:159px;width:700px\">\n<tbody>\n<tr align=\"left\">\n<td style=\"width:53.25pt\" valign=\"top\">\n<p><span style=\"font-size:10.5pt\">Modelo<\/span><\/p>\n<\/td>\n<td style=\"width:53.25pt\" valign=\"top\">\n<p><span style=\"font-size:10.5pt\">Voltaje<\/span><\/p>\n<\/td>\n<td style=\"width:53.25pt\" valign=\"top\">\n<p><span style=\"font-size:10.5pt\">Frecuencia<\/span><\/p>\n<\/td>\n<td style=\"width:53.25pt\" valign=\"top\">\n<p><span style=\"font-size:10.5pt\">Potencia<\/span><\/p>\n<\/td>\n<td style=\"width:53.25pt\" valign=\"top\">\n<p><span style=\"font-size:10.5pt\">H-max<\/span><\/p>\n<\/td>\n<td style=\"width:53.25pt\" valign=\"top\">\n<p><span style=\"font-size:10.5pt\">Salida<\/span><\/p>\n<\/td>\n<td style=\"width:53.3pt\" valign=\"top\">\n<p><span style=\"font-size:10.5pt\">Dimensiones<\/span><\/p>\n<\/td>\n<\/tr>\n<tr align=\"left\">\n<td valign=\"top\">\n<p><span style=\"font-size:10.5pt\">JTP-4000RF<\/span><\/p>\n<\/td>\n<td valign=\"top\">\n<p><span style=\"font-size:10.5pt\">110V\/220V\/240V<\/span><\/p>\n<\/td>\n<td valign=\"top\">\n<p><span style=\"font-size:9pt;font-family:'Verdana';background:#ffffff;color:#000000\">50Hz\/60Hz<\/span><\/p>\n<\/td>\n<td valign=\"top\">\n<p><span style=\"font-size:10.5pt\">25W<\/span><\/p>\n<\/td>\n<td valign=\"top\">\n<p><span style=\"font-size:10.5pt\">3,2m<\/span><\/p>\n<\/td>\n<td valign=\"top\">\n<p><span style=\"font-size:10.5pt\">4000L\/h<\/span><\/p>\n<\/td>\n<td valign=\"top\">\n<p><span style=\"font-size:10.5pt\">252*123*137mm<\/span><\/p>\n<\/td>\n<\/tr>\n<tr align=\"left\">\n<td valign=\"top\">\n<p><span style=\"font-size:10.5pt\">JTP-5000RF<\/span><\/p>\n<\/td>\n<td valign=\"top\">\n<p><span style=\"font-size:10.5pt\">110V\/220V\/240V<\/span><\/p>\n<\/td>\n<td valign=\"top\">\n<p><span style=\"font-size:9pt;font-family:'Verdana';background:#ffffff;color:#000000\">50Hz\/60Hz<\/span><\/p>\n<\/td>\n<td valign=\"top\">\n<p><span style=\"font-size:10.5pt\">30W<\/span><\/p>\n<\/td>\n<td valign=\"top\">\n<p><span style=\"font-size:10.5pt\">3,6m<\/span><\/p>\n<\/td>\n<td valign=\"top\">\n<p><span style=\"font-size:10.5pt\">5000L\/h<\/span><\/p>\n<\/td>\n<td valign=\"top\">\n<p><span style=\"font-size:10.5pt\">252*123*137mm<\/span><\/p>\n<\/td>\n<\/tr>\n<tr align=\"left\">\n<td valign=\"top\">\n<p><span style=\"font-size:10.5pt\">JTP-6000RF<\/span><\/p>\n<\/td>\n<td valign=\"top\">\n<p><span style=\"font-size:10.5pt\">110V\/220V\/240V<\/span><\/p>\n<\/td>\n<td valign=\"top\">\n<p><span style=\"font-size:9pt;font-family:'Verdana';background:#ffffff;color:#000000\">50Hz\/60Hz<\/span><\/p>\n<\/td>\n<td valign=\"top\">\n<p><span style=\"font-size:10.5pt\">40W<\/span><\/p>\n<\/td>\n<td valign=\"top\">\n<p><span style=\"font-size:10.5pt\">4,0m<\/span><\/p>\n<\/td>\n<td valign=\"top\">\n<p><span style=\"font-size:10.5pt\">6000L\/h<\/span><\/p>\n<\/td>\n<td valign=\"top\">\n<p><span style=\"font-size:10.5pt\">252*123*137mm<\/span><\/p>\n<\/td>\n<\/tr>\n<tr align=\"left\">\n<td valign=\"top\">\n<p><span style=\"font-size:10.5pt\">JTP-7000RF<\/span><\/p>\n<\/td>\n<td valign=\"top\">\n<p><span style=\"font-size:10.5pt\">110V\/220V\/240V<\/span><\/p>\n<\/td>\n<td valign=\"top\">\n<p><span style=\"font-size:9pt;font-family:'Verdana';background:#ffffff;color:#000000\">50Hz\/60Hz<\/span><\/p>\n<\/td>\n<td valign=\"top\">\n<p><span style=\"font-size:10.5pt\">50W<\/span><\/p>\n<\/td>\n<td valign=\"top\">\n<p><span style=\"font-size:10.5pt\">4,4m<\/span><\/p>\n<\/td>\n<td valign=\"top\">\n<p><span style=\"font-size:10.5pt\">7000L\/h<\/span><\/p>\n<\/td>\n<td valign=\"top\">\n<p><span style=\"font-size:10.5pt\">252*123*137mm<\/span><\/p>\n<\/td>\n<\/tr>\n<tr align=\"left\">\n<td valign=\"top\">\n<p><span style=\"font-size:10.5pt\">JTP-8000RF<\/span><\/p>\n<\/td>\n<td valign=\"top\">\n<p><span style=\"font-size:10.5pt\">110V\/220V\/240V<\/span><\/p>\n<\/td>\n<td valign=\"top\">\n<p><span style=\"font-size:9pt;font-family:'Verdana';background:#ffffff;color:#000000\">50Hz\/60Hz<\/span><\/p>\n<\/td>\n<td valign=\"top\">\n<p><span style=\"font-size:10.5pt\">60W<\/span><\/p>\n<\/td>\n<td valign=\"top\">\n<p><span style=\"font-size:10.5pt\">4,8m<\/span><\/p>\n<\/td>\n<td valign=\"top\">\n<p><span style=\"font-size:10.5pt\">8000L\/h<\/span><\/p>\n<\/td>\n<td valign=\"top\">\n<p><span style=\"font-size:10.5pt\">252*123*137mm<\/span><\/p>\n<\/td>\n<\/tr>\n<tr align=\"left\">\n<td valign=\"top\">\n<p><span style=\"font-size:10.5pt\">JTP-9000RF<\/span><\/p>\n<\/td>\n<td valign=\"top\">\n<p><span style=\"font-size:10.5pt\">110V\/220V\/240V<\/span><\/p>\n<\/td>\n<td valign=\"top\">\n<p><span style=\"font-size:9pt;font-family:'Verdana';background:#ffffff;color:#000000\">50Hz\/60Hz<\/span><\/p>\n<\/td>\n<td valign=\"top\">\n<p><span style=\"font-size:10.5pt\">70W<\/span><\/p>\n<\/td>\n<td valign=\"top\">\n<p><span style=\"font-size:10.5pt\">5,2m<\/span><\/p>\n<\/td>\n<td valign=\"top\">\n<p><span style=\"font-size:10.5pt\">9000L\/h<\/span><\/p>\n<\/td>\n<td valign=\"top\">\n<p><span style=\"font-size:10.5pt\">252*123*137mm<\/span><\/p>\n<\/td>\n<\/tr>\n<\/tbody>\n<\/table>\n<p style=\"text-align:center\"><span style=\"font-size:14px;color:#0000ff\"><strong>Espect\u00e1culo de bombas para fuentes de estanque serie JTP RF<\/strong><\/span><\/p>\n<p style=\"text-align:center\">\n<p style=\"text-align:center\">\n<p style=\"text-align:center\"><span style=\"font-size:14px;color:#0000ff\"><strong><img decoding=\"async\" alt=\"Bomba para fuente de estanque con conversi\u00f3n de frecuencia de 70W, 9000L\/h, JTP-8000RF\" src=\"http:\/\/localhost\/media\/import\/detail\/568365925_618.jpg\"><\/strong><\/span><\/p>\n<p style=\"text-align:center\"><img loading=\"lazy\" decoding=\"async\" alt=\"Bomba de fuente para estanque de conversi\u00f3n de frecuencia de 70W 9000L\/h JTP-8000RF\" src=\"http:\/\/localhost\/media\/import\/detail\/532674239_207.jpg\" width=\"600\" height=\"368\"><\/p>\n<p style=\"text-align:center\"><strong><span style=\"font-size:14px;color:#0000ff\">Otra fuente de estanque similar bombas<\/span><\/strong><\/p>\n<p style=\"text-align:center\"><img loading=\"lazy\" decoding=\"async\" alt=\"Bomba para fuente de estanque con conversi\u00f3n de frecuencia de 70W y 9000L\/h JTP-8000RF\" src=\"http:\/\/localhost\/media\/import\/detail\/532653876_683.jpg\" width=\"625\" height=\"370\"><img loading=\"lazy\" decoding=\"async\" alt=\"Bomba para fuente de estanque con conversi\u00f3n de frecuencia de 70W 9000L\/h JTP-8000RF\" src=\"http:\/\/localhost\/media\/import\/detail\/532653877_134.jpg\" width=\"611\" height=\"397\"><img loading=\"lazy\" decoding=\"async\" alt=\"70W Bomba de fuente para estanque con conversi\u00f3n de frecuencia de 9000L\/h JTP-8000RF\" src=\"http:\/\/localhost\/media\/import\/detail\/532653878_483.jpg\" width=\"609\" height=\"443\"><\/p>\n<p style=\"text-align:center\"><img loading=\"lazy\" decoding=\"async\" alt=\"70W Bomba de fuente para estanque con conversi\u00f3n de frecuencia de 9000L\/h JTP-8000RF\" src=\"http:\/\/localhost\/media\/import\/detail\/532653505_848.jpg\" width=\"614\" height=\"379\"><\/p>\n<p style=\"text-align:center\">\n<p style=\"text-align:center\"><span style=\"font-size:14px;color:#0000ff\"><strong>Diferentes cabezales de fuente crean diferentes caracter\u00edsticas de la fuente:<\/strong><\/span><\/p>\n<p style=\"text-align:center\"><img loading=\"lazy\" decoding=\"async\" alt=\"Bomba de fuente para estanque con conversi\u00f3n de frecuencia de 70 W, 9000 L\/h, JTP-8000RF\" src=\"http:\/\/localhost\/media\/import\/detail\/532657093_117.jpg\" width=\"584\" height=\"321\"><\/p>\n<p style=\"text-align:center\"><img decoding=\"async\" alt=\"Bomba para fuente de estanque con conversi\u00f3n de frecuencia de 70W 9000L\/h JTP-8000RF\" src=\"http:\/\/localhost\/media\/import\/detail\/532655079_607.jpg\"><img decoding=\"async\" alt=\"Bomba para fuente de estanque con conversi\u00f3n de frecuencia de 70W 9000L\/h JTP-8000RF\" src=\"http:\/\/localhost\/media\/import\/detail\/532655082_060.jpg\"> <\/p>\n<p style=\"text-align:center\"> <span style=\"font-size:14px\"><strong><span style=\"color:#0000ff\">Espuma Estilo cohete<\/span><\/strong><\/span><\/p>\n<p style=\"text-align:center\"><img decoding=\"async\" alt=\"70W 9000L\/h Conversi\u00f3n de frecuencia Bomba para fuente de estanque JTP-8000RF\" src=\"http:\/\/localhost\/media\/import\/detail\/532655084_174.jpg\"><img decoding=\"async\" alt=\"Bomba para fuente de estanque con conversi\u00f3n de frecuencia de 70W 9000L\/h JTP-8000RF\" src=\"http:\/\/localhost\/media\/import\/detail\/532655086_916.jpg\"><\/p>\n<p style=\"text-align:center\"> <span style=\"font-size:14px\"><strong><span style=\"color:#0000ff\">Estilo champ\u00e1n<\/span><\/strong><\/span> <span style=\"font-size:14px\"><strong><span style=\"color:#0000ff\"> Estilo tienda<\/span><\/strong><\/span><\/p>\n<p style=\"text-align:center\">\n<p style=\"text-align:center\">\n<div>\n<p style=\"text-align:center\">\n<\/div>\n<div style=\"clear:both\"><\/div>\n","protected":false},"excerpt":{"rendered":"<p>bomba JTP-8000RF de la fuente del estanque de la conversi\u00f3n de frecuencia de 70W 9000L\/h<\/p>\n","protected":false},"featured_media":5892,"comment_status":"open","ping_status":"closed","template":"","meta":[],"product_brand":[],"product_cat":[1146],"product_tag":[],"class_list":{"0":"post-30068","1":"product","2":"type-product","3":"status-publish","4":"has-post-thumbnail","6":"product_cat-bombas-de-agua-y-cabezales-de-potencia","8":"first","9":"instock","10":"shipping-taxable","11":"purchasable","12":"product-type-simple"},"_links":{"self":[{"href":"https:\/\/www.myaquastore.com\/es\/wp-json\/wp\/v2\/product\/30068","targetHints":{"allow":["GET"]}}],"collection":[{"href":"https:\/\/www.myaquastore.com\/es\/wp-json\/wp\/v2\/product"}],"about":[{"href":"https:\/\/www.myaquastore.com\/es\/wp-json\/wp\/v2\/types\/product"}],"replies":[{"embeddable":true,"href":"https:\/\/www.myaquastore.com\/es\/wp-json\/wp\/v2\/comments?post=30068"}],"wp:featuredmedia":[{"embeddable":true,"href":"https:\/\/www.myaquastore.com\/es\/wp-json\/wp\/v2\/media\/5892"}],"wp:attachment":[{"href":"https:\/\/www.myaquastore.com\/es\/wp-json\/wp\/v2\/media?parent=30068"}],"wp:term":[{"taxonomy":"product_brand","embeddable":true,"href":"https:\/\/www.myaquastore.com\/es\/wp-json\/wp\/v2\/product_brand?post=30068"},{"taxonomy":"product_cat","embeddable":true,"href":"https:\/\/www.myaquastore.com\/es\/wp-json\/wp\/v2\/product_cat?post=30068"},{"taxonomy":"product_tag","embeddable":true,"href":"https:\/\/www.myaquastore.com\/es\/wp-json\/wp\/v2\/product_tag?post=30068"}],"curies":[{"name":"wp","href":"https:\/\/api.w.org\/{rel}","templated":true}]}}