{"id":30073,"date":"2016-09-25T23:28:39","date_gmt":"2016-09-25T23:28:39","guid":{"rendered":"https:\/\/www.myaquastore.com\/product\/bomba-de-jardin-sunsun-ce-gs-1532gph-jp-059\/"},"modified":"2025-03-16T07:12:13","modified_gmt":"2025-03-16T07:12:13","slug":"bomba-de-jardin-sunsun-ce-gs-1532gph-jp-059","status":"publish","type":"product","link":"https:\/\/www.myaquastore.com\/es\/producto\/bomba-de-jardin-sunsun-ce-gs-1532gph-jp-059\/","title":{"rendered":"Bomba de jard\u00edn SUNSUN CE\/GS 1532GPH JP-059"},"content":{"rendered":"<div style=\"clear:both\"><\/div>\n<div id=\"ali-anchor-AliPostDhMb-rrfig\" style=\"padding-top:8px\" data-section-title=\"nombre\" data-section=\"AliPostDhMb-rrfig\">\n<div id=\"ali-title-AliPostDhMb-rrfig\" style=\"border-bottom:#ddd 1px solid;padding-bottom:8px;padding-top:8px;padding-left:0px;padding-right:0px\"><span style=\"font-weight:bold;color:#333;padding-bottom:8px;padding-top:8px;padding-left:10px;line-height:12px;padding-right:10px;background-color:#ddd\"><\/span> <\/div>\n<div style=\"padding-bottom:10px;padding-top:10px;padding-left:0px;padding-right:0px\">\n<p><span> <\/span><\/p>\n<\/div>\n<\/div>\n<p style=\"text-align:center\"><span style=\"font-size:24px\"><strong>Bomba de jard\u00edn multifunci\u00f3n 1532GPH <\/strong><\/span><\/p>\n<\/p>\n<table class=\"aliDataTable\" border=\"1\">\n<tbody>\n<tr>\n<td> <\/td>\n<\/tr>\n<\/tbody>\n<\/table>\n<div id=\"ali-anchor-AliPostDhMb-ebkgd\" style=\"padding-top:8px\" data-section-title=\"Descripci\u00f3n del producto\" data-section=\"AliPostDhMb-ebkgd\">\n<div id=\"ali-title-AliPostDhMb-ebkgd\" style=\"border-bottom:#ddd 1px solid;padding-bottom:8px;padding-top:8px;padding-left:0px;padding-right:0px\"><span style=\"font-weight:bold;color:#333;padding-bottom:8px;padding-top:8px;padding-left:10px;line-height:12px;padding-right:10px;background-color:#ddd\">Descripci\u00f3n del producto<\/span><\/div>\n<div style=\"padding-bottom:10px;padding-top:10px;padding-left:0px;padding-right:0px\">\n<\/div>\n<\/div>\n<p><span style=\"background-color:#ff00ff\"><strong><span style=\"font-size:24px\">2.Los par\u00e1metros:<\/span><\/strong><\/span><\/p>\n<\/p>\n<p><span style=\"font-size:18px;font-family:'Verdana';color:#2f2f2f\"><span style=\"color:#0000ff\">Altura m\u00e1xima: <\/span>4,0 m<\/span><\/p>\n<\/p>\n<p style=\"background:#ffffff\"><span style=\"font-size:16px;font-family:'Verdana';color:#2f2f2f\"><span style=\"font-size:18px;color:#0000ff\">Salida: <\/span><span style=\"font-size:18px\">5800L\/h<\/span><\/span><\/p>\n<p style=\"background:#ffffff\">\n<p><span style=\"font-size:16px\"><span style=\"font-family:'Verdana';color:#2f2f2f\"><span style=\"font-size:18px\"><span style=\"color:#0000ff\">Voltaje:<\/span> 220V\/<\/span><\/span><span style=\"font-size:18px;font-family:'Verdana';color:#2f2f2f\">240V<\/span><\/span><\/p>\n<p style=\"background:#ffffff\">\n<p><span style=\"font-size:16px\"><span style=\"font-size:18px;font-family:verdana,geneva\"><span style=\"color:#0000ff\">Frecuencia<\/span><\/span><span style=\"font-family:'Verdana';color:#2f2f2f\"><span style=\"font-size:18px;font-family:verdana,geneva;color:#0000ff\">:<\/span> <span style=\"font-size:18px\">50<\/span><\/span><span style=\"font-size:18px;color:#2f2f2f\">Hz\/60Hz<\/span><\/span><\/p>\n<p style=\"background:#ffffff\">\n<p><span style=\"font-size:18px;font-family:'Verdana';color:#2f2f2f\"><span style=\"font-family:'Verdana';color:#2f2f2f\"><span style=\"color:#0000ff\">Dimensiones:<\/span> 180 x 140 x 140 mm<\/span><\/span><\/p>\n<\/p>\n<p><span style=\"font-size:18px\"><span style=\"font-family:'Verdana';color:#2f2f2f\"><span style=\"color:#0000ff\">Garant\u00eda: <\/span><span style=\"font-size:18px;color:#000000\"><span style=\"font-family:'Verdana'\">12 meses <\/span><\/span><\/span><\/span><\/p>\n<\/p>\n<p><span><strong><span style=\"font-size:24px\">3.Los otros modelos:<\/span><\/strong><\/span><\/p>\n<p style=\"background:#ffffff\">\n<p style=\"background:#ffffff\">\n<\/p>\n<p style=\"background:#ffffff\">\n<p style=\"background:#ffffff\"><span style=\"background-color:#ff00ff\"><strong><span style=\"font-size:24px\">4.El uso:<\/span><\/strong><\/span><\/p>\n<p style=\"background:#ffffff\"><span style=\"font-size:24px;font-family:'Verdana';background:#ffffff;color:#2f2f2f\"><img loading=\"lazy\" decoding=\"async\" alt=\"SUNSUN CE\/GS Bomba de jard\u00edn 1532GPH\" src=\"http:\/\/localhost\/media\/import\/detail\/669731921_082.jpg\" width=\"609\" height=\"690\"><\/span><\/p>\n<\/p>\n<p><span style=\"font-size:24px\"> <img loading=\"lazy\" decoding=\"async\" alt=\"Bomba de jard\u00edn SUNSUN CE\/GS 1532GPH\" src=\"http:\/\/localhost\/media\/import\/detail\/565667185_641.JPG\" width=\"611\" height=\"480\"><\/span><\/p>\n<\/p>\n<p><span style=\"font-size:24px\"> <\/span><\/p>\n<div style=\"padding-bottom:10px;padding-top:10px;padding-left:0px;padding-right:0px\"> <\/div>\n<table>\n<tbody>\n<tr>\n<td>\n<p><span style=\"font-size:24px;background-color:#ff00ff\"><strong>1.Caracter\u00edsticas:<\/strong><\/span><\/p>\n<\/p>\n<p><span style=\"font-size:16px\"><span style=\"font-family:'Verdana'\">1.<\/span> El El proxeneta sumergible multifunci\u00f3n utiliza un n\u00facleo de eje resistente al desgaste de alta resistencia, tiene un ahorro de energ\u00eda altamente eficiente y una elevaci\u00f3n de servicio prolongada.<\/span><\/p>\n<\/p>\n<p><span style=\"font-size:16px;font-family:'Verdana'\">2. Tiene buena resistencia al agua, alta rigidez diel\u00e9ctrica, es seguro y confiable<\/span><\/p>\n<\/p>\n<p><span style=\"font-size:16px;font-family:'Verdana'\">3. est\u00e1 dise\u00f1ado con impulsor centr\u00edfugo, tiene alto flujo y alta presi\u00f3n<\/span><\/p>\n<\/p>\n<p><span style=\"font-size:16px;font-family:'Verdana'\">4. tiene varias funciones como bombeo, filtro y ox\u00edgeno<\/span><\/p>\n<\/p>\n<p><span style=\"font-size:16px\"><span style=\"font-family:'Verdana'\">5.se aplica a acuarios, circulaci\u00f3n de agua de estanques rocosos <\/span>y <span style=\"font-family:'Verdana'\">combinaci\u00f3n de dispositivos.<\/span><\/span><\/p>\n<\/p>\n<\/td>\n<\/tr>\n<\/tbody>\n<tbody>\n<tr align=\"left\">\n<td style=\"width:46.15pt\" valign=\"top\">\n<p><span style=\"font-size:10.5pt;font-family:verdana,geneva;color:#0000ff\">Modelo<\/span><\/p>\n<\/td>\n<td style=\"width:75.55pt\" valign=\"top\">\n<p><span style=\"font-size:10.5pt;font-family:verdana,geneva;color:#0000ff\">Voltaje<\/span><\/p>\n<\/td>\n<td style=\"width:51.75pt\" valign=\"top\">\n<p><span style=\"font-size:10.5pt;font-family:verdana,geneva;color:#0000ff\">Frecuencia<\/span><\/p>\n<\/td>\n<td style=\"width:46.15pt\" valign=\"top\">\n<p><span style=\"font-size:10.5pt;font-family:verdana,geneva;color:#0000ff\">Potencia<\/span><\/p>\n<\/td>\n<td style=\"width:46.15pt\" valign=\"top\">\n<p><span style=\"font-size:10.5pt;font-family:verdana,geneva;color:#0000ff\">H-max<\/span><\/p>\n<\/td>\n<td style=\"width:46.15pt\" valign=\"top\">\n<p><span style=\"font-size:10.5pt;font-family:verdana,geneva;color:#0000ff\">Salida<\/span><\/p>\n<\/td>\n<td style=\"width:46.2pt\" valign=\"top\">\n<p><span style=\"font-size:10.5pt;font-family:verdana,geneva;color:#0000ff\">Peso<\/span><\/p>\n<\/td>\n<td style=\"width:74.05pt\" valign=\"top\">\n<p><span style=\"font-size:10.5pt;font-family:verdana,geneva;color:#0000ff\">Dimensiones<\/span><\/p>\n<\/td>\n<\/tr>\n<tr align=\"left\">\n<td valign=\"top\">\n<p><span style=\"font-size:14px;font-family:verdana,geneva\">JP-052<\/span><\/p>\n<\/td>\n<td valign=\"top\">\n<p><span style=\"font-size:14px;font-family:verdana,geneva\">110V\/220V\/240V<\/span><\/p>\n<\/td>\n<td valign=\"top\">\n<p><span style=\"font-size:14px;font-family:verdana,geneva\">50Hz\/60Hz<\/span><\/p>\n<\/td>\n<td valign=\"top\">\n<p><span style=\"font-size:14px;font-family:verdana,geneva\">6W<\/span><\/p>\n<\/td>\n<td valign=\"top\">\n<p><span style=\"font-size:14px;font-family:verdana,geneva\">0,75m<\/span><\/p>\n<\/td>\n<td valign=\"top\">\n<p><span style=\"font-size:14px;font-family:verdana,geneva\">450L\/h<\/span><\/p>\n<\/td>\n<td valign=\"top\">\n<p><span style=\"font-size:14px;font-family:verdana,geneva\">0,3 kg<\/span><\/p>\n<\/td>\n<td valign=\"top\">\n<p><span style=\"font-size:14px;font-family:verdana,geneva\">77*62*58mm<\/span><\/p>\n<\/td>\n<\/tr>\n<tr align=\"left\">\n<td valign=\"top\">\n<p><span style=\"font-size:14px;font-family:verdana,geneva\">JP-053<\/span><\/p>\n<\/td>\n<td valign=\"top\">\n<p><span style=\"font-size:14px;font-family:verdana,geneva\">110V\/220V\/240V<\/span><\/p>\n<\/td>\n<td valign=\"top\">\n<p><span style=\"font-size:14px;font-family:verdana,geneva\">50Hz\/60Hz<\/span><\/p>\n<\/td>\n<td valign=\"top\">\n<p><span style=\"font-size:14px;font-family:verdana,geneva\">10W<\/span><\/p>\n<\/td>\n<td valign=\"top\">\n<p><span style=\"font-size:14px;font-family:verdana,geneva\">1,2m<\/span><\/p>\n<\/td>\n<td valign=\"top\">\n<p><span style=\"font-size:14px;font-family:verdana,geneva\">700L\/h<\/span><\/p>\n<\/td>\n<td valign=\"top\">\n<p><span style=\"font-size:14px;font-family:verdana,geneva\">0,4 kg<\/span><\/p>\n<\/td>\n<td valign=\"top\">\n<p><span style=\"font-size:14px;font-family:verdana,geneva\">81*70*64mm<\/span><\/p>\n<\/td>\n<\/tr>\n<tr align=\"left\">\n<td valign=\"top\">\n<p><span style=\"font-size:14px;font-family:verdana,geneva\">JP-054<\/span><\/p>\n<\/td>\n<td valign=\"top\">\n<p><span style=\"font-size:14px;font-family:verdana,geneva\">110V\/220V\/240V<\/span><\/p>\n<\/td>\n<td valign=\"top\">\n<p><span style=\"font-size:14px;font-family:verdana,geneva\">50Hz\/60Hz<\/span><\/p>\n<\/td>\n<td valign=\"top\">\n<p><span style=\"font-size:14px;font-family:verdana,geneva\">14W<\/span><\/p>\n<\/td>\n<td valign=\"top\">\n<p><span style=\"font-size:14px;font-family:verdana,geneva\">1,6m<\/span><\/p>\n<\/td>\n<td valign=\"top\">\n<p><span style=\"font-size:14px;font-family:verdana,geneva\">900L\/h<\/span><\/p>\n<\/td>\n<td valign=\"top\">\n<p><span style=\"font-size:14px;font-family:verdana,geneva\">0,5 kg<\/span><\/p>\n<\/td>\n<td valign=\"top\">\n<p><span style=\"font-size:14px;font-family:verdana,geneva\">87*72*70mm<\/span><\/p>\n<\/td>\n<\/tr>\n<tr align=\"left\">\n<td valign=\"top\">\n<p><span style=\"font-size:14px;font-family:verdana,geneva\">JP-055<\/span><\/p>\n<\/td>\n<td valign=\"top\">\n<p><span style=\"font-size:14px;font-family:verdana,geneva\">110V\/220V\/240V<\/span><\/p>\n<\/td>\n<td valign=\"top\">\n<p><span style=\"font-size:14px;font-family:verdana,geneva\">50Hz\/60Hz<\/span><\/p>\n<\/td>\n<td valign=\"top\">\n<p><span style=\"font-size:14px;font-family:verdana,geneva\">20W<\/span><\/p>\n<\/td>\n<td valign=\"top\">\n<p><span style=\"font-size:14px;font-family:verdana,geneva\">2,0m<\/span><\/p>\n<\/td>\n<td valign=\"top\">\n<p><span style=\"font-size:14px;font-family:verdana,geneva\">1200L\/h<\/span><\/p>\n<\/td>\n<td valign=\"top\">\n<p><span style=\"font-size:14px;font-family:verdana,geneva\">0,6 kg<\/span><\/p>\n<\/td>\n<td valign=\"top\">\n<p><span style=\"font-size:14px;font-family:verdana,geneva\">110*80*84mm<\/span><\/p>\n<\/td>\n<\/tr>\n<tr align=\"left\">\n<td valign=\"top\">\n<p><span style=\"font-size:14px;font-family:verdana,geneva\">JP-056<\/span><\/p>\n<\/td>\n<td valign=\"top\">\n<p><span style=\"font-size:14px;font-family:verdana,geneva\">110V\/220V\/240V<\/span><\/p>\n<\/td>\n<td valign=\"top\">\n<p><span style=\"font-size:14px;font-family:verdana,geneva\">50Hz\/60Hz<\/span><\/p>\n<\/td>\n<td valign=\"top\">\n<p><span style=\"font-size:14px;font-family:verdana,geneva\">40W<\/span><\/p>\n<\/td>\n<td valign=\"top\">\n<p><span style=\"font-size:14px;font-family:verdana,geneva\">2,4m<\/span><\/p>\n<\/td>\n<td valign=\"top\">\n<p><span style=\"font-size:14px;font-family:verdana,geneva\">2700L\/h<\/span><\/p>\n<\/td>\n<td valign=\"top\">\n<p><span style=\"font-size:14px;font-family:verdana,geneva\">1,25 kg<\/span><\/p>\n<\/td>\n<td valign=\"top\">\n<p><span style=\"font-size:14px;font-family:verdana,geneva\">126*101*102mm<\/span><\/p>\n<\/td>\n<\/tr>\n<tr align=\"left\">\n<td valign=\"top\">\n<p><span style=\"font-size:14px;font-family:verdana,geneva\">JP-057<\/span><\/p>\n<\/td>\n<td valign=\"top\">\n<p><span style=\"font-size:14px;font-family:verdana,geneva\">110V\/220V\/240V<\/span><\/p>\n<\/td>\n<td valign=\"top\">\n<p><span style=\"font-size:14px;font-family:verdana,geneva\">50Hz\/60Hz<\/span><\/p>\n<\/td>\n<td valign=\"top\">\n<p><span style=\"font-size:14px;font-family:verdana,geneva\">50W<\/span><\/p>\n<\/td>\n<td valign=\"top\">\n<p><span style=\"font-size:14px;font-family:verdana,geneva\">2,7m<\/span><\/p>\n<\/td>\n<td valign=\"top\">\n<p><span style=\"font-size:14px;font-family:verdana,geneva\">3500L\/h<\/span><\/p>\n<\/td>\n<td valign=\"top\">\n<p><span style=\"font-size:14px;font-family:verdana,geneva\">1,4 kg<\/span><\/p>\n<\/td>\n<td valign=\"top\">\n<p><span style=\"font-size:14px;font-family:verdana,geneva\">130*110*105mm<\/span><\/p>\n<\/td>\n<\/tr>\n<tr align=\"left\">\n<td valign=\"top\">\n<p><span style=\"font-size:14px;font-family:verdana,geneva\">JP-058<\/span><\/p>\n<\/td>\n<td valign=\"top\">\n<p><span style=\"font-size:14px;font-family:verdana,geneva\">110V\/220V\/240V<\/span><\/p>\n<\/td>\n<td valign=\"top\">\n<p><span style=\"font-size:14px;font-family:verdana,geneva\">50Hz\/60Hz<\/span><\/p>\n<\/td>\n<td valign=\"top\">\n<p><span style=\"font-size:14px;font-family:verdana,geneva\">80W<\/span><\/p>\n<\/td>\n<td valign=\"top\">\n<p><span style=\"font-size:14px;font-family:verdana,geneva\">3,5m<\/span><\/p>\n<\/td>\n<td valign=\"top\">\n<p><span style=\"font-size:14px;font-family:verdana,geneva\">5000L\/h<\/span><\/p>\n<\/td>\n<td valign=\"top\">\n<p><span style=\"font-size:14px;font-family:verdana,geneva\">1,9 kg<\/span><\/p>\n<\/td>\n<td valign=\"top\">\n<p><span style=\"font-size:14px;font-family:verdana,geneva\">168*124*142mm<\/span><\/p>\n<\/td>\n<\/tr>\n<tr align=\"left\">\n<td valign=\"top\">\n<p><span style=\"font-size:14px;font-family:verdana,geneva;background-color:#ffff00\">JP-059<\/span><\/p>\n<\/td>\n<td valign=\"top\">\n<p><span style=\"font-size:14px;font-family:verdana,geneva;background-color:#ffff00\">110V\/220V\/240V<\/span><\/p>\n<\/td>\n<td valign=\"top\">\n<p><span style=\"font-size:14px;font-family:verdana,geneva;background-color:#ffff00\">50Hz\/60Hz<\/span><\/p>\n<\/td>\n<td valign=\"top\">\n<p><span style=\"font-size:14px;font-family:verdana,geneva;background-color:#ffff00\">100W<\/span><\/p>\n<\/td>\n<td valign=\"top\">\n<p><span style=\"font-size:14px;font-family:verdana,geneva;background-color:#ffff00\">4,0m<\/span><\/p>\n<\/td>\n<td valign=\"top\">\n<p><span style=\"font-size:14px;font-family:verdana,geneva;background-color:#ffff00\">5800L\/h<\/span><\/p>\n<\/td>\n<td valign=\"top\">\n<p><span style=\"font-size:14px;font-family:verdana,geneva;background-color:#ffff00\">3,3kg<\/span><\/p>\n<\/td>\n<td valign=\"top\">\n<p><span style=\"font-size:14px;font-family:verdana,geneva;background-color:#ffff00\">180*140*140mm<\/span><\/p>\n<\/td>\n<\/tr>\n<\/tbody>\n<\/table>\n<div style=\"clear:both\"><\/div>\n","protected":false},"excerpt":{"rendered":"<p>Bomba de jard\u00edn SUNSUN CE\/GS 1532GPH JP-059<\/p>\n","protected":false},"featured_media":5902,"comment_status":"open","ping_status":"closed","template":"","meta":[],"product_brand":[],"product_cat":[1146],"product_tag":[],"class_list":{"0":"post-30073","1":"product","2":"type-product","3":"status-publish","4":"has-post-thumbnail","6":"product_cat-bombas-de-agua-y-cabezales-de-potencia","8":"first","9":"instock","10":"shipping-taxable","11":"purchasable","12":"product-type-simple"},"_links":{"self":[{"href":"https:\/\/www.myaquastore.com\/es\/wp-json\/wp\/v2\/product\/30073","targetHints":{"allow":["GET"]}}],"collection":[{"href":"https:\/\/www.myaquastore.com\/es\/wp-json\/wp\/v2\/product"}],"about":[{"href":"https:\/\/www.myaquastore.com\/es\/wp-json\/wp\/v2\/types\/product"}],"replies":[{"embeddable":true,"href":"https:\/\/www.myaquastore.com\/es\/wp-json\/wp\/v2\/comments?post=30073"}],"wp:featuredmedia":[{"embeddable":true,"href":"https:\/\/www.myaquastore.com\/es\/wp-json\/wp\/v2\/media\/5902"}],"wp:attachment":[{"href":"https:\/\/www.myaquastore.com\/es\/wp-json\/wp\/v2\/media?parent=30073"}],"wp:term":[{"taxonomy":"product_brand","embeddable":true,"href":"https:\/\/www.myaquastore.com\/es\/wp-json\/wp\/v2\/product_brand?post=30073"},{"taxonomy":"product_cat","embeddable":true,"href":"https:\/\/www.myaquastore.com\/es\/wp-json\/wp\/v2\/product_cat?post=30073"},{"taxonomy":"product_tag","embeddable":true,"href":"https:\/\/www.myaquastore.com\/es\/wp-json\/wp\/v2\/product_tag?post=30073"}],"curies":[{"name":"wp","href":"https:\/\/api.w.org\/{rel}","templated":true}]}}