{"id":30075,"date":"2016-09-25T23:28:39","date_gmt":"2016-09-25T23:28:39","guid":{"rendered":"https:\/\/www.myaquastore.com\/product\/bomba-sumergible-para-fuente-de-estanque-de-gran-flujo-de-baja-potencia-sunsun-bomba-sumergible-para-estanque-bomba-sumergible-de-plastico-para-jardin-ce-gs-10000l-h-cqp-10000\/"},"modified":"2025-03-16T07:12:13","modified_gmt":"2025-03-16T07:12:13","slug":"bomba-sumergible-para-fuente-de-estanque-de-gran-flujo-de-baja-potencia-sunsun-bomba-sumergible-para-estanque-bomba-sumergible-de-plastico-para-jardin-ce-gs-10000l-h-cqp-10000","status":"publish","type":"product","link":"https:\/\/www.myaquastore.com\/es\/producto\/bomba-sumergible-para-fuente-de-estanque-de-gran-flujo-de-baja-potencia-sunsun-bomba-sumergible-para-estanque-bomba-sumergible-de-plastico-para-jardin-ce-gs-10000l-h-cqp-10000\/","title":{"rendered":"Bomba sumergible para fuente de estanque de gran flujo de baja potencia SUNSUN, bomba sumergible para estanque, bomba sumergible de pl\u00e1stico para jard\u00edn CE\/GS 10000L\/h CQP-10000"},"content":{"rendered":"<div style=\"clear:both\"><\/div>\n<p style=\"text-align:center\"><strong><span style=\"font-size:24px\"> SUNSUN Bomba sumergible para fuente de estanque de bajo consumo y gran flujo, bomba sumergible para estanque, bomba sumergible de pl\u00e1stico para jard\u00edn CE\/GS 10000L\/h <\/span><\/strong> <\/p>\n<p><span style=\"font-size:18px;font-family:arial,helvetica,sans-serif;color:#000000\"><strong>bomba sumergible de pl\u00e1stico para jard\u00edn Descripci\u00f3n del art\u00edculo:<\/strong><\/span><\/p>\n<p> <span style=\"font-family:tahoma,arial,helvetica,sans-serif\"> <span style=\"font-size:14px;font-family:trebuchet ms,geneva\">Esta bomba sumergible de pl\u00e1stico para jard\u00edn se aplica a estanques de peces, rocas, bourn, acuarios y tanques de mariscos con equipos de reciclaje de agua compatibles.<\/span><\/span><\/p>\n<\/p>\n<p><span style=\"font-size:18px;font-family:arial,helvetica,sans-serif;color:#000000\"><strong>bomba sumergible de pl\u00e1stico para jard\u00edn Caracter\u00edsticas:<\/strong><\/span><\/p>\n<ul>\n<li><span style=\"font-size:18px;font-family:trebuchet ms,geneva\"><span style=\"color:#000000\"><span style=\"font-size:14px\"><span style=\"font-size:14px\"><span style=\"font-family:Arial\">Succi\u00f3n de palanca baja y baja ruido<\/span><\/span><\/span><\/span><\/span><\/li>\n<li><span style=\"font-size:18px;font-family:trebuchet ms,geneva\"><span style=\"color:#000000\"><span style=\"font-size:14px\"><span style=\"font-size:14px\"><span style=\"font-family:Arial\">Est\u00e1ndar de alto rendimiento Motor as\u00edncrono con nuevo dise\u00f1o y ahorro de energ\u00eda de hasta un 50% que antes.<\/span><\/span><\/span><\/span><\/span><\/li>\n<li><span style=\"font-size:18px;font-family:trebuchet ms,geneva\"><span style=\"color:#000000\"><span style=\"font-size:14px\"><span style=\"font-size:14px\"><span style=\"font-family:Arial\">el dise\u00f1o de la canasta de filtro grande hace que el mantenimiento sea mucho m\u00e1s prolongado.<\/span><\/span><\/span><\/span><\/span><\/li>\n<li><span style=\"font-size:18px;font-family:trebuchet ms,geneva\"><span style=\"color:#000000\"><span style=\"font-size:14px\"><span style=\"font-size:14px\"><span style=\"font-family:Arial\">El doble sello de resina y el anillo de goma lo hacen m\u00e1s seguro de usar.<\/span><\/span><\/span><\/span><\/span><\/li>\n<li><span style=\"font-size:18px;font-family:trebuchet ms,geneva\"><span style=\"color:#000000\"><span style=\"font-size:14px\"><span style=\"font-size:14px\"><span style=\"font-family:Arial\">Eje cer\u00e1mico de alta resistencia y desgaste, larga vida \u00fatil.<\/span><\/span><\/span><\/span><\/span><\/li>\n<li><span style=\"font-size:18px;font-family:trebuchet ms,geneva\"><span style=\"color:#000000\"><span style=\"font-size:14px\"><span style=\"font-size:14px\"><span style=\"font-family:Arial\">Tiene buena resistencia al agua y alta resistencia diel\u00e9ctrica<\/span><\/span><\/span><\/span><\/span><\/li>\n<li><span style=\"font-size:18px;font-family:trebuchet ms,geneva\"><span style=\"color:#000000\"><span style=\"font-size:14px\"><span style=\"font-size:14px\"><span style=\"font-family:Arial\">Aplica a estanques, con equipos de reciclaje de agua. a juego.<\/span><\/span><\/span><\/span><\/span><\/li>\n<\/ul>\n<p><span style=\"font-size:18px;font-family:arial,helvetica,sans-serif;color:#000000\"><strong><span style=\"background-color:#ff9900\">Bomba sumergible de pl\u00e1stico para jard\u00edn CQP-13000 <\/span>fecha:<\/strong><\/span><\/p>\n<\/p>\n<table class=\"aliDataTable ke-zeroborder\" style=\"height:332px;width:705px\" cellpadding=\"0\" border=\"0\">\n<tbody>\n<tr>\n<td>Nombre del producto:<\/td>\n<td> Bomba para estanque de peces SUNSUN 13000L\/h CQP-13000<\/td>\n<\/tr>\n<tr>\n<td> Incluye:<\/td>\n<td> bomba de agua para estanque<\/td>\n<\/tr>\n<tr>\n<td> <\/td>\n<td> Manguera adaptador<\/td>\n<\/tr>\n<tr>\n<td> <\/td>\n<td> conexi\u00f3n<\/td>\n<\/tr>\n<tr>\n<td> <\/td>\n<td> evaluaciones<\/td>\n<\/tr>\n<tr>\n<td> Funci\u00f3n:<\/td>\n<td> Funciona d\u00eda y noche con v\u00e1lvula de agua<\/td>\n<\/tr>\n<tr>\n<td> <\/td>\n<td> Temporizador 1H\/2H\/4H<\/td>\n<\/tr>\n<tr>\n<td> Caracter\u00edstica:<\/td>\n<td> Elevaci\u00f3n de agua m\u00e1xima: 5,2 m<\/td>\n<\/tr>\n<tr>\n<td> <\/td>\n<td> Flujo de agua m\u00e1ximo: 13000 l\/h <span style=\"background-color:#ffff00\">(3500 gal\/hora)<\/span><\/td>\n<\/tr>\n<tr>\n<td> Caja de exportaci\u00f3n:<\/td>\n<td> 6PCS\/CTN<\/td>\n<\/tr>\n<tr>\n<td> N.W;G.W\/ Caja:<\/td>\n<td> 12KG, 13KG<\/td>\n<\/tr>\n<tr>\n<td>Dimensiones de la bomba<\/td>\n<td> 193*99*99mm<\/td>\n<\/tr>\n<tr>\n<td> MOQ:<\/td>\n<td> 60PCS<\/td>\n<\/tr>\n<\/tbody>\n<\/table>\n<p><strong><span style=\"font-size:18px\">bomba sumergible de pl\u00e1stico para jard\u00edn PAR\u00c1METRO<\/span><\/strong><\/p>\n<table class=\"aliDataTable\" style=\"height:192px;width:702px\" border=\"1\">\n<tbody>\n<tr>\n<td style=\"text-align:center\"><strong>Modelo<\/strong><\/td>\n<td style=\"text-align:center\"><strong>Voltaje<\/strong><\/td>\n<td style=\"text-align:center\"><strong>Frecuencia<\/strong><\/td>\n<td style=\"text-align:center\"><strong>Potencia<\/strong><\/td>\n<td style=\"text-align:center\"><strong>H-max<\/strong><\/td>\n<td style=\"text-align:center\"><strong>Salida<\/strong><\/td>\n<td style=\"text-align:center\"><strong>Longitud del cable<\/strong><\/td>\n<td style=\"text-align:center\"><strong>Peso<\/strong><\/td>\n<td style=\"text-align:center\"><strong>L*W*H(mm)<\/strong><\/td>\n<\/tr>\n<tr>\n<td style=\"text-align:center\">CQP-8000<\/td>\n<td style=\"text-align:center\">110V\/220V\/240V<\/td>\n<td style=\"text-align:center\">50Hz\/60Hz<\/td>\n<td style=\"text-align:center\">70w<\/td>\n<td style=\"text-align:center\">3,2m<\/td>\n<td style=\"text-align:center\">8000L\/h<\/td>\n<td style=\"text-align:center\">10m<\/td>\n<td style=\"text-align:center\">3,3kg<\/td>\n<td style=\"text-align:center\">275*152*165<\/td>\n<\/tr>\n<tr>\n<td style=\"text-align:center\">CQP-9000<\/td>\n<td style=\"text-align:center\">110V\/220V\/240V<\/td>\n<td style=\"text-align:center\">50Hz\/60Hz<\/td>\n<td style=\"text-align:center\">95w<\/td>\n<td style=\"text-align:center\">3,6m<\/td>\n<td style=\"text-align:center\">9000L\/h<\/td>\n<td style=\"text-align:center\">10m<\/td>\n<td style=\"text-align:center\">3,5kg<\/td>\n<td style=\"text-align:center\">275*152*165<\/td>\n<\/tr>\n<tr>\n<td style=\"text-align:center\"><span style=\"background-color:#00ffff\">CQP-10000<\/span><\/td>\n<td style=\"text-align:center\"><span style=\"background-color:#00ffff\">110V\/220V\/240V<\/span><\/td>\n<td style=\"text-align:center\"><span style=\"background-color:#00ffff\">50Hz\/60Hz<\/span><\/td>\n<td style=\"text-align:center\"><span style=\"background-color:#00ffff\">155w<\/span><\/td>\n<td style=\"text-align:center\"><span style=\"background-color:#00ffff\">5,0m<\/span><\/td>\n<td style=\"text-align:center\"><span style=\"background-color:#00ffff\">10000L\/h<\/span><\/td>\n<td style=\"text-align:center\"><span style=\"background-color:#00ffff\">10m<\/span><\/td>\n<td style=\"text-align:center\"><span style=\"background-color:#00ffff\">3,7kg<\/span><\/td>\n<td style=\"text-align:center\"><span style=\"background-color:#00ffff\">275*152*165<\/span><\/td>\n<\/tr>\n<tr>\n<td style=\"text-align:center\">CQP-13000<\/td>\n<td style=\"text-align:center\">110V\/220V\/240V<\/td>\n<td style=\"text-align:center\">50Hz\/60Hz<\/td>\n<td style=\"text-align:center\">180w<\/td>\n<td style=\"text-align:center\">5,2m<\/td>\n<td style=\"text-align:center\">13000L\/h<\/td>\n<td style=\"text-align:center\">10m<\/td>\n<td style=\"text-align:center\">5,0kg<\/td>\n<td style=\"text-align:center\">305*170*180<\/td>\n<\/tr>\n<tr>\n<td style=\"text-align:center\">CQP-15000<\/td>\n<td style=\"text-align:center\">110V\/220V\/240V<\/td>\n<td style=\"text-align:center\">50Hz\/60Hz<\/td>\n<td style=\"text-align:center\">215w<\/td>\n<td style=\"text-align:center\">5,8m<\/td>\n<td style=\"text-align:center\">15000L\/h<\/td>\n<td style=\"text-align:center\">10m<\/td>\n<td style=\"text-align:center\">5,0kg<\/td>\n<td style=\"text-align:center\">305*170*180<\/td>\n<\/tr>\n<tr>\n<td style=\"text-align:center\">CQP-18000<\/td>\n<td style=\"text-align:center\">110V\/220V\/240V<\/td>\n<td style=\"text-align:center\">50Hz\/60Hz<\/td>\n<td style=\"text-align:center\">315<\/td>\n<td style=\"text-align:center\">6,2m<\/td>\n<td style=\"text-align:center\">18000L\/h<\/td>\n<td style=\"text-align:center\">10m<\/td>\n<td style=\"text-align:center\">5,0kg<\/td>\n<td style=\"text-align:center\">305*170*180<\/td>\n<\/tr>\n<\/tbody>\n<\/table>\n<p data-section-blank=\"AliPostDhMb-lb3q9\">\n<div id=\"ali-anchor-AliPostDhMb-lb3q9\" style=\"padding-top:8px\" data-section-title=\"Descripci\u00f3n del producto\" data-section=\"AliPostDhMb-lb3q9\">\n<div id=\"ali-title-AliPostDhMb-lb3q9\" style=\"border-bottom:#ddd 1px solid;padding-bottom:8px;padding-top:8px;padding-left:0px;padding-right:0px\"><span style=\"font-weight:bold;color:#333;padding-bottom:8px;padding-top:8px;padding-left:10px;line-height:12px;padding-right:10px;background-color:#ddd\">Descripci\u00f3n del producto<\/span><\/div>\n<div style=\"padding-bottom:10px;padding-top:10px;padding-left:0px;padding-right:0px\">\n<div style=\"height:42px;width:750px\">\n<div style=\"height:42px;float:left;width:25px;background-color:#00ccff\"> <\/div>\n<div style=\"height:30px;float:right;color:#ffffff;padding-bottom:5px;padding-top:5px;padding-left:0px;padding-right:0px;width:720px;background-color:#0099ff\">\n<div style=\"font-size:24px;border-top:#ffffff 1px solid;height:30px;font-family:Arial;border-bottom:#ffffff 1px solid;font-weight:bold;font-style:italic;padding-left:10px;line-height:30px;width:720px\">Visualizaci\u00f3n del producto<\/div>\n<\/div>\n<\/div>\n<\/div>\n<\/div>\n<p data-section-blank=\"AliPostDhMb-lb3q9\"> <img decoding=\"async\" alt=\"SUNSUN Bomba sumergible para fuente de estanque de bajo consumo y gran flujo Bomba sumergible para estanque Bomba sumergible de pl\u00e1stico para jard\u00edn CE\/GS 10000L\/h\" src=\"http:\/\/localhost\/media\/import\/detail\/HTB1cL23GXXXXXXKXXXXq6xXFXXXC.jpg\"><\/p>\n<p style=\"text-align:center\" data-section-blank=\"AliPostDhMb-lb3q9\">&#8212;&#8212;&#8212;&#8212;&#8212;&#8212;&#8212;&#8212;&#8212;&#8212;&#8212;&#8212;&#8212;&#8212;&#8212;&#8212;&#8212;&#8212;&#8212;&#8212;&#8212;&#8212;&#8212;&#8212;&#8212;&#8212;&#8212;&#8212;&#8212;&#8212;&#8212;&#8212;&#8212;&#8212;&#8212;&#8212;<img decoding=\"async\" alt=\"SUNSUN Bomba sumergible para fuente de estanque de bajo consumo y gran caudal Bomba sumergible para estanque Bomba sumergible de pl\u00e1stico para jard\u00edn CE\/GS 10000L\/h\" src=\"http:\/\/localhost\/media\/import\/detail\/HTB1kFvIGXXXXXbRXVXXq6xXFXXXa.jpg\"><\/p>\n<p style=\"text-align:center\" data-section-blank=\"AliPostDhMb-lb3q9\">&#8212;&#8212;&#8212;&#8212;&#8212;&#8212;&#8212;&#8212;&#8212;&#8212;&#8212;&#8212;&#8212;&#8212;&#8212;&#8212;&#8212;&#8212;&#8212;&#8212;&#8212;&#8212;&#8212;&#8212;&#8212;&#8212;&#8212;&#8212;&#8212;&#8212;&#8212;&#8212;&#8212;&#8212;&#8212;&#8212;<img decoding=\"async\" alt=\"SUNSUN Bomba sumergible para fuente de estanque de bajo consumo y gran caudal Bomba sumergible para estanque Bomba sumergible de pl\u00e1stico para jard\u00edn CE\/GS 10000L\/h\" src=\"http:\/\/localhost\/media\/import\/detail\/HTB1IPLVGXXXXXaCXpXXq6xXFXXXW.jpg\"><\/p>\n<p style=\"text-align:center\" data-section-blank=\"AliPostDhMb-lb3q9\">&#8212;&#8212;&#8212;&#8212;&#8212;&#8212;&#8212;&#8212;&#8212;&#8212;&#8212;&#8212;&#8212;&#8212;&#8212;&#8212;&#8212;&#8212;&#8212;&#8212;&#8212;&#8212;&#8212;&#8212;&#8212;&#8212;&#8212;&#8212;&#8212;&#8212;&#8212;&#8212;&#8212;&#8212;&#8212;&#8212;<img decoding=\"async\" alt=\"SUNSUN Bomba sumergible para fuente de estanque de bajo consumo y gran caudal Bomba sumergible para estanque Bomba sumergible de pl\u00e1stico para jard\u00edn CE\/GS 10000L\/h\" src=\"http:\/\/localhost\/media\/import\/detail\/HTB1ipYZGXXXXXcJXXXXq6xXFXXXM.jpg\"><\/p>\n<p style=\"text-align:center\" data-section-blank=\"AliPostDhMb-lb3q9\">&#8212;&#8212;&#8212;&#8212;&#8212;&#8212;&#8212;&#8212;&#8212;&#8212;&#8212;&#8212;&#8212;&#8212;&#8212;&#8212;&#8212;&#8212;&#8212;&#8212;&#8212;&#8212;&#8212;&#8212;&#8212;&#8212;&#8212;&#8212;&#8212;&#8212;&#8212;&#8212;&#8212;&#8212;&#8212;&#8212;<img decoding=\"async\" alt=\"SUNSUN Bomba sumergible para fuente de estanque de bajo consumo y gran caudal Bomba sumergible para estanque Bomba sumergible de pl\u00e1stico para jard\u00edn CE\/GS 10000L\/h\" src=\"http:\/\/localhost\/media\/import\/detail\/HTB1Hyv1GXXXXXaEXXXXq6xXFXXXD.jpg\"><\/p>\n<p style=\"text-align:center\" data-section-blank=\"AliPostDhMb-lb3q9\">&#8212;&#8212;&#8212;&#8212;&#8212;&#8212;&#8212;&#8212;&#8212;&#8212;&#8212;&#8212;&#8212;&#8212;&#8212;&#8212;&#8212;&#8212;&#8212;&#8212;&#8212;&#8212;&#8212;&#8212;&#8212;&#8212;&#8212;&#8212;&#8212;&#8212;&#8212;&#8212;&#8212;&#8212;&#8212;&#8212;<img decoding=\"async\" alt=\"SUNSUN Bomba sumergible para fuente de estanque de bajo consumo y gran caudal Bomba sumergible para estanque Bomba sumergible de pl\u00e1stico para jard\u00edn CE\/GS 10000L\/h\" src=\"http:\/\/localhost\/media\/import\/detail\/HTB10O_PGXXXXXa_XFXXq6xXFXXXI.jpg\"><\/p>\n<div id=\"ali-anchor-AliPostDhMb-spqcc\" style=\"padding-top:8px\" data-section-title=\"Informaci\u00f3n de la empresa\" data-section=\"AliPostDhMb-spqcc\">\n<div id=\"ali-title-AliPostDhMb-spqcc\" style=\"border-bottom:#ddd 1px solid;padding-bottom:8px;padding-top:8px;padding-left:0px;padding-right:0px\"> <\/div>\n<\/div>\n<div style=\"clear:both\"><\/div>\n<p><strong><span style=\"color:#ff9900;font-family:'Comic Sans MS'\"><\/span><\/strong><\/p>\n","protected":false},"excerpt":{"rendered":"<p>Bomba sumergible para fuente de estanque de gran flujo de baja potencia SUNSUN, bomba sumergible para estanque, bomba sumergible de pl\u00e1stico para jard\u00edn CE\/GS 10000L\/h CQP-10000<\/p>\n","protected":false},"featured_media":5906,"comment_status":"open","ping_status":"closed","template":"","meta":[],"product_brand":[],"product_cat":[1146],"product_tag":[],"class_list":{"0":"post-30075","1":"product","2":"type-product","3":"status-publish","4":"has-post-thumbnail","6":"product_cat-bombas-de-agua-y-cabezales-de-potencia","8":"first","9":"instock","10":"shipping-taxable","11":"purchasable","12":"product-type-simple"},"_links":{"self":[{"href":"https:\/\/www.myaquastore.com\/es\/wp-json\/wp\/v2\/product\/30075","targetHints":{"allow":["GET"]}}],"collection":[{"href":"https:\/\/www.myaquastore.com\/es\/wp-json\/wp\/v2\/product"}],"about":[{"href":"https:\/\/www.myaquastore.com\/es\/wp-json\/wp\/v2\/types\/product"}],"replies":[{"embeddable":true,"href":"https:\/\/www.myaquastore.com\/es\/wp-json\/wp\/v2\/comments?post=30075"}],"wp:featuredmedia":[{"embeddable":true,"href":"https:\/\/www.myaquastore.com\/es\/wp-json\/wp\/v2\/media\/5906"}],"wp:attachment":[{"href":"https:\/\/www.myaquastore.com\/es\/wp-json\/wp\/v2\/media?parent=30075"}],"wp:term":[{"taxonomy":"product_brand","embeddable":true,"href":"https:\/\/www.myaquastore.com\/es\/wp-json\/wp\/v2\/product_brand?post=30075"},{"taxonomy":"product_cat","embeddable":true,"href":"https:\/\/www.myaquastore.com\/es\/wp-json\/wp\/v2\/product_cat?post=30075"},{"taxonomy":"product_tag","embeddable":true,"href":"https:\/\/www.myaquastore.com\/es\/wp-json\/wp\/v2\/product_tag?post=30075"}],"curies":[{"name":"wp","href":"https:\/\/api.w.org\/{rel}","templated":true}]}}