{"id":30076,"date":"2016-09-25T23:28:39","date_gmt":"2016-09-25T23:28:39","guid":{"rendered":"https:\/\/www.myaquastore.com\/product\/bomba-sumergible-hidroponica-sunsun-2500l-h-de-alta-calidad-hqb-3000\/"},"modified":"2025-03-16T07:12:14","modified_gmt":"2025-03-16T07:12:14","slug":"bomba-sumergible-hidroponica-sunsun-2500l-h-de-alta-calidad-hqb-3000","status":"publish","type":"product","link":"https:\/\/www.myaquastore.com\/es\/producto\/bomba-sumergible-hidroponica-sunsun-2500l-h-de-alta-calidad-hqb-3000\/","title":{"rendered":"Bomba sumergible hidrop\u00f3nica SUNSUN 2500L\/h de alta calidad HQB-3000"},"content":{"rendered":"<div style=\"clear:both\"><\/div>\n<p style=\"text-align:left\">\n<p style=\"text-align:left\"><span style=\"color:#2891d6\"><em><span style=\"font-size:24px\"><strong><span style=\"background-color:#ffff00\">Sumergible hidrop\u00f3nico SUNSUN 2500L\/h de alta calidad Bomba<\/span><\/strong><\/span><\/em><\/span> <\/p>\n<p style=\"text-align:left\"><strong><\/strong> <\/p>\n<p style=\"text-align:left\"><strong><span style=\"font-size:18px;color:#ff9900\">1.<\/span><\/strong><strong><span style=\"font-size:18px;color:#ff9900\"> <\/span><\/strong><strong><span style=\"font-size:18px;color:#ff9900\">Descripci\u00f3n del producto<\/span><\/strong><\/p>\n<p style=\"text-align:left\">\n<p style=\"text-align:left\"><span style=\"font-size:14px;font-family:comic sans ms,sans-serif\">1. Tama\u00f1o de salida m\u00faltiple para varios tuber\u00edas.<\/span><\/p>\n<p><span style=\"font-size:14px;font-family:comic sans ms,sans-serif\">2. Adecuado en una amplia gama.<\/span><\/p>\n<p><span style=\"font-size:14px;font-family:comic sans ms,sans-serif\">3.Dise\u00f1o de apariencia agilizada, estructura razonable y alta Eficiencia.<\/span><\/p>\n<p><span style=\"font-size:14px\"><span style=\"font-family:comic sans ms,sans-serif\">4. Motor as\u00edncrono est\u00e1ndar de alto rendimiento con nuevo dise\u00f1o, bajo nivel de ruido, <\/span><span style=\"font-family:comic sans ms,sans-serif\">ahorro de energ\u00eda e impermeable.<\/span><\/span><\/p>\n<p><span style=\"font-size:14px\"><span style=\"font-family:comic sans ms,sans-serif\">5. Dise\u00f1o especial del motor, eje cer\u00e1mico resistente al desgaste, larga vida \u00fatil y adecuado <\/span><span style=\"font-family:comic sans ms,sans-serif\">para anfibios terrestres.<\/span><\/span><\/p>\n<p><span style=\"font-size:14px\"><span style=\"font-family:comic sans ms,sans-serif\">6. Utiliza un n\u00facleo de eje resistente al desgaste de alta resistencia, tiene energ\u00eda altamente eficiente<\/span><span style=\"font-family:comic sans ms,sans-serif\">ahorro y larga vida \u00fatil.<\/span><\/span><\/p>\n<p><strong><\/strong> <\/p>\n<p><span style=\"font-family:arial,helvetica,sans-serif\"><strong><span style=\"font-size:18px;color:#ff9900;background-color:#ffffff\">2. Detalles de la bomba sumergible hidrop\u00f3nica HQB-3000 <\/span><\/strong><\/span><\/p>\n<p><strong><\/strong><strong><span style=\"font-size:18px;font-family:comic sans ms, sans-serif;color:#ff9900;background-color:#ffffff\"> <\/span><\/strong><\/p>\n<p> <img loading=\"lazy\" decoding=\"async\" alt=\"SUNSUN de alta calidad Bomba sumergible hidrop\u00f3nica 2500L\/h\" src=\"http:\/\/localhost\/media\/import\/detail\/719896350_617.jpg\" width=\"598\" height=\"220\"><\/p>\n<\/p>\n<p> <img loading=\"lazy\" decoding=\"async\" alt=\"Hidropon\u00eda SUNSUN 2500L\/h de alta calidad Bomba sumergible\" src=\"http:\/\/localhost\/media\/import\/detail\/888634122_555.jpg\" width=\"600\" height=\"600\"> <\/p><\/p>\n","protected":false},"excerpt":{"rendered":"<p>Bomba sumergible hidrop\u00f3nica SUNSUN 2500L\/h de alta calidad HQB-3000<\/p>\n","protected":false},"featured_media":5908,"comment_status":"open","ping_status":"closed","template":"","meta":[],"product_brand":[],"product_cat":[1146],"product_tag":[],"class_list":{"0":"post-30076","1":"product","2":"type-product","3":"status-publish","4":"has-post-thumbnail","6":"product_cat-bombas-de-agua-y-cabezales-de-potencia","8":"first","9":"instock","10":"shipping-taxable","11":"purchasable","12":"product-type-simple"},"_links":{"self":[{"href":"https:\/\/www.myaquastore.com\/es\/wp-json\/wp\/v2\/product\/30076","targetHints":{"allow":["GET"]}}],"collection":[{"href":"https:\/\/www.myaquastore.com\/es\/wp-json\/wp\/v2\/product"}],"about":[{"href":"https:\/\/www.myaquastore.com\/es\/wp-json\/wp\/v2\/types\/product"}],"replies":[{"embeddable":true,"href":"https:\/\/www.myaquastore.com\/es\/wp-json\/wp\/v2\/comments?post=30076"}],"wp:featuredmedia":[{"embeddable":true,"href":"https:\/\/www.myaquastore.com\/es\/wp-json\/wp\/v2\/media\/5908"}],"wp:attachment":[{"href":"https:\/\/www.myaquastore.com\/es\/wp-json\/wp\/v2\/media?parent=30076"}],"wp:term":[{"taxonomy":"product_brand","embeddable":true,"href":"https:\/\/www.myaquastore.com\/es\/wp-json\/wp\/v2\/product_brand?post=30076"},{"taxonomy":"product_cat","embeddable":true,"href":"https:\/\/www.myaquastore.com\/es\/wp-json\/wp\/v2\/product_cat?post=30076"},{"taxonomy":"product_tag","embeddable":true,"href":"https:\/\/www.myaquastore.com\/es\/wp-json\/wp\/v2\/product_tag?post=30076"}],"curies":[{"name":"wp","href":"https:\/\/api.w.org\/{rel}","templated":true}]}}