{"id":30079,"date":"2016-09-25T23:28:39","date_gmt":"2016-09-25T23:28:39","guid":{"rendered":"https:\/\/www.myaquastore.com\/product\/bomba-de-agua-sumergible-para-fuente-de-estanque-de-jardin-40w-1800l-h-hj-1843\/"},"modified":"2025-03-16T07:12:14","modified_gmt":"2025-03-16T07:12:14","slug":"bomba-de-agua-sumergible-para-fuente-de-estanque-de-jardin-40w-1800l-h-hj-1843","status":"publish","type":"product","link":"https:\/\/www.myaquastore.com\/es\/producto\/bomba-de-agua-sumergible-para-fuente-de-estanque-de-jardin-40w-1800l-h-hj-1843\/","title":{"rendered":"Bomba de agua sumergible para fuente de estanque de jard\u00edn 40W 1800L\/h HJ-1843"},"content":{"rendered":"<div style=\"clear:both\"><\/div>\n<div id=\"ali-anchor-AliPostDhMb-fa8di\" style=\"padding-top:8px\" data-section-title=\"letrero\" data-section=\"AliPostDhMb-fa8di\">\n<div id=\"ali-title-AliPostDhMb-fa8di\" style=\"border-bottom:#ddd 1px solid;padding-bottom:8px;padding-top:8px;padding-left:0px;padding-right:0px\"> <\/div>\n<p><span><\/span> <\/p>\n<\/div>\n<p style=\"text-align:center\"><span style=\"font-size:24px;color:#000000\"><strong>Bomba de agua sumergible para fuente de estanque de jard\u00edn 40W 1800L\/h HJ-1843 <\/strong><\/span><\/p>\n<div id=\"ali-anchor-AliPostDhMb-1vhy2\" style=\"padding-top:8px\" data-section-title=\"Descripci\u00f3n del producto\" data-section=\"AliPostDhMb-1vhy2\">\n<div id=\"ali-title-AliPostDhMb-1vhy2\" style=\"border-bottom:#ddd 1px solid;padding-bottom:8px;padding-top:8px;padding-left:0px;padding-right:0px\"><span style=\"font-weight:bold;color:#333;padding-bottom:8px;padding-top:8px;padding-left:10px;line-height:12px;padding-right:10px;background-color:#ddd\">Descripci\u00f3n del producto<\/span><\/div>\n<div style=\"padding-bottom:10px;padding-top:10px;padding-left:0px;padding-right:0px\">\n<\/div>\n<\/div>\n<p style=\"text-align:center\">\n<\/p>\n<p><span style=\"font-size:18px;background-color:#ffff00\"><strong>especificaciones:<\/strong><\/span><\/p>\n<p><strong><span style=\"font-size:12px\">1. Utiliza un n\u00facleo de eje resistente al desgaste de alta resistencia, tiene un ahorro de energ\u00eda altamente eficiente<\/span><\/strong><\/p>\n<p><strong><span style=\"font-size:12px\">y una larga vida \u00fatil;<\/span><\/strong><\/p>\n<p><strong><span style=\"font-size:12px\">2. Tiene buena resistencia diel\u00e9ctrica a prueba de agua y alta; es seguro y confiable;<\/span><\/strong><\/p>\n<p><strong><span style=\"font-size:12px\">3. Puedes usarlo como bombeo y filtraci\u00f3n.<\/span><\/strong><\/p>\n<\/p>\n<p><span style=\"font-size:18px;color:#000000;background-color:#ffff00\"><strong>Par\u00e1metros de la bomba sumergible para fuente de estanque de jard\u00edn<\/strong><\/span><\/p>\n<table class=\"aliDataTable\" style=\"height:138px;width:57.31%\" border=\"4\">\n<tbody>\n<tr>\n<td>Modelo<\/td>\n<td>Voltaje<\/td>\n<td>Frecuencia<\/td>\n<td>Potencia<\/td>\n<td>H-max<\/td>\n<td>Salida<\/td>\n<td>Cable Largo<\/td>\n<td>Peso<\/td>\n<td>Dimensiones<\/td>\n<\/tr>\n<tr>\n<td>CQP-1000F<\/td>\n<td>110V\/220V\/240V<\/td>\n<td>50Hz\/60Hz<\/td>\n<td>16W<\/td>\n<td>1,5m<\/td>\n<td>1000L\/h<\/td>\n<td>5m<\/td>\n<td>1,6kg<\/td>\n<td>?110* 88 mm<\/td>\n<\/tr>\n<tr>\n<td>CQP-4500F<\/td>\n<td>110V\/220V240V<\/td>\n<td>50Hz\/60Hz<\/td>\n<td>75W<\/td>\n<td>3. 5m<\/td>\n<td>4500L\/h<\/td>\n<td>10m<\/td>\n<td>3,0kg<\/td>\n<td>267*223*132mm<\/td>\n<\/tr>\n<\/tbody>\n<\/table>\n<table class=\"aliDataTable\" border=\"4\">\n<tbody>\n<tr>\n<td>Modelo<\/td>\n<td>Voltaje<\/td>\n<td>Frecuencia<\/td>\n<td>Potencia<\/td>\n<td>H-max<\/td>\n<td>Salida<\/td>\n<td>Peso<\/td>\n<td>Dimensiones<\/td>\n<\/tr>\n<tr>\n<td>HJ-18 43<\/td>\n<td>110V\/220V240V<\/td>\n<td>50Hz\/60Hz<\/td>\n<td>40W<\/td>\n<td>2,5m<\/td>\n<td>1800L\/h <\/td>\n<td>1,4 kg<\/td>\n<td>155*106*108 mm<\/td>\n<\/tr>\n<tr>\n<td>HJ-1543<\/td>\n<td>110 V\/220 V 240 V <\/td>\n<td>50Hz\/60Hz<\/td>\n<td>28W<\/td>\n<td>2,0m<\/td>\n<td>1400L\/h<\/td>\n<td>1,2kg<\/td>\n<td>138*98*100mm<\/td>\n<\/tr>\n<tr>\n<td>HJ-1143<\/td>\n<td>110V\/220V240V<\/td>\n<td>50Hz\/60Hz <\/td>\n<td>22W<\/td>\n<td>1,6m<\/td>\n<td>1000L\/h<\/td>\n<td>0,85kg<\/td>\n<td>123*82*85mm<\/td>\n<\/tr>\n<tr>\n<td>HJ-943<\/td>\n<td>110V\/220V240V <\/td>\n<td>50Hz\/60Hz<\/td>\n<td>16W<\/td>\n<td>1,3m<\/td>\n<td>800L\/h<\/td>\n<td>0,65kg<\/td>\n<td>108*73*75mm<\/td>\n<\/tr>\n<tr>\n<td>HJ-743<\/td>\n<td>110V\/220V240V <\/td>\n<td>50Hz\/60Hz<\/td>\n<td>8W<\/td>\n<td>1,0m<\/td>\n<td>600L\/h<\/td>\n<td>0,38kg<\/td>\n<td>98*66*68mm<\/td>\n<\/tr>\n<\/tbody>\n<\/table>\n<p><span style=\"font-size:14px\"><strong><span style=\"color:#000000\">Espect\u00e1culo de bombas de agua para fuentes de jard\u00edn<\/span><\/strong><\/span><\/p>\n<p><span style=\"font-size:12px\"><strong><span style=\"color:#000000\">Hay tantas bombas para fuentes de estanques aqu\u00ed, con o sin luz LED, todav\u00eda tenemos varios tipos<\/span><\/strong><\/span><\/p>\n<p><span style=\"font-size:12px\"><strong><span style=\"color:#000000\">de<\/span><\/strong><\/span><span style=\"font-size:12px\"><strong><span style=\"color:#000000\">fuente<\/span><\/strong><\/span><span style=\"font-size:12px\"><strong><span style=\"color:#000000\">bombas de agua,<\/span><\/strong><\/span><span style=\"font-size:12px\"><strong><span style=\"color:#000000\">al igual que las bombas de una fuente, \u00bfverdad?<\/span><\/strong><\/span><\/p>\n<p><span style=\"font-size:12px\"><strong><span style=\"color:#000000\">\u00a1Espero que puedas encontrar aqu\u00ed el que realmente deseas! \u00a1Espero que puedas disfrutar de este<\/span><\/strong><\/span><\/p>\n<p><span style=\"font-size:12px\"><strong><span style=\"color:#000000\">viaje!<\/span><\/strong><\/span><\/p>\n<p><span style=\"font-size:12px\"><strong><span style=\"color:#000000\"><span style=\"text-decoration:underline\"><span style=\"font-size:14px\"><span style=\"background-color:#ffff00\"><img decoding=\"async\" alt=\"Bomba de agua sumergible para fuente de estanque de jard\u00edn 40W 1800L\/h HJ-1843\" src=\"http:\/\/localhost\/media\/import\/detail\/540521107_500.jpg\"><\/span><\/span><\/span><\/span><\/strong><\/span><\/p>\n<p><img decoding=\"async\" alt=\"Bomba de agua sumergible para fuente de estanque de jard\u00edn 40W 1800L\/h HJ-1843\" src=\"http:\/\/localhost\/media\/import\/detail\/545816670_950.jpg\"><img decoding=\"async\" alt=\"Bomba de agua sumergible para fuente de estanque de jard\u00edn 40W 1800L\/h HJ-1843\" src=\"http:\/\/localhost\/media\/import\/detail\/545816672_665.jpg\"><img decoding=\"async\" alt=\"Sumergible Bomba de agua para fuente de estanque de jard\u00edn 40W 1800L\/h HJ-1843\" src=\"http:\/\/localhost\/media\/import\/detail\/545816673_057.jpg\"><img decoding=\"async\" alt=\"Bomba de agua para fuente de estanque de jard\u00edn sumergible 40W 1800L\/h HJ-1843\" src=\"http:\/\/localhost\/media\/import\/detail\/545816676_916.jpg\"><\/p>\n<p><span style=\"text-decoration:underline\"><span style=\"font-size:14px\"><strong>Se muestran los cabezales de las fuentes y las fuentes de agua<\/strong><\/span><\/span><\/p>\n<p><span style=\"font-size:14px\"><strong><span style=\"background-color:#ffff00\"><img decoding=\"async\" alt=\"Bomba de agua sumergible para fuente de estanque de jard\u00edn 40W 1800L\/h HJ-1843\" src=\"http:\/\/localhost\/media\/import\/detail\/537332709_859.jpg\"><\/span><\/strong><\/span><\/p>\n<p><span style=\"font-size:14px\"><strong><span style=\"background-color:#ffff00\"><img loading=\"lazy\" decoding=\"async\" alt=\"Bomba de agua sumergible para fuente de estanque de jard\u00edn 40W 1800L\/h HJ-1843\" src=\"http:\/\/localhost\/media\/import\/detail\/545817360_172.jpg\" width=\"611\" height=\"313\"><\/span><\/strong><\/span><\/p>\n<p><span style=\"color:#333300\"><strong>Tenemos muchos tipos de cabezales de fuente para usted, como volc\u00e1n, espuma, tienda de campa\u00f1a, champ\u00e1n, cohete,<\/strong><\/span><span style=\"color:#333300\"><strong>tipos de selva tropical,<\/strong><\/span><\/p>\n<p><span style=\"color:#333300\"><strong>y<\/strong><\/span><span style=\"color:#333300\"><strong>y<\/strong><strong>puedes crear todo tipo de hermosos elementos acu\u00e1ticos seg\u00fan tus<\/strong><\/span><span style=\"color:#333300\"><strong>intereses!<\/strong><\/span><\/p>\n<p><strong><\/strong> <\/p>\n<div id=\"ali-anchor-AliPostDhMb-ckitc\" style=\"padding-top:8px\" data-section-title=\"Informaci\u00f3n de la empresa\" data-section=\"AliPostDhMb-ckitc\">\n<div style=\"padding-bottom:10px;padding-top:10px;padding-left:0px;padding-right:0px\"> <\/div>\n<\/div>\n<div id=\"ali-anchor-AliPostDhMb-29akt\" style=\"padding-top:8px\" data-section-title=\"Inicio\" data-section=\"AliPostDhMb-29akt\">\n<div style=\"padding-bottom:10px;padding-top:10px;padding-left:0px;padding-right:0px\">\n<\/div>\n<\/div>\n<div style=\"clear:both\"><\/div>\n","protected":false},"excerpt":{"rendered":"<p>Bomba de agua sumergible para fuente de estanque de jard\u00edn 40W 1800L\/h HJ-1843<\/p>\n","protected":false},"featured_media":5914,"comment_status":"open","ping_status":"closed","template":"","meta":[],"product_brand":[],"product_cat":[1146],"product_tag":[],"class_list":{"0":"post-30079","1":"product","2":"type-product","3":"status-publish","4":"has-post-thumbnail","6":"product_cat-bombas-de-agua-y-cabezales-de-potencia","8":"first","9":"instock","10":"shipping-taxable","11":"purchasable","12":"product-type-simple"},"_links":{"self":[{"href":"https:\/\/www.myaquastore.com\/es\/wp-json\/wp\/v2\/product\/30079","targetHints":{"allow":["GET"]}}],"collection":[{"href":"https:\/\/www.myaquastore.com\/es\/wp-json\/wp\/v2\/product"}],"about":[{"href":"https:\/\/www.myaquastore.com\/es\/wp-json\/wp\/v2\/types\/product"}],"replies":[{"embeddable":true,"href":"https:\/\/www.myaquastore.com\/es\/wp-json\/wp\/v2\/comments?post=30079"}],"wp:featuredmedia":[{"embeddable":true,"href":"https:\/\/www.myaquastore.com\/es\/wp-json\/wp\/v2\/media\/5914"}],"wp:attachment":[{"href":"https:\/\/www.myaquastore.com\/es\/wp-json\/wp\/v2\/media?parent=30079"}],"wp:term":[{"taxonomy":"product_brand","embeddable":true,"href":"https:\/\/www.myaquastore.com\/es\/wp-json\/wp\/v2\/product_brand?post=30079"},{"taxonomy":"product_cat","embeddable":true,"href":"https:\/\/www.myaquastore.com\/es\/wp-json\/wp\/v2\/product_cat?post=30079"},{"taxonomy":"product_tag","embeddable":true,"href":"https:\/\/www.myaquastore.com\/es\/wp-json\/wp\/v2\/product_tag?post=30079"}],"curies":[{"name":"wp","href":"https:\/\/api.w.org\/{rel}","templated":true}]}}