{"id":30084,"date":"2016-09-25T23:28:39","date_gmt":"2016-09-25T23:28:39","guid":{"rendered":"https:\/\/www.myaquastore.com\/product\/bomba-sumergible-para-acuario-sunsun-400l-h-hj-542\/"},"modified":"2025-03-16T07:12:16","modified_gmt":"2025-03-16T07:12:16","slug":"bomba-sumergible-para-acuario-sunsun-400l-h-hj-542","status":"publish","type":"product","link":"https:\/\/www.myaquastore.com\/es\/producto\/bomba-sumergible-para-acuario-sunsun-400l-h-hj-542\/","title":{"rendered":"Bomba sumergible para acuario SUNSUN 400L\/H HJ-542"},"content":{"rendered":"<div style=\"clear:both\"><\/div>\n<p><span style=\"font-size:18px;font-family:times new roman,times\"><\/span> <\/p>\n<\/p>\n<p><span style=\"text-decoration:underline\"><span style=\"background-color:#ffff00\"><strong><span style=\"font-size:24px\"> 2.Modelo: HJ-542, bomba sumergible multifunci\u00f3n:<\/span><\/strong><\/span><\/span><\/p>\n<\/p>\n<p style=\"background:#ffffff\"><span style=\"font-size:18px;font-family:times new roman,times;background:#ffffff;color:#0000ff\">Este sumergible de 400L\/H La bomba es perfecta para tanques m\u00e1s peque\u00f1os ya que se oculta f\u00e1cilmente. <\/span><\/p>\n<p style=\"background:#ffffff\"><span style=\"font-size:18px;font-family:times new roman,times;color:#0000ff\"><span style=\"background:#ffffff\">Est\u00e1 hecho de part\u00edculas de ABS <\/span><span style=\"background:#ffffff\">est\u00e1ndar y es adecuado para su uso en agua salada. <\/span><\/span><\/p>\n<p style=\"background:#ffffff\"><span style=\"font-size:18px;font-family:times new roman,times;background:#ffffff;color:#0000ff\">tanques de acuario.<\/span><\/p>\n<p><span style=\"font-size:18px;font-family:times new roman,times\"> <\/span><\/p>\n<p><span style=\"font-size:18px;font-family:times new roman,times\"> <\/span><\/p>\n<table class=\"aliDataTable\" style=\"width:80%\" border=\"1\">\n<tbody>\n<tr>\n<td><img decoding=\"async\" alt=\"Bomba sumergible para acuario SUNSUN 400L\/H\" src=\"http:\/\/localhost\/media\/import\/detail\/756340142_783.jpg\"><\/td>\n<\/tr>\n<tr>\n<td>\n<p style=\"background:#ffffff\">\n<p><span style=\"text-decoration:underline\"><span style=\"font-size:24px\"><span style=\"background-color:#ffff00\"><strong>3. Caracter\u00edsticas:<\/strong><\/span><\/span><\/span><\/p>\n<p style=\"background:#ffffff\">\n<p><span style=\"font-size:18px;font-family:times new roman,times\">1. Utiliza un n\u00facleo de eje resistente al desgaste de alta resistencia, tiene un <\/span><\/p>\n<p><span style=\"font-size:18px;font-family:times new roman,times\"> ahorro de energ\u00eda y larga vida \u00fatil<\/span><\/p>\n<p><span style=\"font-size:18px;font-family:times new roman,times\"> <\/span><\/p>\n<p><span style=\"font-size:18px;font-family:times new roman,times\">2. Tiene buena resistencia al agua, alta resistencia diel\u00e9ctrica, es seguro y confiable<\/span><\/p>\n<p><span style=\"font-size:18px;font-family:times new roman,times\"> <\/span><\/p>\n<p><span style=\"font-size:18px;font-family:times new roman,times\">3. Dise\u00f1ado con impulsor centr\u00edfugo, tiene alto flujo y alto presi\u00f3n<\/span><\/p>\n<p><span style=\"font-size:18px;font-family:times new roman,times\"> <\/span><\/p>\n<p><span style=\"font-size:18px;font-family:times new roman,times\">4. tiene varias funciones como bombeo, filtro y ox\u00edgeno, pertenece al sumergible multifunci\u00f3n<\/span><\/p>\n<p><span style=\"font-size:18px;font-family:times new roman,times\"> <\/span><\/p>\n<p><span style=\"font-size:18px;font-family:times new roman,times\">5.Se aplica a acuarios, circulaci\u00f3n de agua de estanques de rocalla y dispositivos. coincidencia.<\/span><\/p>\n<\/p>\n<\/td>\n<\/tr>\n<\/tbody>\n<\/table>\n<\/p>\n<p><span style=\"font-size:18px;color:#0000ff\"><span style=\"font-family:verdana,geneva\"> el modelo actualizado HJ-542, tiene m\u00e1s funciones que UJ-541, tales<\/span><\/span><\/p>\n<p><span style=\"font-size:18px;color:#0000ff\"><span style=\"font-family:verdana,geneva\"> como las funciones de <strong><span style=\"color:#ff0000\">aireaci\u00f3n<\/span><\/strong><\/span><\/span><span style=\"font-size:18px;color:#0000ff\"><span style=\"font-family:verdana,geneva\"><strong> <\/strong> y<\/span><\/span><span style=\"font-size:18px;color:#ff0000\"><span style=\"font-family:verdana,geneva\"><strong> filtraci\u00f3n.<\/strong><\/span><\/span><\/p>\n<\/p>\n<p><span style=\"font-size:18px\"><span style=\"font-size:18px;color:#0000ff\"><span style=\"font-family:verdana,geneva\"> <\/span><\/span><\/span><span style=\"font-size:24px;color:#000000;background-color:#ffff00\"><span style=\"font-family:verdana,geneva\">HJ-541<\/span><\/span><span style=\"font-size:18px\"><span style=\"font-size:18px;color:#0000ff\"><span style=\"font-family:verdana,geneva\"><span style=\"font-size:24px;color:#000000\"> <\/span> <\/span><\/span><\/span><span style=\"font-size:24px;color:#000000;background-color:#ffff00\"><span style=\"font-family:verdana,geneva\">HJ-542<\/span><\/span><\/p>\n<\/p>\n<p><img loading=\"lazy\" decoding=\"async\" alt=\"Bomba sumergible para acuario SUNSUN 400L\/H\" src=\"http:\/\/localhost\/media\/import\/detail\/756109510_599.jpg\" width=\"300\" height=\"300\"> <img loading=\"lazy\" decoding=\"async\" alt=\"Bomba sumergible para acuario SUNSUN 400L\/H\" src=\"http:\/\/localhost\/media\/import\/detail\/756341766_139.jpg\" width=\"300\" height=\"300\"><\/p>\n<p><span style=\"text-decoration:underline\"><strong><span style=\"font-size:24px;background-color:#ffff00\"><span style=\"text-decoration:underline;font-family:'Verdana';color:#2f2f2f\"> 4. Las especificaciones:<\/span><\/span><\/strong><\/span><\/p>\n<\/p>\n<p style=\"background:#ffffff\"><span style=\"font-size:18px;font-family:times new roman,times\"> <\/span><span style=\"font-size:18px;font-family:times new roman,times;color:#0000ff\">Potencia <span style=\"color:#000000\">5w <\/span><\/span><span style=\"font-size:18px;font-family:times new roman,times;color:#0000ff\"><span style=\"color:#000000\"><span style=\"color:#0000ff\">longitud del cable <\/span>2m<\/span><\/span><\/p>\n<p><span style=\"font-size:18px;font-family:times new roman,times\"> <\/span><\/p>\n<p><span style=\"font-size:18px;font-family:times new roman,times;color:#2f2f2f\"><span style=\"color:#0000ff\">Salida: <span style=\"color:#000000\">400l\/h <\/span><\/span><\/span><span style=\"font-size:18px;font-family:times new roman,times\"><span style=\"color:#0000ff\">di\u00e1metro salida.<\/span> 0,4&#8243;<\/span><\/p>\n<p style=\"background:#ffffff\">\n<p style=\"background:#ffffff\"><span style=\"font-size:18px;font-family:times new roman,times;color:#2f2f2f\"><span style=\"color:#0000ff\">Altura m\u00e1xima <span style=\"color:#000000\">0,8<\/span><\/span>m <\/span><span style=\"font-size:18px;font-family:times new roman,times\"><span style=\"color:#2f2f2f\"><span style=\"color:#0000ff\">Voltaje<\/span> 110v220v\/<\/span><span style=\"color:#2f2f2f\">240v<\/span><\/span><\/p>\n<p><span style=\"font-size:18px;font-family:times new roman,times\"> <\/span><\/p>\n<p><span style=\"font-size:18px;font-family:times new roman,times\"><span style=\"color:#0000ff\">Frecuencia<\/span><span style=\"color:#2f2f2f\"> 50\/60 HZ <\/span><\/span><span style=\"font-size:18px;font-family:times new roman,times\"><span style=\"color:#2f2f2f\"><span style=\"color:#0000ff\">peso <\/span>0,2 kg<\/span><\/span><\/p>\n<p><span style=\"font-size:18px;font-family:times new roman,times\"> <\/span><\/p>\n<p><span style=\"font-size:18px;font-family:times new roman,times;color:#2f2f2f\"><span style=\"color:#2f2f2f\"><span style=\"color:#0000ff\">Dimensiones<\/span> 60x 56x 58mm <\/span><\/span><span style=\"font-size:18px;font-family:times new roman,times\"><span style=\"color:#2f2f2f\"><span style=\"color:#0000ff\">Garant\u00eda <\/span><span style=\"color:#000000\">12 meses <\/span><\/span><span style=\"color:#000000\"><br \/><\/span><\/span><\/p>\n<p><span style=\"font-size:18px;font-family:times new roman,times\"> <\/span><\/p>\n<\/p>\n<p style=\"background:#ffffff\"><span style=\"text-decoration:underline\"><strong><span style=\"font-size:24px;text-decoration:underline;font-family:'Verdana';background:#ffffff;color:#2f2f2f\"><span style=\"background-color:#ffff00\"> 5.El otro modelos:<\/span><\/span><\/strong><\/span><\/p>\n<\/p>\n<p> <img decoding=\"async\" alt=\"SUNSUN 400L\/H bomba sumergible para acuario\" src=\"http:\/\/localhost\/media\/import\/detail\/756113620_237.jpg\"><img decoding=\"async\" alt=\"Bomba sumergible para acuario SUNSUN 400L\/H\" src=\"http:\/\/localhost\/media\/import\/detail\/756113622_576.jpg\"><img decoding=\"async\" alt=\"Bomba sumergible para acuario SUNSUN 400L\/H\" src=\"http:\/\/localhost\/media\/import\/detail\/756113626_156.jpg\"><\/p>\n<p style=\"background:#ffffff\"><img decoding=\"async\" alt=\"Bomba sumergible para acuario SUNSUN 400L\/H\" src=\"http:\/\/localhost\/media\/import\/detail\/756113616_742.jpg\"><\/p>\n<\/p>\n<\/p>\n<p style=\"background:#ffffff\"><span style=\"font-size:24px\"> <img decoding=\"async\" alt=\"Bomba sumergible para acuario SUNSUN 400L\/H\" src=\"http:\/\/localhost\/media\/import\/detail\/756120313_130.jpg\"><\/span><\/p>\n<p><span style=\"font-size:24px\"><img loading=\"lazy\" decoding=\"async\" src=\"http:\/\/localhost\/media\/import\/detail\/550730474_406.jpg\" width=\"608\" height=\"702\"><\/span><\/p>\n<\/p>\n<p><strong><\/strong> <\/p>\n<div style=\"clear:both\"><\/div>\n","protected":false},"excerpt":{"rendered":"<p>Bomba sumergible para acuario SUNSUN 400L\/H HJ-542<\/p>\n","protected":false},"featured_media":5924,"comment_status":"open","ping_status":"closed","template":"","meta":[],"product_brand":[],"product_cat":[1146],"product_tag":[],"class_list":{"0":"post-30084","1":"product","2":"type-product","3":"status-publish","4":"has-post-thumbnail","6":"product_cat-bombas-de-agua-y-cabezales-de-potencia","8":"first","9":"instock","10":"shipping-taxable","11":"purchasable","12":"product-type-simple"},"_links":{"self":[{"href":"https:\/\/www.myaquastore.com\/es\/wp-json\/wp\/v2\/product\/30084","targetHints":{"allow":["GET"]}}],"collection":[{"href":"https:\/\/www.myaquastore.com\/es\/wp-json\/wp\/v2\/product"}],"about":[{"href":"https:\/\/www.myaquastore.com\/es\/wp-json\/wp\/v2\/types\/product"}],"replies":[{"embeddable":true,"href":"https:\/\/www.myaquastore.com\/es\/wp-json\/wp\/v2\/comments?post=30084"}],"wp:featuredmedia":[{"embeddable":true,"href":"https:\/\/www.myaquastore.com\/es\/wp-json\/wp\/v2\/media\/5924"}],"wp:attachment":[{"href":"https:\/\/www.myaquastore.com\/es\/wp-json\/wp\/v2\/media?parent=30084"}],"wp:term":[{"taxonomy":"product_brand","embeddable":true,"href":"https:\/\/www.myaquastore.com\/es\/wp-json\/wp\/v2\/product_brand?post=30084"},{"taxonomy":"product_cat","embeddable":true,"href":"https:\/\/www.myaquastore.com\/es\/wp-json\/wp\/v2\/product_cat?post=30084"},{"taxonomy":"product_tag","embeddable":true,"href":"https:\/\/www.myaquastore.com\/es\/wp-json\/wp\/v2\/product_tag?post=30084"}],"curies":[{"name":"wp","href":"https:\/\/api.w.org\/{rel}","templated":true}]}}