{"id":30093,"date":"2016-09-25T23:28:39","date_gmt":"2016-09-25T23:28:39","guid":{"rendered":"https:\/\/www.myaquastore.com\/product\/sunsun-14000l-h-280w-bomba-de-agua-electrica-para-estanque-de-jardin-bajo-consumo-yqb-7500\/"},"modified":"2025-03-16T07:12:18","modified_gmt":"2025-03-16T07:12:18","slug":"sunsun-14000l-h-280w-bomba-de-agua-electrica-para-estanque-de-jardin-bajo-consumo-yqb-7500","status":"publish","type":"product","link":"https:\/\/www.myaquastore.com\/es\/producto\/sunsun-14000l-h-280w-bomba-de-agua-electrica-para-estanque-de-jardin-bajo-consumo-yqb-7500\/","title":{"rendered":"SUNSUN 14000L\/h 280W bomba de agua el\u00e9ctrica para estanque de jard\u00edn bajo consumo YQB-7500"},"content":{"rendered":"<div style=\"clear:both\"><\/div>\n<div id=\"ali-anchor-AliPostDhMb-m93zg\" style=\"padding-top:8px\" data-section-title=\"nombre\" data-section=\"AliPostDhMb-m93zg\">\n<div id=\"ali-title-AliPostDhMb-m93zg\" style=\"border-bottom:#ddd 1px solid;padding-bottom:8px;padding-top:8px;padding-left:0px;padding-right:0px\"> <\/div>\n<\/div>\n<div id=\"ali-anchor-AliPostDhMb-zzfum\" style=\"padding-top:8px\" data-section-title=\"Descripci\u00f3n del producto\" data-section=\"AliPostDhMb-zzfum\">\n<div id=\"ali-title-AliPostDhMb-zzfum\" style=\"border-bottom:#ddd 1px solid;padding-bottom:8px;padding-top:8px;padding-left:0px;padding-right:0px\"><span style=\"font-weight:bold;color:#333;padding-bottom:8px;padding-top:8px;padding-left:10px;line-height:12px;padding-right:10px;background-color:#ddd\"><\/span> <\/div>\n<div style=\"padding-bottom:10px;padding-top:10px;padding-left:0px;padding-right:0px\">\n<div style=\"height:42px;width:750px\">\n<div style=\"height:42px;width:25px;float:left;background-color:#00ccff\"> <\/div>\n<div style=\"height:30px;width:720px;float:right;color:#ffffff;padding-bottom:5px;padding-top:5px;padding-left:0px;padding-right:0px;background-color:#0099ff\">\n<div style=\"font-size:24px;border-top:#ffffff 1px solid;height:30px;font-family:Arial;width:720px;border-bottom:#ffffff 1px solid;font-weight:bold;font-style:italic;padding-left:10px;line-height:30px\">Visualizaci\u00f3n del producto<\/div>\n<\/div>\n<\/div>\n<\/div>\n<\/div>\n<p data-section-blank=\"AliPostDhMb-zzfum\">\n<p style=\"text-align:left\"><span style=\"font-size:18px;font-family:arial,helvetica,sans-serif;color:#000000\"><strong>1. Descripci\u00f3n del producto<\/strong><\/span><\/p>\n<p><span style=\"font-size:14px;font-family:arial,helvetica,sans-serif\">1. Aplicar a estanques, acuarios y tanques de mariscos con qwuipment de reciclaje de agua a juego.<\/span><\/p>\n<p><span style=\"font-size:14px;font-family:arial,helvetica,sans-serif\"> 2.Alto motor as\u00edncrono est\u00e1ndar de rendimiento con nuevo dise\u00f1o y ahorro de energ\u00eda.<\/span><\/p>\n<p style=\"text-align:left\"><span style=\"font-size:14px;font-family:arial,helvetica,sans-serif\">3. El doble sello de resina y el anillo de goma lo hacen m\u00e1s seguro de usar. <br \/><\/span><\/p>\n<p><span style=\"font-size:14px;font-family:arial,helvetica,sans-serif\">4. El dise\u00f1o de doble ajustador puede cambiar el caudal de una fuente u otra exhibici\u00f3n de agua de manera muy sencilla.<\/span><\/p>\n<p><span style=\"color:#000000\"><strong><span style=\"font-size:18px\"><span style=\"font-family:comic sans ms,sans-serif;background-color:#ffffff\"><span style=\"font-family:arial,helvetica,sans-serif\">2. Detalles de la bomba de circulaci\u00f3n para estanques YQB-7500 <\/span> <\/span> <\/span><\/strong><\/span> <\/p>\n<\/p>\n<table class=\"aliDataTable\" style=\"height:289px;width:711px\" border=\"4\">\n<tbody>\n<tr>\n<td style=\"text-align:center\">\n<p><strong>Modelo<\/strong><\/p>\n<\/td>\n<td style=\"text-align:center\"><strong>Voltaje<\/strong><\/td>\n<td style=\"text-align:center\"><strong>Frecuencia<\/strong><\/td>\n<td style=\"text-align:center\"><strong>Potencia<\/strong><\/td>\n<td style=\"text-align:center\"><strong>H-max<\/strong><\/td>\n<td style=\"text-align:center\"><strong>Salida<\/strong><\/td>\n<td style=\"text-align:center\"><strong>Dimensiones<\/strong><\/td>\n<\/tr>\n<tr>\n<td style=\"text-align:center\">YQB-5000<\/td>\n<td style=\"text-align:center\">110V\/240V<\/td>\n<td style=\"text-align:center\">50Hz\/60Hz<\/td>\n<td style=\"text-align:center\">95W<\/td>\n<td style=\"text-align:center\">4,2m<\/td>\n<td style=\"text-align:center\">8000L\/h<\/td>\n<td style=\"text-align:center\">200*110*139mm<\/td>\n<\/tr>\n<tr>\n<td style=\"text-align:center\">YQB-5500<\/td>\n<td style=\"text-align:center\">110V\/240V<\/td>\n<td style=\"text-align:center\">50Hz\/60Hz<\/td>\n<td style=\"text-align:center\">95W<\/td>\n<td style=\"text-align:center\">5,5m<\/td>\n<td style=\"text-align:center\">6500L\/h<\/td>\n<td style=\"text-align:center\">200*110*139mm<\/td>\n<\/tr>\n<tr>\n<td style=\"text-align:center\">YQB-6000<\/td>\n<td style=\"text-align:center\">110V\/240V<\/td>\n<td style=\"text-align:center\">50Hz\/60Hz<\/td>\n<td style=\"text-align:center\">155W<\/td>\n<td style=\"text-align:center\">5,2m<\/td>\n<td style=\"text-align:center\">10000L\/h<\/td>\n<td style=\"text-align:center\">200*110*139mm<\/td>\n<\/tr>\n<tr>\n<td style=\"text-align:center\">YQB-6500<\/td>\n<td style=\"text-align:center\">110V\/240V<\/td>\n<td style=\"text-align:center\">50Hz\/60Hz<\/td>\n<td style=\"text-align:center\">155W<\/td>\n<td style=\"text-align:center\">6,5m<\/td>\n<td style=\"text-align:center\">7500L\/h<\/td>\n<td style=\"text-align:center\">200*110*139mm<\/td>\n<\/tr>\n<tr>\n<td style=\"text-align:center\">YQB-7500<\/td>\n<td style=\"text-align:center\">110V\/240V<\/td>\n<td style=\"text-align:center\">50Hz\/60Hz<\/td>\n<td style=\"text-align:center\">280W<\/td>\n<td style=\"text-align:center\">7,5m<\/td>\n<td style=\"text-align:center\">14000L\/h<\/td>\n<td style=\"text-align:center\">287*128*157mm <\/td>\n<\/tr>\n<tr>\n<td style=\"text-align:center\">YQB-8500<\/td>\n<td style=\"text-align:center\">110V\/240V<\/td>\n<td style=\"text-align:center\">50Hz\/60Hz<\/td>\n<td style=\"text-align:center\">260W<\/td>\n<td style=\"text-align:center\">8,5m<\/td>\n<td style=\"text-align:center\">10000L\/h<\/td>\n<td style=\"text-align:center\">287*128*157mm<\/td>\n<\/tr>\n<tr>\n<td style=\"text-align:center\">YQB-9500<\/td>\n<td style=\"text-align:center\">110V\/240V<\/td>\n<td style=\"text-align:center\">50Hz\/60Hz<\/td>\n<td style=\"text-align:center\">320W<\/td>\n<td style=\"text-align:center\">9,5m<\/td>\n<td style=\"text-align:center\">10000L\/h<\/td>\n<td style=\"text-align:center\">287*128*157mm<\/td>\n<\/tr>\n<tr>\n<td style=\"text-align:center\">YQB-10000<\/td>\n<td style=\"text-align:center\">110V\/240V<\/td>\n<td style=\"text-align:center\">50Hz\/60Hz<\/td>\n<td style=\"text-align:center\">320W<\/td>\n<td style=\"text-align:center\">6,5m<\/td>\n<td style=\"text-align:center\">18000L\/h<\/td>\n<td style=\"text-align:center\">287*128*157mm<\/td>\n<\/tr>\n<tr>\n<td style=\"text-align:center\">YQB-12000<\/td>\n<td style=\"text-align:center\">110V\/240V<\/td>\n<td style=\"text-align:center\">50Hz\/60Hz<\/td>\n<td style=\"text-align:center\">380W<\/td>\n<td style=\"text-align:center\">11m<\/td>\n<td style=\"text-align:center\">11000L\/h<\/td>\n<td style=\"text-align:center\">310*150*180mm<\/td>\n<\/tr>\n<tr>\n<td style=\"text-align:center\">YQB-14000<\/td>\n<td style=\"text-align:center\">110V\/240V<\/td>\n<td style=\"text-align:center\">50Hz\/60Hz<\/td>\n<td style=\"text-align:center\">420W<\/td>\n<td style=\"text-align:center\">7,8m<\/td>\n<td style=\"text-align:center\">20000L\/h<\/td>\n<td style=\"text-align:center\">310*150*180mm<\/td>\n<\/tr>\n<tr>\n<td style=\"text-align:center\">YQB-16000<\/td>\n<td style=\"text-align:center\">110V\/240V<\/td>\n<td style=\"text-align:center\">50Hz\/60Hz<\/td>\n<td style=\"text-align:center\">420W<\/td>\n<td style=\"text-align:center\">12m<\/td>\n<td style=\"text-align:center\">11000L\/h<\/td>\n<td style=\"text-align:center\">310*150*180mm<\/td>\n<\/tr>\n<\/tbody>\n<\/table>\n<p><img decoding=\"async\" alt=\"SUNSUN Bomba de agua el\u00e9ctrica para estanque de jard\u00edn 14000L\/h 280W bajo consumo\" src=\"http:\/\/localhost\/media\/import\/detail\/HTB1LtgUGXXXXXXeaXXXq6xXFXXXO.jpg\"><img decoding=\"async\" alt=\"Bomba de agua el\u00e9ctrica para estanque de jard\u00edn SUNSUN 14000L\/h 280W bajo consumo\" src=\"http:\/\/localhost\/media\/import\/detail\/HTB1ViMQGXXXXXaEXVXXq6xXFXXX0.jpg\"><img decoding=\"async\" alt=\"Bomba de agua el\u00e9ctrica para estanque de jard\u00edn SUNSUN 14000L\/h 280W bajo consumo\" src=\"http:\/\/localhost\/media\/import\/detail\/HTB1mNP.GXXXXXbCaXXXq6xXFXXXw.jpg\"><img decoding=\"async\" alt=\"SUNSUN Bomba de agua el\u00e9ctrica para estanque de jard\u00edn 14000L\/h 280W bajo consumo\" src=\"http:\/\/localhost\/media\/import\/detail\/HTB1evEOGXXXXXc8aXXXq6xXFXXXf.jpg\"> <img decoding=\"async\" alt=\"YQB-7500_10.jpg\" src=\"http:\/\/localhost\/media\/import\/detail\/HTB1YbsRGXXXXXc4XVXXq6xXFXXXh.jpg\"> <img decoding=\"async\" alt=\"YQB-7500_05.jpg\" src=\"http:\/\/localhost\/media\/import\/detail\/HTB1I.Z0GXXXXXatXFXXq6xXFXXX1.jpg\"><span> <\/span><\/p>\n<div id=\"ali-anchor-AliPostDhMb-xh05q\" style=\"padding-top:8px\" data-section-title=\"Informaci\u00f3n de la empresa\" data-section=\"AliPostDhMb-xh05q\"> <\/div>\n<div style=\"clear:both\"><\/div>\n","protected":false},"excerpt":{"rendered":"<p>SUNSUN 14000L\/h 280W bomba de agua el\u00e9ctrica para estanque de jard\u00edn bajo consumo YQB-7500<\/p>\n","protected":false},"featured_media":5942,"comment_status":"open","ping_status":"closed","template":"","meta":[],"product_brand":[],"product_cat":[1146],"product_tag":[],"class_list":{"0":"post-30093","1":"product","2":"type-product","3":"status-publish","4":"has-post-thumbnail","6":"product_cat-bombas-de-agua-y-cabezales-de-potencia","8":"first","9":"instock","10":"shipping-taxable","11":"purchasable","12":"product-type-simple"},"_links":{"self":[{"href":"https:\/\/www.myaquastore.com\/es\/wp-json\/wp\/v2\/product\/30093","targetHints":{"allow":["GET"]}}],"collection":[{"href":"https:\/\/www.myaquastore.com\/es\/wp-json\/wp\/v2\/product"}],"about":[{"href":"https:\/\/www.myaquastore.com\/es\/wp-json\/wp\/v2\/types\/product"}],"replies":[{"embeddable":true,"href":"https:\/\/www.myaquastore.com\/es\/wp-json\/wp\/v2\/comments?post=30093"}],"wp:featuredmedia":[{"embeddable":true,"href":"https:\/\/www.myaquastore.com\/es\/wp-json\/wp\/v2\/media\/5942"}],"wp:attachment":[{"href":"https:\/\/www.myaquastore.com\/es\/wp-json\/wp\/v2\/media?parent=30093"}],"wp:term":[{"taxonomy":"product_brand","embeddable":true,"href":"https:\/\/www.myaquastore.com\/es\/wp-json\/wp\/v2\/product_brand?post=30093"},{"taxonomy":"product_cat","embeddable":true,"href":"https:\/\/www.myaquastore.com\/es\/wp-json\/wp\/v2\/product_cat?post=30093"},{"taxonomy":"product_tag","embeddable":true,"href":"https:\/\/www.myaquastore.com\/es\/wp-json\/wp\/v2\/product_tag?post=30093"}],"curies":[{"name":"wp","href":"https:\/\/api.w.org\/{rel}","templated":true}]}}