{"id":30096,"date":"2016-09-25T23:28:40","date_gmt":"2016-09-25T23:28:40","guid":{"rendered":"https:\/\/www.myaquastore.com\/product\/bomba-de-agua-sunsun-eco-bomba-de-calor-mini-split-jtp-6000r\/"},"modified":"2025-03-16T07:12:19","modified_gmt":"2025-03-16T07:12:19","slug":"bomba-de-agua-sunsun-eco-bomba-de-calor-mini-split-jtp-6000r","status":"publish","type":"product","link":"https:\/\/www.myaquastore.com\/es\/producto\/bomba-de-agua-sunsun-eco-bomba-de-calor-mini-split-jtp-6000r\/","title":{"rendered":"Bomba de agua SUNSUN ECO bomba de calor mini split JTP-6000R"},"content":{"rendered":"<p style=\"text-align:center\">\n<p style=\"text-align:center\"> <\/p>\n<p> <strong><span style=\"font-size:16px\">CARACTER\u00cdSTICAS:<\/span><\/strong><\/p>\n<p><span style=\"font-size:14px\">1. Dise\u00f1o novedoso y generoso, utiliza la tecnolog\u00eda de frecuencia variable; peque\u00f1a potencia y gran flujo. cabeza alta. s\u00faper silencioso y tanto de mar como de tierra.<\/span><\/p>\n<p><span style=\"font-size:14px\">2. Utilice eje de cer\u00e1mica, resistencia al desgaste, sin \u00f3xido, larga vida \u00fatil.<\/span><\/p>\n<p><span style=\"font-size:14px\">3. Tanto el agua dulce como la de mar, no contienen elementos de cobre;<\/span><\/p>\n<p><span style=\"font-size:14px\">4. Este producto realiza una demolici\u00f3n con herramientas gratuitas y es f\u00e1cil de limpiar.<\/span><\/p>\n<p><span style=\"font-size:14px\">5. La salida realiza varias etapas, adecuada para una variedad de conexiones de di\u00e1metro de tuber\u00eda.<\/span><\/p>\n<p><span style=\"font-size:14px\">6. El rotor bloqueado protege el corte de energ\u00eda despu\u00e9s de que se enciende el agua funci\u00f3n (inmediatamente hoja de tarjeta muerta).<\/span><\/p>\n<\/p>\n<div id=\"ali-anchor-AliPostDhMb-ccml4\" style=\"padding-top:8px\" data-section-title=\"Descripci\u00f3n del producto\" data-section=\"AliPostDhMb-ccml4\">\n<div id=\"ali-title-AliPostDhMb-ccml4\" style=\"border-bottom:#ddd 1px solid;padding-bottom:8px;padding-top:8px;padding-left:0px;padding-right:0px\"><span style=\"font-weight:bold;color:#333;padding-bottom:8px;padding-top:8px;padding-left:10px;line-height:12px;padding-right:10px;background-color:#ddd\">Descripci\u00f3n del producto<\/span><\/div>\n<div style=\"padding-bottom:10px;padding-top:10px;padding-left:0px;padding-right:0px\">\n<\/div>\n<\/div>\n<p><span style=\"font-size:14px\"><strong>PAR\u00c1METRO:<\/strong><\/span><\/p>\n<table class=\"aliDataTable\" style=\"height:285px;width:700px\" border=\"1\">\n<tbody>\n<tr>\n<td style=\"text-align:center\"><span style=\"font-size:12px\"><strong>Modelo<\/strong><\/span><\/td>\n<td style=\"text-align:center\"><span style=\"font-size:12px\"><strong>Voltaje<\/strong><\/span><\/td>\n<td style=\"text-align:center\"><span style=\"font-size:12px\"><strong>Frecuencia<\/strong><\/span><\/td>\n<td style=\"text-align:center\"><span style=\"font-size:12px\"><strong>Potencia<\/strong><\/span><\/td>\n<td style=\"text-align:center\"><span style=\"font-size:12px\"><strong>H-max<\/strong><\/span><\/td>\n<td style=\"text-align:center\"><span style=\"font-size:12px\"><strong>Salida<\/strong><\/span><\/td>\n<td style=\"text-align:center\"><span style=\"font-size:12px\"><strong>Altura entre<\/strong><\/span><\/td>\n<td style=\"text-align:center\"><span style=\"font-size:12px\"><strong>Cable Longitud<\/strong><\/span><\/td>\n<td style=\"text-align:center\"><span style=\"font-size:12px\"><strong>Peso<\/strong><\/span><\/td>\n<td style=\"text-align:center\"><span style=\"font-size:12px\"><strong>L*W*H<\/strong><\/span>(mm)<\/td>\n<\/tr>\n<tr>\n<td style=\"text-align:center\">JTP-4000R<\/td>\n<td style=\"text-align:center\">110V\/120V\/240V<\/td>\n<td style=\"text-align:center\">50Hz\/60Hz<\/td>\n<td style=\"text-align:center\">25w<\/td>\n<td style=\"text-align:center\">3,2m<\/td>\n<td style=\"text-align:center\">4000L\/h<\/td>\n<td style=\"text-align:center\">65mm<\/td>\n<td style=\"text-align:center\">2,5m<\/td>\n<td style=\"text-align:center\">2,5kg<\/td>\n<td style=\"text-align:center\">252*123*137<\/td>\n<\/tr>\n<tr>\n<td style=\"text-align:center\">JTP-5000R<\/td>\n<td style=\"text-align:center\">110V\/120V\/240V<\/td>\n<td style=\"text-align:center\">50Hz\/60Hz<\/td>\n<td style=\"text-align:center\">30w<\/td>\n<td style=\"text-align:center\">3,6m<\/td>\n<td style=\"text-align:center\">5000L\/h<\/td>\n<td style=\"text-align:center\">65mm<\/td>\n<td style=\"text-align:center\">2,5m<\/td>\n<td style=\"text-align:center\">2,5kg<\/td>\n<td style=\"text-align:center\">252*123*137<\/td>\n<\/tr>\n<tr>\n<td style=\"text-align:center\">JTP-6000R<\/td>\n<td style=\"text-align:center\">110V\/120V\/240V<\/td>\n<td style=\"text-align:center\">50Hz\/60Hz<\/td>\n<td style=\"text-align:center\">40w<\/td>\n<td style=\"text-align:center\">4,0m<\/td>\n<td style=\"text-align:center\">6000L\/h<\/td>\n<td style=\"text-align:center\">65mm<\/td>\n<td style=\"text-align:center\">2,5m<\/td>\n<td style=\"text-align:center\">2,5kg<\/td>\n<td style=\"text-align:center\">252*123*137<\/td>\n<\/tr>\n<tr>\n<td style=\"text-align:center\">JTP-7000R<\/td>\n<td style=\"text-align:center\">110V\/120V\/240V<\/td>\n<td style=\"text-align:center\">50Hz\/60Hz<\/td>\n<td style=\"text-align:center\">50w<\/td>\n<td style=\"text-align:center\">4,4m<\/td>\n<td style=\"text-align:center\">7000L\/h<\/td>\n<td style=\"text-align:center\">65mm<\/td>\n<td style=\"text-align:center\">5m<\/td>\n<td style=\"text-align:center\">2,5kg<\/td>\n<td style=\"text-align:center\">252*123*137<\/td>\n<\/tr>\n<tr>\n<td style=\"text-align:center\">JTP-8000R<\/td>\n<td style=\"text-align:center\">110V\/120V\/240V<\/td>\n<td style=\"text-align:center\">50Hz\/60Hz<\/td>\n<td style=\"text-align:center\">60w<\/td>\n<td style=\"text-align:center\">4,8m<\/td>\n<td style=\"text-align:center\">8000L\/h<\/td>\n<td style=\"text-align:center\">65mm<\/td>\n<td style=\"text-align:center\">5m<\/td>\n<td style=\"text-align:center\">2,5kg<\/td>\n<td style=\"text-align:center\">252*123*137<\/td>\n<\/tr>\n<tr>\n<td style=\"text-align:center\">JTP-9000R<\/td>\n<td style=\"text-align:center\">110V\/120V\/240V<\/td>\n<td style=\"text-align:center\">50Hz\/60Hz<\/td>\n<td style=\"text-align:center\">70w<\/td>\n<td style=\"text-align:center\">5,2m<\/td>\n<td style=\"text-align:center\">9000L\/h<\/td>\n<td style=\"text-align:center\">65mm<\/td>\n<td style=\"text-align:center\">5m<\/td>\n<td style=\"text-align:center\">2,5kg<\/td>\n<td style=\"text-align:center\">252*123*137<\/td>\n<\/tr>\n<tr>\n<td style=\"text-align:center\">JTP-10000R<\/td>\n<td style=\"text-align:center\">110V\/120V\/240V<\/td>\n<td style=\"text-align:center\">50Hz\/60Hz<\/td>\n<td style=\"text-align:center\">80w<\/td>\n<td style=\"text-align:center\">6,0m<\/td>\n<td style=\"text-align:center\">10000L\/h<\/td>\n<td style=\"text-align:center\">72mm<\/td>\n<td style=\"text-align:center\">5m<\/td>\n<td style=\"text-align:center\">3,5kg<\/td>\n<td style=\"text-align:center\">285*142*138<\/td>\n<\/tr>\n<tr>\n<td style=\"text-align:center\">JTP-12000R<\/td>\n<td style=\"text-align:center\">110V\/120V\/240V<\/td>\n<td style=\"text-align:center\">50Hz\/60Hz<\/td>\n<td style=\"text-align:center\">100w<\/td>\n<td style=\"text-align:center\">6,5m<\/td>\n<td style=\"text-align:center\">12000L\/h<\/td>\n<td style=\"text-align:center\">72mm<\/td>\n<td style=\"text-align:center\">5m<\/td>\n<td style=\"text-align:center\">3,5kg<\/td>\n<td style=\"text-align:center\">285*142*138<\/td>\n<\/tr>\n<tr>\n<td style=\"text-align:center\">JTP-14000R<\/td>\n<td style=\"text-align:center\">110V\/120V\/240V<\/td>\n<td style=\"text-align:center\">50Hz\/60Hz<\/td>\n<td style=\"text-align:center\">120w<\/td>\n<td style=\"text-align:center\">7,0m<\/td>\n<td style=\"text-align:center\">14000L\/h<\/td>\n<td style=\"text-align:center\">72mm<\/td>\n<td style=\"text-align:center\">5m<\/td>\n<td style=\"text-align:center\">3,5kg<\/td>\n<td style=\"text-align:center\">285*142*138<\/td>\n<\/tr>\n<tr>\n<td style=\"text-align:center\">JTP-16000R<\/td>\n<td style=\"text-align:center\">110V\/120V\/240V<\/td>\n<td style=\"text-align:center\">50Hz\/60Hz<\/td>\n<td style=\"text-align:center\">140w<\/td>\n<td style=\"text-align:center\">7,5m<\/td>\n<td style=\"text-align:center\">16000L\/h<\/td>\n<td style=\"text-align:center\">72mm<\/td>\n<td style=\"text-align:center\">5m<\/td>\n<td style=\"text-align:center\">3,5kg<\/td>\n<td style=\"text-align:center\">285*142*138<\/td>\n<\/tr>\n<\/tbody>\n<\/table>\n<p><span style=\"font-size:14px\"><img decoding=\"async\" alt=\"-1.jpg\" src=\"http:\/\/localhost\/media\/import\/detail\/HTB1u.EkGpXXXXb5aXXXq6xXFXXX3.jpg\"><\/span><\/p>\n<p><img decoding=\"async\" alt=\"001.jpg\" src=\"http:\/\/localhost\/media\/import\/detail\/HTB1WICiGpXXXXb2XVXXq6xXFXXXV.jpg\"><img decoding=\"async\" alt=\"002.jpg\" src=\"http:\/\/localhost\/media\/import\/detail\/HTB1c7.YGXXXXXaQaXXXq6xXFXXXI.jpg\"><img decoding=\"async\" alt=\"003.jpg\" src=\"http:\/\/localhost\/media\/import\/detail\/HTB1oQJSGpXXXXapapXXq6xXFXXXA.jpg\"><\/p>\n<div id=\"ali-anchor-AliPostDhMb-zgm1x\" style=\"padding-top:8px\" data-section-title=\"Informaci\u00f3n de la empresa\" data-section=\"AliPostDhMb-zgm1x\"><strong><span style=\"background-color:#dddddd;color:#333333\"><\/span><\/strong> <\/div>\n","protected":false},"excerpt":{"rendered":"<p>Bomba de agua SUNSUN ECO bomba de calor mini split JTP-6000R<\/p>\n","protected":false},"featured_media":5948,"comment_status":"open","ping_status":"closed","template":"","meta":[],"product_brand":[],"product_cat":[1146],"product_tag":[],"class_list":{"0":"post-30096","1":"product","2":"type-product","3":"status-publish","4":"has-post-thumbnail","6":"product_cat-bombas-de-agua-y-cabezales-de-potencia","8":"first","9":"instock","10":"shipping-taxable","11":"purchasable","12":"product-type-simple"},"_links":{"self":[{"href":"https:\/\/www.myaquastore.com\/es\/wp-json\/wp\/v2\/product\/30096","targetHints":{"allow":["GET"]}}],"collection":[{"href":"https:\/\/www.myaquastore.com\/es\/wp-json\/wp\/v2\/product"}],"about":[{"href":"https:\/\/www.myaquastore.com\/es\/wp-json\/wp\/v2\/types\/product"}],"replies":[{"embeddable":true,"href":"https:\/\/www.myaquastore.com\/es\/wp-json\/wp\/v2\/comments?post=30096"}],"wp:featuredmedia":[{"embeddable":true,"href":"https:\/\/www.myaquastore.com\/es\/wp-json\/wp\/v2\/media\/5948"}],"wp:attachment":[{"href":"https:\/\/www.myaquastore.com\/es\/wp-json\/wp\/v2\/media?parent=30096"}],"wp:term":[{"taxonomy":"product_brand","embeddable":true,"href":"https:\/\/www.myaquastore.com\/es\/wp-json\/wp\/v2\/product_brand?post=30096"},{"taxonomy":"product_cat","embeddable":true,"href":"https:\/\/www.myaquastore.com\/es\/wp-json\/wp\/v2\/product_cat?post=30096"},{"taxonomy":"product_tag","embeddable":true,"href":"https:\/\/www.myaquastore.com\/es\/wp-json\/wp\/v2\/product_tag?post=30096"}],"curies":[{"name":"wp","href":"https:\/\/api.w.org\/{rel}","templated":true}]}}