{"id":30097,"date":"2016-12-27T16:03:44","date_gmt":"2016-12-27T16:03:44","guid":{"rendered":"https:\/\/www.myaquastore.com\/product\/red-devil-skimmer-skimmer-dsl-aerodinamico-diablo-red-devil-dsl-850-serie-aplicable-maximo-900-litros-de-cuerpos-de-agua\/"},"modified":"2025-03-16T07:13:22","modified_gmt":"2025-03-16T07:13:22","slug":"red-devil-skimmer-skimmer-dsl-aerodinamico-diablo-red-devil-dsl-850-serie-aplicable-maximo-900-litros-de-cuerpos-de-agua","status":"publish","type":"product","link":"https:\/\/www.myaquastore.com\/es\/producto\/red-devil-skimmer-skimmer-dsl-aerodinamico-diablo-red-devil-dsl-850-serie-aplicable-maximo-900-litros-de-cuerpos-de-agua\/","title":{"rendered":"Red Devil skimmer skimmer DSL aerodin\u00e1mico diablo Red Devil DSL-850 serie aplicable m\u00e1ximo 900 litros de cuerpos de agua"},"content":{"rendered":"<h2>Descripci\u00f3n del producto <\/h2>\n<p>PD: productos para venta directa de f\u00e1brica, pedidos de f\u00e1brica debido a la reciente temporada alta, el ciclo de rotaci\u00f3n de carga es m\u00e1s r\u00e1pido, por lo que no podemos garantizar que cada producto tenga efectivo y existencias. Antes de realizar el pedido, comun\u00edquese con nuestro personal de ventas para confirmar el tiempo de entrega. <\/p>\n<p><a><img class=\" size-large=\"><\/a><\/p>\n<p><a><img class=\" size-large=\"><\/a><\/p>\n<p>&amp;Nbsp; para <\/p>\n<p>&amp;Nbsp; para <\/p>\n<p><strong>Especificaciones: <\/strong><\/p>\n<div>\n<div>Modelo: DSL-850 <br \/> Tipo de lugar: Incorporado <br \/> Especificaciones (di\u00e1metro MM): 150\/510 <br \/> Equipado con bomba de agua: Red Devil SP3 (Red Devil SP3) <\/div>\n<div>Potencia operativa: 15W <\/div>\n<div>Capacidad inspiratoria m\u00e1xima: 700L \/ H <br \/> Tanque m\u00e1ximo recomendado (L): 850 <\/div>\n<div>Acuario recomendado: 350-850 L <\/div><\/div>\n<div>Especificaciones del muelle (MM): 250\/210 <\/div>\n<div><a><img><\/a><\/p>\n<\/div>\n<div><a><img class=\" size-large=\"><\/a><\/p>\n<\/div>\n<div>\ufffd\ufffd <\/div>\n<div><a><img class=\" size-full=\"><\/a><\/p>\n<p><strong>Y la fuente de MARINE SOURCES DEVIL STREAMLINE SKIMMER (DSL) La serie de skimmer aerodin\u00e1mico Red Devil presenta: <\/strong><\/div>\n<div>1 botella de vino tinto del cuerpo aerodin\u00e1mico c\u00f3nico, ultra suave sin costuras, no solo la apariencia de los Estados Unidos, sino que tiene un rendimiento de recolecci\u00f3n de fuselaje de espuma m\u00e1s suave que el tradicional. <\/div>\n<div>2 apariencia impresionante con: serie Red Devil DSL de bomba de tuber\u00eda roja de alta calidad producci\u00f3n de Red Devil Match de la moda m\u00e1s moderna <\/div>\n<div>3 accionamiento de bomba de con\u00edferas de alto rendimiento, configurado espec\u00edficamente para el dise\u00f1o y desarrollo de la bomba de con\u00edferas separadora Devil (capacidad m\u00e1xima de bomba de succi\u00f3n doble de hasta 700 L\/H, consumo de energ\u00eda es de solo 15 W). <\/div>\n<div>4 Para una buena bomba versi\u00f3n optimizada de con\u00edferas, boca de succi\u00f3n venturi, f\u00e1cil extracci\u00f3n del vaso colector, tapones de alcantarillado y alcantarillado, etc. <\/div>\n<div>5 Todas las piezas fabricadas con tecnolog\u00eda l\u00e1ser garantizan eficazmente no solo el grado de mano de obra, sino tambi\u00e9n la capacidad de mantener una calidad estable del producto. <\/div>\n<div><\/div>\n<div><\/div>\n<div><a><img class=\" size-large=\"><\/a><\/p>\n<\/div>\n<div><a><img class=\" size-large=\"><\/a><\/p>\n<p><a><img><\/a><\/p>\n<p><a><img class=\" size-large=\"><\/a><\/p>\n<\/div>\n<div><\/div>\n<div><strong>DSL Otro modelo <\/strong><\/div>\n<div><strong><a><img class=\" size-large=\"><\/a><\/p>\n<p><\/strong><\/div>\n<div><strong>Imagen de compilaci\u00f3n real de productos <\/strong><\/p>\n<\/div>\n<div><a><img class=\" size-large=\"><\/a><\/div><\/div>\n","protected":false},"excerpt":{"rendered":"<p>Red Devil skimmer skimmer DSL aerodin\u00e1mico diablo Red Devil DSL-850 serie aplicable m\u00e1ximo 900 litros de cuerpos de agua<\/p>\n","protected":false},"featured_media":6347,"comment_status":"open","ping_status":"closed","template":"","meta":[],"product_brand":[],"product_cat":[1188],"product_tag":[],"class_list":{"0":"post-30097","1":"product","2":"type-product","3":"status-publish","4":"has-post-thumbnail","6":"product_cat-espumadores-de-proteinas","8":"first","9":"instock","10":"shipping-taxable","11":"purchasable","12":"product-type-simple"},"_links":{"self":[{"href":"https:\/\/www.myaquastore.com\/es\/wp-json\/wp\/v2\/product\/30097","targetHints":{"allow":["GET"]}}],"collection":[{"href":"https:\/\/www.myaquastore.com\/es\/wp-json\/wp\/v2\/product"}],"about":[{"href":"https:\/\/www.myaquastore.com\/es\/wp-json\/wp\/v2\/types\/product"}],"replies":[{"embeddable":true,"href":"https:\/\/www.myaquastore.com\/es\/wp-json\/wp\/v2\/comments?post=30097"}],"wp:featuredmedia":[{"embeddable":true,"href":"https:\/\/www.myaquastore.com\/es\/wp-json\/wp\/v2\/media\/6347"}],"wp:attachment":[{"href":"https:\/\/www.myaquastore.com\/es\/wp-json\/wp\/v2\/media?parent=30097"}],"wp:term":[{"taxonomy":"product_brand","embeddable":true,"href":"https:\/\/www.myaquastore.com\/es\/wp-json\/wp\/v2\/product_brand?post=30097"},{"taxonomy":"product_cat","embeddable":true,"href":"https:\/\/www.myaquastore.com\/es\/wp-json\/wp\/v2\/product_cat?post=30097"},{"taxonomy":"product_tag","embeddable":true,"href":"https:\/\/www.myaquastore.com\/es\/wp-json\/wp\/v2\/product_tag?post=30097"}],"curies":[{"name":"wp","href":"https:\/\/api.w.org\/{rel}","templated":true}]}}