{"id":30099,"date":"2016-12-27T16:03:45","date_gmt":"2016-12-27T16:03:45","guid":{"rendered":"https:\/\/www.myaquastore.com\/product\/accesorios-de-instalacion-de-sistema-de-acuario-acrilico-accesorios\/"},"modified":"2025-03-16T07:13:35","modified_gmt":"2025-03-16T07:13:35","slug":"accesorios-de-instalacion-de-sistema-de-acuario-acrilico-accesorios","status":"publish","type":"product","link":"https:\/\/www.myaquastore.com\/es\/producto\/accesorios-de-instalacion-de-sistema-de-acuario-acrilico-accesorios\/","title":{"rendered":"Accesorios de instalaci\u00f3n de sistema de acuario acr\u00edlico Accesorios"},"content":{"rendered":"<h2>Descripci\u00f3n del producto <\/h2>\n<div>\n<div><a><img class=\" alignnone=\"><\/a><\/p>\n<p>Manual del producto: <\/p><\/div>\n<p><p>Soporte acr\u00edlico especial Living coral SPS, una variedad de especificaciones\/orificios para elegir, configurar una ventosa fuerte, la ventosa puede girar y apretar la tuerca para lograr una fuerte adsorci\u00f3n que no se caiga, material acr\u00edlico avanzado. <\/p>\n<p><p>Modelo: CRB-32 <\/p>\n<p>Especificaciones del producto: (largo\/ancho\/alto): 335\/110\/60 MM &#8211; contiene ventosa <\/p>\n<p>(Largo\/ancho\/alto): 335\/105\/55 MM &#8211; sin ventosa <\/p>\n<p>N\u00famero de asientos del orificio: 32 <\/p>\n<p>Di\u00e1metro del orificio: 13 MM <\/p>\n<p>N\u00famero de ventosas: 3 <\/p>\n<p><p>SPS sin asiento de soporte, si es necesario, adquiera e instale el diagrama de efecto base del SPS a continuaci\u00f3n <\/p>\n<p><a><img class=\" alignnone=\"><\/a><\/p>\n<\/p><\/div><\/div>\n","protected":false},"excerpt":{"rendered":"<p>Accesorios de instalaci\u00f3n de sistema de acuario acr\u00edlico Accesorios<\/p>\n","protected":false},"featured_media":6257,"comment_status":"open","ping_status":"closed","template":"","meta":[],"product_brand":[],"product_cat":[1188],"product_tag":[],"class_list":{"0":"post-30099","1":"product","2":"type-product","3":"status-publish","4":"has-post-thumbnail","6":"product_cat-espumadores-de-proteinas","8":"first","9":"instock","10":"shipping-taxable","11":"purchasable","12":"product-type-simple"},"_links":{"self":[{"href":"https:\/\/www.myaquastore.com\/es\/wp-json\/wp\/v2\/product\/30099","targetHints":{"allow":["GET"]}}],"collection":[{"href":"https:\/\/www.myaquastore.com\/es\/wp-json\/wp\/v2\/product"}],"about":[{"href":"https:\/\/www.myaquastore.com\/es\/wp-json\/wp\/v2\/types\/product"}],"replies":[{"embeddable":true,"href":"https:\/\/www.myaquastore.com\/es\/wp-json\/wp\/v2\/comments?post=30099"}],"wp:featuredmedia":[{"embeddable":true,"href":"https:\/\/www.myaquastore.com\/es\/wp-json\/wp\/v2\/media\/6257"}],"wp:attachment":[{"href":"https:\/\/www.myaquastore.com\/es\/wp-json\/wp\/v2\/media?parent=30099"}],"wp:term":[{"taxonomy":"product_brand","embeddable":true,"href":"https:\/\/www.myaquastore.com\/es\/wp-json\/wp\/v2\/product_brand?post=30099"},{"taxonomy":"product_cat","embeddable":true,"href":"https:\/\/www.myaquastore.com\/es\/wp-json\/wp\/v2\/product_cat?post=30099"},{"taxonomy":"product_tag","embeddable":true,"href":"https:\/\/www.myaquastore.com\/es\/wp-json\/wp\/v2\/product_tag?post=30099"}],"curies":[{"name":"wp","href":"https:\/\/api.w.org\/{rel}","templated":true}]}}