{"id":30106,"date":"2016-12-27T16:03:47","date_gmt":"2016-12-27T16:03:47","guid":{"rendered":"https:\/\/www.myaquastore.com\/product\/accesorios-de-instalacion-acuario-acrilico-anexo-hbf-3-soporte-de-bolsa-de-filtro-de-gran-tamano\/"},"modified":"2025-03-16T07:13:37","modified_gmt":"2025-03-16T07:13:37","slug":"accesorios-de-instalacion-acuario-acrilico-anexo-hbf-3-soporte-de-bolsa-de-filtro-de-gran-tamano","status":"publish","type":"product","link":"https:\/\/www.myaquastore.com\/es\/producto\/accesorios-de-instalacion-acuario-acrilico-anexo-hbf-3-soporte-de-bolsa-de-filtro-de-gran-tamano\/","title":{"rendered":"Accesorios de instalaci\u00f3n acuario acr\u00edlico Anexo HBF-3 soporte de bolsa de filtro de gran tama\u00f1o"},"content":{"rendered":"<h2>Descripci\u00f3n del producto <\/h2>\n<p><img><\/p>\n<p>Soporte para bolsa de acr\u00edlico MS <\/p>\n<p>\n<p>\n<table>\n<tbody>\n<tr>\n<td>\n<p>modelo <\/p>\n<\/td>\n<td>\n<p><strong>El di\u00e1metro interior del stent <\/strong><\/p>\n<\/td>\n<td>\n<p><strong>Se recomienda apoyar el uso de <\/strong><\/p>\n<\/td>\n<\/tr>\n<tr>\n<td>\n<p><strong>HBF-1 <\/strong><\/p>\n<\/td>\n<td>95 MM <\/td>\n<td>Bolsa MS FS-S, FS-M <\/td>\n<\/tr>\n<tr>\n<td>\n<p><strong>HBF-3 <\/strong><\/p>\n<\/td>\n<td>165 MM <\/td>\n<td>Bolsa MS FSL <\/td>\n<\/tr>\n<\/tbody>\n<\/table>\n<p>\n<p> Y las caracter\u00edsticas del soporte de la bolsa de filtro de acr\u00edlico MS: <br \/> 1 est\u00e1 hecho de acr\u00edlico de alta calidad. <br \/> 2 a trav\u00e9s del tornillo se puede colocar un tap\u00f3n fijo en el acuario o en el tanque de filtrado. <br \/> 3 Hay dos tama\u00f1os que se pueden utilizar, especialmente para soportar especificaciones MS u otras marcas de bolsas de filtro. <\/p>\n<p><p>Especificaciones: <\/p>\n<div>Di\u00e1metro del orificio: 165 mm (adecuado para FUENTES convencionales o MARINAS y la fuente de la marca m\u00e1s especificaciones de bolsa de filtro grande) <\/div>\n<div>Largo\/ancho\/alto (especificaciones de stent acr\u00edlico, sin tornillo): 232\/205\/60 mm <\/div>\n<div>El espesor m\u00e1ximo del vidrio para fijaci\u00f3n: 12 mm <\/div>\n<div>PD: medici\u00f3n manual, \u00a1puede haber algunos errores! <\/div>\n<p>PD: en esta etapa, elija solo estantes blancos <\/p>\n<p>Soporte para bolsas de acr\u00edlico MS usando el ejemplo de la figura <\/p>\n<p><a><img class=\" alignnone=\"><\/a><\/p>\n<p>Recomendamos admitir el uso de MS y la fuente de la bolsa, haga clic en <strong><a target=\"\">Aqu\u00ed <\/a><\/strong>Ver m\u00e1s de la descripci\u00f3n Bolsa filtrante MS. <\/p>\n<\/p><\/div>\n<p>\u00ab<\/p>\n","protected":false},"excerpt":{"rendered":"<p>Accesorios de instalaci\u00f3n acuario acr\u00edlico Anexo HBF-3 soporte de bolsa de filtro de gran tama\u00f1o<\/p>\n","protected":false},"featured_media":6419,"comment_status":"open","ping_status":"closed","template":"","meta":[],"product_brand":[],"product_cat":[1188],"product_tag":[],"class_list":{"0":"post-30106","1":"product","2":"type-product","3":"status-publish","4":"has-post-thumbnail","6":"product_cat-espumadores-de-proteinas","8":"first","9":"instock","10":"shipping-taxable","11":"purchasable","12":"product-type-simple"},"_links":{"self":[{"href":"https:\/\/www.myaquastore.com\/es\/wp-json\/wp\/v2\/product\/30106","targetHints":{"allow":["GET"]}}],"collection":[{"href":"https:\/\/www.myaquastore.com\/es\/wp-json\/wp\/v2\/product"}],"about":[{"href":"https:\/\/www.myaquastore.com\/es\/wp-json\/wp\/v2\/types\/product"}],"replies":[{"embeddable":true,"href":"https:\/\/www.myaquastore.com\/es\/wp-json\/wp\/v2\/comments?post=30106"}],"wp:featuredmedia":[{"embeddable":true,"href":"https:\/\/www.myaquastore.com\/es\/wp-json\/wp\/v2\/media\/6419"}],"wp:attachment":[{"href":"https:\/\/www.myaquastore.com\/es\/wp-json\/wp\/v2\/media?parent=30106"}],"wp:term":[{"taxonomy":"product_brand","embeddable":true,"href":"https:\/\/www.myaquastore.com\/es\/wp-json\/wp\/v2\/product_brand?post=30106"},{"taxonomy":"product_cat","embeddable":true,"href":"https:\/\/www.myaquastore.com\/es\/wp-json\/wp\/v2\/product_cat?post=30106"},{"taxonomy":"product_tag","embeddable":true,"href":"https:\/\/www.myaquastore.com\/es\/wp-json\/wp\/v2\/product_tag?post=30106"}],"curies":[{"name":"wp","href":"https:\/\/api.w.org\/{rel}","templated":true}]}}