{"id":30107,"date":"2016-12-27T16:03:47","date_gmt":"2016-12-27T16:03:47","guid":{"rendered":"https:\/\/www.myaquastore.com\/product\/accesorios-de-instalacion-acrilico-acuario-anexo-hbp-1-soporte-de-manguera-de-sonda\/"},"modified":"2025-03-16T07:13:38","modified_gmt":"2025-03-16T07:13:38","slug":"accesorios-de-instalacion-acrilico-acuario-anexo-hbp-1-soporte-de-manguera-de-sonda","status":"publish","type":"product","link":"https:\/\/www.myaquastore.com\/es\/producto\/accesorios-de-instalacion-acrilico-acuario-anexo-hbp-1-soporte-de-manguera-de-sonda\/","title":{"rendered":"Accesorios de instalaci\u00f3n acr\u00edlico acuario Anexo HBP-1 soporte de manguera de sonda"},"content":{"rendered":"<h2>Descripci\u00f3n del producto <\/h2>\n<p><a><img class=\" size-full=\"><\/a><\/p>\n<div>Y las caracter\u00edsticas de la fuente del soporte de sonda MS: <\/div>\n<div>Una selecci\u00f3n de material acr\u00edlico de alta calidad hecho de <\/div>\n<div>2 se puede fijar mediante tornillos a la sonda y se puede instalar en su acuario y tanque de filtro. <\/div>\n<div>Dise\u00f1o de tres pares de orificios para sondas, se pueden fijar simult\u00e1neamente dos sondas peque\u00f1as o mangueras <\/div>\n<div><\/div>\n<div>Especificaciones: <\/div>\n<div>\n<div>Di\u00e1metro del orificio: 13 mm <\/div>\n<div>Largo\/ancho\/alto (especificaciones del stent acr\u00edlico, sin tornillo): 80\/60\/45 mm <\/div>\n<div>Espesor m\u00e1ximo del vidrio para la fijaci\u00f3n: 15 mm <\/div>\n<div><\/div>\n<div>PD: medici\u00f3n manual, \u00a1puede haber algunos errores! <\/div><\/div>\n<div><\/div>\n<div>Especificaciones del embalaje: 85 98 53 MM <\/div>\n<div>\n<div>Peso: 65 g <\/div>\n<div><\/div>\n<div><\/div><\/div>\n<div><\/div>\n<div>Icono de soporte de sonda <\/div>\n<div><a><img class=\" alignnone=\"><\/a><\/div>\n<div><\/div>\n<div><\/div>\n<div>Icono de inmovilizaci\u00f3n de sonda <\/div>\n<div><\/div>\n<div><a><img class=\" alignnone=\"><\/a><\/div>\n<div><a><img class=\" alignnone=\"><\/a><\/p>\n<\/div>\n<div><\/div><\/div>\n","protected":false},"excerpt":{"rendered":"<p>Accesorios de instalaci\u00f3n acr\u00edlico acuario Anexo HBP-1 soporte de manguera de sonda<\/p>\n","protected":false},"featured_media":6426,"comment_status":"open","ping_status":"closed","template":"","meta":[],"product_brand":[],"product_cat":[1188],"product_tag":[],"class_list":{"0":"post-30107","1":"product","2":"type-product","3":"status-publish","4":"has-post-thumbnail","6":"product_cat-espumadores-de-proteinas","8":"first","9":"instock","10":"shipping-taxable","11":"purchasable","12":"product-type-simple"},"_links":{"self":[{"href":"https:\/\/www.myaquastore.com\/es\/wp-json\/wp\/v2\/product\/30107","targetHints":{"allow":["GET"]}}],"collection":[{"href":"https:\/\/www.myaquastore.com\/es\/wp-json\/wp\/v2\/product"}],"about":[{"href":"https:\/\/www.myaquastore.com\/es\/wp-json\/wp\/v2\/types\/product"}],"replies":[{"embeddable":true,"href":"https:\/\/www.myaquastore.com\/es\/wp-json\/wp\/v2\/comments?post=30107"}],"wp:featuredmedia":[{"embeddable":true,"href":"https:\/\/www.myaquastore.com\/es\/wp-json\/wp\/v2\/media\/6426"}],"wp:attachment":[{"href":"https:\/\/www.myaquastore.com\/es\/wp-json\/wp\/v2\/media?parent=30107"}],"wp:term":[{"taxonomy":"product_brand","embeddable":true,"href":"https:\/\/www.myaquastore.com\/es\/wp-json\/wp\/v2\/product_brand?post=30107"},{"taxonomy":"product_cat","embeddable":true,"href":"https:\/\/www.myaquastore.com\/es\/wp-json\/wp\/v2\/product_cat?post=30107"},{"taxonomy":"product_tag","embeddable":true,"href":"https:\/\/www.myaquastore.com\/es\/wp-json\/wp\/v2\/product_tag?post=30107"}],"curies":[{"name":"wp","href":"https:\/\/api.w.org\/{rel}","templated":true}]}}