{"id":30111,"date":"2016-12-27T16:03:35","date_gmt":"2016-12-27T16:03:35","guid":{"rendered":"https:\/\/www.myaquastore.com\/product\/bomba-sumergible-anfibia-red-devil-red-devil-d3000-bombas-sumergibles-anfibias\/"},"modified":"2025-03-16T07:12:25","modified_gmt":"2025-03-16T07:12:25","slug":"bomba-sumergible-anfibia-red-devil-red-devil-d3000-bombas-sumergibles-anfibias","status":"publish","type":"product","link":"https:\/\/www.myaquastore.com\/es\/producto\/bomba-sumergible-anfibia-red-devil-red-devil-d3000-bombas-sumergibles-anfibias\/","title":{"rendered":"Bomba sumergible anfibia Red Devil Red Devil D3000 bombas sumergibles anfibias"},"content":{"rendered":"<h2>Descripci\u00f3n del producto <\/h2>\n<p>\n<p><strong>Par\u00e1metros t\u00e9cnicos: <br \/> <\/strong>Modelo: Devil D3000 <br \/> Caudal: 3000L\/H <br \/> Elevaci\u00f3n m\u00e1xima: 2,6 M <br \/> Potencia: 40W <\/p>\n<p><p>PS: datos actualizados en enero de 2015 <\/p>\n<p><p>El tubo vertical de la bomba y la base que contiene el tama\u00f1o m\u00e1ximo de la ventosa \ud83d\ude41 largo\/ancho\/alto): 115\/100\/130 MM <\/p>\n<p>Se pueden colocar bombas especialmente dise\u00f1adas alrededor de las direcciones transversales. <\/p>\n<p><p>Conjunto fuselaje gris Uni\u00f3n Profesional: conexi\u00f3n directa de racores de tuber\u00eda de PVC 20MM. <\/p>\n<p>Viene con adaptador. Se pueden conectar 14 ~ 18 mm a una manguera. <\/p>\n<p>&amp;Nbsp; para <a><img class=\" size-full=\"><\/a><\/p>\n<p> <strong>Caracter\u00edsticas de la bomba sumergible anfibia Devil: <\/strong><\/p>\n<div>\n<div>1 est\u00e1ndar de Alemania &#8211; Productos personalizados <\/div>\n<div>2 ejes y refinados utilizando una producci\u00f3n de n\u00facleo altamente pulido de alto est\u00e1ndar <\/div>\n<div>3 ultraeficientes y ultra silenciosos <\/div>\n<div>4 consumo de energ\u00eda fuerte y bajo persistente <\/div>\n<div>5 rendimiento del rotor magn\u00e9tico (rendimiento no tradicional que el rotor magn\u00e9tico ordinario, el rotor magn\u00e9tico cuesta alrededor de 8 a 10 veces el rotor magn\u00e9tico normal) <\/div>\n<div>6 chip de protecci\u00f3n t\u00e9rmica incorporado, apaga autom\u00e1ticamente la bomba no funciona correctamente. <\/div>\n<div>7 El cuerpo de la bomba de agua est\u00e1 hecho de un material ign\u00edfugo ABS de alto est\u00e1ndar <\/div>\n<div>Con una l\u00ednea gruesa y atrevida de alta potencia <\/div>\n<div>8 se puede colocar directamente en el agua, pero tambi\u00e9n en las conexiones de la tuber\u00eda de agua usando in vitro (operaci\u00f3n de combusti\u00f3n no inductiva sin contacto con el agua) <\/div>\n<div>9 es adecuado para agua dulce y agua de mar <\/div>\n<div>10 Dise\u00f1o exclusivo de barra de montaje con ventosa, la bomba se puede colocar en ambas direcciones horizontal y vertical colocaci\u00f3n. <\/div>\n<div>11 a trav\u00e9s de la certificaci\u00f3n de seguridad europea CE, seguro y confiable. <\/div>\n<div>&amp;Nbsp; para <a><img class=\" size-full=\"><\/a><\/div>\n<div>\n<\/div>\n<div>Paquete de producto <\/div>\n<div><a><br \/> <\/a><a><img class=\" size-full=\"><\/a><\/p>\n<\/div><\/div>\n<div>&amp;Nbsp; para <\/p>\n<p><a><img class=\" wp-image-3109=\"><\/a><a><img class=\" size-full=\"><\/a><\/div>\n<p>&amp;Nbsp; para <\/p>\n<\/p><\/div>\n","protected":false},"excerpt":{"rendered":"<p>Bomba sumergible anfibia Red Devil Red Devil D3000 bombas sumergibles anfibias<\/p>\n","protected":false},"featured_media":5991,"comment_status":"open","ping_status":"closed","template":"","meta":[],"product_brand":[],"product_cat":[1188],"product_tag":[],"class_list":{"0":"post-30111","1":"product","2":"type-product","3":"status-publish","4":"has-post-thumbnail","6":"product_cat-espumadores-de-proteinas","8":"first","9":"instock","10":"shipping-taxable","11":"purchasable","12":"product-type-simple"},"_links":{"self":[{"href":"https:\/\/www.myaquastore.com\/es\/wp-json\/wp\/v2\/product\/30111","targetHints":{"allow":["GET"]}}],"collection":[{"href":"https:\/\/www.myaquastore.com\/es\/wp-json\/wp\/v2\/product"}],"about":[{"href":"https:\/\/www.myaquastore.com\/es\/wp-json\/wp\/v2\/types\/product"}],"replies":[{"embeddable":true,"href":"https:\/\/www.myaquastore.com\/es\/wp-json\/wp\/v2\/comments?post=30111"}],"wp:featuredmedia":[{"embeddable":true,"href":"https:\/\/www.myaquastore.com\/es\/wp-json\/wp\/v2\/media\/5991"}],"wp:attachment":[{"href":"https:\/\/www.myaquastore.com\/es\/wp-json\/wp\/v2\/media?parent=30111"}],"wp:term":[{"taxonomy":"product_brand","embeddable":true,"href":"https:\/\/www.myaquastore.com\/es\/wp-json\/wp\/v2\/product_brand?post=30111"},{"taxonomy":"product_cat","embeddable":true,"href":"https:\/\/www.myaquastore.com\/es\/wp-json\/wp\/v2\/product_cat?post=30111"},{"taxonomy":"product_tag","embeddable":true,"href":"https:\/\/www.myaquastore.com\/es\/wp-json\/wp\/v2\/product_tag?post=30111"}],"curies":[{"name":"wp","href":"https:\/\/api.w.org\/{rel}","templated":true}]}}