{"id":30113,"date":"2016-12-27T16:03:35","date_gmt":"2016-12-27T16:03:35","guid":{"rendered":"https:\/\/www.myaquastore.com\/product\/bomba-sumergible-anfibia-red-devil-red-devil-d900-bombas-sumergibles-anfibias\/"},"modified":"2025-03-16T07:12:25","modified_gmt":"2025-03-16T07:12:25","slug":"bomba-sumergible-anfibia-red-devil-red-devil-d900-bombas-sumergibles-anfibias","status":"publish","type":"product","link":"https:\/\/www.myaquastore.com\/es\/producto\/bomba-sumergible-anfibia-red-devil-red-devil-d900-bombas-sumergibles-anfibias\/","title":{"rendered":"Bomba sumergible anfibia Red Devil Red Devil D900 bombas sumergibles anfibias"},"content":{"rendered":"<h2>Descripci\u00f3n del producto <\/h2>\n<div>\n<div>\n<p>Par\u00e1metros t\u00e9cnicos: <br \/> Modelo: Devil D900 <br \/> Caudal: 900L\/H <br \/> Elevaci\u00f3n m\u00e1xima: 1,2 M <br \/> Potencia: 9W <\/p>\n<p><a><img class=\" size-large=\"><\/a><\/p>\n<p><strong>Caracter\u00edsticas de la bomba sumergible anfibia Devil: <\/strong><\/p>\n<div>\n<div>1 Est\u00e1ndar de Alemania &#8211; Personalizado Productos <\/div>\n<div>2 ultraeficientes y ultrasilenciosos <\/div>\n<div>3 Consumo de energ\u00eda fuerte y bajo persistente <\/div>\n<div>4 El cuerpo de la bomba de agua est\u00e1 hecho de un material ign\u00edfugo ABS de alto est\u00e1ndar <\/div>\n<div>5 con una l\u00ednea gruesa y atrevida de alta potencia <\/div>\n<div>6 se puede colocar directamente en el agua, pero tambi\u00e9n en las conexiones de las tuber\u00edas de agua usando in vitro (operaci\u00f3n de combusti\u00f3n no inductiva sin contacto con el agua) <\/div>\n<div>7 se aplica a agua dulce y salada agua <\/div>\n<div>8 dise\u00f1o exclusivo de barra de montaje de ventosa, la bomba se puede colocar en ambas direcciones sobre colocaci\u00f3n horizontal y vertical. <\/div>\n<div>9 a trav\u00e9s de la certificaci\u00f3n de seguridad europea CE, segura y confiable. <\/div>\n<div><\/div>\n<div><\/div>\n<div><a><img class=\" size-full=\"><\/a><\/p>\n<\/div>\n<div>Paquete de producto <\/div>\n<div><a><img class=\" size-large=\"><\/a><\/div><\/div>\n<p><a><br \/> <\/a><\/p>\n<\/p><\/div>\n<div>\n<\/div>\n<div><\/div>\n<div><a><br \/> <\/a><a><br \/> <\/a><\/p>\n<\/div><\/div>\n<div>&amp;Nbsp; para <\/p>\n<p><a><img class=\" wp-image-3109=\"><\/a><a><img class=\" size-full=\"><\/a><\/div>\n<p>&amp;Nbsp; para <\/p>\n<\/p><\/div>\n","protected":false},"excerpt":{"rendered":"<p>Bomba sumergible anfibia Red Devil Red Devil D900 bombas sumergibles anfibias<\/p>\n","protected":false},"featured_media":5995,"comment_status":"open","ping_status":"closed","template":"","meta":[],"product_brand":[],"product_cat":[1188],"product_tag":[],"class_list":{"0":"post-30113","1":"product","2":"type-product","3":"status-publish","4":"has-post-thumbnail","6":"product_cat-espumadores-de-proteinas","8":"first","9":"instock","10":"shipping-taxable","11":"purchasable","12":"product-type-simple"},"_links":{"self":[{"href":"https:\/\/www.myaquastore.com\/es\/wp-json\/wp\/v2\/product\/30113","targetHints":{"allow":["GET"]}}],"collection":[{"href":"https:\/\/www.myaquastore.com\/es\/wp-json\/wp\/v2\/product"}],"about":[{"href":"https:\/\/www.myaquastore.com\/es\/wp-json\/wp\/v2\/types\/product"}],"replies":[{"embeddable":true,"href":"https:\/\/www.myaquastore.com\/es\/wp-json\/wp\/v2\/comments?post=30113"}],"wp:featuredmedia":[{"embeddable":true,"href":"https:\/\/www.myaquastore.com\/es\/wp-json\/wp\/v2\/media\/5995"}],"wp:attachment":[{"href":"https:\/\/www.myaquastore.com\/es\/wp-json\/wp\/v2\/media?parent=30113"}],"wp:term":[{"taxonomy":"product_brand","embeddable":true,"href":"https:\/\/www.myaquastore.com\/es\/wp-json\/wp\/v2\/product_brand?post=30113"},{"taxonomy":"product_cat","embeddable":true,"href":"https:\/\/www.myaquastore.com\/es\/wp-json\/wp\/v2\/product_cat?post=30113"},{"taxonomy":"product_tag","embeddable":true,"href":"https:\/\/www.myaquastore.com\/es\/wp-json\/wp\/v2\/product_tag?post=30113"}],"curies":[{"name":"wp","href":"https:\/\/api.w.org\/{rel}","templated":true}]}}