{"id":30115,"date":"2016-12-27T16:03:35","date_gmt":"2016-12-27T16:03:35","guid":{"rendered":"https:\/\/www.myaquastore.com\/product\/red-devil-cepillo-bomba-aguja-agujas-red-devil-sp3-bomba-cepillo-aguja\/"},"modified":"2025-03-16T07:12:26","modified_gmt":"2025-03-16T07:12:26","slug":"red-devil-cepillo-bomba-aguja-agujas-red-devil-sp3-bomba-cepillo-aguja","status":"publish","type":"product","link":"https:\/\/www.myaquastore.com\/es\/producto\/red-devil-cepillo-bomba-aguja-agujas-red-devil-sp3-bomba-cepillo-aguja\/","title":{"rendered":"Red Devil cepillo bomba aguja\/agujas Red Devil SP3 bomba cepillo aguja"},"content":{"rendered":"<h2>Descripci\u00f3n del producto <\/h2>\n<div>Par\u00e1metros t\u00e9cnicos: <\/div>\n<div>Modelo:( Red) Devil SP3 \/ (Red) Devil SP3 <\/div>\n<div>Potencia de la bomba: 15 W <\/div>\n<div>Capacidad inspiratoria m\u00e1xima: 700 L\/H <\/div>\n<div>Tipos de bomba: bomba para con\u00edferas\/desnatador (dispositivo de nitr\u00f3geno) dedicado <\/div>\n<div>Desnatador casero recomendaci\u00f3n: el di\u00e1metro del cuerpo del tubo para el skimmer es de 150 ~ 220 mm <\/div>\n<div><\/div>\n<div>\n<p>PD: datos actualizados en enero de 2015 <\/p>\n<p>Aguja colocada horizontalmente en el cepillo del tubo de la bomba y la base que contiene la ventosa tama\u00f1o m\u00e1ximo \ud83d\ude41 largo\/ancho\/alto): 145\/145\/75 MM <\/p>\n<p>Tama\u00f1o del cuerpo de la bomba montada sobre la red (excluyendo nudo corredizo, boca de succi\u00f3n y base de ventosa): (largo\/ancho\/alto): 85\/70\/85 MM <\/p>\n<p><img><\/p>\n<\/p><\/div>\n<div><strong><br \/><\/strong>Bomba de con\u00edferas Devil SP3 Caracter\u00edsticas del producto: <\/div>\n<div>1 bomba de con\u00edferas Devil dise\u00f1ada para skimmer\/nitr\u00f3geno es el desarrollo del dise\u00f1o para los est\u00e1ndares alemanes europeos: productos personalizados. <\/div>\n<div>2 Cantidad de s\u00faper ingesta: la bomba \u00fanica m\u00e1xima puede alcanzar 700 L\/H, el consumo de energ\u00eda es de 13 W. <\/div>\n<div>3 se puede utilizar fuera del cilindro o cilindros\/anfibios. <\/div>\n<div>4 bombas con boquilla de succi\u00f3n optimizada de con\u00edferas y tubo venturi. <\/div>\n<div>5 impresionante combinaci\u00f3n de colores rojo y negro, apariencia ultra elegante. <\/div>\n<div>\n<div>6 ejes y refinado utilizando una producci\u00f3n de n\u00facleo altamente pulido de alto est\u00e1ndar <\/div>\n<div>7 rendimiento del rotor magn\u00e9tico (rendimiento no tradicional que el rotor magn\u00e9tico ordinario, el rotor magn\u00e9tico cuesta alrededor de 8 a 10 veces m\u00e1s que el rotor magn\u00e9tico normal) <\/div>\n<div>8 chip de protecci\u00f3n t\u00e9rmica incorporado, apaga autom\u00e1ticamente la bomba no funciona correctamente. <\/div>\n<div>9 Cuerpo de la bomba de agua en material ign\u00edfugo ABS de alto est\u00e1ndar <\/div>\n<div>10 con l\u00ednea gruesa y atrevida de alta potencia <\/div>\n<div>11 Dise\u00f1o exclusivo de barra de montaje de ventosa, la bomba se puede colocar en ambas direcciones sobre colocaci\u00f3n horizontal y vertical. Ideal para todo tipo de skimmer caseros y de bricolaje. (Diferente preocupaci\u00f3n por la direcci\u00f3n del skimmer del problema del agua) <\/div><\/div>\n<div><\/div>\n<div>El tipo de bomba SP3 de con\u00edferas del diablo ha pasado la autoridad de la certificaci\u00f3n CE, EMC y Rohs. <\/div>\n<div>\n<\/div>\n<div><\/div>\n<div><strong><a><img class=\" size-full=\"><\/a><\/p>\n<p><\/strong><\/div>\n<div><strong><a><img class=\" size-full=\"><\/a> <a><img class=\" size-full=\"><\/a><\/p>\n<p><\/strong><\/div>\n<div><\/div>\n<div><\/div>\n<div>Caja de embalaje <\/div>\n<div><a><img class=\" size-full=\"><\/a><\/div>\n<div><\/div>\n<div><\/div><\/div>\n","protected":false},"excerpt":{"rendered":"<p>Red Devil cepillo bomba aguja\/agujas Red Devil SP3 bomba cepillo aguja<\/p>\n","protected":false},"featured_media":5997,"comment_status":"open","ping_status":"closed","template":"","meta":[],"product_brand":[],"product_cat":[1188],"product_tag":[],"class_list":{"0":"post-30115","1":"product","2":"type-product","3":"status-publish","4":"has-post-thumbnail","6":"product_cat-espumadores-de-proteinas","8":"first","9":"instock","10":"shipping-taxable","11":"purchasable","12":"product-type-simple"},"_links":{"self":[{"href":"https:\/\/www.myaquastore.com\/es\/wp-json\/wp\/v2\/product\/30115","targetHints":{"allow":["GET"]}}],"collection":[{"href":"https:\/\/www.myaquastore.com\/es\/wp-json\/wp\/v2\/product"}],"about":[{"href":"https:\/\/www.myaquastore.com\/es\/wp-json\/wp\/v2\/types\/product"}],"replies":[{"embeddable":true,"href":"https:\/\/www.myaquastore.com\/es\/wp-json\/wp\/v2\/comments?post=30115"}],"wp:featuredmedia":[{"embeddable":true,"href":"https:\/\/www.myaquastore.com\/es\/wp-json\/wp\/v2\/media\/5997"}],"wp:attachment":[{"href":"https:\/\/www.myaquastore.com\/es\/wp-json\/wp\/v2\/media?parent=30115"}],"wp:term":[{"taxonomy":"product_brand","embeddable":true,"href":"https:\/\/www.myaquastore.com\/es\/wp-json\/wp\/v2\/product_brand?post=30115"},{"taxonomy":"product_cat","embeddable":true,"href":"https:\/\/www.myaquastore.com\/es\/wp-json\/wp\/v2\/product_cat?post=30115"},{"taxonomy":"product_tag","embeddable":true,"href":"https:\/\/www.myaquastore.com\/es\/wp-json\/wp\/v2\/product_tag?post=30115"}],"curies":[{"name":"wp","href":"https:\/\/api.w.org\/{rel}","templated":true}]}}