{"id":30116,"date":"2016-12-27T16:03:35","date_gmt":"2016-12-27T16:03:35","guid":{"rendered":"https:\/\/www.myaquastore.com\/product\/bomba-de-aguja-de-cepillo-red-devil-bomba-de-agujas-de-coniferas-bomba-de-cepillo-red-devil-sp1\/"},"modified":"2025-03-16T07:12:27","modified_gmt":"2025-03-16T07:12:27","slug":"bomba-de-aguja-de-cepillo-red-devil-bomba-de-agujas-de-coniferas-bomba-de-cepillo-red-devil-sp1","status":"publish","type":"product","link":"https:\/\/www.myaquastore.com\/es\/producto\/bomba-de-aguja-de-cepillo-red-devil-bomba-de-agujas-de-coniferas-bomba-de-cepillo-red-devil-sp1\/","title":{"rendered":"Bomba de aguja de cepillo Red Devil \/ bomba de agujas de con\u00edferas Bomba de cepillo Red Devil SP1"},"content":{"rendered":"<h2>Descripci\u00f3n del producto <\/h2>\n<div>Modelo: (Rojo) Devil SP3 \/ (Rojo) Devil SP1 <\/div>\n<div>Potencia de la bomba: 7,8 W <\/div>\n<div>Capacidad inspiratoria m\u00e1xima: 180 L\/H <\/div>\n<div>Especificaciones de salida: 12 mm <\/div>\n<div>Tipos de bomba: bomba para con\u00edferas\/desnatador (dispositivo de nitr\u00f3geno) dedicado <\/div>\n<div>Hecho en casa Recomendaci\u00f3n del skimmer: el di\u00e1metro del cuerpo del tubo del skimmer es de 60 ~ 90 mm <\/div>\n<div><img><\/div>\n<div><a><img class=\" size-full=\"><\/a><\/div>\n<div><\/div>\n<div>Bomba de con\u00edferas Devil SP1 Caracter\u00edsticas: <\/div>\n<div>1 Bomba de con\u00edferas Devil dise\u00f1ada para skimmer\/dise\u00f1o de desarrollador de nitr\u00f3geno <\/div>\n<div>2 Cantidad de s\u00faper ingesta: la bomba \u00fanica m\u00e1xima puede alcanzar 180 L \/ H, el consumo de energ\u00eda de 7,8 W <\/div>\n<div>3 bombas dentro de la refinaci\u00f3n instalada de la mejor elecci\u00f3n de material (n\u00facleo, rotor, eje, etc.). <\/div>\n<div>4 bombas con boquilla de succi\u00f3n optimizada de con\u00edferas y tubo venturi. <\/div>\n<div>5 impresionante combinaci\u00f3n de colores rojo y negro, apariencia ultra elegante. <\/div>\n<div>6 El cuerpo de la bomba de agua est\u00e1 hecho de un material ABS ign\u00edfugo de alto est\u00e1ndar <\/div>\n<div>7 Dise\u00f1o exclusivo de soporte de ventosa, la bomba se puede colocar horizontalmente en ambas direcciones, en posici\u00f3n vertical, ideal para todo tipo de skimmer casero y de bricolaje (no se preocupe por la direcci\u00f3n de los problemas de agua del skimmer) <\/div>\n<div>\n<div><\/div>\n<div>\n<div>El tipo de bomba Devil coniferous SP1 ha pasado la autoridad de CE, EMC y Rohs certificaci\u00f3n. <\/div>\n<div><\/div>\n<div>Embalaje del producto: <\/div>\n<div><a><img class=\" size-full=\"><\/a><\/div>\n<div><\/div><\/div><\/div><\/div>\n","protected":false},"excerpt":{"rendered":"<p>Bomba de aguja de cepillo Red Devil \/ bomba de agujas de con\u00edferas Bomba de cepillo Red Devil SP1<\/p>\n","protected":false},"featured_media":6001,"comment_status":"open","ping_status":"closed","template":"","meta":[],"product_brand":[],"product_cat":[1188],"product_tag":[],"class_list":{"0":"post-30116","1":"product","2":"type-product","3":"status-publish","4":"has-post-thumbnail","6":"product_cat-espumadores-de-proteinas","8":"first","9":"instock","10":"shipping-taxable","11":"purchasable","12":"product-type-simple"},"_links":{"self":[{"href":"https:\/\/www.myaquastore.com\/es\/wp-json\/wp\/v2\/product\/30116","targetHints":{"allow":["GET"]}}],"collection":[{"href":"https:\/\/www.myaquastore.com\/es\/wp-json\/wp\/v2\/product"}],"about":[{"href":"https:\/\/www.myaquastore.com\/es\/wp-json\/wp\/v2\/types\/product"}],"replies":[{"embeddable":true,"href":"https:\/\/www.myaquastore.com\/es\/wp-json\/wp\/v2\/comments?post=30116"}],"wp:featuredmedia":[{"embeddable":true,"href":"https:\/\/www.myaquastore.com\/es\/wp-json\/wp\/v2\/media\/6001"}],"wp:attachment":[{"href":"https:\/\/www.myaquastore.com\/es\/wp-json\/wp\/v2\/media?parent=30116"}],"wp:term":[{"taxonomy":"product_brand","embeddable":true,"href":"https:\/\/www.myaquastore.com\/es\/wp-json\/wp\/v2\/product_brand?post=30116"},{"taxonomy":"product_cat","embeddable":true,"href":"https:\/\/www.myaquastore.com\/es\/wp-json\/wp\/v2\/product_cat?post=30116"},{"taxonomy":"product_tag","embeddable":true,"href":"https:\/\/www.myaquastore.com\/es\/wp-json\/wp\/v2\/product_tag?post=30116"}],"curies":[{"name":"wp","href":"https:\/\/api.w.org\/{rel}","templated":true}]}}