{"id":30119,"date":"2016-12-27T16:03:43","date_gmt":"2016-12-27T16:03:43","guid":{"rendered":"https:\/\/www.myaquastore.com\/product\/bomba-de-velocidad-variable-red-devil-dc-inversor-de-cc-bomba-de-velocidad-variable-cepillo-de-aguja-bomba-de-cepillo-de-aguja-de-frecuencia-red-devil-dc5000s\/"},"modified":"2025-03-16T07:13:15","modified_gmt":"2025-03-16T07:13:15","slug":"bomba-de-velocidad-variable-red-devil-dc-inversor-de-cc-bomba-de-velocidad-variable-cepillo-de-aguja-bomba-de-cepillo-de-aguja-de-frecuencia-red-devil-dc5000s","status":"publish","type":"product","link":"https:\/\/www.myaquastore.com\/es\/producto\/bomba-de-velocidad-variable-red-devil-dc-inversor-de-cc-bomba-de-velocidad-variable-cepillo-de-aguja-bomba-de-cepillo-de-aguja-de-frecuencia-red-devil-dc5000s\/","title":{"rendered":"Bomba de velocidad variable Red Devil DC, inversor de CC, bomba de velocidad variable, cepillo de aguja, bomba de cepillo de aguja de frecuencia Red Devil DC5000S"},"content":{"rendered":"<h2>Descripci\u00f3n del producto <\/h2>\n<p><a><img class=\" wp-image-3574=\" alt=\" dc=\"><\/a><\/p>\n<p>&amp;Nbsp; para <\/p>\n<p>&amp;Nbsp; para <\/p>\n<p><a><img class=\" size-large=\"><\/a><\/p>\n<p><\/p>\n<table>\n<tbody>\n<tr>\n<td>\n<div><strong>modelo <\/strong><\/div>\n<\/td>\n<td>\n<div><strong>Tipos de bombas <\/strong><\/div>\n<\/td>\n<td>\n<div><strong>Voltaje <\/strong><\/div>\n<\/td>\n<td>\n<div><strong>vataje <\/strong><\/div>\n<\/td>\n<td>\n<div><strong>La cantidad m\u00e1xima de ingesta <\/strong><\/div>\n<\/td>\n<\/tr>\n<tr>\n<td>\n<div><strong>DC5500S <\/strong><\/div>\n<\/td>\n<td>\n<div><strong>Bomba manual de minutos con cepillo de huevo <\/strong><\/div>\n<\/td>\n<td>\n<div><strong>Conversi\u00f3n de 100 ~ 240 V a 24 V CC <\/strong><\/div>\n<\/td>\n<td>\n<div><strong>39W <\/strong><\/div>\n<\/td>\n<td>\n<div><strong>1800L <\/strong><strong>\/ H <\/strong><\/div>\n<\/td>\n<\/tr>\n<\/tbody>\n<\/table>\n<div><\/div>\n<div>\n<div>Especificaciones del embalaje: 242\/222\/142 MM <\/div>\n<div><\/div>\n<p>Caracter\u00edsticas de la bomba de con\u00edferas de frecuencia Red Devil DC5000S: <\/p>\n<\/p><\/div>\n<div><\/div>\n<div>\n<div>\n<div>1 cilindro de huevo con velocidad ajustable seis veces, libre para manipular el rendimiento del skimmer, de d\u00e9bil a fuerte, un total de 10 archivos (nuevo controlador) manipulaci\u00f3n arbitraria. <\/div>\n<div>2 chips inteligentes, sobrecalentamiento de la bomba se apaga autom\u00e1ticamente para evitar problemas de quemaduras, las bombas bombean en condiciones de funcionamiento anormales causadas por la aparici\u00f3n de fuerza. <\/div>\n<div>3 bombas tienen un modo de alimentaci\u00f3n de 10 minutos, alimentando a los peces cuando el modo est\u00e1 encendido, el skimmer deja de funcionar autom\u00e1ticamente durante 10 minutos, puede prevenir eficazmente el proceso de alimentaci\u00f3n debido a cambios en la calidad del agua causados \u200b\u200bpor el funcionamiento anormal del skimmer o el exceso de explosi\u00f3n. <\/div>\n<div>4 con un nuevo dise\u00f1o profesional y un nuevo impulsor de aguja Venturi VENTURII, boquilla de succi\u00f3n en el skimmer para mayor uso y rendimiento superior. <\/div>\n<div>\n<div>5 no contiene cobre, no libera sustancias ni elementos nocivos para el agua de mar. <\/div>\n<div>6 La tecnolog\u00eda europea de inversor de bajo voltaje, ahorro de energ\u00eda, funcionamiento silencioso. <\/div>\n<div>7 Pulido con acabado de eje cer\u00e1mico resistente al desgaste, funcionamiento estable, sin ruido, larga vida \u00fatil. <\/div><\/div><\/div><\/div>\n<div>8 bombas con controlador y transformador ajustables, adecuadas para todos los pa\u00edses y regiones <\/div>\n<div><\/div>\n<div><a><img><\/a><\/div>\n<p><a><br \/> <\/a><\/p>\n<p><a><img class=\" size-large=\"><\/a><\/p>\n<p><strong>Puedes elegir diferentes direcciones de salida <\/strong><\/p>\n<p><strong><a><img class=\" size-large=\"><\/a><\/p>\n<p><\/strong><\/p>\n<p><a><img class=\" size-full=\"><\/a><\/p>\n<\/p>\n<div>\n<div><\/div>\n<div>\n<\/div><\/div>\n<div>&amp;Nbsp; para <img><br class=\"\"><br class=\"\"><img decoding=\"async\" class=\"\" alt=\"\" src=\"\"><\/div>\n<p>&amp;Nbsp; para <\/p>\n<\/p><\/div>\n<p>\u00ab<\/p>\n","protected":false},"excerpt":{"rendered":"<p>Bomba de velocidad variable Red Devil DC, inversor de CC, bomba de velocidad variable, cepillo de aguja, bomba de cepillo de aguja de frecuencia Red Devil DC5000S<\/p>\n","protected":false},"featured_media":6297,"comment_status":"open","ping_status":"closed","template":"","meta":[],"product_brand":[],"product_cat":[1188],"product_tag":[],"class_list":{"0":"post-30119","1":"product","2":"type-product","3":"status-publish","4":"has-post-thumbnail","6":"product_cat-espumadores-de-proteinas","8":"first","9":"instock","10":"shipping-taxable","11":"purchasable","12":"product-type-simple"},"_links":{"self":[{"href":"https:\/\/www.myaquastore.com\/es\/wp-json\/wp\/v2\/product\/30119","targetHints":{"allow":["GET"]}}],"collection":[{"href":"https:\/\/www.myaquastore.com\/es\/wp-json\/wp\/v2\/product"}],"about":[{"href":"https:\/\/www.myaquastore.com\/es\/wp-json\/wp\/v2\/types\/product"}],"replies":[{"embeddable":true,"href":"https:\/\/www.myaquastore.com\/es\/wp-json\/wp\/v2\/comments?post=30119"}],"wp:featuredmedia":[{"embeddable":true,"href":"https:\/\/www.myaquastore.com\/es\/wp-json\/wp\/v2\/media\/6297"}],"wp:attachment":[{"href":"https:\/\/www.myaquastore.com\/es\/wp-json\/wp\/v2\/media?parent=30119"}],"wp:term":[{"taxonomy":"product_brand","embeddable":true,"href":"https:\/\/www.myaquastore.com\/es\/wp-json\/wp\/v2\/product_brand?post=30119"},{"taxonomy":"product_cat","embeddable":true,"href":"https:\/\/www.myaquastore.com\/es\/wp-json\/wp\/v2\/product_cat?post=30119"},{"taxonomy":"product_tag","embeddable":true,"href":"https:\/\/www.myaquastore.com\/es\/wp-json\/wp\/v2\/product_tag?post=30119"}],"curies":[{"name":"wp","href":"https:\/\/api.w.org\/{rel}","templated":true}]}}