{"id":30122,"date":"2016-12-27T16:03:44","date_gmt":"2016-12-27T16:03:44","guid":{"rendered":"https:\/\/www.myaquastore.com\/product\/skimmer-de-cono-red-devil-devil-rdc-serie-rdc-900-red-devil\/"},"modified":"2025-03-16T07:13:17","modified_gmt":"2025-03-16T07:13:17","slug":"skimmer-de-cono-red-devil-devil-rdc-serie-rdc-900-red-devil","status":"publish","type":"product","link":"https:\/\/www.myaquastore.com\/es\/producto\/skimmer-de-cono-red-devil-devil-rdc-serie-rdc-900-red-devil\/","title":{"rendered":"Skimmer de cono Red Devil Devil RDC Serie RDC-900 Red Devil"},"content":{"rendered":"<h2>Descripci\u00f3n del producto <\/h2>\n<p>&amp;Nbsp; para <\/p>\n<p><strong>Especificaciones: <\/strong><\/p>\n<div>\n<div>Modelo: RDC-900 <br \/> Tipo de lugar: Incorporado <br \/> Especificaciones (di\u00e1metro MM): 160\/510 <br \/> Equipado con bomba de agua: Red Devil SP3 (Red Devil SP3) <\/div>\n<div>Potencia operativa: 13W <\/div>\n<div>Capacidad inspiratoria m\u00e1xima: 700L \/ H <br \/> Tanque m\u00e1ximo recomendado (L): 900 <\/div>\n<div>Acuario recomendado: 350-900 L <\/div><\/div>\n<div>Especificaciones del muelle (MM): <\/div>\n<div><a><img class=\" alignnone=\"><\/a><\/div>\n<div><\/div>\n<div>\n<\/div>\n<div><\/div>\n<div><\/div>\n<div><a><img class=\" size-full=\"><\/a><\/p>\n<\/div>\n<div><a><br \/> <\/a><\/p>\n<p><strong>Y la fuente de MARINE SOURCES RED DEVIL CONE (RDC) Red Devil pump skimmer cone (nitr\u00f3geno) Caracter\u00edsticas de la gama: <\/strong><\/div>\n<div>Una apariencia impresionante con: MS y la fuente de la versi\u00f3n internacional de la serie RDC de bomba de tubo rojo de alta calidad Red Devil Match Production desde el sentido de la moda m\u00e1s moderno <\/div>\n<div>2 unidades de bomba de con\u00edferas de rendimiento ultraalto, configuradas espec\u00edficamente para el dise\u00f1o y desarrollo de la bomba de con\u00edferas con separador diab\u00f3lico (hasta el volumen inspiratorio m\u00e1ximo: 700 l\/h, el consumo de energ\u00eda es de aproximadamente 13 W). <\/div>\n<div>3 utiliza el popular dise\u00f1o de cuerpo c\u00f3nico internacional y la optimizaci\u00f3n del efecto de burbuja, la materia org\u00e1nica m\u00e1s suavemente en la taza de recolecci\u00f3n. <\/div>\n<div>4 Para una buena bomba versi\u00f3n optimizada de con\u00edferas, boca de succi\u00f3n venturi, f\u00e1cil extracci\u00f3n del vaso colector, tapones de alcantarillado y alcantarillado, etc. <\/div>\n<div>5 Todas las piezas fabricadas con tecnolog\u00eda l\u00e1ser garantizan eficazmente no solo el grado de mano de obra, sino tambi\u00e9n la capacidad de mantener una calidad estable del producto. <\/div>\n<div>\n<div><a><img class=\" size-full=\"><\/a><\/p>\n<\/div>\n<div><a><img><\/a><\/div>\n<div>General Comparaci\u00f3n <\/p>\n<p><a><img class=\" wp-image-3179=\"><\/a><\/p>\n<\/div>\n<div>RDC-850 est\u00e1 a la izquierda en el medio y DC-250 est\u00e1 a la derecha RDC-900 <\/div>\n<div>La imagen de arriba proviene del mapa del sitio CIPS de exhibici\u00f3n del acuario, agregue una nueva calidad temporal de agua salada <\/div>\n<div><\/div>\n<div><a><img class=\" size-full=\"><\/a><\/p>\n<\/div>\n<div><a><img class=\" size-full=\"><\/a><\/p>\n<\/div>\n<div><a><img class=\" size-full=\"><\/a><\/div>\n<div>\n<div>\n<\/div>\n<div>\n<div>\n<div>\n<div>\n<div>\n<p>RDC-850 est\u00e1 a la izquierda en el medio, DC-250 es el RDC-900 a la derecha <\/p><\/div>\n<div>\n<div>La imagen de arriba proviene del mapa del sitio CIPS de exhibici\u00f3n del acuario, agregue una nueva calidad temporal de agua salada <\/div>\n<div><a><img class=\" size-full=\"><\/a><\/div>\n<div><\/div>\n<div>Detalles de la secci\u00f3n de productos <\/div>\n<div><img><\/div><\/div><\/div><\/div><\/div>\n<div><\/div><\/div>\n<\/div>\n<div><\/div>\n<div><\/div>\n<div><\/div><\/div>\n","protected":false},"excerpt":{"rendered":"<p>Skimmer de cono Red Devil Devil RDC Serie RDC-900 Red Devil<\/p>\n","protected":false},"featured_media":6312,"comment_status":"open","ping_status":"closed","template":"","meta":[],"product_brand":[],"product_cat":[1188],"product_tag":[],"class_list":{"0":"post-30122","1":"product","2":"type-product","3":"status-publish","4":"has-post-thumbnail","6":"product_cat-espumadores-de-proteinas","8":"first","9":"instock","10":"shipping-taxable","11":"purchasable","12":"product-type-simple"},"_links":{"self":[{"href":"https:\/\/www.myaquastore.com\/es\/wp-json\/wp\/v2\/product\/30122","targetHints":{"allow":["GET"]}}],"collection":[{"href":"https:\/\/www.myaquastore.com\/es\/wp-json\/wp\/v2\/product"}],"about":[{"href":"https:\/\/www.myaquastore.com\/es\/wp-json\/wp\/v2\/types\/product"}],"replies":[{"embeddable":true,"href":"https:\/\/www.myaquastore.com\/es\/wp-json\/wp\/v2\/comments?post=30122"}],"wp:featuredmedia":[{"embeddable":true,"href":"https:\/\/www.myaquastore.com\/es\/wp-json\/wp\/v2\/media\/6312"}],"wp:attachment":[{"href":"https:\/\/www.myaquastore.com\/es\/wp-json\/wp\/v2\/media?parent=30122"}],"wp:term":[{"taxonomy":"product_brand","embeddable":true,"href":"https:\/\/www.myaquastore.com\/es\/wp-json\/wp\/v2\/product_brand?post=30122"},{"taxonomy":"product_cat","embeddable":true,"href":"https:\/\/www.myaquastore.com\/es\/wp-json\/wp\/v2\/product_cat?post=30122"},{"taxonomy":"product_tag","embeddable":true,"href":"https:\/\/www.myaquastore.com\/es\/wp-json\/wp\/v2\/product_tag?post=30122"}],"curies":[{"name":"wp","href":"https:\/\/api.w.org\/{rel}","templated":true}]}}