{"id":30123,"date":"2016-12-27T16:03:44","date_gmt":"2016-12-27T16:03:44","guid":{"rendered":"https:\/\/www.myaquastore.com\/product\/skimmer-de-cono-red-devil-devil-serie-rdc-red-devil-rdc1800\/"},"modified":"2025-03-16T07:13:18","modified_gmt":"2025-03-16T07:13:18","slug":"skimmer-de-cono-red-devil-devil-serie-rdc-red-devil-rdc1800","status":"publish","type":"product","link":"https:\/\/www.myaquastore.com\/es\/producto\/skimmer-de-cono-red-devil-devil-serie-rdc-red-devil-rdc1800\/","title":{"rendered":"Skimmer de cono Red Devil Devil Serie RDC Red Devil RDC1800"},"content":{"rendered":"<h2>Descripci\u00f3n del producto <\/h2>\n<p>&amp;Nbsp; para <\/p>\n<table>\n<tbody>\n<tr>\n<td>\n<p><strong>Especificaciones: <\/strong><\/p>\n<div>\n<div>Modelo: RDC 1800 <\/div>\n<div>Tipo de lugar: Incorporado <\/div>\n<div>Tama\u00f1o (di\u00e1metro\/alto MM): 250\/560 <\/div>\n<div>Equipado con bomba de agua: Red Devil SP3 (Red Devil SP3) <\/div>\n<div>Potencia operativa: 15W * 2 <\/div>\n<div>Capacidad inspiratoria m\u00e1xima: 1400L\/H <\/div>\n<div>El tanque m\u00e1ximo recomendado (L): 1800 <\/div>\n<div>Acuario recomendado: 800-1800L <\/div><\/div>\n<div>Especificaciones del muelle (MM): 405\/325 <\/div>\n<div><\/div>\n<div>\n<\/div>\n<div><a><img><\/a> <a><img class=\" size-full=\"><\/a><\/p>\n<\/div>\n<div><\/div>\n<div><\/div>\n<\/td>\n<\/tr>\n<\/tbody>\n<\/table>\n<p>&amp;Nbsp; para <\/p>\n<div><strong><span>Y la fuente de MARINE SOURCES RED DEVIL CONE (RDC) Red Devil pump Skimmer cone (nitr\u00f3geno) Caracter\u00edsticas de la gama: <\/span><\/strong><\/div>\n<div>Una apariencia impresionante con: MS y la fuente de la versi\u00f3n internacional de la serie RDC de bomba de tuber\u00eda roja de alta calidad producci\u00f3n de Devil Match desde el sentido de la moda m\u00e1s moderno <\/div>\n<div>2 Unidad de bomba de con\u00edferas de alto rendimiento, configurada espec\u00edficamente para el dise\u00f1o y desarrollo de la bomba de con\u00edferas con separador Devil (capacidad m\u00e1xima de bomba de succi\u00f3n doble de hasta 1400 l\/h, consumo de energ\u00eda de solo 26 W). <\/div>\n<div>3 RDC-1800 Dise\u00f1o de c\u00e1mara de reacci\u00f3n de 250 mm de ancho que proporciona un amplio espacio para hacer burbujas de nitr\u00f3geno, un dise\u00f1o de copa de recolecci\u00f3n grande en la boquilla, la burbuja es m\u00e1s suave. <\/div>\n<div>4 Para una buena versi\u00f3n optimizada de la bomba de con\u00edferas, boca de succi\u00f3n venturi, f\u00e1cil extracci\u00f3n de la copa de recolecci\u00f3n, aguas residuales y tapones de aguas residuales, etc. <\/div>\n<div>5 Todas las piezas fabricadas con tecnolog\u00eda l\u00e1ser garantizan de manera efectiva no solo el grado de mano de obra, sino tambi\u00e9n la capacidad de mantener la calidad estable del producto. <\/div>\n<p>RDC otro modelo <\/p>\n<div>\n<\/div>\n<div><\/div>\n<div>\n<div><\/div>\n<div>Detalles de la secci\u00f3n de productos <\/div>\n<div><\/div>\n<div><a><img class=\" alignnone=\"><\/a> <a><img><\/a><\/div>\n<div>\n<p><\/div>\n<div>&amp;Nbsp; para <a><img class=\" size-full=\"><\/a> <a><img class=\" size-full=\"><\/a> <a><img class=\" size-full=\"><\/a> <a><img class=\" size-full=\"><\/a><\/div><\/div><\/div>\n","protected":false},"excerpt":{"rendered":"<p>Skimmer de cono Red Devil Devil Serie RDC Red Devil RDC1800<\/p>\n","protected":false},"featured_media":6315,"comment_status":"open","ping_status":"closed","template":"","meta":[],"product_brand":[],"product_cat":[1188],"product_tag":[],"class_list":{"0":"post-30123","1":"product","2":"type-product","3":"status-publish","4":"has-post-thumbnail","6":"product_cat-espumadores-de-proteinas","8":"first","9":"instock","10":"shipping-taxable","11":"purchasable","12":"product-type-simple"},"_links":{"self":[{"href":"https:\/\/www.myaquastore.com\/es\/wp-json\/wp\/v2\/product\/30123","targetHints":{"allow":["GET"]}}],"collection":[{"href":"https:\/\/www.myaquastore.com\/es\/wp-json\/wp\/v2\/product"}],"about":[{"href":"https:\/\/www.myaquastore.com\/es\/wp-json\/wp\/v2\/types\/product"}],"replies":[{"embeddable":true,"href":"https:\/\/www.myaquastore.com\/es\/wp-json\/wp\/v2\/comments?post=30123"}],"wp:featuredmedia":[{"embeddable":true,"href":"https:\/\/www.myaquastore.com\/es\/wp-json\/wp\/v2\/media\/6315"}],"wp:attachment":[{"href":"https:\/\/www.myaquastore.com\/es\/wp-json\/wp\/v2\/media?parent=30123"}],"wp:term":[{"taxonomy":"product_brand","embeddable":true,"href":"https:\/\/www.myaquastore.com\/es\/wp-json\/wp\/v2\/product_brand?post=30123"},{"taxonomy":"product_cat","embeddable":true,"href":"https:\/\/www.myaquastore.com\/es\/wp-json\/wp\/v2\/product_cat?post=30123"},{"taxonomy":"product_tag","embeddable":true,"href":"https:\/\/www.myaquastore.com\/es\/wp-json\/wp\/v2\/product_tag?post=30123"}],"curies":[{"name":"wp","href":"https:\/\/api.w.org\/{rel}","templated":true}]}}