{"id":30124,"date":"2016-12-27T16:03:44","date_gmt":"2016-12-27T16:03:44","guid":{"rendered":"https:\/\/www.myaquastore.com\/product\/red-devil-skimmer-dc-inversor-frecuencia-monsker-red-devil-serie-dc-inversor-seis-velocidades-ajustable-monsker-2300\/"},"modified":"2025-03-16T07:13:27","modified_gmt":"2025-03-16T07:13:27","slug":"red-devil-skimmer-dc-inversor-frecuencia-monsker-red-devil-serie-dc-inversor-seis-velocidades-ajustable-monsker-2300","status":"publish","type":"product","link":"https:\/\/www.myaquastore.com\/es\/producto\/red-devil-skimmer-dc-inversor-frecuencia-monsker-red-devil-serie-dc-inversor-seis-velocidades-ajustable-monsker-2300\/","title":{"rendered":"Red Devil skimmer DC inversor frecuencia MONSKER Red Devil serie DC inversor seis velocidades ajustable MONSKER-2300"},"content":{"rendered":"<h2>Descripci\u00f3n del producto <\/h2>\n<p><strong>Especificaciones: <\/strong><\/p>\n<div>\n<div>Modelo: MONSKER-2300 <\/div>\n<div>Tipo de lugar: Incorporado <\/div>\n<div>Tama\u00f1o (di\u00e1metro\/alto MM): 255\/570 <\/div>\n<div>Equipado con agua bomba: bomba de velocidad variable Red Devil DC5000S <\/div>\n<div>Potencia operativa: 39W <\/div>\n<div>Cantidad m\u00e1xima de entrada: Velocidad m\u00e1xima 1800L \/ H <\/div>\n<div>Tanque m\u00e1ximo recomendado (L): 2300 <\/div>\n<div>Acuario recomendado: 1000 ~ 2300 L <\/div>\n<div>Especificaciones del muelle (MM): 340\/300 <\/div>\n<div><a><img class=\" size-full=\"><\/a><\/div>\n<div><\/div>\n<div>\n<\/div>\n<div><a><img class=\" alignnone=\"><\/a><\/p>\n<p>Producto Caracter\u00edsticas: <\/p><\/div>\n<div>\n<div>1 bomba MONSKER-2300 configurada con la \u00faltima bomba de frecuencia para con\u00edferas Red Devil DC5000S. <\/div>\n<div>2 huevos, seis veces la velocidad del cilindro ajustable se pueden manipular libremente. Rendimiento del skimmer, de d\u00e9bil a fuerte total de control arbitrario de seis velocidades. <\/div>\n<div>3 chips inteligentes, sobrecalentamiento de la bomba, se apaga autom\u00e1ticamente para evitar problemas de quemaduras, las bombas bombean en condiciones de funcionamiento anormales causadas por la aparici\u00f3n de fuerza. <\/div>\n<div>4 bombas tienen un modo de alimentaci\u00f3n de 10 minutos, alimentando a los peces cuando el modo est\u00e1 encendido, el skimmer deja de funcionar autom\u00e1ticamente durante 10 minutos, puede prevenir eficazmente el proceso de alimentaci\u00f3n debido a cambios en la calidad del agua causados \u200b\u200bpor el funcionamiento anormal del skimmer o la explosi\u00f3n. <\/div>\n<div>5 con un nuevo dise\u00f1o profesional y un nuevo impulsor de aguja, boquilla de succi\u00f3n Venturi VENTURII, skimmer de rendimiento superior. <\/div>\n<div>6 Funcionamiento silencioso de la bomba y con un silenciador de succi\u00f3n especial reduce a\u00fan m\u00e1s el sonido producido al mezclar el vapor de agua causado. <\/div>\n<div>7 Espumador c\u00f3nico de dise\u00f1o de cuerpo completo convencional que recolecta poca resistencia, se puede apilar directamente sin problemas, acelerando as\u00ed la recolecci\u00f3n de materia org\u00e1nica. <\/div>\n<div>8 bomba desnatadora que utiliza el dise\u00f1o integrado que ahorra espacio, incluso si el sumidero del filtro es peque\u00f1o, se puede acomodar f\u00e1cilmente. \uffa3\uffac <\/div>\n<div>9 con el controlador est\u00e1 configurado para controlar directamente el rendimiento del desnatador y recopilar informaci\u00f3n. Que los skimmers tradicionales son m\u00e1s f\u00e1ciles de manipular. <\/div>\n<div>10 dos tipos de m\u00e9todos de eliminaci\u00f3n de aguas residuales <\/div>\n<div>&#8211; La estructura fija del sello giratorio de la copa de recolecci\u00f3n, simplemente girando suavemente la copa de recolecci\u00f3n, se puede quitar para su limpieza. <\/div>\n<div>&#8211; Con tap\u00f3n y tuber\u00edas de aguas residuales, tap\u00f3n de lado de aguas residuales, enchufe de aguas residuales, el agua sucia se puede exportar directamente <\/div>\n<div>11 cada uno con piezas extra\u00edbles est\u00e1n dise\u00f1ados. La eliminaci\u00f3n de la separaci\u00f3n es simple y f\u00e1cil de montar, no es f\u00e1cil realizar un mantenimiento rutinario extenuante. <\/div>\n<div>12 Todo el proceso l\u00e1ser acr\u00edlico se fabrica y pule. Mano de obra fina, calidad y estabilidad del producto. <\/div>\n<div><\/div>\n<div><img><\/p>\n<\/div>\n<div>\n<p><a><img class=\" size-full=\"><\/a><a><img class=\" size-full=\"><\/a><a><img class=\" size-full=\"><\/a><a><img class=\" size-full=\"><\/a><a><br \/> <\/a><\/div>\n<div><a><br \/> <\/a><\/p>\n<p><\/div><\/div><\/div>\n<p>&amp;Nbsp; para <\/p>\n<\/p><\/div>\n","protected":false},"excerpt":{"rendered":"<p>Red Devil skimmer DC inversor frecuencia MONSKER Red Devil serie DC inversor seis velocidades ajustable MONSKER-2300<\/p>\n","protected":false},"featured_media":6362,"comment_status":"open","ping_status":"closed","template":"","meta":[],"product_brand":[],"product_cat":[1188],"product_tag":[],"class_list":{"0":"post-30124","1":"product","2":"type-product","3":"status-publish","4":"has-post-thumbnail","6":"product_cat-espumadores-de-proteinas","8":"first","9":"instock","10":"shipping-taxable","11":"purchasable","12":"product-type-simple"},"_links":{"self":[{"href":"https:\/\/www.myaquastore.com\/es\/wp-json\/wp\/v2\/product\/30124","targetHints":{"allow":["GET"]}}],"collection":[{"href":"https:\/\/www.myaquastore.com\/es\/wp-json\/wp\/v2\/product"}],"about":[{"href":"https:\/\/www.myaquastore.com\/es\/wp-json\/wp\/v2\/types\/product"}],"replies":[{"embeddable":true,"href":"https:\/\/www.myaquastore.com\/es\/wp-json\/wp\/v2\/comments?post=30124"}],"wp:featuredmedia":[{"embeddable":true,"href":"https:\/\/www.myaquastore.com\/es\/wp-json\/wp\/v2\/media\/6362"}],"wp:attachment":[{"href":"https:\/\/www.myaquastore.com\/es\/wp-json\/wp\/v2\/media?parent=30124"}],"wp:term":[{"taxonomy":"product_brand","embeddable":true,"href":"https:\/\/www.myaquastore.com\/es\/wp-json\/wp\/v2\/product_brand?post=30124"},{"taxonomy":"product_cat","embeddable":true,"href":"https:\/\/www.myaquastore.com\/es\/wp-json\/wp\/v2\/product_cat?post=30124"},{"taxonomy":"product_tag","embeddable":true,"href":"https:\/\/www.myaquastore.com\/es\/wp-json\/wp\/v2\/product_tag?post=30124"}],"curies":[{"name":"wp","href":"https:\/\/api.w.org\/{rel}","templated":true}]}}