{"id":30129,"date":"2016-12-27T16:03:44","date_gmt":"2016-12-27T16:03:44","guid":{"rendered":"https:\/\/www.myaquastore.com\/product\/red-devil-devil-skimmer-pared-skimmer-dho-dho-900-serie-pared-cuerpo-de-agua-mas-grande-adecuado-para-900l\/"},"modified":"2025-03-16T07:13:24","modified_gmt":"2025-03-16T07:13:24","slug":"red-devil-devil-skimmer-pared-skimmer-dho-dho-900-serie-pared-cuerpo-de-agua-mas-grande-adecuado-para-900l","status":"publish","type":"product","link":"https:\/\/www.myaquastore.com\/es\/producto\/red-devil-devil-skimmer-pared-skimmer-dho-dho-900-serie-pared-cuerpo-de-agua-mas-grande-adecuado-para-900l\/","title":{"rendered":"Red Devil Devil skimmer pared skimmer DHO DHO-900 serie pared-cuerpo de agua m\u00e1s grande adecuado para 900L"},"content":{"rendered":"<h2>Descripci\u00f3n del producto <\/h2>\n<\/p>\n<p><a><img class=\" alignnone=\"><\/a><\/p>\n<p><a><img class=\" alignnone=\"><\/a><\/p>\n<p>Par\u00e1metros t\u00e9cnicos: <\/p>\n<div>\n<div>Modelo:. DHO-900 <\/div>\n<div>Forma de colocaci\u00f3n: botellas rectas tipo cilindro Modelo externo colgante\/de pared <\/div>\n<div>Tama\u00f1o (largo\/ancho\/alto MM): 205\/175\/600 <\/div>\n<div>Equipado con bomba de agua: Red Devil SP3 (Red Devil SP3) <\/div>\n<div>Potencia de funcionamiento: 13W <\/div>\n<div>Capacidad inspiratoria m\u00e1xima: 700L\/H <\/div>\n<div>El tanque m\u00e1ximo recomendado (L): 900 <\/div>\n<div>Tanque de densidad general (L): 550 ~ 900 <\/div>\n<div>Tanque de alta densidad (L): 250 ~ 550 <\/div>\n<div><\/div>\n<div><\/div>\n<div>Y las caracter\u00edsticas del skimmer montado en la pared DHO: <\/div>\n<div>\n<div><\/div>\n<div>El dise\u00f1o interior del reactor de pared cil\u00edndrica muestra que, en comparaci\u00f3n con el skimmer rectangular tradicional montado en la pared, el agua y el gas se mezclan, la c\u00e1mara de reacci\u00f3n cil\u00edndrica es m\u00e1s propicia para la eficiencia y estabilidad de la distribuci\u00f3n delicada. de la espuma. <\/div>\n<div>2 skimmer MS montado en la pared con deflector de burbujas y espuma rica para reducir los golpes. <\/div>\n<div>3 DHO-850 est\u00e1 equipado con un skimmer desarrollado espec\u00edficamente para bombas ultraeficientes. Consumo de energ\u00eda de 13 W, la cantidad m\u00e1xima de ingesta puede ser de hasta 700 L\/H <\/div>\n<div>4 control de nivel f\u00e1cil de ajustar: la barra de ajuste se puede vincular directamente a la c\u00e1mara de reacci\u00f3n para ajustar el nivel del agua a trav\u00e9s de la parte posterior (a diferencia de otros skimmers tradicionales rectangulares montados en la pared, se requiere para ajustarse mediante un engorroso levantamiento pasivo del recipiente colector) <\/div>\n<div>5 Dise\u00f1o de recipiente colector desmontable, extremadamente f\u00e1cil de limpiar. Viene con un tap\u00f3n y un desag\u00fce de aguas residuales, lo que facilita los trabajos de mantenimiento continuo. <\/div><\/div><\/div>\n<p><a><br \/> <\/a><\/p>\n<div><\/div>\n<div>\n<div><a><img class=\" size-full=\"><\/a><\/div>\n<div><\/div><\/div>\n<div><\/div>\n<div><strong>Skimmer externo de pared MS por primera vez se introduce el m\u00e9todo de inicio <\/strong><\/div>\n<div><\/div>\n<div>\n<div>Para la primera instalaci\u00f3n y fuente del skimmer externo montado en la pared, debemos vaciar el cuerpo de la bomba para iniciar el skimmer de aire. <\/div>\n<div><\/div>\n<div>Por favor, inicie con el separador de pared los siguientes dos pasos: <\/div>\n<div><\/div>\n<div>Paso 1: <strong>El agua llen\u00f3 el tanque hasta la c\u00e1mara de reacci\u00f3n del skimmer <\/strong>. El agua debe cubrir la c\u00e1mara de reacci\u00f3n del skimmer de la entrada de la bomba, el nivel de agua de la c\u00e1mara de reacci\u00f3n es al menos 3 cm m\u00e1s apropiado. <\/div>\n<div><\/div>\n<div>Paso 2: <strong>Descargue el gas del skimmer (bomba) en el interior, encienda el skimmer <\/strong>\uffa1\uffa3 <\/div>\n<div>Desnatador de prote\u00ednas externo montado en la pared reci\u00e9n instalado. Existir\u00e1 una bomba de gas interna, estos gases pueden afectar la bomba del skimmer por primera vez y comenzar a bombear. La forma m\u00e1s f\u00e1cil de excluir el gas interno es: <strong>Coloque un dedo en el tubo de entrada del silenciador doble al mismo tiempo, encienda la bomba <\/strong>\uffa1\uffa3 Cuando la bomba extrae el flujo de agua hacia la c\u00e1mara de reacci\u00f3n y llena la c\u00e1mara de reacci\u00f3n, el agua sale del tubo de salida y aprecia el skimmer. Esta vez, podemos aflojar los dedos para completar el proceso de inicio del skimmer montado en la pared. align=\u00bb left\u00bb=\u00bb&gt;<\/div>\n<div>El procedimiento de inicio de aire de 1 o m\u00e1s filas solo se aplica al <strong>desnatador de prote\u00ednas externo montado en la pared<\/strong>Otras series MS de todos los skimmers externos y montados en la pared no incorporados pueden abrir directamente la bomba para iniciar el skimmer. <\/div>\n<div>2 Despu\u00e9s del primer lanzamiento exitoso, el skimmer externo montado en la pared se cierra nuevamente y no es necesario repetir los pasos anteriores, puede abrir directamente la bomba para iniciar el skimmer. <\/div>\n<div>2 como se quit\u00f3 una bomba del skimmer externo montado en la pared para limpiarla, vuelva a instalarla y reinicie, siga los pasos anteriores para reiniciar el escape de aire. <\/div>\n<div><\/div>\n<div>Otros temas: <\/div>\n<div>P: \u00bfQu\u00e9 es un skimmer externo montado en la pared y un skimmer incorporado montado en la pared? <\/div>\n<div>R: La diferencia es que hay un lugar diferente en la forma de la c\u00e1mara de reacci\u00f3n. <\/div>\n<div>Desnatador externo montado en la pared significa que el desnatador montado en la pared est\u00e1 colgado en la c\u00e1mara de reacci\u00f3n principal fuera del cilindro\/tanque de filtraci\u00f3n fuera del desnatador. Es decir, la c\u00e1mara de reacci\u00f3n no est\u00e1 sumergida directamente en el cuerpo de agua. Necesitamos extraer la bomba de aire interna para comenzar. <\/div>\n<div>Desnatador montado en la pared incorporado significa que el desnatador montado en la pared del cuerpo de la c\u00e1mara de reacci\u00f3n est\u00e1 en el cilindro\/filtraci\u00f3n tanque. Es decir, la c\u00e1mara de reacci\u00f3n principal y la bomba est\u00e1n directamente sumergidas en el cuerpo de agua. No es necesario descargar la bomba de aire interna, la bomba se puede iniciar directamente abierta. <\/div>\n<div><\/div>\n<div>Productos DHO <\/div>\n<div><a><img class=\" size-full=\"><\/a><\/p>\n<\/div><\/div>\n<div><\/div>\n<div><strong>DHO-900C <\/strong><\/div>\n<div><strong>El producto FIG funciona correctamente <\/strong><\/div>\n<div><strong><a><img class=\" alignnone=\"><\/a><\/p>\n<p><\/strong><br \/><a><img class=\" alignnone=\"><\/a><\/div>\n<p>&amp;Nbsp; para <\/p>\n<\/p><\/div>\n","protected":false},"excerpt":{"rendered":"<p>Red Devil Devil skimmer pared skimmer DHO DHO-900 serie pared-cuerpo de agua m\u00e1s grande adecuado para 900L<\/p>\n","protected":false},"featured_media":6353,"comment_status":"open","ping_status":"closed","template":"","meta":[],"product_brand":[],"product_cat":[1188],"product_tag":[],"class_list":{"0":"post-30129","1":"product","2":"type-product","3":"status-publish","4":"has-post-thumbnail","6":"product_cat-espumadores-de-proteinas","8":"first","9":"instock","10":"shipping-taxable","11":"purchasable","12":"product-type-simple"},"_links":{"self":[{"href":"https:\/\/www.myaquastore.com\/es\/wp-json\/wp\/v2\/product\/30129","targetHints":{"allow":["GET"]}}],"collection":[{"href":"https:\/\/www.myaquastore.com\/es\/wp-json\/wp\/v2\/product"}],"about":[{"href":"https:\/\/www.myaquastore.com\/es\/wp-json\/wp\/v2\/types\/product"}],"replies":[{"embeddable":true,"href":"https:\/\/www.myaquastore.com\/es\/wp-json\/wp\/v2\/comments?post=30129"}],"wp:featuredmedia":[{"embeddable":true,"href":"https:\/\/www.myaquastore.com\/es\/wp-json\/wp\/v2\/media\/6353"}],"wp:attachment":[{"href":"https:\/\/www.myaquastore.com\/es\/wp-json\/wp\/v2\/media?parent=30129"}],"wp:term":[{"taxonomy":"product_brand","embeddable":true,"href":"https:\/\/www.myaquastore.com\/es\/wp-json\/wp\/v2\/product_brand?post=30129"},{"taxonomy":"product_cat","embeddable":true,"href":"https:\/\/www.myaquastore.com\/es\/wp-json\/wp\/v2\/product_cat?post=30129"},{"taxonomy":"product_tag","embeddable":true,"href":"https:\/\/www.myaquastore.com\/es\/wp-json\/wp\/v2\/product_tag?post=30129"}],"curies":[{"name":"wp","href":"https:\/\/api.w.org\/{rel}","templated":true}]}}