{"id":30134,"date":"2016-12-27T16:03:36","date_gmt":"2016-12-27T16:03:36","guid":{"rendered":"https:\/\/www.myaquastore.com\/product\/accesorio-para-skimmer-de-proteinas-skimmer-ske80-accesorios-de-elevacion\/"},"modified":"2025-03-16T07:12:35","modified_gmt":"2025-03-16T07:12:35","slug":"accesorio-para-skimmer-de-proteinas-skimmer-ske80-accesorios-de-elevacion","status":"publish","type":"product","link":"https:\/\/www.myaquastore.com\/es\/producto\/accesorio-para-skimmer-de-proteinas-skimmer-ske80-accesorios-de-elevacion\/","title":{"rendered":"Accesorio para skimmer de prote\u00ednas Skimmer SKE80 Accesorios de elevaci\u00f3n"},"content":{"rendered":"<h2>Descripci\u00f3n del producto <\/h2>\n<p><a><img class=\" size-full=\"><\/a><\/p>\n<p>\n<p><strong>Accesorios para elevar el skimmer MS <\/strong><\/p>\n<p>Extensiones de cuello para skimmer, accesorios para elevar el skimmer dise\u00f1ados espec\u00edficamente para la fuente de MS con mayor altura del skimmer marino. Al agregar una o dos o incluso una pluralidad de piezas se aumenta, aumentando as\u00ed la altura del skimmer. Puede desempe\u00f1ar las siguientes funciones: <\/p>\n<p><p>1 altura para aumentar el tiempo de contacto de la mezcla de agua y gas de la reacci\u00f3n aumentando la altura del cuerpo del skimmer. Para completar de manera m\u00e1s efectiva la recolecci\u00f3n de materia org\u00e1nica <br \/> 2 prote\u00ednas aumentan el nivel de agua dentro de la c\u00e1mara de reacci\u00f3n, lo que puede no requerir modificaci\u00f3n del skimmer y se puede prevenir eficazmente en caso de que un golpe explosivo cause que el nivel del agua sea demasiado alto <\/p>\n<p>&amp;Nbsp; para <\/p>\n<p>&amp;Nbsp; para <\/p>\n<p><a><img class=\" size-full=\"><\/a><\/p>\n<p>Modelo modelos de skimmer muy adecuados <\/p>\n<p>SKE80 50MM RDC-850 \/ RDC-900 \/ SDC-900 \/ SDC-900E <\/p>\n<p>SDP-900 \/ SDP-900E \/ DHO-850 \/ DHO-850C <br \/> DHO-900 \/ DHO-900C <\/p>\n<p><p><strong>Imagen de muestra <\/strong><\/p>\n<p><strong><a><img class=\" alignnone=\"><\/a><\/p>\n<p><\/strong><\/p>\n<p><a><img class=\" alignnone=\"><\/a><\/p>\n<\/p><\/div>\n","protected":false},"excerpt":{"rendered":"<p>Accesorio para skimmer de prote\u00ednas Skimmer SKE80 Accesorios de elevaci\u00f3n<\/p>\n","protected":false},"featured_media":6055,"comment_status":"open","ping_status":"closed","template":"","meta":[],"product_brand":[],"product_cat":[1188],"product_tag":[],"class_list":{"0":"post-30134","1":"product","2":"type-product","3":"status-publish","4":"has-post-thumbnail","6":"product_cat-espumadores-de-proteinas","8":"first","9":"instock","10":"shipping-taxable","11":"purchasable","12":"product-type-simple"},"_links":{"self":[{"href":"https:\/\/www.myaquastore.com\/es\/wp-json\/wp\/v2\/product\/30134","targetHints":{"allow":["GET"]}}],"collection":[{"href":"https:\/\/www.myaquastore.com\/es\/wp-json\/wp\/v2\/product"}],"about":[{"href":"https:\/\/www.myaquastore.com\/es\/wp-json\/wp\/v2\/types\/product"}],"replies":[{"embeddable":true,"href":"https:\/\/www.myaquastore.com\/es\/wp-json\/wp\/v2\/comments?post=30134"}],"wp:featuredmedia":[{"embeddable":true,"href":"https:\/\/www.myaquastore.com\/es\/wp-json\/wp\/v2\/media\/6055"}],"wp:attachment":[{"href":"https:\/\/www.myaquastore.com\/es\/wp-json\/wp\/v2\/media?parent=30134"}],"wp:term":[{"taxonomy":"product_brand","embeddable":true,"href":"https:\/\/www.myaquastore.com\/es\/wp-json\/wp\/v2\/product_brand?post=30134"},{"taxonomy":"product_cat","embeddable":true,"href":"https:\/\/www.myaquastore.com\/es\/wp-json\/wp\/v2\/product_cat?post=30134"},{"taxonomy":"product_tag","embeddable":true,"href":"https:\/\/www.myaquastore.com\/es\/wp-json\/wp\/v2\/product_tag?post=30134"}],"curies":[{"name":"wp","href":"https:\/\/api.w.org\/{rel}","templated":true}]}}