{"id":30142,"date":"2016-12-27T16:03:49","date_gmt":"2016-12-27T16:03:49","guid":{"rendered":"https:\/\/www.myaquastore.com\/product\/red-devil-devil-skimmer-cono-skimmer-sdc-sdc-1800e-serie-red-devils-cuerpo-de-agua-mas-grande-adecuado-1800l\/"},"modified":"2025-03-16T07:14:01","modified_gmt":"2025-03-16T07:14:01","slug":"red-devil-devil-skimmer-cono-skimmer-sdc-sdc-1800e-serie-red-devils-cuerpo-de-agua-mas-grande-adecuado-1800l","status":"publish","type":"product","link":"https:\/\/www.myaquastore.com\/es\/producto\/red-devil-devil-skimmer-cono-skimmer-sdc-sdc-1800e-serie-red-devils-cuerpo-de-agua-mas-grande-adecuado-1800l\/","title":{"rendered":"Red Devil Devil skimmer cono skimmer SDC SDC-1800E Serie Red Devil&#8217;s cuerpo de agua m\u00e1s grande adecuado 1800L"},"content":{"rendered":"<h2>Descripci\u00f3n del producto <\/h2>\n<p>&amp;Nbsp; para <\/p>\n<div>\n<div>Par\u00e1metros t\u00e9cnicos <\/div>\n<div>Modelo: SDC-1800E <\/div>\n<div>Formas de lugar: modelo externo <\/div>\n<div>Tama\u00f1o (di\u00e1metro\/altura MM): 200\/800 <\/div>\n<div>Equipado con bomba de agua: Red Devil SP3 (Red Devil SP3) <\/div>\n<div>Potencia operativa: 15W * 2 <\/div>\n<div>Capacidad m\u00e1xima de admisi\u00f3n total: 1400L\/H <\/div>\n<div>El tanque m\u00e1ximo recomendado (L): 1800 <\/div>\n<div>Especificaciones de salida: 50MM <\/div>\n<div>Especificaciones de cubierta MM: 520\/310 <\/div>\n<div><\/div>\n<div><a><img class=\" size-full=\"><\/a><\/p>\n<p>Y la fuente de MARINE SOURCES SUPER DEVIL CONE (SDC) Super Devil pump Skimmer cone (nitr\u00f3geno) Caracter\u00edsticas de la gama: <\/p><\/div>\n<div>\n<div>\n<div>1 m\u00e1s que eficiencia, est\u00e1 configurado espec\u00edficamente para la bomba de con\u00edferas del diablo desarrollada por el skimmer de nitr\u00f3geno\/prote\u00edna. <\/div>\n<div>2 Unidad de bomba de con\u00edferas del diablo (hasta el volumen inspiratorio m\u00e1ximo: 700 l\/h, consumo de energ\u00eda de aproximadamente 15 W. <\/div>\n<div>3 utiliza el dise\u00f1o de cuerpo c\u00f3nico popular internacional y la optimizaci\u00f3n del efecto de burbuja, la materia org\u00e1nica entra m\u00e1s suavemente en la copa de recolecci\u00f3n. <\/div>\n<div>4 Dise\u00f1o del fuselaje del cuerpo del skimmer extra\u00edble, la c\u00e1mara de reacci\u00f3n y el la base cil\u00edndrica se puede quitar f\u00e1cilmente y es f\u00e1cil de limpiar. <\/div>\n<div>5 equipado con la \u00faltima versi\u00f3n de aguja de impulsor optimizada, la espuma rica es extremadamente delicada. <\/div>\n<div>6 Los \u00faltimos puertos de entrada de tubo venturi mejorados (tubo Venturi) que otros productos similares tienen una mayor cantidad de entrada <\/div>\n<div>7 dise\u00f1o exclusivo de silenciador de doble porosidad, reduce el ruido y funciona m\u00e1s silenciosamente. <\/div>\n<p>8 Todas las piezas utilizan l\u00e1ser <a>E Fiction <\/a>El proceso no solo garantiza de manera efectiva el grado de mano de obra, sino tambi\u00e9n la calidad y estabilidad del producto. <\/p>\n<\/div>\n<div><\/div>\n<div><\/div>\n<div><a href=\"\"><img decoding=\"async\" width=\"\" height=\"\" class=\"\" alt=\"\" src=\"\"><\/a><\/div><\/div><\/div>\n<div>&amp;Nbsp; para <br class=\"\"><br class=\"\"><\/div>\n<div>Serie SDC Otros modelos de skimmer <\/div>\n<div><a href=\"\"><img decoding=\"async\" width=\"\" height=\"\" class=\"\" alt=\"\" src=\"\"><\/a><br class=\"\"><br class=\"\"><\/div>\n<div><br class=\"\"><br class=\"\"><\/div>\n<div><\/div>\n<div><\/div><\/div>\n<p>\u00ab<\/p>\n","protected":false},"excerpt":{"rendered":"<p>Red Devil Devil skimmer cono skimmer SDC SDC-1800E Serie Red Devil&#8217;s cuerpo de agua m\u00e1s grande adecuado 1800L<\/p>\n","protected":false},"featured_media":6563,"comment_status":"open","ping_status":"closed","template":"","meta":[],"product_brand":[],"product_cat":[1188],"product_tag":[],"class_list":{"0":"post-30142","1":"product","2":"type-product","3":"status-publish","4":"has-post-thumbnail","6":"product_cat-espumadores-de-proteinas","8":"first","9":"instock","10":"shipping-taxable","11":"purchasable","12":"product-type-simple"},"_links":{"self":[{"href":"https:\/\/www.myaquastore.com\/es\/wp-json\/wp\/v2\/product\/30142","targetHints":{"allow":["GET"]}}],"collection":[{"href":"https:\/\/www.myaquastore.com\/es\/wp-json\/wp\/v2\/product"}],"about":[{"href":"https:\/\/www.myaquastore.com\/es\/wp-json\/wp\/v2\/types\/product"}],"replies":[{"embeddable":true,"href":"https:\/\/www.myaquastore.com\/es\/wp-json\/wp\/v2\/comments?post=30142"}],"wp:featuredmedia":[{"embeddable":true,"href":"https:\/\/www.myaquastore.com\/es\/wp-json\/wp\/v2\/media\/6563"}],"wp:attachment":[{"href":"https:\/\/www.myaquastore.com\/es\/wp-json\/wp\/v2\/media?parent=30142"}],"wp:term":[{"taxonomy":"product_brand","embeddable":true,"href":"https:\/\/www.myaquastore.com\/es\/wp-json\/wp\/v2\/product_brand?post=30142"},{"taxonomy":"product_cat","embeddable":true,"href":"https:\/\/www.myaquastore.com\/es\/wp-json\/wp\/v2\/product_cat?post=30142"},{"taxonomy":"product_tag","embeddable":true,"href":"https:\/\/www.myaquastore.com\/es\/wp-json\/wp\/v2\/product_tag?post=30142"}],"curies":[{"name":"wp","href":"https:\/\/api.w.org\/{rel}","templated":true}]}}