{"id":30145,"date":"2016-12-27T16:03:36","date_gmt":"2016-12-27T16:03:36","guid":{"rendered":"https:\/\/www.myaquastore.com\/product\/reactor-biologico-bpr1-0-guisantes-reactor-biologico-guisantes\/"},"modified":"2025-03-16T07:12:39","modified_gmt":"2025-03-16T07:12:39","slug":"reactor-biologico-bpr1-0-guisantes-reactor-biologico-guisantes","status":"publish","type":"product","link":"https:\/\/www.myaquastore.com\/es\/producto\/reactor-biologico-bpr1-0-guisantes-reactor-biologico-guisantes\/","title":{"rendered":"Reactor biol\u00f3gico BPR1.0 Guisantes Reactor biol\u00f3gico guisantes"},"content":{"rendered":"<h2>Descripci\u00f3n del producto <\/h2>\n<p>Par\u00e1metros t\u00e9cnicos: <\/p>\n<p>Modelo: BRP1.0 <\/p>\n<p>Di\u00e1metro \/ altura r: 70 \/ 320 mm <br \/> Capacidad de la c\u00e1mara de reacci\u00f3n: 1,0 l <br \/> Especificaciones de cobertura: 105 \/ 105 mm <br \/> Acceso al agua y especificaciones de entrada: 15 ~ 18 mm <\/p>\n<p>&amp;Nbsp; Para <\/p>\n<p>PS: sin manguera externa o similar, por favor compre las conexiones propias del cliente. <\/p>\n<p>&amp;Nbsp; para <\/p>\n<p><a><img class=\" size-large=\"><\/a><\/p>\n<p>&amp;Nbsp; para <\/p>\n<\/p>\n<p>Descripci\u00f3n de caracter\u00edsticas: <\/p>\n<p>1 y la fuente de filtro\/reactor biol\u00f3gico MS Peas est\u00e1 dise\u00f1ado espec\u00edficamente para guisantes biol\u00f3gicos\/frijoles NP, en comparaci\u00f3n con el filtro de arena multiuso, su dise\u00f1o de patr\u00f3n de rotaci\u00f3n negativo mejorado se puede agregar directamente sin guisantes biol\u00f3gicos y tambi\u00e9n se colocan filtros de algod\u00f3n, lo que puede hacer que los guisantes caigan m\u00e1s suavemente y, por lo tanto, sea m\u00e1s f\u00e1cil la limpieza diaria. <\/p>\n<p>&amp;Nbsp; para <\/p>\n<p><a><img class=\" size-full=\"><\/a><\/p>\n<\/p>\n<p>&amp;Nbsp; para <\/p>\n<p>2 Nuevo Dise\u00f1o Funda desmontable. Y en comparaci\u00f3n con el dise\u00f1o antiguo, simplemente necesitamos girar la parte superior, puede quitar todo el techo, agregando as\u00ed guisantes biol\u00f3gicos, lo que hace que agregar trabajo ya no sea tedioso. (Por lo general, otros tornillos viejos est\u00e1n dise\u00f1ados para hacer todas las piezas una por una. Niuchu nuevamente despu\u00e9s de quitar la cubierta superior puede abrirse, \u00a1piense en cu\u00e1ntos tornillos tiene! Tambi\u00e9n necesita volver a instalar las piezas una por una) <\/p>\n<p><a><img class=\" size-large=\"><\/a><\/p>\n<p>&amp;Nbsp; para <\/p>\n<p>3 Las piezas de cada reactor se graban con l\u00e1ser de precisi\u00f3n y se pulen, la mayor parte de la producci\u00f3n para garantizar la estabilidad del rendimiento y la calidad del producto. <\/p>\n<p>&amp;Nbsp; para <\/p>\n<p>serie BRP de otros modelos <\/p>\n<p>&amp;Nbsp; para <\/p>\n<p><a><img class=\" size-full=\"><\/a><\/p>\n<p>Otros componentes opcionales: <\/p>\n<p>1 reactor sin miembro externo toma el relevo. La configuraci\u00f3n del reactor fuera del conector de agua, adecuada para todo tipo de mangueras con un di\u00e1metro interior de 15 ~ 18 mm. <\/p>\n<p>2 Para controlar m\u00e1s eficazmente el flujo de agua, se recomienda ajustar el conjunto de la v\u00e1lvula de admisi\u00f3n MS. N\u00famero de art\u00edculo WV1616 <\/p>\n<p>Se pueden comprar guisantes biol\u00f3gicos de otra fuente, MS 3 Sea. Especificaciones de empaque existentes para 300ML, 500ML y 1000ML <\/p>\n<p>&amp;Nbsp; para <\/p>\n<\/p><\/div>\n","protected":false},"excerpt":{"rendered":"<p>Reactor biol\u00f3gico BPR1.0 Guisantes Reactor biol\u00f3gico guisantes<\/p>\n","protected":false},"featured_media":6087,"comment_status":"open","ping_status":"closed","template":"","meta":[],"product_brand":[],"product_cat":[1188],"product_tag":[],"class_list":{"0":"post-30145","1":"product","2":"type-product","3":"status-publish","4":"has-post-thumbnail","6":"product_cat-espumadores-de-proteinas","8":"first","9":"instock","10":"shipping-taxable","11":"purchasable","12":"product-type-simple"},"_links":{"self":[{"href":"https:\/\/www.myaquastore.com\/es\/wp-json\/wp\/v2\/product\/30145","targetHints":{"allow":["GET"]}}],"collection":[{"href":"https:\/\/www.myaquastore.com\/es\/wp-json\/wp\/v2\/product"}],"about":[{"href":"https:\/\/www.myaquastore.com\/es\/wp-json\/wp\/v2\/types\/product"}],"replies":[{"embeddable":true,"href":"https:\/\/www.myaquastore.com\/es\/wp-json\/wp\/v2\/comments?post=30145"}],"wp:featuredmedia":[{"embeddable":true,"href":"https:\/\/www.myaquastore.com\/es\/wp-json\/wp\/v2\/media\/6087"}],"wp:attachment":[{"href":"https:\/\/www.myaquastore.com\/es\/wp-json\/wp\/v2\/media?parent=30145"}],"wp:term":[{"taxonomy":"product_brand","embeddable":true,"href":"https:\/\/www.myaquastore.com\/es\/wp-json\/wp\/v2\/product_brand?post=30145"},{"taxonomy":"product_cat","embeddable":true,"href":"https:\/\/www.myaquastore.com\/es\/wp-json\/wp\/v2\/product_cat?post=30145"},{"taxonomy":"product_tag","embeddable":true,"href":"https:\/\/www.myaquastore.com\/es\/wp-json\/wp\/v2\/product_tag?post=30145"}],"curies":[{"name":"wp","href":"https:\/\/api.w.org\/{rel}","templated":true}]}}