{"id":30148,"date":"2016-12-27T16:03:37","date_gmt":"2016-12-27T16:03:37","guid":{"rendered":"https:\/\/www.myaquastore.com\/product\/reactor-biologico-bpr4-3-guisantes-reactor-biologico-guisantes\/"},"modified":"2025-03-16T07:12:41","modified_gmt":"2025-03-16T07:12:41","slug":"reactor-biologico-bpr4-3-guisantes-reactor-biologico-guisantes","status":"publish","type":"product","link":"https:\/\/www.myaquastore.com\/es\/producto\/reactor-biologico-bpr4-3-guisantes-reactor-biologico-guisantes\/","title":{"rendered":"Reactor biol\u00f3gico BPR4.3 Guisantes Reactor biol\u00f3gico guisantes"},"content":{"rendered":"<h2>Descripci\u00f3n del producto <\/h2>\n<blockquote>\n<p>&amp;Nbsp; para <\/p>\n<p>Par\u00e1metros t\u00e9cnicos: <\/p>\n<p>Modelo: BRP4.3 <br \/> Di\u00e1metro \/ altura r: 110 \/ 500 MM <br \/> Capacidad de la c\u00e1mara de reacci\u00f3n: 4,3 L <br \/> Especificaciones de cobertura: 160 \/ 160 MM <br \/> Especificaciones de acceso al agua y entrada: 11 MM <\/p>\n<p>&amp;Nbsp; Para <\/p>\n<p>PS: sin manguera externa o similar, por favor compre las conexiones propias del cliente. <\/p>\n<p>&amp;Nbsp; para <\/p>\n<p><a><img class=\" alignnone=\"><\/a><\/p>\n<p>&amp;Nbsp; para <\/p>\n<p>&amp;Nbsp; para <\/p>\n<\/blockquote>\n<p>&amp;Nbsp; para <\/p>\n<p>&amp;Nbsp; para <\/p>\n<p>Descripci\u00f3n de caracter\u00edsticas: <\/p>\n<p>1 y la fuente de filtro\/reactor biol\u00f3gico MS Peas est\u00e1 dise\u00f1ada espec\u00edficamente, en comparaci\u00f3n con el filtro de arena multifunci\u00f3n biol\u00f3gico guisantes\/frijoles NP, cuyo dise\u00f1o de ultramicroporos de hoja posterior mejorado se puede agregar directamente biol\u00f3gicos y guisantes sin filtros de algod\u00f3n de colocaci\u00f3n adicional, lo que puede hacer que los guisantes caigan m\u00e1s suavemente y, por lo tanto, sea m\u00e1s f\u00e1cil la limpieza diaria. <\/p>\n<p><a><img class=\" size-full=\"><\/a><\/p>\n<p>&amp;Nbsp; para <\/p>\n<p><a><br \/> <\/a>2 Nuevo Dise\u00f1o Cubierta desmontable. Y otro dise\u00f1o anticuado en comparaci\u00f3n con el dise\u00f1o, simplemente necesitamos desatornillar un poco m\u00e1s los tornillos, se puede quitar todo el techo, agregando as\u00ed guisantes biol\u00f3gicos, hace que agregar trabajo ya no sea tedioso. (Usualmente otros Los tornillos viejos est\u00e1n dise\u00f1ados para hacer todas las piezas una por una. Niuchu nuevamente despu\u00e9s de quitar la cubierta superior se puede abrir, \u00a1piense en cu\u00e1ntos tornillos necesita volver a instalar las piezas una por una) <\/p>\n<p><a><img class=\" size-full=\"><\/a><\/p>\n<p>&amp;Nbsp; para <\/p>\n<p>3 Las piezas de cada reactor se graban con l\u00e1ser de precisi\u00f3n y se pulen, la mayor parte de la producci\u00f3n para garantizar la estabilidad del rendimiento y la calidad del producto. <\/p>\n<p>&amp;Nbsp; para <\/p>\n<p>serie BRP de otros modelos <\/p>\n<p>&amp;Nbsp; para <\/p>\n<p><a><img class=\" alignnone=\"><\/a><\/p>\n<p>Otros componentes opcionales: <\/p>\n<p>1 reactor sin miembro externo toma el relevo. Recomendamos las mangueras de silicona de calidad que ofrecemos. Modelo BT10 <\/p>\n<p>2 Para controlar m\u00e1s eficazmente el flujo de agua, se recomienda ajustar el conjunto de la v\u00e1lvula de admisi\u00f3n MS. N\u00famero de art\u00edculo WV1610 <\/p>\n<p>Se pueden comprar guisantes biol\u00f3gicos de otra fuente, MS 3 Sea. Especificaciones de empaque existentes para 300ML, 500ML y 1000ML <\/p>\n<p><a><img class=\" size-full=\"><\/a><\/p>\n<p><\/p>\n<\/p><\/div>\n","protected":false},"excerpt":{"rendered":"<p>Reactor biol\u00f3gico BPR4.3 Guisantes Reactor biol\u00f3gico guisantes<\/p>\n","protected":false},"featured_media":6087,"comment_status":"open","ping_status":"closed","template":"","meta":[],"product_brand":[],"product_cat":[1188],"product_tag":[],"class_list":{"0":"post-30148","1":"product","2":"type-product","3":"status-publish","4":"has-post-thumbnail","6":"product_cat-espumadores-de-proteinas","8":"first","9":"instock","10":"shipping-taxable","11":"purchasable","12":"product-type-simple"},"_links":{"self":[{"href":"https:\/\/www.myaquastore.com\/es\/wp-json\/wp\/v2\/product\/30148","targetHints":{"allow":["GET"]}}],"collection":[{"href":"https:\/\/www.myaquastore.com\/es\/wp-json\/wp\/v2\/product"}],"about":[{"href":"https:\/\/www.myaquastore.com\/es\/wp-json\/wp\/v2\/types\/product"}],"replies":[{"embeddable":true,"href":"https:\/\/www.myaquastore.com\/es\/wp-json\/wp\/v2\/comments?post=30148"}],"wp:featuredmedia":[{"embeddable":true,"href":"https:\/\/www.myaquastore.com\/es\/wp-json\/wp\/v2\/media\/6087"}],"wp:attachment":[{"href":"https:\/\/www.myaquastore.com\/es\/wp-json\/wp\/v2\/media?parent=30148"}],"wp:term":[{"taxonomy":"product_brand","embeddable":true,"href":"https:\/\/www.myaquastore.com\/es\/wp-json\/wp\/v2\/product_brand?post=30148"},{"taxonomy":"product_cat","embeddable":true,"href":"https:\/\/www.myaquastore.com\/es\/wp-json\/wp\/v2\/product_cat?post=30148"},{"taxonomy":"product_tag","embeddable":true,"href":"https:\/\/www.myaquastore.com\/es\/wp-json\/wp\/v2\/product_tag?post=30148"}],"curies":[{"name":"wp","href":"https:\/\/api.w.org\/{rel}","templated":true}]}}